{"id":17199,"date":"2012-12-12T14:27:26","date_gmt":"2012-12-12T13:27:26","guid":{"rendered":"http:\/\/museumek.eu\/?page_id=17199"},"modified":"2013-04-26T15:45:38","modified_gmt":"2013-04-26T13:45:38","slug":"kurzbiografie-und-inventar-zum-kunstler","status":"publish","type":"page","link":"http:\/\/museumek.eu\/?page_id=17199","title":{"rendered":"Kurzbiografie und Inventar zum K\u00fcnstler"},"content":{"rendered":"<p>Robert Obsieger wurde am 23.09.1884 in Lundenburg geboren. Er starb am 27.11.1958 in Wien. Er besuchte die Fachschule f\u00fcr Tonindustrie in Znaim und studierte von 1909 bis 1914 an der Wiener Kunstgewerbeschule u. a. bei L\u00f6ffler und Powolny. Obsieger war Mitglied des \u00d6sterreichischen Werkbund. Vom M\u00e4rz 1918 bis Juli 1919 lehrte er als Professor an der Keramischen Fachschule f\u00fcr Tonindustrie in Znaim. Von 1921 bis 1932 leitete er die Werkst\u00e4ttenschule der Wienerberger Ziegelfabriks- und Baugesellschaft. Er fertigte Keramiken f\u00fcr die Wiener Werkst\u00e4tte, f\u00fcr Friedrich Goldscheider u. a. Manufakturen. Ab 1939 leitete er die Wiener Kunstgewerbeschule und ab 1945 Lehrt\u00e4tigkeit als Hochschulprofessor. Er besch\u00e4ftigte sich haupts\u00e4chlich mit Gef\u00e4\u00dfkeramik und erhielt zahlreiche internationale Auszeichnungen.<\/p>\n<p><strong>Abteilung Austria\/Ungarn\/B\u00f6hmen, Keramik 1860 \u2013 1960, Inventarnummer A\/I\/98<\/strong><\/p>\n<p>Friedrich Goldscheider, Austria, Wien, um 1935, Vase, K\u00fcnstler Robert Obsieger (attr.), Werks.-Nr. ohne\/Exemplar Nr. ohne\/Modelleur Nr. ohne, gemarkt Firmenmarke mit Goldscheider Wien sowie Made in Austria schwarze Stempel unter Glasur, nicht gedeutetes Zeichen geritzt, nicht signiert, Literatur: Robert E. Dechant\/Filipp Goldscheider, Firmengeschichte und Werkverzeichnis, Seite 587 ff., dort die Kollektion der Obsieger Vasen beschrieben, Hand get\u00f6pfert, mit gesprenkelten Mattglasuren,<br \/>\nH\u00f6he 12,5 cm, Breite 16 cm<\/p>\n<p><a href=\"http:\/\/museumek.eu\/wp-content\/uploads\/2012\/12\/Museum-Europ\u00e4ischer-Keramikkunst-3692.jpg\"><img loading=\"lazy\" src=\"http:\/\/museumek.eu\/wp-content\/uploads\/2012\/12\/Museum-Europ\u00e4ischer-Keramikkunst-3692-300x253.jpg\" alt=\"\" title=\"Museum Europ\u00e4ischer Keramikkunst 3692\" width=\"300\" height=\"253\" class=\"alignnone size-medium wp-image-17189\" srcset=\"http:\/\/museumek.eu\/wp-content\/uploads\/2012\/12\/Museum-Europ\u00e4ischer-Keramikkunst-3692-300x253.jpg 300w, http:\/\/museumek.eu\/wp-content\/uploads\/2012\/12\/Museum-Europ\u00e4ischer-Keramikkunst-3692-355x300.jpg 355w, http:\/\/museumek.eu\/wp-content\/uploads\/2012\/12\/Museum-Europ\u00e4ischer-Keramikkunst-3692.jpg 757w\" sizes=\"(max-width: 300px) 100vw, 300px\" \/><\/a><\/p>\n<p><a href=\"http:\/\/museumek.eu\/wp-content\/uploads\/2012\/12\/Museum-Europ\u00e4ischer-Keramikkunst-3696.jpg\"><img loading=\"lazy\" src=\"http:\/\/museumek.eu\/wp-content\/uploads\/2012\/12\/Museum-Europ\u00e4ischer-Keramikkunst-3696-300x173.jpg\" alt=\"\" title=\"Museum Europ\u00e4ischer Keramikkunst 3696\" width=\"300\" height=\"173\" class=\"alignnone size-medium wp-image-17190\" srcset=\"http:\/\/museumek.eu\/wp-content\/uploads\/2012\/12\/Museum-Europ\u00e4ischer-Keramikkunst-3696-300x173.jpg 300w, http:\/\/museumek.eu\/wp-content\/uploads\/2012\/12\/Museum-Europ\u00e4ischer-Keramikkunst-3696-500x289.jpg 500w, http:\/\/museumek.eu\/wp-content\/uploads\/2012\/12\/Museum-Europ\u00e4ischer-Keramikkunst-3696.jpg 726w\" sizes=\"(max-width: 300px) 100vw, 300px\" \/><\/a><\/p>\n<p><a href=\"http:\/\/museumek.eu\/wp-content\/uploads\/2012\/12\/Museum-Europ\u00e4ischer-Keramikkunst-3697.jpg\"><img loading=\"lazy\" src=\"http:\/\/museumek.eu\/wp-content\/uploads\/2012\/12\/Museum-Europ\u00e4ischer-Keramikkunst-3697-188x300.jpg\" alt=\"\" title=\"Museum Europ\u00e4ischer Keramikkunst 3697\" width=\"188\" height=\"300\" class=\"alignnone size-medium wp-image-17191\" srcset=\"http:\/\/museumek.eu\/wp-content\/uploads\/2012\/12\/Museum-Europ\u00e4ischer-Keramikkunst-3697-188x300.jpg 188w, http:\/\/museumek.eu\/wp-content\/uploads\/2012\/12\/Museum-Europ\u00e4ischer-Keramikkunst-3697.jpg 374w\" sizes=\"(max-width: 188px) 100vw, 188px\" \/><\/a><\/p>\n<p><a href=\"http:\/\/museumek.eu\/wp-content\/uploads\/2012\/12\/Museum-Europ\u00e4ischer-Keramikkunst-3699.jpg\"><img loading=\"lazy\" src=\"http:\/\/museumek.eu\/wp-content\/uploads\/2012\/12\/Museum-Europ\u00e4ischer-Keramikkunst-3699-188x300.jpg\" alt=\"\" title=\"Museum Europ\u00e4ischer Keramikkunst 3699\" width=\"188\" height=\"300\" class=\"alignnone size-medium wp-image-17192\" srcset=\"http:\/\/museumek.eu\/wp-content\/uploads\/2012\/12\/Museum-Europ\u00e4ischer-Keramikkunst-3699-188x300.jpg 188w, http:\/\/museumek.eu\/wp-content\/uploads\/2012\/12\/Museum-Europ\u00e4ischer-Keramikkunst-3699.jpg 307w\" sizes=\"(max-width: 188px) 100vw, 188px\" \/><\/a><\/p>\n","protected":false},"excerpt":{"rendered":"<p>Robert Obsieger wurde am 23.09.1884 in Lundenburg geboren. Er starb am 27.11.1958 in Wien. Er besuchte die Fachschule f\u00fcr Tonindustrie in Znaim und studierte von 1909 bis 1914 an der Wiener Kunstgewerbeschule u. a. bei L\u00f6ffler und Powolny. Obsieger war &hellip; <a href=\"http:\/\/museumek.eu\/?page_id=17199\">Weiterlesen <span class=\"meta-nav\">&rarr;<\/span><\/a><\/p>\n","protected":false},"author":1,"featured_media":0,"parent":17196,"menu_order":1,"comment_status":"closed","ping_status":"open","template":"","meta":[],"_links":{"self":[{"href":"http:\/\/museumek.eu\/index.php?rest_route=\/wp\/v2\/pages\/17199"}],"collection":[{"href":"http:\/\/museumek.eu\/index.php?rest_route=\/wp\/v2\/pages"}],"about":[{"href":"http:\/\/museumek.eu\/index.php?rest_route=\/wp\/v2\/types\/page"}],"author":[{"embeddable":true,"href":"http:\/\/museumek.eu\/index.php?rest_route=\/wp\/v2\/users\/1"}],"replies":[{"embeddable":true,"href":"http:\/\/museumek.eu\/index.php?rest_route=%2Fwp%2Fv2%2Fcomments&post=17199"}],"version-history":[{"count":5,"href":"http:\/\/museumek.eu\/index.php?rest_route=\/wp\/v2\/pages\/17199\/revisions"}],"predecessor-version":[{"id":20590,"href":"http:\/\/museumek.eu\/index.php?rest_route=\/wp\/v2\/pages\/17199\/revisions\/20590"}],"up":[{"embeddable":true,"href":"http:\/\/museumek.eu\/index.php?rest_route=\/wp\/v2\/pages\/17196"}],"wp:attachment":[{"href":"http:\/\/museumek.eu\/index.php?rest_route=%2Fwp%2Fv2%2Fmedia&parent=17199"}],"curies":[{"name":"wp","href":"https:\/\/api.w.org\/{rel}","templated":true}]}}