{"id":1728,"date":"2011-08-19T15:40:09","date_gmt":"2011-08-19T13:40:09","guid":{"rendered":"http:\/\/museumek.eu\/?page_id=1728"},"modified":"2020-08-29T12:29:18","modified_gmt":"2020-08-29T10:29:18","slug":"bi1","status":"publish","type":"page","link":"http:\/\/museumek.eu\/?page_id=1728","title":{"rendered":"B\/I\/1"},"content":{"rendered":"<p><strong>Abteilung Belgien, Keramik 1860 \u2013 1960, Inventarnummer B\/I\/1<\/strong><\/p>\n<p>Boch Fr\u00e8res Keramis, Belgien, La Louvi\u00e8re, um 1933, Vase, polychromes Design mit floralen Motiven, K\u00fcnstler Mathot van Hofelen (Antwerpen), Atelier de Fantaisie at Boch Fr\u00e8res Keramis, entworfen in einem Workshop von Charles Chatteau, Rarit\u00e4t XXXX (very rar), Dekorjahr 1932, Dekornummer D 1655, Formnummer 1197, gemarkt Wolfsmarke Boch Fr\u00e8res Keramis Made in Belgium schwarzer Stempel, D.1655, blau gemalt, 1197 gepresst, Zeichen f\u00fcr van Hofelen blau gemalt, Literatur: Marc Pairon, Art Deco Ceramics, Made in Belgium, Charles Chatteau, Marke Seite 513, Dekorbeschreibung Seite 692, Dekordatierung Seite 585, Formbeschreibung Seite 571, Boch Fr\u00e8res Keramis war ein belgisches Keramikunternehmen, das f\u00fcr seine Cloisonn\u00e9-Techniken, Art-Deco-Stile des fr\u00fchen 20. Jahrhunderts und die Verwendung schwarz umrandeter Designs bekannt war. Der Firmenname \u201eKeramis\u201c wurde von Keramos abgeleitet, dem altgriechischen Wort f\u00fcr Keramik. Boch Fr\u00e8res Keramis wurde 1841 von Eug\u00e8ne und Victor Boch und ihrem Schwager Jean-Baptiste Nothomb im belgischen La Louviere gegr\u00fcndet. Jahrzehnte sp\u00e4ter, trat im Jahr 1906 der franz\u00f6sische Keramiker Charles Catteautrat als k\u00fcnstlerischer Leiter in das Unternehmen ein, eine Position, die er 42 Jahre lang innehatte. Seine charakteristischen Art-Deco-Entw\u00fcrfe wurden von Japonismus, Kubismus und Abstraktion der Natur beeinflusst, und er war letztendlich verantwortlich f\u00fcr den \u00dcbergang des Unternehmens von der Herstellung von Gebrauchsgegenst\u00e4nden zu angesehenen Kunstwerken. Boch Fr\u00e8res Keramis wurde 1985 geschlossen,<br \/>\nH\u00f6he 16,4 cm, Breite 11,5 cm<\/p>\n<p><a href=\"http:\/\/museumek.eu\/wp-content\/uploads\/2011\/08\/Museum-Europ\u00e4ischer-Keramikkunst-Qualit\u00e4tsfotos-262.jpg\"><img loading=\"lazy\" src=\"http:\/\/museumek.eu\/wp-content\/uploads\/2011\/08\/Museum-Europ\u00e4ischer-Keramikkunst-Qualit\u00e4tsfotos-262-170x300.jpg\" alt=\"\" title=\"Museum Europ\u00e4ischer Keramikkunst Qualit\u00e4tsfotos 262\" width=\"170\" height=\"300\" class=\"alignnone size-medium wp-image-1729\" srcset=\"http:\/\/museumek.eu\/wp-content\/uploads\/2011\/08\/Museum-Europ\u00e4ischer-Keramikkunst-Qualit\u00e4tsfotos-262-170x300.jpg 170w, http:\/\/museumek.eu\/wp-content\/uploads\/2011\/08\/Museum-Europ\u00e4ischer-Keramikkunst-Qualit\u00e4tsfotos-262.jpg 540w\" sizes=\"(max-width: 170px) 100vw, 170px\" \/><\/a><\/p>\n<p><a href=\"http:\/\/museumek.eu\/wp-content\/uploads\/2011\/08\/Museum-Europ\u00e4ischer-Keramikkunst-243.jpg\"><img loading=\"lazy\" src=\"http:\/\/museumek.eu\/wp-content\/uploads\/2011\/08\/Museum-Europ\u00e4ischer-Keramikkunst-243-261x300.jpg\" alt=\"\" title=\"Museum Europ\u00e4ischer Keramikkunst 243\" width=\"261\" height=\"300\" class=\"alignnone size-medium wp-image-1730\" srcset=\"http:\/\/museumek.eu\/wp-content\/uploads\/2011\/08\/Museum-Europ\u00e4ischer-Keramikkunst-243-261x300.jpg 261w, http:\/\/museumek.eu\/wp-content\/uploads\/2011\/08\/Museum-Europ\u00e4ischer-Keramikkunst-243.jpg 604w\" sizes=\"(max-width: 261px) 100vw, 261px\" \/><\/a><\/p>\n","protected":false},"excerpt":{"rendered":"<p>Abteilung Belgien, Keramik 1860 \u2013 1960, Inventarnummer B\/I\/1 Boch Fr\u00e8res Keramis, Belgien, La Louvi\u00e8re, um 1933, Vase, polychromes Design mit floralen Motiven, K\u00fcnstler Mathot van Hofelen (Antwerpen), Atelier de Fantaisie at Boch Fr\u00e8res Keramis, entworfen in einem Workshop von Charles &hellip; <a href=\"http:\/\/museumek.eu\/?page_id=1728\">Weiterlesen <span class=\"meta-nav\">&rarr;<\/span><\/a><\/p>\n","protected":false},"author":1,"featured_media":0,"parent":1725,"menu_order":1,"comment_status":"open","ping_status":"open","template":"","meta":[],"_links":{"self":[{"href":"http:\/\/museumek.eu\/index.php?rest_route=\/wp\/v2\/pages\/1728"}],"collection":[{"href":"http:\/\/museumek.eu\/index.php?rest_route=\/wp\/v2\/pages"}],"about":[{"href":"http:\/\/museumek.eu\/index.php?rest_route=\/wp\/v2\/types\/page"}],"author":[{"embeddable":true,"href":"http:\/\/museumek.eu\/index.php?rest_route=\/wp\/v2\/users\/1"}],"replies":[{"embeddable":true,"href":"http:\/\/museumek.eu\/index.php?rest_route=%2Fwp%2Fv2%2Fcomments&post=1728"}],"version-history":[{"count":7,"href":"http:\/\/museumek.eu\/index.php?rest_route=\/wp\/v2\/pages\/1728\/revisions"}],"predecessor-version":[{"id":48978,"href":"http:\/\/museumek.eu\/index.php?rest_route=\/wp\/v2\/pages\/1728\/revisions\/48978"}],"up":[{"embeddable":true,"href":"http:\/\/museumek.eu\/index.php?rest_route=\/wp\/v2\/pages\/1725"}],"wp:attachment":[{"href":"http:\/\/museumek.eu\/index.php?rest_route=%2Fwp%2Fv2%2Fmedia&parent=1728"}],"curies":[{"name":"wp","href":"https:\/\/api.w.org\/{rel}","templated":true}]}}