{"id":17290,"date":"2012-12-29T19:08:10","date_gmt":"2012-12-29T18:08:10","guid":{"rendered":"http:\/\/museumek.eu\/?page_id=17290"},"modified":"2021-07-29T18:27:08","modified_gmt":"2021-07-29T16:27:08","slug":"ai100","status":"publish","type":"page","link":"http:\/\/museumek.eu\/?page_id=17290","title":{"rendered":"A\/I\/100"},"content":{"rendered":"<p><strong>Abteilung Austria\/Ungarn\/B\u00f6hmen, Keramik 1860 \u2013 1960, Inventarnummer A\/I\/100<\/strong><\/p>\n<p>Manufaktur Friedrich Goldscheider, Austria, Wien, um 1930, Buchst\u00fctze, sitzender Terrier mit Schleife, K\u00fcnstler Ida Meisinger, Werks.-Nr. 6498\/Exemplar Nr. 8\/Modelleur Nr. 22, gemarkt Firmenmarke mit Goldscheider Wien sowie MADE IN AUSTRIA schwarze Stempel unter Glasur, 6498 schwarz unter Glasur gemalt, 8 sowie 22 verwackelt gepresst, Aufkleber mit Entwurf Ida Meisinger Wien, nicht signiert, Literatur: Robert E. Dechant\/Filipp Goldscheider, Firmengeschichte und Werkverzeichnis, Seite 433, dort noch nicht erfasst, die Urspr\u00fcnge der Firma gehen zur\u00fcck auf das Pilsener Handelsunternehmen Moritz Goldscheider der 1860\u2018 Jahre, nach dem Tode von Moritz Goldscheider werden die Br\u00fcder Eduard und Friedrich Goldscheider Eigent\u00fcmer und firmieren ab 1877 als M. Goldscheider\u2019s Erben, Thon-und Kunststeinmanufactur Werk Moldau und ab 1878 als Br\u00fcder Goldscheider, im Jahre 1878 wandert Friedrich Goldscheider nach Wien aus und Eduard f\u00fchrt die Firma in Pilsen bis zum Konkurs 1892 allein weiter, Friedrich Goldscheider firmiert in Wien ab 1880 als Goldscheider\u2019sche Porzellan-Manufaktur und Porzellanmalerei, neben Handelsgesch\u00e4ften betreibt die Firma vorwiegend die Porzellanmalerei, das Porzellan wird von b\u00f6hmischen Manufakturen bezogen und teilweise auch in B\u00f6hmen bemalt, ab 1885 \u00e4ndert sich die Firmierung in Goldscheider\u2019sche Porzellan-Manufaktur und Majolicafabrik, das Jahr 1885 gilt als das offizielle Gr\u00fcndungsjahr, ab 1887 bezeichnet Friedrich Goldscheider seine Fabrik als Erste Wiener Terracotta- und Majolika-Fabrik Friedrich Goldscheider oder als Erste Wiener Kunst-Terracotta-Fabrik und kunstgewerbliche Ateliers Friedrich Goldscheider und offiziell ab 1894 als Friedrich Goldscheider Erste Wiener Terrakottafabrik, Friedrich Goldscheider stirbt im Jahre 1897, seine Ehefrau Regine Goldscheider wird Alleineigent\u00fcmer und firmiert ab 1899 als Friedrich Goldscheider in Wien, Berlin und Leipzig, ab 1907 firmiert die Firma als Erste Wiener Terrakottafabrik und Atelier f\u00fcr k\u00fcnstlerische Fayencen Friedrich Goldscheider, im Jahre 1918 stirbt Regine und die S\u00f6hne Walter und Marcell Goldscheider werden Inhaber, ab 1921 \u00e4ndert sich die Firmierung in Wiener Manufaktur Friedrich Goldscheider, 1928 scheidet Marcell Goldscheider aus und gr\u00fcndet seine eigene Firma in Wien, 1939 wird die Firma arisiert und Josef Schuster wird Inhaber, Firmierung ab 1939, Wiener Manufaktur Friedrich Goldscheider Nachf., Inhaber Josef Schuster, ab 1941 lautet die Firmierung Wiener Manufaktur Josef Schuster, vorm. Friedrich Goldscheider, nach dem WK II erh\u00e4lt Friedrich Goldscheider seine Firma zur\u00fcck und firmiert ab 1950 wieder als Wiener Manufaktur Friedrich Goldscheider, in dieser Zeit verkauft er die Firma an die Majolikafabrik Carstens, in Fredelsloh, die in Fredelsloh Wiederauflagen alter Modelle in minderwertigem braunem Ton aber auch neue Modelle ebenfalls in dieser Tonart produziert, H\u00f6he 9 cm, Breite 7,6 cm<\/p>\n<p><a href=\"http:\/\/museumek.eu\/wp-content\/uploads\/2012\/12\/Museum-Europ\u00e4ischer-Keramikkunst-38061.jpg\"><img loading=\"lazy\" src=\"http:\/\/museumek.eu\/wp-content\/uploads\/2012\/12\/Museum-Europ\u00e4ischer-Keramikkunst-38061-300x257.jpg\" alt=\"\" title=\"Museum Europ\u00e4ischer Keramikkunst 3806\" width=\"300\" height=\"257\" class=\"alignnone size-medium wp-image-17291\" srcset=\"http:\/\/museumek.eu\/wp-content\/uploads\/2012\/12\/Museum-Europ\u00e4ischer-Keramikkunst-38061-300x257.jpg 300w, http:\/\/museumek.eu\/wp-content\/uploads\/2012\/12\/Museum-Europ\u00e4ischer-Keramikkunst-38061-349x300.jpg 349w, http:\/\/museumek.eu\/wp-content\/uploads\/2012\/12\/Museum-Europ\u00e4ischer-Keramikkunst-38061.jpg 762w\" sizes=\"(max-width: 300px) 100vw, 300px\" \/><\/a><\/p>\n<p><a href=\"http:\/\/museumek.eu\/wp-content\/uploads\/2012\/12\/Museum-Europ\u00e4ischer-Keramikkunst-3807.jpg\"><img loading=\"lazy\" src=\"http:\/\/museumek.eu\/wp-content\/uploads\/2012\/12\/Museum-Europ\u00e4ischer-Keramikkunst-3807-288x300.jpg\" alt=\"\" title=\"Museum Europ\u00e4ischer Keramikkunst 3807\" width=\"288\" height=\"300\" class=\"alignnone size-medium wp-image-17292\" srcset=\"http:\/\/museumek.eu\/wp-content\/uploads\/2012\/12\/Museum-Europ\u00e4ischer-Keramikkunst-3807-288x300.jpg 288w, http:\/\/museumek.eu\/wp-content\/uploads\/2012\/12\/Museum-Europ\u00e4ischer-Keramikkunst-3807.jpg 656w\" sizes=\"(max-width: 288px) 100vw, 288px\" \/><\/a><\/p>\n<p><a href=\"http:\/\/museumek.eu\/wp-content\/uploads\/2012\/12\/Museum-Europ\u00e4ischer-Keramikkunst-3809.jpg\"><img loading=\"lazy\" src=\"http:\/\/museumek.eu\/wp-content\/uploads\/2012\/12\/Museum-Europ\u00e4ischer-Keramikkunst-3809-211x300.jpg\" alt=\"\" title=\"Museum Europ\u00e4ischer Keramikkunst 3809\" width=\"211\" height=\"300\" class=\"alignnone size-medium wp-image-17293\" srcset=\"http:\/\/museumek.eu\/wp-content\/uploads\/2012\/12\/Museum-Europ\u00e4ischer-Keramikkunst-3809-211x300.jpg 211w, http:\/\/museumek.eu\/wp-content\/uploads\/2012\/12\/Museum-Europ\u00e4ischer-Keramikkunst-3809.jpg 421w\" sizes=\"(max-width: 211px) 100vw, 211px\" \/><\/a><\/p>\n<p><a href=\"http:\/\/museumek.eu\/wp-content\/uploads\/2012\/12\/Museum-Europ\u00e4ischer-Keramikkunst-3810.jpg\"><img loading=\"lazy\" src=\"http:\/\/museumek.eu\/wp-content\/uploads\/2012\/12\/Museum-Europ\u00e4ischer-Keramikkunst-3810-300x186.jpg\" alt=\"\" title=\"Museum Europ\u00e4ischer Keramikkunst 3810\" width=\"300\" height=\"186\" class=\"alignnone size-medium wp-image-17294\" srcset=\"http:\/\/museumek.eu\/wp-content\/uploads\/2012\/12\/Museum-Europ\u00e4ischer-Keramikkunst-3810-300x186.jpg 300w, http:\/\/museumek.eu\/wp-content\/uploads\/2012\/12\/Museum-Europ\u00e4ischer-Keramikkunst-3810-481x300.jpg 481w, http:\/\/museumek.eu\/wp-content\/uploads\/2012\/12\/Museum-Europ\u00e4ischer-Keramikkunst-3810.jpg 639w\" sizes=\"(max-width: 300px) 100vw, 300px\" \/><\/a><\/p>\n","protected":false},"excerpt":{"rendered":"<p>Abteilung Austria\/Ungarn\/B\u00f6hmen, Keramik 1860 \u2013 1960, Inventarnummer A\/I\/100 Manufaktur Friedrich Goldscheider, Austria, Wien, um 1930, Buchst\u00fctze, sitzender Terrier mit Schleife, K\u00fcnstler Ida Meisinger, Werks.-Nr. 6498\/Exemplar Nr. 8\/Modelleur Nr. 22, gemarkt Firmenmarke mit Goldscheider Wien sowie MADE IN AUSTRIA schwarze Stempel &hellip; <a href=\"http:\/\/museumek.eu\/?page_id=17290\">Weiterlesen <span class=\"meta-nav\">&rarr;<\/span><\/a><\/p>\n","protected":false},"author":1,"featured_media":0,"parent":14580,"menu_order":100,"comment_status":"closed","ping_status":"open","template":"","meta":[],"_links":{"self":[{"href":"http:\/\/museumek.eu\/index.php?rest_route=\/wp\/v2\/pages\/17290"}],"collection":[{"href":"http:\/\/museumek.eu\/index.php?rest_route=\/wp\/v2\/pages"}],"about":[{"href":"http:\/\/museumek.eu\/index.php?rest_route=\/wp\/v2\/types\/page"}],"author":[{"embeddable":true,"href":"http:\/\/museumek.eu\/index.php?rest_route=\/wp\/v2\/users\/1"}],"replies":[{"embeddable":true,"href":"http:\/\/museumek.eu\/index.php?rest_route=%2Fwp%2Fv2%2Fcomments&post=17290"}],"version-history":[{"count":5,"href":"http:\/\/museumek.eu\/index.php?rest_route=\/wp\/v2\/pages\/17290\/revisions"}],"predecessor-version":[{"id":59222,"href":"http:\/\/museumek.eu\/index.php?rest_route=\/wp\/v2\/pages\/17290\/revisions\/59222"}],"up":[{"embeddable":true,"href":"http:\/\/museumek.eu\/index.php?rest_route=\/wp\/v2\/pages\/14580"}],"wp:attachment":[{"href":"http:\/\/museumek.eu\/index.php?rest_route=%2Fwp%2Fv2%2Fmedia&parent=17290"}],"curies":[{"name":"wp","href":"https:\/\/api.w.org\/{rel}","templated":true}]}}