{"id":17350,"date":"2013-01-10T23:26:28","date_gmt":"2013-01-10T22:26:28","guid":{"rendered":"http:\/\/museumek.eu\/?page_id=17350"},"modified":"2013-01-10T23:33:11","modified_gmt":"2013-01-10T22:33:11","slug":"ai101","status":"publish","type":"page","link":"http:\/\/museumek.eu\/?page_id=17350","title":{"rendered":"A\/I\/101"},"content":{"rendered":"<p><strong>Abteilung Austria\/Ungarn\/B\u00f6hmen, Keramik 1860 &#8211; 1960, Inventarnummer A\/I\/101<\/strong><\/p>\n<p>Manufaktur Friedrich Goldscheider, Austria, Wien, 1897\/1898, B\u00fcste Holl\u00e4nderin (Junge Frau mit Spitzenhaube), K\u00fcnstler F. du Pr\u00e9mont, Werks.-Nr. 1402\/Exemplar Nr. 41\/Modelleur Nr. 21, gemarkt Friedrich Goldscheider Wien, P, 2 x Reproduktion Reservee, 1402, 41 sowie 21 gepresst, 1402 sowie VI geritzt, F. du Pr\u00e9mont geritzt, signiert F. du Pr\u00e9mont, Literatur: Robert E. Dechant\/Filipp Goldscheider, Goldscheider Firmengeschichte und Werkverzeichnis, Seite 320, dort noch ohne Foto und unvollst\u00e4ndig erfasst, H\u00f6he 48,5 cm, Breite 28 cm<\/p>\n<p><a href=\"http:\/\/museumek.eu\/wp-content\/uploads\/2013\/01\/Museum-Europ\u00e4ischer-Keramikkunst-3910.jpg\"><img loading=\"lazy\" src=\"http:\/\/museumek.eu\/wp-content\/uploads\/2013\/01\/Museum-Europ\u00e4ischer-Keramikkunst-3910-155x300.jpg\" alt=\"\" title=\"Museum Europ\u00e4ischer Keramikkunst 3910\" width=\"155\" height=\"300\" class=\"alignnone size-medium wp-image-17351\" srcset=\"http:\/\/museumek.eu\/wp-content\/uploads\/2013\/01\/Museum-Europ\u00e4ischer-Keramikkunst-3910-155x300.jpg 155w, http:\/\/museumek.eu\/wp-content\/uploads\/2013\/01\/Museum-Europ\u00e4ischer-Keramikkunst-3910.jpg 514w\" sizes=\"(max-width: 155px) 100vw, 155px\" \/><\/a><\/p>\n<p><a href=\"http:\/\/museumek.eu\/wp-content\/uploads\/2013\/01\/Museum-Europ\u00e4ischer-Keramikkunst-3922.jpg\"><img loading=\"lazy\" src=\"http:\/\/museumek.eu\/wp-content\/uploads\/2013\/01\/Museum-Europ\u00e4ischer-Keramikkunst-3922-225x300.jpg\" alt=\"\" title=\"Museum Europ\u00e4ischer Keramikkunst 3922\" width=\"225\" height=\"300\" class=\"alignnone size-medium wp-image-17352\" srcset=\"http:\/\/museumek.eu\/wp-content\/uploads\/2013\/01\/Museum-Europ\u00e4ischer-Keramikkunst-3922-225x300.jpg 225w, http:\/\/museumek.eu\/wp-content\/uploads\/2013\/01\/Museum-Europ\u00e4ischer-Keramikkunst-3922.jpg 768w\" sizes=\"(max-width: 225px) 100vw, 225px\" \/><\/a><\/p>\n<p><a href=\"http:\/\/museumek.eu\/wp-content\/uploads\/2013\/01\/Museum-Europ\u00e4ischer-Keramikkunst-3921.jpg\"><img loading=\"lazy\" src=\"http:\/\/museumek.eu\/wp-content\/uploads\/2013\/01\/Museum-Europ\u00e4ischer-Keramikkunst-3921-151x300.jpg\" alt=\"\" title=\"Museum Europ\u00e4ischer Keramikkunst 3921\" width=\"151\" height=\"300\" class=\"alignnone size-medium wp-image-17353\" srcset=\"http:\/\/museumek.eu\/wp-content\/uploads\/2013\/01\/Museum-Europ\u00e4ischer-Keramikkunst-3921-151x300.jpg 151w, http:\/\/museumek.eu\/wp-content\/uploads\/2013\/01\/Museum-Europ\u00e4ischer-Keramikkunst-3921.jpg 416w\" sizes=\"(max-width: 151px) 100vw, 151px\" \/><\/a><\/p>\n<p><a href=\"http:\/\/museumek.eu\/wp-content\/uploads\/2013\/01\/Museum-Europ\u00e4ischer-Keramikkunst-3920.jpg\"><img loading=\"lazy\" src=\"http:\/\/museumek.eu\/wp-content\/uploads\/2013\/01\/Museum-Europ\u00e4ischer-Keramikkunst-3920-180x300.jpg\" alt=\"\" title=\"Museum Europ\u00e4ischer Keramikkunst 3920\" width=\"180\" height=\"300\" class=\"alignnone size-medium wp-image-17354\" srcset=\"http:\/\/museumek.eu\/wp-content\/uploads\/2013\/01\/Museum-Europ\u00e4ischer-Keramikkunst-3920-180x300.jpg 180w, http:\/\/museumek.eu\/wp-content\/uploads\/2013\/01\/Museum-Europ\u00e4ischer-Keramikkunst-3920.jpg 562w\" sizes=\"(max-width: 180px) 100vw, 180px\" \/><\/a><\/p>\n<p><a href=\"http:\/\/museumek.eu\/wp-content\/uploads\/2013\/01\/Museum-Europ\u00e4ischer-Keramikkunst-3919.jpg\"><img loading=\"lazy\" src=\"http:\/\/museumek.eu\/wp-content\/uploads\/2013\/01\/Museum-Europ\u00e4ischer-Keramikkunst-3919-158x300.jpg\" alt=\"\" title=\"Museum Europ\u00e4ischer Keramikkunst 3919\" width=\"158\" height=\"300\" class=\"alignnone size-medium wp-image-17358\" srcset=\"http:\/\/museumek.eu\/wp-content\/uploads\/2013\/01\/Museum-Europ\u00e4ischer-Keramikkunst-3919-158x300.jpg 158w, http:\/\/museumek.eu\/wp-content\/uploads\/2013\/01\/Museum-Europ\u00e4ischer-Keramikkunst-3919.jpg 510w\" sizes=\"(max-width: 158px) 100vw, 158px\" \/><\/a><\/p>\n<p><a href=\"http:\/\/museumek.eu\/wp-content\/uploads\/2013\/01\/Museum-Europ\u00e4ischer-Keramikkunst-3916.jpg\"><img loading=\"lazy\" src=\"http:\/\/museumek.eu\/wp-content\/uploads\/2013\/01\/Museum-Europ\u00e4ischer-Keramikkunst-3916-300x77.jpg\" alt=\"\" title=\"Museum Europ\u00e4ischer Keramikkunst 3916\" width=\"300\" height=\"77\" class=\"alignnone size-medium wp-image-17359\" srcset=\"http:\/\/museumek.eu\/wp-content\/uploads\/2013\/01\/Museum-Europ\u00e4ischer-Keramikkunst-3916-300x77.jpg 300w, http:\/\/museumek.eu\/wp-content\/uploads\/2013\/01\/Museum-Europ\u00e4ischer-Keramikkunst-3916-500x129.jpg 500w, http:\/\/museumek.eu\/wp-content\/uploads\/2013\/01\/Museum-Europ\u00e4ischer-Keramikkunst-3916.jpg 612w\" sizes=\"(max-width: 300px) 100vw, 300px\" \/><\/a><\/p>\n<p><a href=\"http:\/\/museumek.eu\/wp-content\/uploads\/2013\/01\/Museum-Europ\u00e4ischer-Keramikkunst-3911.jpg\"><img loading=\"lazy\" src=\"http:\/\/museumek.eu\/wp-content\/uploads\/2013\/01\/Museum-Europ\u00e4ischer-Keramikkunst-3911-300x111.jpg\" alt=\"\" title=\"Museum Europ\u00e4ischer Keramikkunst 3911\" width=\"300\" height=\"111\" class=\"alignnone size-medium wp-image-17355\" srcset=\"http:\/\/museumek.eu\/wp-content\/uploads\/2013\/01\/Museum-Europ\u00e4ischer-Keramikkunst-3911-300x111.jpg 300w, http:\/\/museumek.eu\/wp-content\/uploads\/2013\/01\/Museum-Europ\u00e4ischer-Keramikkunst-3911.jpg 493w\" sizes=\"(max-width: 300px) 100vw, 300px\" \/><\/a><\/p>\n<p><a href=\"http:\/\/museumek.eu\/wp-content\/uploads\/2013\/01\/Museum-Europ\u00e4ischer-Keramikkunst-3912.jpg\"><img loading=\"lazy\" src=\"http:\/\/museumek.eu\/wp-content\/uploads\/2013\/01\/Museum-Europ\u00e4ischer-Keramikkunst-3912-300x132.jpg\" alt=\"\" title=\"Museum Europ\u00e4ischer Keramikkunst 3912\" width=\"300\" height=\"132\" class=\"alignnone size-medium wp-image-17360\" srcset=\"http:\/\/museumek.eu\/wp-content\/uploads\/2013\/01\/Museum-Europ\u00e4ischer-Keramikkunst-3912-300x132.jpg 300w, http:\/\/museumek.eu\/wp-content\/uploads\/2013\/01\/Museum-Europ\u00e4ischer-Keramikkunst-3912.jpg 477w\" sizes=\"(max-width: 300px) 100vw, 300px\" \/><\/a><\/p>\n<p><a href=\"http:\/\/museumek.eu\/wp-content\/uploads\/2013\/01\/Museum-Europ\u00e4ischer-Keramikkunst-3914.jpg\"><img loading=\"lazy\" src=\"http:\/\/museumek.eu\/wp-content\/uploads\/2013\/01\/Museum-Europ\u00e4ischer-Keramikkunst-3914-267x300.jpg\" alt=\"\" title=\"Museum Europ\u00e4ischer Keramikkunst 3914\" width=\"267\" height=\"300\" class=\"alignnone size-medium wp-image-17361\" srcset=\"http:\/\/museumek.eu\/wp-content\/uploads\/2013\/01\/Museum-Europ\u00e4ischer-Keramikkunst-3914-267x300.jpg 267w, http:\/\/museumek.eu\/wp-content\/uploads\/2013\/01\/Museum-Europ\u00e4ischer-Keramikkunst-3914.jpg 415w\" sizes=\"(max-width: 267px) 100vw, 267px\" \/><\/a><\/p>\n<p><a href=\"http:\/\/museumek.eu\/wp-content\/uploads\/2013\/01\/Museum-Europ\u00e4ischer-Keramikkunst-3917.jpg\"><img loading=\"lazy\" src=\"http:\/\/museumek.eu\/wp-content\/uploads\/2013\/01\/Museum-Europ\u00e4ischer-Keramikkunst-3917-300x152.jpg\" alt=\"\" title=\"Museum Europ\u00e4ischer Keramikkunst 3917\" width=\"300\" height=\"152\" class=\"alignnone size-medium wp-image-17362\" srcset=\"http:\/\/museumek.eu\/wp-content\/uploads\/2013\/01\/Museum-Europ\u00e4ischer-Keramikkunst-3917-300x152.jpg 300w, http:\/\/museumek.eu\/wp-content\/uploads\/2013\/01\/Museum-Europ\u00e4ischer-Keramikkunst-3917.jpg 571w, http:\/\/museumek.eu\/wp-content\/uploads\/2013\/01\/Museum-Europ\u00e4ischer-Keramikkunst-3917-500x254.jpg 500w\" sizes=\"(max-width: 300px) 100vw, 300px\" \/><\/a><\/p>\n<p><a href=\"http:\/\/museumek.eu\/wp-content\/uploads\/2013\/01\/Museum-Europ\u00e4ischer-Keramikkunst-3918.jpg\"><img loading=\"lazy\" src=\"http:\/\/museumek.eu\/wp-content\/uploads\/2013\/01\/Museum-Europ\u00e4ischer-Keramikkunst-3918.jpg\" alt=\"\" title=\"Museum Europ\u00e4ischer Keramikkunst 3918\" width=\"120\" height=\"157\" class=\"alignnone size-full wp-image-17363\" \/><\/a><\/p>\n","protected":false},"excerpt":{"rendered":"<p>Abteilung Austria\/Ungarn\/B\u00f6hmen, Keramik 1860 &#8211; 1960, Inventarnummer A\/I\/101 Manufaktur Friedrich Goldscheider, Austria, Wien, 1897\/1898, B\u00fcste Holl\u00e4nderin (Junge Frau mit Spitzenhaube), K\u00fcnstler F. du Pr\u00e9mont, Werks.-Nr. 1402\/Exemplar Nr. 41\/Modelleur Nr. 21, gemarkt Friedrich Goldscheider Wien, P, 2 x Reproduktion Reservee, 1402, &hellip; <a href=\"http:\/\/museumek.eu\/?page_id=17350\">Weiterlesen <span class=\"meta-nav\">&rarr;<\/span><\/a><\/p>\n","protected":false},"author":1,"featured_media":0,"parent":17344,"menu_order":101,"comment_status":"closed","ping_status":"open","template":"","meta":[],"_links":{"self":[{"href":"http:\/\/museumek.eu\/index.php?rest_route=\/wp\/v2\/pages\/17350"}],"collection":[{"href":"http:\/\/museumek.eu\/index.php?rest_route=\/wp\/v2\/pages"}],"about":[{"href":"http:\/\/museumek.eu\/index.php?rest_route=\/wp\/v2\/types\/page"}],"author":[{"embeddable":true,"href":"http:\/\/museumek.eu\/index.php?rest_route=\/wp\/v2\/users\/1"}],"replies":[{"embeddable":true,"href":"http:\/\/museumek.eu\/index.php?rest_route=%2Fwp%2Fv2%2Fcomments&post=17350"}],"version-history":[{"count":3,"href":"http:\/\/museumek.eu\/index.php?rest_route=\/wp\/v2\/pages\/17350\/revisions"}],"predecessor-version":[{"id":17364,"href":"http:\/\/museumek.eu\/index.php?rest_route=\/wp\/v2\/pages\/17350\/revisions\/17364"}],"up":[{"embeddable":true,"href":"http:\/\/museumek.eu\/index.php?rest_route=\/wp\/v2\/pages\/17344"}],"wp:attachment":[{"href":"http:\/\/museumek.eu\/index.php?rest_route=%2Fwp%2Fv2%2Fmedia&parent=17350"}],"curies":[{"name":"wp","href":"https:\/\/api.w.org\/{rel}","templated":true}]}}