{"id":17391,"date":"2013-01-11T16:21:40","date_gmt":"2013-01-11T15:21:40","guid":{"rendered":"http:\/\/museumek.eu\/?page_id=17391"},"modified":"2013-04-26T22:29:05","modified_gmt":"2013-04-26T20:29:05","slug":"kurzbiografie-und-inventar-zum-kunstler","status":"publish","type":"page","link":"http:\/\/museumek.eu\/?page_id=17391","title":{"rendered":"Kurzbiografie und Inventar zum K\u00fcnstler"},"content":{"rendered":"<p><strong>Abteilung Austria\/Ungarn\/B\u00f6hmen, Keramik 1860 &#8211; 1960, Inventarnummer A\/I\/87<\/strong><\/p>\n<p>Friedrich Goldscheider, Austria, Wien, 1898\/1899, Amphorenvase auf Sockel, mit 3 blinde Kuh spielenden Enfants (Kindern) oder Puttis, K\u00fcnstler Hans Stephan Stoltenberg-Lerche (attr.), Werks.-Nr. (0)1405\/Exemplar Nr. 17\/Modelleur Nr. 17, gemarkt Goldscheider Sculpture Marke aufgelegt, 01405, 17, 17 sowie Fabriqu\u00e9 en Autriche gepresst, S. (im Werkverzeichnis als nicht n\u00e4her erkl\u00e4rtes Zusatzzeichen f\u00fcr die Produktionszeit von 1885 \u2013 1922 aufgef\u00fchrt, dort das S. in einem Kreis) sowie II geritzt, H. (?) Stoltenberg (?) auf dem Sockel geritzt, signiert H (?) Stoltenberg (?), Literatur: Robert E. Dechant\/Filipp Goldscheider, Firmengeschichte und Werkverzeichnis, Seite 320, dort noch nicht erfasst, Seite 24, Erkl\u00e4rung, dass die der Werksnummer (hier (0)1405) vorangestellten Null als Unterscheidungsmerkmal f\u00fcr Vasen dient, die Kennzeichnung Fabriqu\u00e9 en Autriche (produziert in Austria\/\u00d6sterreich) wurde f\u00fcr Ware verwendet, die in den frankophonen Raum exportiert wurde, Zuschreibung: Von der geritzten Signatur, die mindestens ein l\u00e4ngeres Wort darstellt, lautet der letzte Buchstabe g, zu der o. g. Produktionszeit passen nur 2 auf g endende K\u00fcnstler Nachnamen im Goldscheider Werkverzeichnis, Schimmelpfennig und Stoltenberg, vom Oeuvre ist Schimmelpfennig auszuschlie\u00dfen, es passt eindeutig zu Stoltenberg, der Vasen mit Enfants, also Kindern bzw. Vasen mit Putti f\u00fcr Goldscheider entworfen hat, im Werkverzeichnis wird au\u00dferdem eine fast gleich hohe, nicht weiter erkl\u00e4rte Vase mit 3 Puttis erw\u00e4hnt, allerdings ist aus dem Rest des lesbaren der Signatur schwer Stoltenberg nachzuvollziehen, es bleibt also letztlich erst einmal ungekl\u00e4rt, ob die Zuschreibung richtig ist, H\u00f6he 47 cm, Breite 20 cm<\/p>\n<p><a href=\"http:\/\/museumek.eu\/wp-content\/uploads\/2012\/06\/Museum-Europ\u00e4ischer-Keramikkunst-3927.jpg\"><img loading=\"lazy\" src=\"http:\/\/museumek.eu\/wp-content\/uploads\/2012\/06\/Museum-Europ\u00e4ischer-Keramikkunst-3927-145x300.jpg\" alt=\"\" title=\"Museum Europ\u00e4ischer Keramikkunst 3927\" width=\"145\" height=\"300\" class=\"alignnone size-medium wp-image-17382\" srcset=\"http:\/\/museumek.eu\/wp-content\/uploads\/2012\/06\/Museum-Europ\u00e4ischer-Keramikkunst-3927-145x300.jpg 145w, http:\/\/museumek.eu\/wp-content\/uploads\/2012\/06\/Museum-Europ\u00e4ischer-Keramikkunst-3927.jpg 488w\" sizes=\"(max-width: 145px) 100vw, 145px\" \/><\/a><\/p>\n<p><a href=\"http:\/\/museumek.eu\/wp-content\/uploads\/2012\/06\/Museum-Europ\u00e4ischer-Keramikkunst-2481.jpg\"><img loading=\"lazy\" src=\"http:\/\/museumek.eu\/wp-content\/uploads\/2012\/06\/Museum-Europ\u00e4ischer-Keramikkunst-2481-164x300.jpg\" alt=\"\" title=\"Museum Europ\u00e4ischer Keramikkunst 2481\" width=\"164\" height=\"300\" class=\"alignnone size-medium wp-image-11034\" srcset=\"http:\/\/museumek.eu\/wp-content\/uploads\/2012\/06\/Museum-Europ\u00e4ischer-Keramikkunst-2481-164x300.jpg 164w, http:\/\/museumek.eu\/wp-content\/uploads\/2012\/06\/Museum-Europ\u00e4ischer-Keramikkunst-2481.jpg 531w\" sizes=\"(max-width: 164px) 100vw, 164px\" \/><\/a><\/p>\n<p><a href=\"http:\/\/museumek.eu\/wp-content\/uploads\/2012\/06\/Museum-Europ\u00e4ischer-Keramikkunst-2483.jpg\"><img loading=\"lazy\" src=\"http:\/\/museumek.eu\/wp-content\/uploads\/2012\/06\/Museum-Europ\u00e4ischer-Keramikkunst-2483-168x300.jpg\" alt=\"\" title=\"Museum Europ\u00e4ischer Keramikkunst 2483\" width=\"168\" height=\"300\" class=\"alignnone size-medium wp-image-11036\" srcset=\"http:\/\/museumek.eu\/wp-content\/uploads\/2012\/06\/Museum-Europ\u00e4ischer-Keramikkunst-2483-168x300.jpg 168w, http:\/\/museumek.eu\/wp-content\/uploads\/2012\/06\/Museum-Europ\u00e4ischer-Keramikkunst-2483.jpg 534w\" sizes=\"(max-width: 168px) 100vw, 168px\" \/><\/a><\/p>\n<p><a href=\"http:\/\/museumek.eu\/wp-content\/uploads\/2012\/06\/Museum-Europ\u00e4ischer-Keramikkunst-2482.jpg\"><img loading=\"lazy\" src=\"http:\/\/museumek.eu\/wp-content\/uploads\/2012\/06\/Museum-Europ\u00e4ischer-Keramikkunst-2482-227x300.jpg\" alt=\"\" title=\"Museum Europ\u00e4ischer Keramikkunst 2482\" width=\"227\" height=\"300\" class=\"alignnone size-medium wp-image-11035\" srcset=\"http:\/\/museumek.eu\/wp-content\/uploads\/2012\/06\/Museum-Europ\u00e4ischer-Keramikkunst-2482-227x300.jpg 227w, http:\/\/museumek.eu\/wp-content\/uploads\/2012\/06\/Museum-Europ\u00e4ischer-Keramikkunst-2482.jpg 582w\" sizes=\"(max-width: 227px) 100vw, 227px\" \/><\/a><\/p>\n<p><a href=\"http:\/\/museumek.eu\/wp-content\/uploads\/2012\/06\/Museum-Europ\u00e4ischer-Keramikkunst-2484.jpg\"><img loading=\"lazy\" src=\"http:\/\/museumek.eu\/wp-content\/uploads\/2012\/06\/Museum-Europ\u00e4ischer-Keramikkunst-2484-261x300.jpg\" alt=\"\" title=\"Museum Europ\u00e4ischer Keramikkunst 2484\" width=\"261\" height=\"300\" class=\"alignnone size-medium wp-image-11037\" srcset=\"http:\/\/museumek.eu\/wp-content\/uploads\/2012\/06\/Museum-Europ\u00e4ischer-Keramikkunst-2484-261x300.jpg 261w, http:\/\/museumek.eu\/wp-content\/uploads\/2012\/06\/Museum-Europ\u00e4ischer-Keramikkunst-2484.jpg 669w\" sizes=\"(max-width: 261px) 100vw, 261px\" \/><\/a><\/p>\n<p><a href=\"http:\/\/museumek.eu\/wp-content\/uploads\/2012\/06\/Museum-Europ\u00e4ischer-Keramikkunst-3925.jpg\"><img loading=\"lazy\" src=\"http:\/\/museumek.eu\/wp-content\/uploads\/2012\/06\/Museum-Europ\u00e4ischer-Keramikkunst-3925-300x134.jpg\" alt=\"\" title=\"Museum Europ\u00e4ischer Keramikkunst 3925\" width=\"300\" height=\"134\" class=\"alignnone size-medium wp-image-17383\" srcset=\"http:\/\/museumek.eu\/wp-content\/uploads\/2012\/06\/Museum-Europ\u00e4ischer-Keramikkunst-3925-300x134.jpg 300w, http:\/\/museumek.eu\/wp-content\/uploads\/2012\/06\/Museum-Europ\u00e4ischer-Keramikkunst-3925.jpg 389w\" sizes=\"(max-width: 300px) 100vw, 300px\" \/><\/a><\/p>\n<p><a href=\"http:\/\/museumek.eu\/wp-content\/uploads\/2012\/06\/Museum-Europ\u00e4ischer-Keramikkunst-3926.jpg\"><img loading=\"lazy\" src=\"http:\/\/museumek.eu\/wp-content\/uploads\/2012\/06\/Museum-Europ\u00e4ischer-Keramikkunst-3926-300x155.jpg\" alt=\"\" title=\"Museum Europ\u00e4ischer Keramikkunst 3926\" width=\"300\" height=\"155\" class=\"alignnone size-medium wp-image-17384\" srcset=\"http:\/\/museumek.eu\/wp-content\/uploads\/2012\/06\/Museum-Europ\u00e4ischer-Keramikkunst-3926-300x155.jpg 300w, http:\/\/museumek.eu\/wp-content\/uploads\/2012\/06\/Museum-Europ\u00e4ischer-Keramikkunst-3926-500x258.jpg 500w, http:\/\/museumek.eu\/wp-content\/uploads\/2012\/06\/Museum-Europ\u00e4ischer-Keramikkunst-3926.jpg 609w\" sizes=\"(max-width: 300px) 100vw, 300px\" \/><\/a><\/p>\n<p><a href=\"http:\/\/museumek.eu\/wp-content\/uploads\/2012\/06\/Museum-Europ\u00e4ischer-Keramikkunst-3928.jpg\"><img loading=\"lazy\" src=\"http:\/\/museumek.eu\/wp-content\/uploads\/2012\/06\/Museum-Europ\u00e4ischer-Keramikkunst-3928-300x138.jpg\" alt=\"\" title=\"Museum Europ\u00e4ischer Keramikkunst 3928\" width=\"300\" height=\"138\" class=\"alignnone size-medium wp-image-17385\" srcset=\"http:\/\/museumek.eu\/wp-content\/uploads\/2012\/06\/Museum-Europ\u00e4ischer-Keramikkunst-3928-300x138.jpg 300w, http:\/\/museumek.eu\/wp-content\/uploads\/2012\/06\/Museum-Europ\u00e4ischer-Keramikkunst-3928-500x230.jpg 500w, http:\/\/museumek.eu\/wp-content\/uploads\/2012\/06\/Museum-Europ\u00e4ischer-Keramikkunst-3928.jpg 603w\" sizes=\"(max-width: 300px) 100vw, 300px\" \/><\/a><\/p>\n<p><a href=\"http:\/\/museumek.eu\/wp-content\/uploads\/2012\/06\/Museum-Europ\u00e4ischer-Keramikkunst-2485.jpg\"><img loading=\"lazy\" src=\"http:\/\/museumek.eu\/wp-content\/uploads\/2012\/06\/Museum-Europ\u00e4ischer-Keramikkunst-2485-300x210.jpg\" alt=\"\" title=\"Museum Europ\u00e4ischer Keramikkunst 2485\" width=\"300\" height=\"210\" class=\"alignnone size-medium wp-image-11038\" srcset=\"http:\/\/museumek.eu\/wp-content\/uploads\/2012\/06\/Museum-Europ\u00e4ischer-Keramikkunst-2485-300x210.jpg 300w, http:\/\/museumek.eu\/wp-content\/uploads\/2012\/06\/Museum-Europ\u00e4ischer-Keramikkunst-2485-427x300.jpg 427w, http:\/\/museumek.eu\/wp-content\/uploads\/2012\/06\/Museum-Europ\u00e4ischer-Keramikkunst-2485.jpg 834w\" sizes=\"(max-width: 300px) 100vw, 300px\" \/><\/a><\/p>\n<p><a href=\"http:\/\/museumek.eu\/wp-content\/uploads\/2012\/06\/Museum-Europ\u00e4ischer-Keramikkunst-2486.jpg\"><img loading=\"lazy\" src=\"http:\/\/museumek.eu\/wp-content\/uploads\/2012\/06\/Museum-Europ\u00e4ischer-Keramikkunst-2486-300x298.jpg\" alt=\"\" title=\"Museum Europ\u00e4ischer Keramikkunst 2486\" width=\"300\" height=\"298\" class=\"alignnone size-medium wp-image-11039\" srcset=\"http:\/\/museumek.eu\/wp-content\/uploads\/2012\/06\/Museum-Europ\u00e4ischer-Keramikkunst-2486-300x298.jpg 300w, http:\/\/museumek.eu\/wp-content\/uploads\/2012\/06\/Museum-Europ\u00e4ischer-Keramikkunst-2486-150x150.jpg 150w, http:\/\/museumek.eu\/wp-content\/uploads\/2012\/06\/Museum-Europ\u00e4ischer-Keramikkunst-2486-301x300.jpg 301w, http:\/\/museumek.eu\/wp-content\/uploads\/2012\/06\/Museum-Europ\u00e4ischer-Keramikkunst-2486.jpg 640w\" sizes=\"(max-width: 300px) 100vw, 300px\" \/><\/a><\/p>\n<p><a href=\"http:\/\/museumek.eu\/wp-content\/uploads\/2012\/06\/Museum-Europ\u00e4ischer-Keramikkunst-2487.jpg\"><img loading=\"lazy\" src=\"http:\/\/museumek.eu\/wp-content\/uploads\/2012\/06\/Museum-Europ\u00e4ischer-Keramikkunst-2487.jpg\" alt=\"\" title=\"Museum Europ\u00e4ischer Keramikkunst 2487\" width=\"252\" height=\"286\" class=\"alignnone size-full wp-image-11040\" \/><\/a><\/p>\n","protected":false},"excerpt":{"rendered":"<p>Abteilung Austria\/Ungarn\/B\u00f6hmen, Keramik 1860 &#8211; 1960, Inventarnummer A\/I\/87 Friedrich Goldscheider, Austria, Wien, 1898\/1899, Amphorenvase auf Sockel, mit 3 blinde Kuh spielenden Enfants (Kindern) oder Puttis, K\u00fcnstler Hans Stephan Stoltenberg-Lerche (attr.), Werks.-Nr. (0)1405\/Exemplar Nr. 17\/Modelleur Nr. 17, gemarkt Goldscheider Sculpture Marke &hellip; <a href=\"http:\/\/museumek.eu\/?page_id=17391\">Weiterlesen <span class=\"meta-nav\">&rarr;<\/span><\/a><\/p>\n","protected":false},"author":1,"featured_media":0,"parent":17374,"menu_order":1,"comment_status":"closed","ping_status":"open","template":"","meta":[],"_links":{"self":[{"href":"http:\/\/museumek.eu\/index.php?rest_route=\/wp\/v2\/pages\/17391"}],"collection":[{"href":"http:\/\/museumek.eu\/index.php?rest_route=\/wp\/v2\/pages"}],"about":[{"href":"http:\/\/museumek.eu\/index.php?rest_route=\/wp\/v2\/types\/page"}],"author":[{"embeddable":true,"href":"http:\/\/museumek.eu\/index.php?rest_route=\/wp\/v2\/users\/1"}],"replies":[{"embeddable":true,"href":"http:\/\/museumek.eu\/index.php?rest_route=%2Fwp%2Fv2%2Fcomments&post=17391"}],"version-history":[{"count":3,"href":"http:\/\/museumek.eu\/index.php?rest_route=\/wp\/v2\/pages\/17391\/revisions"}],"predecessor-version":[{"id":20656,"href":"http:\/\/museumek.eu\/index.php?rest_route=\/wp\/v2\/pages\/17391\/revisions\/20656"}],"up":[{"embeddable":true,"href":"http:\/\/museumek.eu\/index.php?rest_route=\/wp\/v2\/pages\/17374"}],"wp:attachment":[{"href":"http:\/\/museumek.eu\/index.php?rest_route=%2Fwp%2Fv2%2Fmedia&parent=17391"}],"curies":[{"name":"wp","href":"https:\/\/api.w.org\/{rel}","templated":true}]}}