{"id":17460,"date":"2013-01-19T22:14:32","date_gmt":"2013-01-19T21:14:32","guid":{"rendered":"http:\/\/museumek.eu\/?page_id=17460"},"modified":"2013-05-10T20:42:29","modified_gmt":"2013-05-10T18:42:29","slug":"kurzbiografie-und-inventar-zum-kunstler","status":"publish","type":"page","link":"http:\/\/museumek.eu\/?page_id=17460","title":{"rendered":"Kurzbiografie und Inventar zum K\u00fcnstler"},"content":{"rendered":"<p><strong>Abteilung Austria\/Ungarn\/B\u00f6hmen, Keramik 1860 \u2013 1960, Inventarnummer A\/VII\/1<\/strong><\/p>\n<p>Vereinigte Wiener und Gmundner Keramik und Tonwarenfabrik Schlei\u00df G.m.b.H. (VWGK), Austria, Gmunden, um 1915, Trichtervase mit aufgelegten floralen Ornamenten, K\u00fcnstler Dagobert Peche, Werksnummer 412, Exemplar Nr. ohne, gemarkt Werkst\u00e4ttenmarke WK Wiener Keramik und GK Gmundner Keramik, signiert 2 x schwach lesbar P mit Stern, 412 gepresst, Literatur: Waltraud Neuwirth, Wiener Keramik, Seite 481, Markentafeln Marken 217 bis 222, Varianten des P mit Stern, sowie gleiche Literatur S. 320, dass die 400er Modelle um 1915\/1916 ausgef\u00fchrt worden sind, sowie gleiche Literatur Seite 486 Marke 282 Wiener Keramik und Marke 283 Gmundner Keramik, weitere Literatur: Waltraud Neuwirth, \u00d6sterreichische Keramik des Jugendstils, Seite 411, Marke 89 Wiener Keramik, weitere Literatur: Irmgard Gollner, Gmundner Keramik, Kunst aus Ton, Feuer &#038; Farbe, Seite 153, Marken der Gmundner und der Wiener Keramik, H\u00f6he 27,2 cm, Breite 19 cm<\/p>\n<p><a href=\"http:\/\/museumek.eu\/wp-content\/uploads\/2011\/08\/Museum-Europ\u00e4ischer-Keramikkunst-Qualit\u00e4tsfotos-151.jpg\"><img loading=\"lazy\" src=\"http:\/\/museumek.eu\/wp-content\/uploads\/2011\/08\/Museum-Europ\u00e4ischer-Keramikkunst-Qualit\u00e4tsfotos-151-236x300.jpg\" alt=\"\" title=\"Museum Europ\u00e4ischer Keramikkunst Qualit\u00e4tsfotos 151\" width=\"236\" height=\"300\" class=\"alignnone size-medium wp-image-834\" srcset=\"http:\/\/museumek.eu\/wp-content\/uploads\/2011\/08\/Museum-Europ\u00e4ischer-Keramikkunst-Qualit\u00e4tsfotos-151-236x300.jpg 236w, http:\/\/museumek.eu\/wp-content\/uploads\/2011\/08\/Museum-Europ\u00e4ischer-Keramikkunst-Qualit\u00e4tsfotos-151.jpg 634w\" sizes=\"(max-width: 236px) 100vw, 236px\" \/><\/a><\/p>\n<p><a href=\"http:\/\/museumek.eu\/wp-content\/uploads\/2011\/08\/Peche.jpg\"><img loading=\"lazy\" src=\"http:\/\/museumek.eu\/wp-content\/uploads\/2011\/08\/Peche.jpg\" alt=\"\" title=\"Peche\" width=\"278\" height=\"199\" class=\"alignnone size-full wp-image-835\" \/><\/a><\/p>\n<p><a href=\"http:\/\/museumek.eu\/wp-content\/uploads\/2011\/08\/Museum-Europ\u00e4ischer-Keramikkunst-520.jpg\"><img loading=\"lazy\" src=\"http:\/\/museumek.eu\/wp-content\/uploads\/2011\/08\/Museum-Europ\u00e4ischer-Keramikkunst-520-257x300.jpg\" alt=\"\" title=\"Museum Europ\u00e4ischer Keramikkunst 520\" width=\"257\" height=\"300\" class=\"alignnone size-medium wp-image-836\" srcset=\"http:\/\/museumek.eu\/wp-content\/uploads\/2011\/08\/Museum-Europ\u00e4ischer-Keramikkunst-520-257x300.jpg 257w, http:\/\/museumek.eu\/wp-content\/uploads\/2011\/08\/Museum-Europ\u00e4ischer-Keramikkunst-520.jpg 263w\" sizes=\"(max-width: 257px) 100vw, 257px\" \/><\/a><\/p>\n<p><strong>Abteilung Austria\/Ungarn\/B\u00f6hmen, Keramik 1860 \u2013 1960, Inventarnummer A\/VII\/2<\/strong><\/p>\n<p>Vereinigte Wiener und Gmundner Keramik und Tonwarenfabrik Schlei\u00df G.m.b.H. (VWGK), Austria, Gmunden, um 1915, Kanne mit Frucht als Deckelknauf, K\u00fcnstler Dagobert Peche (attr.), Werksnummer 921 (evtl. 923), Exemplar Nr. ohne, gemarkt Werkst\u00e4ttenmarke WK Wiener Keramik und GK Gmundner Keramik, 921 gepresst, nicht signiert, Literatur: Waltraud Neuwirth, Wiener Keramik, Seite 486, Markentafel Nr. 282 Marke Wiener Keramik und Markentafel 283 Marke Gmundner Keramik, weitere Literatur: Irmgard Gollner, Gmundner Keramik, Kunst aus Ton, Feuer &#038; Farbe, Seite 153, Marken der Gmundner und der Wiener Keramik,<br \/>\nH\u00f6he 17 cm, Breite 14,5 cm<\/p>\n<p><a href=\"http:\/\/museumek.eu\/wp-content\/uploads\/2011\/08\/Museum-Europ\u00e4ischer-Keramikkunst-Qualit\u00e4tsfotos-152.jpg\"><img loading=\"lazy\" src=\"http:\/\/museumek.eu\/wp-content\/uploads\/2011\/08\/Museum-Europ\u00e4ischer-Keramikkunst-Qualit\u00e4tsfotos-152-249x300.jpg\" alt=\"\" title=\"Museum Europ\u00e4ischer Keramikkunst Qualit\u00e4tsfotos 152\" width=\"249\" height=\"300\" class=\"alignnone size-medium wp-image-843\" srcset=\"http:\/\/museumek.eu\/wp-content\/uploads\/2011\/08\/Museum-Europ\u00e4ischer-Keramikkunst-Qualit\u00e4tsfotos-152-249x300.jpg 249w, http:\/\/museumek.eu\/wp-content\/uploads\/2011\/08\/Museum-Europ\u00e4ischer-Keramikkunst-Qualit\u00e4tsfotos-152.jpg 577w\" sizes=\"(max-width: 249px) 100vw, 249px\" \/><\/a><\/p>\n<p><a href=\"http:\/\/museumek.eu\/wp-content\/uploads\/2011\/08\/Museum-Europ\u00e4ischer-Keramikkunst-642.jpg\"><img loading=\"lazy\" src=\"http:\/\/museumek.eu\/wp-content\/uploads\/2011\/08\/Museum-Europ\u00e4ischer-Keramikkunst-642-300x134.jpg\" alt=\"\" title=\"Museum Europ\u00e4ischer Keramikkunst 642\" width=\"300\" height=\"134\" class=\"alignnone size-medium wp-image-844\" srcset=\"http:\/\/museumek.eu\/wp-content\/uploads\/2011\/08\/Museum-Europ\u00e4ischer-Keramikkunst-642-300x134.jpg 300w, http:\/\/museumek.eu\/wp-content\/uploads\/2011\/08\/Museum-Europ\u00e4ischer-Keramikkunst-642-500x223.jpg 500w, http:\/\/museumek.eu\/wp-content\/uploads\/2011\/08\/Museum-Europ\u00e4ischer-Keramikkunst-642.jpg 880w\" sizes=\"(max-width: 300px) 100vw, 300px\" \/><\/a><\/p>\n<p><a href=\"http:\/\/museumek.eu\/wp-content\/uploads\/2011\/08\/Museum-Europ\u00e4ischer-Keramikkunst-634.jpg\"><img loading=\"lazy\" src=\"http:\/\/museumek.eu\/wp-content\/uploads\/2011\/08\/Museum-Europ\u00e4ischer-Keramikkunst-634-300x131.jpg\" alt=\"\" title=\"Museum Europ\u00e4ischer Keramikkunst 634\" width=\"300\" height=\"131\" class=\"alignnone size-medium wp-image-845\" srcset=\"http:\/\/museumek.eu\/wp-content\/uploads\/2011\/08\/Museum-Europ\u00e4ischer-Keramikkunst-634-300x131.jpg 300w, http:\/\/museumek.eu\/wp-content\/uploads\/2011\/08\/Museum-Europ\u00e4ischer-Keramikkunst-634.jpg 348w\" sizes=\"(max-width: 300px) 100vw, 300px\" \/><\/a><\/p>\n<p><strong>Abteilung Austria\/Ungarn\/B\u00f6hmen, Keramik 1860 \u2013 1960, Inventarnummer A\/X\/5<\/strong><\/p>\n<p>Gmundner Keramik GES.M.B.H., Austria, Gmunden, um 1920, Tablett, K\u00fcnstler Dagobert Peche (attr.), Werksnummer 827, Exemplar Nr. ohne, gemarkt Firmenmarke Quadrat mit Blumenst\u00f6ckl sowie KG (manchmal wurde ein Stempel mit KG statt GK benutzt) sowie 827 gepresst, nicht signiert, Literatur: Irmgard Gollner, Gmundner Keramik, Kunst aus Ton, Feuer &#038; Farbe, Seite 153, Marke der Gmundner Keramik mit verdrehtem GK identisch, den Blumenst\u00f6ckelstempel gab es sowohl als Na\u00df- als auch als Trockenstempel, jeweils in unterschiedlichen Varianten (wenn im weiteren Bl\u00fctenstempel steht, dann ist der Bl\u00fctenstempel der Pflanze im botanischem Sinne gemeint), Na\u00dfstempel Variante 1: Bl\u00fctenstempel nicht mit Stempelfarbe ausgef\u00fcllt siehe MEK A\/X\/6, A\/X\/13 sowie A\/X\/15, Variante 2: Bl\u00fctenstempel mit Stempelfarbe ausgef\u00fcllt siehe MEK A\/X\/4 sowie A\/X\/12, Trockenstempel: Variante 1: um den Bl\u00fctenstempel auf 3, 6, 9 und 12 Uhr jeweils ein gepresster Strich siehe MEK A\/X\/7 sowie A\/X\/14, Variante 2: kein Bl\u00fctenstempel, sondern ein Mittelkreuz siehe MEK A\/X\/5, es gibt bisher keinerlei wissenschaftliche Recherche, ob die verschiedenen Stempel einem System unterlagen oder ob sich eine zeitliche Einordnung ergibt, in keiner der o. g. Literatur wird darauf verwiesen, dass die Fabrikmarke in Form dieser 4 verschiedenen Stempel aufgebracht worden ist, insofern sind die vom MEK festgestellten 4 Stempelvarianten nun dokumentiert, die K\u00fcnstlerzuordnung ist vorl\u00e4ufig, H\u00f6he 20,3 cm, Breite 32,5 cm<\/p>\n<p><a href=\"http:\/\/museumek.eu\/wp-content\/uploads\/2011\/08\/Museum-Europ\u00e4ischer-Keramikkunst-Qualit\u00e4tsfotos-171.jpg\"><img loading=\"lazy\" src=\"http:\/\/museumek.eu\/wp-content\/uploads\/2011\/08\/Museum-Europ\u00e4ischer-Keramikkunst-Qualit\u00e4tsfotos-171-300x184.jpg\" alt=\"\" title=\"Museum Europ\u00e4ischer Keramikkunst Qualit\u00e4tsfotos 171\" width=\"300\" height=\"184\" class=\"alignnone size-medium wp-image-926\" srcset=\"http:\/\/museumek.eu\/wp-content\/uploads\/2011\/08\/Museum-Europ\u00e4ischer-Keramikkunst-Qualit\u00e4tsfotos-171-300x184.jpg 300w, http:\/\/museumek.eu\/wp-content\/uploads\/2011\/08\/Museum-Europ\u00e4ischer-Keramikkunst-Qualit\u00e4tsfotos-171-486x300.jpg 486w, http:\/\/museumek.eu\/wp-content\/uploads\/2011\/08\/Museum-Europ\u00e4ischer-Keramikkunst-Qualit\u00e4tsfotos-171.jpg 946w\" sizes=\"(max-width: 300px) 100vw, 300px\" \/><\/a><\/p>\n<p><a href=\"http:\/\/museumek.eu\/wp-content\/uploads\/2011\/08\/Museum-Europ\u00e4ischer-Keramikkunst-6511.jpg\"><img loading=\"lazy\" src=\"http:\/\/museumek.eu\/wp-content\/uploads\/2011\/08\/Museum-Europ\u00e4ischer-Keramikkunst-6511-300x129.jpg\" alt=\"\" title=\"Museum Europ\u00e4ischer Keramikkunst 651\" width=\"300\" height=\"129\" class=\"alignnone size-medium wp-image-928\" srcset=\"http:\/\/museumek.eu\/wp-content\/uploads\/2011\/08\/Museum-Europ\u00e4ischer-Keramikkunst-6511-300x129.jpg 300w, http:\/\/museumek.eu\/wp-content\/uploads\/2011\/08\/Museum-Europ\u00e4ischer-Keramikkunst-6511-500x215.jpg 500w, http:\/\/museumek.eu\/wp-content\/uploads\/2011\/08\/Museum-Europ\u00e4ischer-Keramikkunst-6511.jpg 1024w\" sizes=\"(max-width: 300px) 100vw, 300px\" \/><\/a><\/p>\n<p><a href=\"http:\/\/museumek.eu\/wp-content\/uploads\/2011\/08\/Museum-Europ\u00e4ischer-Keramikkunst-652.jpg\"><img loading=\"lazy\" src=\"http:\/\/museumek.eu\/wp-content\/uploads\/2011\/08\/Museum-Europ\u00e4ischer-Keramikkunst-652-241x300.jpg\" alt=\"\" title=\"Museum Europ\u00e4ischer Keramikkunst 652\" width=\"241\" height=\"300\" class=\"alignnone size-medium wp-image-929\" srcset=\"http:\/\/museumek.eu\/wp-content\/uploads\/2011\/08\/Museum-Europ\u00e4ischer-Keramikkunst-652-241x300.jpg 241w, http:\/\/museumek.eu\/wp-content\/uploads\/2011\/08\/Museum-Europ\u00e4ischer-Keramikkunst-652.jpg 395w\" sizes=\"(max-width: 241px) 100vw, 241px\" \/><\/a><\/p>\n<p><strong>Abteilung Austria\/Ungarn\/B\u00f6hmen, Keramik 1860 \u2013 1960, Inventarnummer A\/X\/6<\/strong><\/p>\n<p>Gmundner Keramik GES.M.B.H., Austria, Gmunden, um 1920, Brotschale, K\u00fcnstler Dagobert Peche (attr.), Werksnummer 682, Exemplar Nr. 2, gemarkt Firmenmarke Quadrat mit Blumenst\u00f6ckl sowie GK, darunter Austria schwarzer Gummistempel (Marke ab 1910 verwendet), J, 682 sowie 2 gepresst, evtl. signiert mit einer Variante der Peche Signaturen (schwer lesbar), Literatur: Irmgard Gollner, Gmundner Keramik, T\u00f6pfertradition einst und jetzt, Seite 86, Markentafeln, dort \u00e4hnliche Marke, weitere Literatur: Irmgard Gollner, Gmundner Keramik, Kunst aus Ton, Feuer &#038; Farbe, Seite 153, fast identische Marke, weitere Literatur: Otto Pelka, Keramik der Neuzeit, Markentafel III, Markenkasten Nr. 45, rechte Marke fast identisch, Pelka beschreibt hier nicht die Einzelmarken, sondern gleichzeitig auch die Marke der Wiener Keramik, siehe auch Seite 210, Herstellerverzeichnis, Gmunden, Vereinigte Wiener und Gmundner Keramik und Gmundner Tonwarenfabrik Schlei\u00df sowie Seite 218, Namenverzeichnis, Gmunden, Vereinigte Wiener und Gmundner Keramik und Gmundner Tonwarenfabrik Schlei\u00df, M 45, weitere Literatur: J. G. Th. Graesse und E. Jaenicke, F\u00fchrer f\u00fcr Sammler von Porzellan und Fayence, Steinzeug, Steingut usw., Seite 721, Marke Nr. 6 fast identisch, sonst gleiche Markenbeschreibung wie bei Pelka, den Blumenst\u00f6ckelstempel gab es sowohl als Na\u00df- als auch als Trockenstempel, jeweils in unterschiedlichen Varianten (wenn im weiteren Bl\u00fctenstempel steht, dann ist der Bl\u00fctenstempel der Pflanze im botanischem Sinne gemeint), Na\u00dfstempel Variante 1: Bl\u00fctenstempel nicht mit Stempelfarbe ausgef\u00fcllt siehe MEK A\/X\/6, A\/X\/13 sowie A\/X\/15, Variante 2: Bl\u00fctenstempel mit Stempelfarbe ausgef\u00fcllt siehe MEK A\/X\/4 sowie A\/X\/12, Trockenstempel: Variante 1: um den Bl\u00fctenstempel auf 3, 6, 9 und 12 Uhr jeweils ein gepresster Strich siehe MEK A\/X\/7 sowie A\/X\/14, Variante 2: kein Bl\u00fctenstempel, sondern ein Mittelkreuz siehe MEK A\/X\/5, es gibt bisher keinerlei wissenschaftliche Recherche, ob die verschiedenen Stempel einem System unterlagen oder ob sich eine zeitliche Einordnung ergibt, in keiner der o. g. Literatur wird darauf verwiesen, dass die Fabrikmarke in Form dieser 4 verschiedenen Stempel aufgebracht worden ist, insofern sind die vom MEK festgestellten 4 Stempelvarianten nun dokumentiert, die K\u00fcnstlerzuordnung ist vorl\u00e4ufig, H\u00f6he 6 cm, Breite 21 cm<\/p>\n<p><a href=\"http:\/\/museumek.eu\/wp-content\/uploads\/2011\/08\/Museum-Europ\u00e4ischer-Keramikkunst-Qualit\u00e4tsfotos-172.jpg\"><img loading=\"lazy\" src=\"http:\/\/museumek.eu\/wp-content\/uploads\/2011\/08\/Museum-Europ\u00e4ischer-Keramikkunst-Qualit\u00e4tsfotos-172-300x134.jpg\" alt=\"\" title=\"Museum Europ\u00e4ischer Keramikkunst Qualit\u00e4tsfotos 172\" width=\"300\" height=\"134\" class=\"alignnone size-medium wp-image-936\" srcset=\"http:\/\/museumek.eu\/wp-content\/uploads\/2011\/08\/Museum-Europ\u00e4ischer-Keramikkunst-Qualit\u00e4tsfotos-172-300x134.jpg 300w, http:\/\/museumek.eu\/wp-content\/uploads\/2011\/08\/Museum-Europ\u00e4ischer-Keramikkunst-Qualit\u00e4tsfotos-172-500x223.jpg 500w, http:\/\/museumek.eu\/wp-content\/uploads\/2011\/08\/Museum-Europ\u00e4ischer-Keramikkunst-Qualit\u00e4tsfotos-172.jpg 938w\" sizes=\"(max-width: 300px) 100vw, 300px\" \/><\/a><\/p>\n<p><a href=\"http:\/\/museumek.eu\/wp-content\/uploads\/2011\/08\/Museum-Europ\u00e4ischer-Keramikkunst-649.jpg\"><img loading=\"lazy\" src=\"http:\/\/museumek.eu\/wp-content\/uploads\/2011\/08\/Museum-Europ\u00e4ischer-Keramikkunst-649-109x300.jpg\" alt=\"\" title=\"Museum Europ\u00e4ischer Keramikkunst 649\" width=\"109\" height=\"300\" class=\"alignnone size-medium wp-image-937\" srcset=\"http:\/\/museumek.eu\/wp-content\/uploads\/2011\/08\/Museum-Europ\u00e4ischer-Keramikkunst-649-109x300.jpg 109w, http:\/\/museumek.eu\/wp-content\/uploads\/2011\/08\/Museum-Europ\u00e4ischer-Keramikkunst-649.jpg 325w\" sizes=\"(max-width: 109px) 100vw, 109px\" \/><\/a><\/p>\n<p><a href=\"http:\/\/museumek.eu\/wp-content\/uploads\/2011\/08\/Museum-Europ\u00e4ischer-Keramikkunst-648.jpg\"><img loading=\"lazy\" src=\"http:\/\/museumek.eu\/wp-content\/uploads\/2011\/08\/Museum-Europ\u00e4ischer-Keramikkunst-648-300x221.jpg\" alt=\"\" title=\"Museum Europ\u00e4ischer Keramikkunst 648\" width=\"300\" height=\"221\" class=\"alignnone size-medium wp-image-938\" srcset=\"http:\/\/museumek.eu\/wp-content\/uploads\/2011\/08\/Museum-Europ\u00e4ischer-Keramikkunst-648-300x221.jpg 300w, http:\/\/museumek.eu\/wp-content\/uploads\/2011\/08\/Museum-Europ\u00e4ischer-Keramikkunst-648.jpg 345w\" sizes=\"(max-width: 300px) 100vw, 300px\" \/><\/a><\/p>\n<p><strong>Abteilung Austria\/Ungarn\/B\u00f6hmen, Keramik 1860 \u2013 1960, Inventarnummer A\/X\/7<\/strong><\/p>\n<p>Gmundner Keramik GES.M.B.H., Austria, Gmunden, um 1920, Deckeldose mit Frucht als Deckelknauf, K\u00fcnstler Dagobert Peche (attr.), Werksnummer 923, Exemplar Nr. ohne, gemarkt Firmenmarke Quadrat mit Blumenst\u00f6ckl und GK sowie 923 gepresst, nicht signiert, Literatur: Waltraud Neuwirth, Wiener Keramik, Seite 486, Marke Nr. 283 identisch (dort als Gummistempelmarke abgebildet), weitere Literatur: Irmgard Gollner, Gmundner Keramik, Kunst aus Ton, Feuer &#038; Farbe, Seite 153, identische Marke abgebildet, sonst gleiche Markenbeschreibung wie bei Neuwirth, weitere Literatur: Irmgard Gollner, Gmundner Keramik, T\u00f6pfertradition einst und jetzt, Seite 86, Markentafeln, identische Marke abgebildet, sonst gleiche Markenbeschreibung wie bei Neuwirth und Gollner, weitere Literatur: Otto Pelka, Keramik der Neuzeit, Markentafel III, Markenkasten Nr. 45, rechte Marke identisch, Pelka beschreibt hier nicht die Einzelmarken, sondern gleichzeitig auch die Marke der Wiener Keramik, siehe auch Seite 210, Herstellerverzeichnis, Gmunden, Vereinigte Wiener und Gmundner Keramik und Gmundner Tonwarenfabrik Schlei\u00df sowie Seite 218, Namenverzeichnis, Gmunden, Vereinigte Wiener und Gmundner Keramik und Gmundner Tonwarenfabrik Schlei\u00df, M 45, weitere Literatur: J. G. Th. Graesse und E. Jaenicke, F\u00fchrer f\u00fcr Sammler von Porzellan und Fayence, Steinzeug, Steingut usw., Seite 721, Marke Nr. 6 identisch, sonst gleiche Markenbeschreibung wie bei Pelka, den Blumenst\u00f6ckelstempel gab es sowohl als Na\u00df- als auch als Trockenstempel, jeweils in unterschiedlichen Varianten (wenn im weiteren Bl\u00fctenstempel steht, dann ist der Bl\u00fctenstempel der Pflanze im botanischem Sinne gemeint), Na\u00dfstempel Variante 1: Bl\u00fctenstempel nicht mit Stempelfarbe ausgef\u00fcllt siehe MEK A\/X\/6, A\/X\/13 sowie A\/X\/15, Variante 2: Bl\u00fctenstempel mit Stempelfarbe ausgef\u00fcllt siehe MEK A\/X\/4 sowie A\/X\/12, Trockenstempel: Variante 1: um den Bl\u00fctenstempel auf 3, 6, 9 und 12 Uhr jeweils ein gepresster Strich siehe MEK A\/X\/7 sowie A\/X\/14, Variante 2: kein Bl\u00fctenstempel, sondern ein Mittelkreuz siehe MEK A\/X\/5, es gibt bisher keinerlei wissenschaftliche Recherche, ob die verschiedenen Stempel einem System unterlagen oder ob sich eine zeitliche Einordnung ergibt, in keiner der o. g. Literatur wird darauf verwiesen, dass die Fabrikmarke in Form dieser 4 verschiedenen Stempel aufgebracht worden ist, insofern sind die vom MEK festgestellten 4 Stempelvarianten nun dokumentiert,<br \/>\ndie K\u00fcnstlerzuordnung ist vorl\u00e4ufig, siehe auch MEK A\/VII\/2, dort VWGK Kanne mit dito Deckelknauf, H\u00f6he 10,5 cm, Breite 12 cm<\/p>\n<p><a href=\"http:\/\/museumek.eu\/wp-content\/uploads\/2011\/08\/Museum-Europ\u00e4ischer-Keramikkunst-Qualit\u00e4tsfotos-173.jpg\"><img loading=\"lazy\" src=\"http:\/\/museumek.eu\/wp-content\/uploads\/2011\/08\/Museum-Europ\u00e4ischer-Keramikkunst-Qualit\u00e4tsfotos-173-300x291.jpg\" alt=\"\" title=\"Museum Europ\u00e4ischer Keramikkunst Qualit\u00e4tsfotos 173\" width=\"300\" height=\"291\" class=\"alignnone size-medium wp-image-942\" srcset=\"http:\/\/museumek.eu\/wp-content\/uploads\/2011\/08\/Museum-Europ\u00e4ischer-Keramikkunst-Qualit\u00e4tsfotos-173-300x291.jpg 300w, http:\/\/museumek.eu\/wp-content\/uploads\/2011\/08\/Museum-Europ\u00e4ischer-Keramikkunst-Qualit\u00e4tsfotos-173-308x300.jpg 308w, http:\/\/museumek.eu\/wp-content\/uploads\/2011\/08\/Museum-Europ\u00e4ischer-Keramikkunst-Qualit\u00e4tsfotos-173.jpg 773w\" sizes=\"(max-width: 300px) 100vw, 300px\" \/><\/a><\/p>\n<p><a href=\"http:\/\/museumek.eu\/wp-content\/uploads\/2011\/08\/Museum-Europ\u00e4ischer-Keramikkunst-6671.jpg\"><img loading=\"lazy\" src=\"http:\/\/museumek.eu\/wp-content\/uploads\/2011\/08\/Museum-Europ\u00e4ischer-Keramikkunst-6671-300x204.jpg\" alt=\"\" title=\"Museum Europ\u00e4ischer Keramikkunst 667\" width=\"300\" height=\"204\" class=\"alignnone size-medium wp-image-944\" srcset=\"http:\/\/museumek.eu\/wp-content\/uploads\/2011\/08\/Museum-Europ\u00e4ischer-Keramikkunst-6671-300x204.jpg 300w, http:\/\/museumek.eu\/wp-content\/uploads\/2011\/08\/Museum-Europ\u00e4ischer-Keramikkunst-6671-439x300.jpg 439w, http:\/\/museumek.eu\/wp-content\/uploads\/2011\/08\/Museum-Europ\u00e4ischer-Keramikkunst-6671.jpg 739w\" sizes=\"(max-width: 300px) 100vw, 300px\" \/><\/a><\/p>\n<p><strong>Abteilung Austria\/Ungarn\/B\u00f6hmen, Keramik 1860 \u2013 1960, Inventarnummer A\/X\/9<\/strong><\/p>\n<p>Gmundner Keramik GES.M.B.H., Austria, Gmunden, um 1920, Schale, K\u00fcnstler Dagobert Peche (attr.), Werksnummer 1073, Exemplar Nr. ohne, gemarkt Firmenmarke Quadrat mit Blumenst\u00f6ckl und GK sowie 1073 gepresst, nicht signiert, Literatur: Waltraud Neuwirth, Wiener Keramik, Seite 486, Marke Nr. 283 identisch (dort als Gummistempelmarke abgebildet), weitere Literatur: Irmgard Gollner, Gmundner Keramik, Kunst aus Ton, Feuer &#038; Farbe, Seite 153, identische Marke abgebildet, sonst gleiche Markenbeschreibung wie bei Neuwirth, weitere Literatur: Irmgard Gollner, Gmundner Keramik, T\u00f6pfertradition einst und jetzt, Seite 86, Markentafeln, identische Marke abgebildet, sonst gleiche Markenbeschreibung wie bei Neuwirth und Gollner, weitere Literatur: Otto Pelka, Keramik der Neuzeit, Markentafel III, Markenkasten Nr. 45, rechte Marke identisch, Pelka beschreibt hier nicht die Einzelmarken, sondern gleichzeitig auch die Marke der Wiener Keramik, siehe auch Seite 210, Herstellerverzeichnis, Gmunden, Vereinigte Wiener und Gmundner Keramik und Gmundner Tonwarenfabrik Schlei\u00df sowie Seite 218, Namenverzeichnis, Gmunden, Vereinigte Wiener und Gmundner Keramik und Gmundner Tonwarenfabrik Schlei\u00df, M 45, weitere Literatur: J. G. Th. Graesse und E. Jaenicke, F\u00fchrer f\u00fcr Sammler von Porzellan und Fayence, Steinzeug, Steingut usw., Seite 721, Marke Nr. 6 identisch, sonst gleiche Markenbeschreibung wie bei Pelka, den Blumenst\u00f6ckelstempel gab es sowohl als Na\u00df- als auch als Trockenstempel, jeweils in unterschiedlichen Varianten (wenn im weiteren Bl\u00fctenstempel steht, dann ist der Bl\u00fctenstempel der Pflanze im botanischem Sinne gemeint), Na\u00dfstempel Variante 1: Bl\u00fctenstempel nicht mit Stempelfarbe ausgef\u00fcllt siehe MEK A\/X\/6, A\/X\/13 sowie A\/X\/15, Variante 2: Bl\u00fctenstempel mit Stempelfarbe ausgef\u00fcllt siehe MEK A\/X\/4 sowie A\/X\/12, Trockenstempel: Variante 1: um den Bl\u00fctenstempel auf 3, 6, 9 und 12 Uhr jeweils ein gepresster Strich siehe MEK A\/X\/7 sowie A\/X\/14, Variante 2: kein Bl\u00fctenstempel, sondern ein Mittelkreuz siehe MEK A\/X\/5, es gibt bisher keinerlei wissenschaftliche Recherche, ob die verschiedenen Stempel einem System unterlagen oder ob sich eine zeitliche Einordnung ergibt, in keiner der o. g. Literatur wird darauf verwiesen, dass die Fabrikmarke in Form dieser 4 verschiedenen Stempel aufgebracht worden ist, insofern sind die vom MEK festgestellten 4 Stempelvarianten nun dokumentiert,<br \/>\ndie K\u00fcnstlerzuordnung ist vorl\u00e4ufig, H\u00f6he 8,5 cm, Breite 26,5 cm<\/p>\n<p><a href=\"http:\/\/museumek.eu\/wp-content\/uploads\/2011\/08\/Museum-Europ\u00e4ischer-Keramikkunst-Qualit\u00e4tsfotos-459.jpg\"><img loading=\"lazy\" src=\"http:\/\/museumek.eu\/wp-content\/uploads\/2011\/08\/Museum-Europ\u00e4ischer-Keramikkunst-Qualit\u00e4tsfotos-459-300x181.jpg\" alt=\"\" title=\"Museum Europ\u00e4ischer Keramikkunst Qualit\u00e4tsfotos 459\" width=\"300\" height=\"181\" class=\"alignnone size-medium wp-image-2378\" srcset=\"http:\/\/museumek.eu\/wp-content\/uploads\/2011\/08\/Museum-Europ\u00e4ischer-Keramikkunst-Qualit\u00e4tsfotos-459-300x181.jpg 300w, http:\/\/museumek.eu\/wp-content\/uploads\/2011\/08\/Museum-Europ\u00e4ischer-Keramikkunst-Qualit\u00e4tsfotos-459-497x300.jpg 497w, http:\/\/museumek.eu\/wp-content\/uploads\/2011\/08\/Museum-Europ\u00e4ischer-Keramikkunst-Qualit\u00e4tsfotos-459.jpg 890w\" sizes=\"(max-width: 300px) 100vw, 300px\" \/><\/a><\/p>\n<p><a href=\"http:\/\/museumek.eu\/wp-content\/uploads\/2011\/08\/Museum-Europ\u00e4ischer-Keramikkunst-Qualit\u00e4tsfotos-458.jpg\"><img loading=\"lazy\" src=\"http:\/\/museumek.eu\/wp-content\/uploads\/2011\/08\/Museum-Europ\u00e4ischer-Keramikkunst-Qualit\u00e4tsfotos-458-300x156.jpg\" alt=\"\" title=\"Museum Europ\u00e4ischer Keramikkunst Qualit\u00e4tsfotos 458\" width=\"300\" height=\"156\" class=\"alignnone size-medium wp-image-2379\" srcset=\"http:\/\/museumek.eu\/wp-content\/uploads\/2011\/08\/Museum-Europ\u00e4ischer-Keramikkunst-Qualit\u00e4tsfotos-458-300x156.jpg 300w, http:\/\/museumek.eu\/wp-content\/uploads\/2011\/08\/Museum-Europ\u00e4ischer-Keramikkunst-Qualit\u00e4tsfotos-458-500x261.jpg 500w, http:\/\/museumek.eu\/wp-content\/uploads\/2011\/08\/Museum-Europ\u00e4ischer-Keramikkunst-Qualit\u00e4tsfotos-458.jpg 881w\" sizes=\"(max-width: 300px) 100vw, 300px\" \/><\/a><\/p>\n<p><a href=\"http:\/\/museumek.eu\/wp-content\/uploads\/2011\/08\/Museum-Europ\u00e4ischer-Keramikkunst-811.jpg\"><img loading=\"lazy\" src=\"http:\/\/museumek.eu\/wp-content\/uploads\/2011\/08\/Museum-Europ\u00e4ischer-Keramikkunst-811-248x300.jpg\" alt=\"\" title=\"Museum Europ\u00e4ischer Keramikkunst 811\" width=\"248\" height=\"300\" class=\"alignnone size-medium wp-image-2380\" srcset=\"http:\/\/museumek.eu\/wp-content\/uploads\/2011\/08\/Museum-Europ\u00e4ischer-Keramikkunst-811-248x300.jpg 248w, http:\/\/museumek.eu\/wp-content\/uploads\/2011\/08\/Museum-Europ\u00e4ischer-Keramikkunst-811.jpg 445w\" sizes=\"(max-width: 248px) 100vw, 248px\" \/><\/a><\/p>\n","protected":false},"excerpt":{"rendered":"<p>Abteilung Austria\/Ungarn\/B\u00f6hmen, Keramik 1860 \u2013 1960, Inventarnummer A\/VII\/1 Vereinigte Wiener und Gmundner Keramik und Tonwarenfabrik Schlei\u00df G.m.b.H. (VWGK), Austria, Gmunden, um 1915, Trichtervase mit aufgelegten floralen Ornamenten, K\u00fcnstler Dagobert Peche, Werksnummer 412, Exemplar Nr. ohne, gemarkt Werkst\u00e4ttenmarke WK Wiener Keramik &hellip; <a href=\"http:\/\/museumek.eu\/?page_id=17460\">Weiterlesen <span class=\"meta-nav\">&rarr;<\/span><\/a><\/p>\n","protected":false},"author":1,"featured_media":0,"parent":1594,"menu_order":1,"comment_status":"closed","ping_status":"open","template":"","meta":[],"_links":{"self":[{"href":"http:\/\/museumek.eu\/index.php?rest_route=\/wp\/v2\/pages\/17460"}],"collection":[{"href":"http:\/\/museumek.eu\/index.php?rest_route=\/wp\/v2\/pages"}],"about":[{"href":"http:\/\/museumek.eu\/index.php?rest_route=\/wp\/v2\/types\/page"}],"author":[{"embeddable":true,"href":"http:\/\/museumek.eu\/index.php?rest_route=\/wp\/v2\/users\/1"}],"replies":[{"embeddable":true,"href":"http:\/\/museumek.eu\/index.php?rest_route=%2Fwp%2Fv2%2Fcomments&post=17460"}],"version-history":[{"count":8,"href":"http:\/\/museumek.eu\/index.php?rest_route=\/wp\/v2\/pages\/17460\/revisions"}],"predecessor-version":[{"id":21653,"href":"http:\/\/museumek.eu\/index.php?rest_route=\/wp\/v2\/pages\/17460\/revisions\/21653"}],"up":[{"embeddable":true,"href":"http:\/\/museumek.eu\/index.php?rest_route=\/wp\/v2\/pages\/1594"}],"wp:attachment":[{"href":"http:\/\/museumek.eu\/index.php?rest_route=%2Fwp%2Fv2%2Fmedia&parent=17460"}],"curies":[{"name":"wp","href":"https:\/\/api.w.org\/{rel}","templated":true}]}}