{"id":17486,"date":"2013-01-20T19:49:19","date_gmt":"2013-01-20T18:49:19","guid":{"rendered":"http:\/\/museumek.eu\/?page_id=17486"},"modified":"2021-05-10T15:33:55","modified_gmt":"2021-05-10T13:33:55","slug":"kurzbiografie-und-inventar-zum-kunstler","status":"publish","type":"page","link":"http:\/\/museumek.eu\/?page_id=17486","title":{"rendered":"Kurzbiografie und Inventar zum K\u00fcnstler"},"content":{"rendered":"<p>Wilhelm S\u00fc\u00df wurde am 30. Juni 1861 in D\u00fcsseldorf geboren. Er starb am 6. Dezember 1933 in Mannheim. S\u00fc\u00df war als Maler, Graphiker und Keramiker t\u00e4tig. Zusammen mit Hans Thoma und Karl Vogel initierte er die Gr\u00fcndung der begr\u00fcndete er die Gro\u00dfherzogliche Majolika-Manufaktur in Karlsruhe. Wilhelm S\u00fcs war der Sohn des Tiermalers Konrad Gustav S\u00fc\u00df. Von 1879 bis 1884 war er Sch\u00fcler der Akademie in D\u00fcsseldorf bei Hugo Crola, Peter Janssen dem \u00c4lteren und Eduard von Gebhardt sowie in Dresden bei Leon Pohle. Um 1891 hatte S\u00fc\u00df, zeitgleich mit den Malern Ernst Tode und August Schl\u00fcter, unmittelbar gegen\u00fcber dem Geb\u00e4ude der D\u00fcsseldorfer Kunstakademie im Eiskellerberg ein Atelier. Nach einem kurzen Aufenthalt in M\u00fcnchen lie\u00df er sich in Frankfurt am Main nieder, heiratete dort 1891 Amalie Ducca, siedelte aber 1893 auf Anregung von Hans Thoma nach Kronberg im Taunus \u00fcber. Hier gr\u00fcndete er 1898 das \u201eKeramische Atelier Kronberg am Taunus\u201c innerhalb der Malerkolonie Kronberg, zusammen mit dem Ingenieur Karl Vogel und dem Porzellanmaler Wilhelm Becker. 1901 erfolgte die Verlegung des Ateliers nach Karlsruhe und die Gr\u00fcndung der \u201eGro\u00dfherzoglichen Majolika Manufaktur\u201c mit privaten Mitteln des Gro\u00dfherzogs, deren k\u00fcnstlerischer und technischer Leiter er wurde. Bekannt wurde er durch die \u201eVergi\u00dfmeinicht Kollektion\u201c die vor allem Schalen umfasste. Von 1914 bis 1917 war er Lehrer an der Kunstgewerbeschule Karlsruhe. 1917 wurde er zum Direktor der Gem\u00e4ldegalerie in Mannheim ernannt und wandte sich wieder mehr der Malerei zu.<\/p>\n<p><strong>Abteilung Deutschland, Keramik 1860 \u2013 1960, Inventarnummer D\/II\/9<\/strong><\/p>\n<p>Gro\u00dfherzogliche Majolika-Manufaktur und Nachf. Gro\u00dfherzogliche Majolika-Manufaktur Kunstkeramische Werkst\u00e4tten und Nachf. Gro\u00dfherzogliche Majolika-Manufaktur Karlsruhe Kunstkeramische Werkst\u00e4tten GmbH und Nachf. Gro\u00dfherzogliche Majolika-Manufaktur AG und Nachf. Staatliche Majolika-Manufaktur AG, Deutschland, Karlsruhe, 1908 &#8211; 1923, Wandrelief Engel musizierend, K\u00fcnstler Wilhelm S\u00fc\u00df, Werks.-Nr. 1023, Exemplar Nr. ohne, gemarkt Firmenmarke Krone des Gro\u00dfherzogs, darunter das badische Wappenschild, darunter zwei miteinander verbundene M (f\u00fcr Majolika-Manufaktur) sowie 1023 gepresst und zweite Firmenmarke Krone des Gro\u00dfherzogs, darunter das badische Wappenschild, darunter zwei miteinander verbundene M (f\u00fcr Majolika-Manufaktur) blau gemalt, N. 1023 und H blau gemalt, nicht signiert, Literatur: Monika Bachmayer und Peter Schmitt, Karlsruher Majolika 1901 bis 2001, Seite 85, Werksverzeichnis dort 1023 aufgef\u00fchrt, dort mit Engel musizierend bezeichnet, dort S\u00fc\u00df zugeordnet, dort Jahresangabe 1908 &#8211; 1923, siehe auch Auktionshaus Neumeister, M\u00fcnchen, Auktion vom 11.11.2004, die Anf\u00e4nge der Manufaktur gehen zur\u00fcck bis auf das Engagement von Hans Thoma um 1895, der dann auch die Firmenmarke entwarf und die Gr\u00fcndung des Ceramischen Atelier Kronberg im Taunus durch Wilhelm S\u00fc\u00df und Karl Vogel um 1900, welches 1901 nach Karlsruhe umzog und damit den Grundstein legte, f\u00fcr die Gro\u00dfherzogliche Manufaktur, deren Bau durch Herzog Friedrich I. 1901 bewilligt und vollzogen wurde, bereits Ende 1901 begann die Manufaktur mit der Produktion, Firmierung Gro\u00dfherzogliche Majolika-Manufaktur, Wilhelm S\u00fc\u00df wurde Direktor und C. F. Otto M\u00fcller in Karlsruhe, \u00fcbernahm den Vertrieb bis 1907 als Generalverteter, 1909 wurde die Manufaktur in einen Neubau auf den herzoglichen Grund im Hardtwald verlegt, zur gleichen Zeit wurden zum Namen der Manufaktur die beiden Worte: Kunstkeramische Werkst\u00e4tten hinzugef\u00fcgt, Firmierung nun Gro\u00dfherzogliche Majolika-Manufaktur Kunstkeramische Werkst\u00e4tten, 1912 wurde die Manufaktur ins Handelsregister eingetragen, am 01. Juli 1919 wurde die Manufaktur an den als Direktor der Manufaktur t\u00e4tigen August Fricke und die beiden Industriellen Hans Duensing und Max Bicheroux verpachtet, am 25. M\u00e4rz 1919 ging die Manufaktur in den Besitz des Badischen Staates \u00fcber, am 01. Januar 1921 wurde die Manufaktur GmbH, Firmierung Gro\u00dfherzogliche Majolika-Manufaktur Karlsruhe Kunstkeramische Werkst\u00e4tten GmbH, am 31. Mai 1922 wurde die Manufaktur AG, Firmierung Gro\u00dfherzogliche Majolika-Manufaktur AG, ungef\u00e4hr zur gleichen Zeit wurden Kunstateliers f\u00fcr Max Laeuger, Ludwig K\u00f6nig und Paul Speck eingerichtet, 1923 wurde eine Abteilung f\u00fcr kirchliche Kunst eingerichtet, 1927 \u00e4nderte sich die Firmierung in Staatliche Majolika-Manufaktur AG, die Manufaktur arbeitet in geringem Ausma\u00df noch heute, H\u00f6he 21,5 cm, Breite 28 cm<\/p>\n<p><a href=\"http:\/\/museumek.eu\/wp-content\/uploads\/2011\/09\/Museum-Europ\u00e4ischer-Keramikkunst-27531.jpg\"><img loading=\"lazy\" src=\"http:\/\/museumek.eu\/wp-content\/uploads\/2011\/09\/Museum-Europ\u00e4ischer-Keramikkunst-27531-300x229.jpg\" alt=\"\" title=\"Museum Europ\u00e4ischer Keramikkunst 2753\" width=\"300\" height=\"229\" class=\"alignnone size-medium wp-image-12397\" srcset=\"http:\/\/museumek.eu\/wp-content\/uploads\/2011\/09\/Museum-Europ\u00e4ischer-Keramikkunst-27531-300x229.jpg 300w, http:\/\/museumek.eu\/wp-content\/uploads\/2011\/09\/Museum-Europ\u00e4ischer-Keramikkunst-27531-392x300.jpg 392w, http:\/\/museumek.eu\/wp-content\/uploads\/2011\/09\/Museum-Europ\u00e4ischer-Keramikkunst-27531.jpg 953w\" sizes=\"(max-width: 300px) 100vw, 300px\" \/><\/a><\/p>\n<p><a href=\"http:\/\/museumek.eu\/wp-content\/uploads\/2011\/09\/Museum-Europ\u00e4ischer-Keramikkunst-988.jpg\"><img loading=\"lazy\" src=\"http:\/\/museumek.eu\/wp-content\/uploads\/2011\/09\/Museum-Europ\u00e4ischer-Keramikkunst-988-274x300.jpg\" alt=\"\" title=\"Museum Europ\u00e4ischer Keramikkunst 988\" width=\"274\" height=\"300\" class=\"alignnone size-medium wp-image-3185\" srcset=\"http:\/\/museumek.eu\/wp-content\/uploads\/2011\/09\/Museum-Europ\u00e4ischer-Keramikkunst-988-274x300.jpg 274w, http:\/\/museumek.eu\/wp-content\/uploads\/2011\/09\/Museum-Europ\u00e4ischer-Keramikkunst-988.jpg 322w\" sizes=\"(max-width: 274px) 100vw, 274px\" \/><\/a><\/p>\n<p><a href=\"http:\/\/museumek.eu\/wp-content\/uploads\/2011\/09\/Museum-Europ\u00e4ischer-Keramikkunst-989.jpg\"><img loading=\"lazy\" src=\"http:\/\/museumek.eu\/wp-content\/uploads\/2011\/09\/Museum-Europ\u00e4ischer-Keramikkunst-989-216x300.jpg\" alt=\"\" title=\"Museum Europ\u00e4ischer Keramikkunst 989\" width=\"216\" height=\"300\" class=\"alignnone size-medium wp-image-3186\" srcset=\"http:\/\/museumek.eu\/wp-content\/uploads\/2011\/09\/Museum-Europ\u00e4ischer-Keramikkunst-989-216x300.jpg 216w, http:\/\/museumek.eu\/wp-content\/uploads\/2011\/09\/Museum-Europ\u00e4ischer-Keramikkunst-989.jpg 273w\" sizes=\"(max-width: 216px) 100vw, 216px\" \/><\/a><\/p>\n<p><a href=\"http:\/\/museumek.eu\/wp-content\/uploads\/2011\/09\/Museum-Europ\u00e4ischer-Keramikkunst-990.jpg\"><img loading=\"lazy\" src=\"http:\/\/museumek.eu\/wp-content\/uploads\/2011\/09\/Museum-Europ\u00e4ischer-Keramikkunst-990.jpg\" alt=\"\" title=\"Museum Europ\u00e4ischer Keramikkunst 990\" width=\"191\" height=\"138\" class=\"alignnone size-full wp-image-3187\" \/><\/a><\/p>\n<p><a href=\"http:\/\/museumek.eu\/wp-content\/uploads\/2011\/09\/Museum-Europ\u00e4ischer-Keramikkunst-991.jpg\"><img loading=\"lazy\" src=\"http:\/\/museumek.eu\/wp-content\/uploads\/2011\/09\/Museum-Europ\u00e4ischer-Keramikkunst-991-206x300.jpg\" alt=\"\" title=\"Museum Europ\u00e4ischer Keramikkunst 991\" width=\"206\" height=\"300\" class=\"alignnone size-medium wp-image-3188\" srcset=\"http:\/\/museumek.eu\/wp-content\/uploads\/2011\/09\/Museum-Europ\u00e4ischer-Keramikkunst-991-206x300.jpg 206w, http:\/\/museumek.eu\/wp-content\/uploads\/2011\/09\/Museum-Europ\u00e4ischer-Keramikkunst-991.jpg 423w\" sizes=\"(max-width: 206px) 100vw, 206px\" \/><\/a><\/p>\n","protected":false},"excerpt":{"rendered":"<p>Wilhelm S\u00fc\u00df wurde am 30. Juni 1861 in D\u00fcsseldorf geboren. Er starb am 6. Dezember 1933 in Mannheim. S\u00fc\u00df war als Maler, Graphiker und Keramiker t\u00e4tig. Zusammen mit Hans Thoma und Karl Vogel initierte er die Gr\u00fcndung der begr\u00fcndete er &hellip; <a href=\"http:\/\/museumek.eu\/?page_id=17486\">Weiterlesen <span class=\"meta-nav\">&rarr;<\/span><\/a><\/p>\n","protected":false},"author":1,"featured_media":0,"parent":3191,"menu_order":1,"comment_status":"closed","ping_status":"open","template":"","meta":[],"_links":{"self":[{"href":"http:\/\/museumek.eu\/index.php?rest_route=\/wp\/v2\/pages\/17486"}],"collection":[{"href":"http:\/\/museumek.eu\/index.php?rest_route=\/wp\/v2\/pages"}],"about":[{"href":"http:\/\/museumek.eu\/index.php?rest_route=\/wp\/v2\/types\/page"}],"author":[{"embeddable":true,"href":"http:\/\/museumek.eu\/index.php?rest_route=\/wp\/v2\/users\/1"}],"replies":[{"embeddable":true,"href":"http:\/\/museumek.eu\/index.php?rest_route=%2Fwp%2Fv2%2Fcomments&post=17486"}],"version-history":[{"count":8,"href":"http:\/\/museumek.eu\/index.php?rest_route=\/wp\/v2\/pages\/17486\/revisions"}],"predecessor-version":[{"id":56817,"href":"http:\/\/museumek.eu\/index.php?rest_route=\/wp\/v2\/pages\/17486\/revisions\/56817"}],"up":[{"embeddable":true,"href":"http:\/\/museumek.eu\/index.php?rest_route=\/wp\/v2\/pages\/3191"}],"wp:attachment":[{"href":"http:\/\/museumek.eu\/index.php?rest_route=%2Fwp%2Fv2%2Fmedia&parent=17486"}],"curies":[{"name":"wp","href":"https:\/\/api.w.org\/{rel}","templated":true}]}}