{"id":17565,"date":"2013-01-22T23:45:28","date_gmt":"2013-01-22T22:45:28","guid":{"rendered":"http:\/\/museumek.eu\/?page_id=17565"},"modified":"2013-07-19T18:14:46","modified_gmt":"2013-07-19T16:14:46","slug":"fotos-und-beschreibung","status":"publish","type":"page","link":"http:\/\/museumek.eu\/?page_id=17565","title":{"rendered":"Fotos und Beschreibung"},"content":{"rendered":"<p><strong>Abteilung Niederlande, Keramik 1860 \u2013 1960, Inventarnummer N\/II\/1<\/strong><\/p>\n<p>Plateelbakkerij Zuid-Holland Egbert Esti\u00e9 &#038; Co. sowie NV Koninklijke Plateelbakkerij Zuid Holland Egbert Esti\u00e9 &#038; Co., Niederlande, Gouda, 1922, Vase Dekor Belona, K\u00fcnstler unbekannt, Werks-Nr. 501 (?), Exemplar Nr. ohne, gemarkt Firmenmarke mit Lazaruspoortje schwarzer Stempel, 3924 (Kunden- oder Bestellnummer), Belona (Dekorname), A (Entwerfersignatur ?), 501 (Modellnummer) sowie Raute (Jahreszeichen f\u00fcr 1922) alles in Gold gemalt, 5 (Marke des Glasierers ?) geritzt, nicht signiert, Literatur: Kreismuseum Zons, Niederl\u00e4ndische Keramik des Jugendstils 1900 \u2013 1925 aus der Sammlung Douma, Seite 5 ff., Beschreibung der Fabrik, Seite 8, Marke Raute gleich Jahreszeichen f\u00fcr Jahr 1922 identisch (Widerspruch Seite 10, dort erw\u00e4hnt, dass die Fabrik erst im Jahr 1930 die Auszeichnung Koninklijk (f\u00fcr k\u00f6niglich) erhielt, dies passt nicht zum Jahreszeichen Raute aber Seite 9, Abbildung b, Firmenmarkung mit Raute, dazu Erkl\u00e4rung: Raute = Jahr 1922),<br \/>\nH\u00f6he 16,5 cm, Breite 17 cm<\/p>\n<p><a href=\"http:\/\/museumek.eu\/wp-content\/uploads\/2011\/09\/Museum-Europ\u00e4ischer-Keramikkunst-9841.jpg\"><img loading=\"lazy\" src=\"http:\/\/museumek.eu\/wp-content\/uploads\/2011\/09\/Museum-Europ\u00e4ischer-Keramikkunst-9841-294x300.jpg\" alt=\"\" title=\"Museum Europ\u00e4ischer Keramikkunst 984\" width=\"294\" height=\"300\" class=\"alignnone size-medium wp-image-3241\" srcset=\"http:\/\/museumek.eu\/wp-content\/uploads\/2011\/09\/Museum-Europ\u00e4ischer-Keramikkunst-9841-294x300.jpg 294w, http:\/\/museumek.eu\/wp-content\/uploads\/2011\/09\/Museum-Europ\u00e4ischer-Keramikkunst-9841.jpg 581w\" sizes=\"(max-width: 294px) 100vw, 294px\" \/><\/a><\/p>\n<p><a href=\"http:\/\/museumek.eu\/wp-content\/uploads\/2011\/09\/Museum-Europ\u00e4ischer-Keramikkunst-9851.jpg\"><img loading=\"lazy\" src=\"http:\/\/museumek.eu\/wp-content\/uploads\/2011\/09\/Museum-Europ\u00e4ischer-Keramikkunst-9851-300x295.jpg\" alt=\"\" title=\"Museum Europ\u00e4ischer Keramikkunst 985\" width=\"300\" height=\"295\" class=\"alignnone size-medium wp-image-3242\" srcset=\"http:\/\/museumek.eu\/wp-content\/uploads\/2011\/09\/Museum-Europ\u00e4ischer-Keramikkunst-9851-300x295.jpg 300w, http:\/\/museumek.eu\/wp-content\/uploads\/2011\/09\/Museum-Europ\u00e4ischer-Keramikkunst-9851-304x300.jpg 304w, http:\/\/museumek.eu\/wp-content\/uploads\/2011\/09\/Museum-Europ\u00e4ischer-Keramikkunst-9851.jpg 673w\" sizes=\"(max-width: 300px) 100vw, 300px\" \/><\/a><\/p>\n<p><strong>Abteilung Niederlande, Keramik 1860 \u2013 1960, Inventarnummer N\/II\/2<\/strong><\/p>\n<p>Plateelbakkerij Zuid-Holland Egbert Esti\u00e9 &#038; Co. sowie NV Koninklijke Plateelbakkerij Zuid Holland Egbert Esti\u00e9 &#038; Co., Niederlande, Gouda, 1918, Vase , K\u00fcnstler unbekannt, Werks-Nr. 55 (Modellnummer ?), Exemplar Nr. ohne, gemarkt Firmenmarke mit Lazaruspoortje, Gouda, Holland, 55, P, stilisiertes B\u00e4umchen (Jahreszeichen 1918), darunter 6 (Herstellungsmonat, hier Juni) alles schwarz gemalt, nicht signiert, Literatur: Kreismuseum Zons, Niederl\u00e4ndische Keramik des Jugendstils 1900 \u2013 1925 aus der Sammlung Douma, Seite 5 ff., Beschreibung der Fabrik, Seite 8, Marke stilisiertes einfaches B\u00e4umchen = Jahreszeichen f\u00fcr Jahr 1918 identisch, Seite 9, Abbildungen a bis d, \u00e4hnliche gemalte Firmenmarkungen, siehe auch Auktionshaus Quittenbaum, 92. Auktion vom 21. Oktober 2010, Jugendstil \u2013 Art D\u00e9co, Lot 753, am Stand bestossener \u00dcbertopf mit \u00e4hnlicher Malerei und H\u00f6he aus dem Jahr 1919,<br \/>\nH\u00f6he 23,5 cm, Breite 14,5 cm<\/p>\n<p><a href=\"http:\/\/museumek.eu\/wp-content\/uploads\/2013\/01\/Museum-Europ\u00e4ischer-Keramikkunst-3996.jpg\"><img loading=\"lazy\" src=\"http:\/\/museumek.eu\/wp-content\/uploads\/2013\/01\/Museum-Europ\u00e4ischer-Keramikkunst-3996-172x300.jpg\" alt=\"\" title=\"Museum Europ\u00e4ischer Keramikkunst 3996\" width=\"172\" height=\"300\" class=\"alignnone size-medium wp-image-17591\" srcset=\"http:\/\/museumek.eu\/wp-content\/uploads\/2013\/01\/Museum-Europ\u00e4ischer-Keramikkunst-3996-172x300.jpg 172w, http:\/\/museumek.eu\/wp-content\/uploads\/2013\/01\/Museum-Europ\u00e4ischer-Keramikkunst-3996.jpg 548w\" sizes=\"(max-width: 172px) 100vw, 172px\" \/><\/a><\/p>\n<p><a href=\"http:\/\/museumek.eu\/wp-content\/uploads\/2013\/01\/Museum-Europ\u00e4ischer-Keramikkunst-3997.jpg\"><img loading=\"lazy\" src=\"http:\/\/museumek.eu\/wp-content\/uploads\/2013\/01\/Museum-Europ\u00e4ischer-Keramikkunst-3997-300x241.jpg\" alt=\"\" title=\"Museum Europ\u00e4ischer Keramikkunst 3997\" width=\"300\" height=\"241\" class=\"alignnone size-medium wp-image-17592\" srcset=\"http:\/\/museumek.eu\/wp-content\/uploads\/2013\/01\/Museum-Europ\u00e4ischer-Keramikkunst-3997-300x241.jpg 300w, http:\/\/museumek.eu\/wp-content\/uploads\/2013\/01\/Museum-Europ\u00e4ischer-Keramikkunst-3997-372x300.jpg 372w, http:\/\/museumek.eu\/wp-content\/uploads\/2013\/01\/Museum-Europ\u00e4ischer-Keramikkunst-3997.jpg 748w\" sizes=\"(max-width: 300px) 100vw, 300px\" \/><\/a><\/p>\n<p><a href=\"http:\/\/museumek.eu\/wp-content\/uploads\/2013\/01\/Zuid-Gouda-Quittenbaum.jpg\"><img loading=\"lazy\" src=\"http:\/\/museumek.eu\/wp-content\/uploads\/2013\/01\/Zuid-Gouda-Quittenbaum-300x118.jpg\" alt=\"\" title=\"Zuid Gouda Quittenbaum\" width=\"300\" height=\"118\" class=\"alignnone size-medium wp-image-17593\" srcset=\"http:\/\/museumek.eu\/wp-content\/uploads\/2013\/01\/Zuid-Gouda-Quittenbaum-300x118.jpg 300w, http:\/\/museumek.eu\/wp-content\/uploads\/2013\/01\/Zuid-Gouda-Quittenbaum-500x196.jpg 500w, http:\/\/museumek.eu\/wp-content\/uploads\/2013\/01\/Zuid-Gouda-Quittenbaum.jpg 597w\" sizes=\"(max-width: 300px) 100vw, 300px\" \/><\/a><\/p>\n","protected":false},"excerpt":{"rendered":"<p>Abteilung Niederlande, Keramik 1860 \u2013 1960, Inventarnummer N\/II\/1 Plateelbakkerij Zuid-Holland Egbert Esti\u00e9 &#038; Co. sowie NV Koninklijke Plateelbakkerij Zuid Holland Egbert Esti\u00e9 &#038; Co., Niederlande, Gouda, 1922, Vase Dekor Belona, K\u00fcnstler unbekannt, Werks-Nr. 501 (?), Exemplar Nr. ohne, gemarkt Firmenmarke &hellip; <a href=\"http:\/\/museumek.eu\/?page_id=17565\">Weiterlesen <span class=\"meta-nav\">&rarr;<\/span><\/a><\/p>\n","protected":false},"author":1,"featured_media":0,"parent":17561,"menu_order":1,"comment_status":"closed","ping_status":"open","template":"","meta":[],"_links":{"self":[{"href":"http:\/\/museumek.eu\/index.php?rest_route=\/wp\/v2\/pages\/17565"}],"collection":[{"href":"http:\/\/museumek.eu\/index.php?rest_route=\/wp\/v2\/pages"}],"about":[{"href":"http:\/\/museumek.eu\/index.php?rest_route=\/wp\/v2\/types\/page"}],"author":[{"embeddable":true,"href":"http:\/\/museumek.eu\/index.php?rest_route=\/wp\/v2\/users\/1"}],"replies":[{"embeddable":true,"href":"http:\/\/museumek.eu\/index.php?rest_route=%2Fwp%2Fv2%2Fcomments&post=17565"}],"version-history":[{"count":7,"href":"http:\/\/museumek.eu\/index.php?rest_route=\/wp\/v2\/pages\/17565\/revisions"}],"predecessor-version":[{"id":59501,"href":"http:\/\/museumek.eu\/index.php?rest_route=\/wp\/v2\/pages\/17565\/revisions\/59501"}],"up":[{"embeddable":true,"href":"http:\/\/museumek.eu\/index.php?rest_route=\/wp\/v2\/pages\/17561"}],"wp:attachment":[{"href":"http:\/\/museumek.eu\/index.php?rest_route=%2Fwp%2Fv2%2Fmedia&parent=17565"}],"curies":[{"name":"wp","href":"https:\/\/api.w.org\/{rel}","templated":true}]}}