{"id":17590,"date":"2013-01-23T00:00:57","date_gmt":"2013-01-22T23:00:57","guid":{"rendered":"http:\/\/museumek.eu\/?page_id=17590"},"modified":"2013-07-19T18:56:10","modified_gmt":"2013-07-19T16:56:10","slug":"nii2","status":"publish","type":"page","link":"http:\/\/museumek.eu\/?page_id=17590","title":{"rendered":"N\/II\/2"},"content":{"rendered":"<p><strong>Abteilung Niederlande, Keramik 1860 \u2013 1960, Inventarnummer N\/II\/2<\/strong><\/p>\n<p>Plateelbakkerij Zuid-Holland Egbert Esti\u00e9 &#038; Co. sowie NV Koninklijke Plateelbakkerij Zuid Holland Egbert Esti\u00e9 &#038; Co., Niederlande, Gouda, 1918, Vase , K\u00fcnstler unbekannt, Werks-Nr. 55 (Modellnummer ?), Exemplar Nr. ohne, gemarkt Firmenmarke mit Lazaruspoortje, Gouda, Holland, 55, P, stilisiertes B\u00e4umchen (Jahreszeichen 1918), darunter 6 (Herstellungsmonat, hier Juni) alles schwarz gemalt, nicht signiert, Literatur: Kreismuseum Zons, Niederl\u00e4ndische Keramik des Jugendstils 1900 \u2013 1925 aus der Sammlung Douma, Seite 5 ff., Beschreibung der Fabrik, Seite 8, Marke stilisiertes einfaches B\u00e4umchen = Jahreszeichen f\u00fcr Jahr 1918 identisch, Seite 9, Abbildungen a bis d, \u00e4hnliche gemalte Firmenmarkungen, siehe auch Auktionshaus Quittenbaum, 92. Auktion vom 21. Oktober 2010, Jugendstil \u2013 Art D\u00e9co, Lot 753, am Stand bestossener \u00dcbertopf mit \u00e4hnlicher Malerei und H\u00f6he aus dem Jahr 1919,<br \/>\nH\u00f6he 23,5 cm, Breite 14,5 cm<\/p>\n<p><a href=\"http:\/\/museumek.eu\/wp-content\/uploads\/2013\/01\/Museum-Europ\u00e4ischer-Keramikkunst-3996.jpg\"><img loading=\"lazy\" src=\"http:\/\/museumek.eu\/wp-content\/uploads\/2013\/01\/Museum-Europ\u00e4ischer-Keramikkunst-3996-172x300.jpg\" alt=\"\" title=\"Museum Europ\u00e4ischer Keramikkunst 3996\" width=\"172\" height=\"300\" class=\"alignnone size-medium wp-image-17591\" srcset=\"http:\/\/museumek.eu\/wp-content\/uploads\/2013\/01\/Museum-Europ\u00e4ischer-Keramikkunst-3996-172x300.jpg 172w, http:\/\/museumek.eu\/wp-content\/uploads\/2013\/01\/Museum-Europ\u00e4ischer-Keramikkunst-3996.jpg 548w\" sizes=\"(max-width: 172px) 100vw, 172px\" \/><\/a><\/p>\n<p><a href=\"http:\/\/museumek.eu\/wp-content\/uploads\/2013\/01\/Museum-Europ\u00e4ischer-Keramikkunst-3997.jpg\"><img loading=\"lazy\" src=\"http:\/\/museumek.eu\/wp-content\/uploads\/2013\/01\/Museum-Europ\u00e4ischer-Keramikkunst-3997-300x241.jpg\" alt=\"\" title=\"Museum Europ\u00e4ischer Keramikkunst 3997\" width=\"300\" height=\"241\" class=\"alignnone size-medium wp-image-17592\" srcset=\"http:\/\/museumek.eu\/wp-content\/uploads\/2013\/01\/Museum-Europ\u00e4ischer-Keramikkunst-3997-300x241.jpg 300w, http:\/\/museumek.eu\/wp-content\/uploads\/2013\/01\/Museum-Europ\u00e4ischer-Keramikkunst-3997-372x300.jpg 372w, http:\/\/museumek.eu\/wp-content\/uploads\/2013\/01\/Museum-Europ\u00e4ischer-Keramikkunst-3997.jpg 748w\" sizes=\"(max-width: 300px) 100vw, 300px\" \/><\/a><\/p>\n<p><a href=\"http:\/\/museumek.eu\/wp-content\/uploads\/2013\/01\/Zuid-Gouda-Quittenbaum.jpg\"><img loading=\"lazy\" src=\"http:\/\/museumek.eu\/wp-content\/uploads\/2013\/01\/Zuid-Gouda-Quittenbaum-300x118.jpg\" alt=\"\" title=\"Zuid Gouda Quittenbaum\" width=\"300\" height=\"118\" class=\"alignnone size-medium wp-image-17593\" srcset=\"http:\/\/museumek.eu\/wp-content\/uploads\/2013\/01\/Zuid-Gouda-Quittenbaum-300x118.jpg 300w, http:\/\/museumek.eu\/wp-content\/uploads\/2013\/01\/Zuid-Gouda-Quittenbaum-500x196.jpg 500w, http:\/\/museumek.eu\/wp-content\/uploads\/2013\/01\/Zuid-Gouda-Quittenbaum.jpg 597w\" sizes=\"(max-width: 300px) 100vw, 300px\" \/><\/a><\/p>\n","protected":false},"excerpt":{"rendered":"<p>Abteilung Niederlande, Keramik 1860 \u2013 1960, Inventarnummer N\/II\/2 Plateelbakkerij Zuid-Holland Egbert Esti\u00e9 &#038; Co. sowie NV Koninklijke Plateelbakkerij Zuid Holland Egbert Esti\u00e9 &#038; Co., Niederlande, Gouda, 1918, Vase , K\u00fcnstler unbekannt, Werks-Nr. 55 (Modellnummer ?), Exemplar Nr. ohne, gemarkt Firmenmarke &hellip; <a href=\"http:\/\/museumek.eu\/?page_id=17590\">Weiterlesen <span class=\"meta-nav\">&rarr;<\/span><\/a><\/p>\n","protected":false},"author":1,"featured_media":0,"parent":3234,"menu_order":2,"comment_status":"closed","ping_status":"open","template":"","meta":[],"_links":{"self":[{"href":"http:\/\/museumek.eu\/index.php?rest_route=\/wp\/v2\/pages\/17590"}],"collection":[{"href":"http:\/\/museumek.eu\/index.php?rest_route=\/wp\/v2\/pages"}],"about":[{"href":"http:\/\/museumek.eu\/index.php?rest_route=\/wp\/v2\/types\/page"}],"author":[{"embeddable":true,"href":"http:\/\/museumek.eu\/index.php?rest_route=\/wp\/v2\/users\/1"}],"replies":[{"embeddable":true,"href":"http:\/\/museumek.eu\/index.php?rest_route=%2Fwp%2Fv2%2Fcomments&post=17590"}],"version-history":[{"count":5,"href":"http:\/\/museumek.eu\/index.php?rest_route=\/wp\/v2\/pages\/17590\/revisions"}],"predecessor-version":[{"id":25344,"href":"http:\/\/museumek.eu\/index.php?rest_route=\/wp\/v2\/pages\/17590\/revisions\/25344"}],"up":[{"embeddable":true,"href":"http:\/\/museumek.eu\/index.php?rest_route=\/wp\/v2\/pages\/3234"}],"wp:attachment":[{"href":"http:\/\/museumek.eu\/index.php?rest_route=%2Fwp%2Fv2%2Fmedia&parent=17590"}],"curies":[{"name":"wp","href":"https:\/\/api.w.org\/{rel}","templated":true}]}}