{"id":17625,"date":"2013-01-24T22:23:46","date_gmt":"2013-01-24T21:23:46","guid":{"rendered":"http:\/\/museumek.eu\/?page_id=17625"},"modified":"2014-05-18T16:12:49","modified_gmt":"2014-05-18T14:12:49","slug":"fotos-und-beschreibung","status":"publish","type":"page","link":"http:\/\/museumek.eu\/?page_id=17625","title":{"rendered":"Fotos und Beschreibung"},"content":{"rendered":"<p><strong>Abteilung Deutschland, Keramik 1860 \u2013 1960, Inventarnummer D\/I\/2<\/strong><\/p>\n<p>Manufaktur Neuhaldensleber Majolika- und Terrakottafabrik Waldemar Stahlknecht (ab 1904, vormals Porzellan-, Steingut,- Majolika- und Terrakottafabrik Hugo Lonitz von 1868 bis 1903), Deutschland, Neuhaldensleben, ab 1904, Schale mit Nymphe, K\u00fcnstler unbekannt, Werks.-Nr. 2299, Exemplar Nr. 13 (?), gemarkt Firmenmarke Kreisstempel mit Stahlknecht gepresst, 13 oder B geritzt, nicht signiert, Literatur: Heinrich Pudor, Dokumente zum Jugendstil, Modernes Kunstgewerbe 1902 -1908, Seiten 148, 149 sowie 152, Abbildung von Figuren, Seite 243, Manufakturbeschreibung,<br \/>\nH\u00f6he 23,5 cm, Breite 35 cm<\/p>\n<p><a href=\"http:\/\/museumek.eu\/wp-content\/uploads\/2011\/08\/Museum-Europ\u00e4ischer-Keramikkunst-Qualit\u00e4tsfotos-273.jpg\"><img loading=\"lazy\" src=\"http:\/\/museumek.eu\/wp-content\/uploads\/2011\/08\/Museum-Europ\u00e4ischer-Keramikkunst-Qualit\u00e4tsfotos-273-300x269.jpg\" alt=\"\" title=\"Museum Europ\u00e4ischer Keramikkunst Qualit\u00e4tsfotos 273\" width=\"300\" height=\"269\" class=\"alignnone size-medium wp-image-1795\" srcset=\"http:\/\/museumek.eu\/wp-content\/uploads\/2011\/08\/Museum-Europ\u00e4ischer-Keramikkunst-Qualit\u00e4tsfotos-273-300x269.jpg 300w, http:\/\/museumek.eu\/wp-content\/uploads\/2011\/08\/Museum-Europ\u00e4ischer-Keramikkunst-Qualit\u00e4tsfotos-273-334x300.jpg 334w, http:\/\/museumek.eu\/wp-content\/uploads\/2011\/08\/Museum-Europ\u00e4ischer-Keramikkunst-Qualit\u00e4tsfotos-273.jpg 792w\" sizes=\"(max-width: 300px) 100vw, 300px\" \/><\/a><\/p>\n<p><a href=\"http:\/\/museumek.eu\/wp-content\/uploads\/2011\/08\/Museum-Europ\u00e4ischer-Keramikkunst-168.jpg\"><img loading=\"lazy\" src=\"http:\/\/museumek.eu\/wp-content\/uploads\/2011\/08\/Museum-Europ\u00e4ischer-Keramikkunst-168-225x300.jpg\" alt=\"\" title=\"Museum Europ\u00e4ischer Keramikkunst 168\" width=\"225\" height=\"300\" class=\"alignnone size-medium wp-image-1796\" srcset=\"http:\/\/museumek.eu\/wp-content\/uploads\/2011\/08\/Museum-Europ\u00e4ischer-Keramikkunst-168-225x300.jpg 225w, http:\/\/museumek.eu\/wp-content\/uploads\/2011\/08\/Museum-Europ\u00e4ischer-Keramikkunst-168.jpg 768w\" sizes=\"(max-width: 225px) 100vw, 225px\" \/><\/a><\/p>\n<p><a href=\"http:\/\/museumek.eu\/wp-content\/uploads\/2011\/08\/Museum-Europ\u00e4ischer-Keramikkunst-169.jpg\"><img loading=\"lazy\" src=\"http:\/\/museumek.eu\/wp-content\/uploads\/2011\/08\/Museum-Europ\u00e4ischer-Keramikkunst-169-300x252.jpg\" alt=\"\" title=\"Museum Europ\u00e4ischer Keramikkunst 169\" width=\"300\" height=\"252\" class=\"alignnone size-medium wp-image-1797\" srcset=\"http:\/\/museumek.eu\/wp-content\/uploads\/2011\/08\/Museum-Europ\u00e4ischer-Keramikkunst-169-300x252.jpg 300w, http:\/\/museumek.eu\/wp-content\/uploads\/2011\/08\/Museum-Europ\u00e4ischer-Keramikkunst-169-356x300.jpg 356w, http:\/\/museumek.eu\/wp-content\/uploads\/2011\/08\/Museum-Europ\u00e4ischer-Keramikkunst-169.jpg 733w\" sizes=\"(max-width: 300px) 100vw, 300px\" \/><\/a><\/p>\n<p><strong>Abteilung Deutschland, Keramik 1860 \u2013 1960, Inventarnummer D\/I\/4<\/strong><\/p>\n<p>Manufaktur Neuhaldensleber Majolika- und Terrakottafabrik Waldemar Stahlknecht (ab 1904, vormals Porzellan-, Steingut,- Majolika- und Terrakottafabrik Hugo Lonitz von 1868 bis 1903), Deutschland, Neuhaldensleben, vor 1912, Wandteller mit Herrenportr\u00e4t, K\u00fcnstler J. Anton (?), Werks.-Nr. ohne, Exemplar Nr. ohne, gemarkt Firmenmarke Kreisstempel mit Stahlknecht gepresst, J. Anton (?) rot gemalt, signiert rechts im Spiegel J. Anton ?, Hand gemalt, r\u00fcckseitig handschriftliche Bleistiftwidmung aus dem Jahre 1912, Literatur: Heinrich Pudor, Dokumente zum Jugendstil, Modernes Kunstgewerbe 1902 -1908, Seite 243, Manufakturbeschreibung, Durchmesser 39,5 cm<\/p>\n<p><a href=\"http:\/\/museumek.eu\/wp-content\/uploads\/2011\/08\/Museum-Europ\u00e4ischer-Keramikkunst-Qualit\u00e4tsfotos-277.jpg\"><img loading=\"lazy\" src=\"http:\/\/museumek.eu\/wp-content\/uploads\/2011\/08\/Museum-Europ\u00e4ischer-Keramikkunst-Qualit\u00e4tsfotos-277-295x300.jpg\" alt=\"\" title=\"Museum Europ\u00e4ischer Keramikkunst Qualit\u00e4tsfotos 277\" width=\"295\" height=\"300\" class=\"alignnone size-medium wp-image-1810\" srcset=\"http:\/\/museumek.eu\/wp-content\/uploads\/2011\/08\/Museum-Europ\u00e4ischer-Keramikkunst-Qualit\u00e4tsfotos-277-295x300.jpg 295w, http:\/\/museumek.eu\/wp-content\/uploads\/2011\/08\/Museum-Europ\u00e4ischer-Keramikkunst-Qualit\u00e4tsfotos-277.jpg 708w\" sizes=\"(max-width: 295px) 100vw, 295px\" \/><\/a><\/p>\n<p><a href=\"http:\/\/museumek.eu\/wp-content\/uploads\/2011\/08\/Stahlknecht-Teller.jpg\"><img loading=\"lazy\" src=\"http:\/\/museumek.eu\/wp-content\/uploads\/2011\/08\/Stahlknecht-Teller.jpg\" alt=\"\" title=\"Stahlknecht Teller\" width=\"153\" height=\"169\" class=\"alignnone size-full wp-image-1811\" \/><\/a><\/p>\n<p><a href=\"http:\/\/museumek.eu\/wp-content\/uploads\/2011\/08\/Stahlknecht-Teller-1.jpg\"><img loading=\"lazy\" src=\"http:\/\/museumek.eu\/wp-content\/uploads\/2011\/08\/Stahlknecht-Teller-1-300x202.jpg\" alt=\"\" title=\"Stahlknecht Teller 1\" width=\"300\" height=\"202\" class=\"alignnone size-medium wp-image-1812\" srcset=\"http:\/\/museumek.eu\/wp-content\/uploads\/2011\/08\/Stahlknecht-Teller-1-300x202.jpg 300w, http:\/\/museumek.eu\/wp-content\/uploads\/2011\/08\/Stahlknecht-Teller-1.jpg 400w\" sizes=\"(max-width: 300px) 100vw, 300px\" \/><\/a><\/p>\n<p><strong>Abteilung Deutschland, Keramik 1860 \u2013 1960, Inventarnummer D\/I\/6<\/strong><\/p>\n<p>Manufaktur Neuhaldensleber Majolika- und Terrakottafabrik Waldemar Stahlknecht (ab 1904, vormals Porzellan-, Steingut,- Majolika- und Terrakottafabrik Hugo Lonitz von 1868 bis 1903), Deutschland, Neuhaldensleben, ab 1904, Jugendstilvase, K\u00fcnstler unbekannt, Werks.-Nr. 2511, Exemplar Nr. ohne, gemarkt Firmenmarke Kreisstempel mit Stahlknecht, 2511 sowie ungedeutetes Zeichen gepresst, nicht signiert, drei organisch entwickelte Henkel im Stile von Peter Behrens, Spermiumk\u00f6pfe (oder Kaulquappenk\u00f6pfe) Gold gemalt, siehe auch MEK D\/I\/7, identische zweite Vase, Literatur: Heinrich Pudor, Dokumente zum Jugendstil, Modernes Kunstgewerbe 1902 -1908, Seite 243, Manufakturbeschreibung, H\u00f6he 26 cm, Breite 15,5 cm<\/p>\n<p><a href=\"http:\/\/museumek.eu\/wp-content\/uploads\/2012\/11\/Museum-Europ\u00e4ischer-Keramikkunst-3550.jpg\"><img loading=\"lazy\" src=\"http:\/\/museumek.eu\/wp-content\/uploads\/2012\/11\/Museum-Europ\u00e4ischer-Keramikkunst-3550-172x300.jpg\" alt=\"\" title=\"Museum Europ\u00e4ischer Keramikkunst 3550\" width=\"172\" height=\"300\" class=\"alignnone size-medium wp-image-16794\" srcset=\"http:\/\/museumek.eu\/wp-content\/uploads\/2012\/11\/Museum-Europ\u00e4ischer-Keramikkunst-3550-172x300.jpg 172w, http:\/\/museumek.eu\/wp-content\/uploads\/2012\/11\/Museum-Europ\u00e4ischer-Keramikkunst-3550.jpg 545w\" sizes=\"(max-width: 172px) 100vw, 172px\" \/><\/a><\/p>\n<p><a href=\"http:\/\/museumek.eu\/wp-content\/uploads\/2012\/11\/Museum-Europ\u00e4ischer-Keramikkunst-3549.jpg\"><img loading=\"lazy\" src=\"http:\/\/museumek.eu\/wp-content\/uploads\/2012\/11\/Museum-Europ\u00e4ischer-Keramikkunst-3549-147x300.jpg\" alt=\"\" title=\"Museum Europ\u00e4ischer Keramikkunst 3549\" width=\"147\" height=\"300\" class=\"alignnone size-medium wp-image-16795\" srcset=\"http:\/\/museumek.eu\/wp-content\/uploads\/2012\/11\/Museum-Europ\u00e4ischer-Keramikkunst-3549-147x300.jpg 147w, http:\/\/museumek.eu\/wp-content\/uploads\/2012\/11\/Museum-Europ\u00e4ischer-Keramikkunst-3549.jpg 438w\" sizes=\"(max-width: 147px) 100vw, 147px\" \/><\/a><\/p>\n<p><a href=\"http:\/\/museumek.eu\/wp-content\/uploads\/2012\/11\/Museum-Europ\u00e4ischer-Keramikkunst-3551.jpg\"><img loading=\"lazy\" src=\"http:\/\/museumek.eu\/wp-content\/uploads\/2012\/11\/Museum-Europ\u00e4ischer-Keramikkunst-3551-300x170.jpg\" alt=\"\" title=\"Museum Europ\u00e4ischer Keramikkunst 3551\" width=\"300\" height=\"170\" class=\"alignnone size-medium wp-image-16796\" srcset=\"http:\/\/museumek.eu\/wp-content\/uploads\/2012\/11\/Museum-Europ\u00e4ischer-Keramikkunst-3551-300x170.jpg 300w, http:\/\/museumek.eu\/wp-content\/uploads\/2012\/11\/Museum-Europ\u00e4ischer-Keramikkunst-3551-500x284.jpg 500w, http:\/\/museumek.eu\/wp-content\/uploads\/2012\/11\/Museum-Europ\u00e4ischer-Keramikkunst-3551.jpg 638w\" sizes=\"(max-width: 300px) 100vw, 300px\" \/><\/a><\/p>\n<p><strong>Abteilung Deutschland, Keramik 1860 \u2013 1960, Inventarnummer D\/I\/7<\/strong><\/p>\n<p>Manufaktur Neuhaldensleber Majolika- und Terrakottafabrik Waldemar Stahlknecht (ab 1904, vormals Porzellan-, Steingut,- Majolika- und Terrakottafabrik Hugo Lonitz von 1868 bis 1903), Deutschland, Neuhaldensleben, ab 1904, Jugendstilvase, K\u00fcnstler unbekannt, Werks.-Nr. 2511, Exemplar Nr. ohne, gemarkt Firmenmarke Kreisstempel mit Stahlknecht, 2511 sowie ungedeutetes Zeichen gepresst, H (?) sowie A mit Bleistift gemalt, nicht signiert, drei organisch entwickelte Henkel im Stile von Peter Behrens, Spermiumk\u00f6pfe (oder Kaulquappenk\u00f6pfe) Gold gemalt, siehe auch MEK D\/I\/6 identische zweite Vase, Literatur: Heinrich Pudor, Dokumente zum Jugendstil, Modernes Kunstgewerbe 1902 -1908, Seite 243, Manufakturbeschreibung,<br \/>\nH\u00f6he 26 cm, Breite 15,5 cm<\/p>\n<p><a href=\"http:\/\/museumek.eu\/wp-content\/uploads\/2012\/11\/Museum-Europ\u00e4ischer-Keramikkunst-3552.jpg\"><img loading=\"lazy\" src=\"http:\/\/museumek.eu\/wp-content\/uploads\/2012\/11\/Museum-Europ\u00e4ischer-Keramikkunst-3552-170x300.jpg\" alt=\"\" title=\"Museum Europ\u00e4ischer Keramikkunst 3552\" width=\"170\" height=\"300\" class=\"alignnone size-medium wp-image-16802\" srcset=\"http:\/\/museumek.eu\/wp-content\/uploads\/2012\/11\/Museum-Europ\u00e4ischer-Keramikkunst-3552-170x300.jpg 170w, http:\/\/museumek.eu\/wp-content\/uploads\/2012\/11\/Museum-Europ\u00e4ischer-Keramikkunst-3552.jpg 534w\" sizes=\"(max-width: 170px) 100vw, 170px\" \/><\/a><\/p>\n<p><a href=\"http:\/\/museumek.eu\/wp-content\/uploads\/2012\/11\/Museum-Europ\u00e4ischer-Keramikkunst-3553.jpg\"><img loading=\"lazy\" src=\"http:\/\/museumek.eu\/wp-content\/uploads\/2012\/11\/Museum-Europ\u00e4ischer-Keramikkunst-3553-156x300.jpg\" alt=\"\" title=\"Museum Europ\u00e4ischer Keramikkunst 3553\" width=\"156\" height=\"300\" class=\"alignnone size-medium wp-image-16803\" srcset=\"http:\/\/museumek.eu\/wp-content\/uploads\/2012\/11\/Museum-Europ\u00e4ischer-Keramikkunst-3553-156x300.jpg 156w, http:\/\/museumek.eu\/wp-content\/uploads\/2012\/11\/Museum-Europ\u00e4ischer-Keramikkunst-3553.jpg 488w\" sizes=\"(max-width: 156px) 100vw, 156px\" \/><\/a><\/p>\n<p><a href=\"http:\/\/museumek.eu\/wp-content\/uploads\/2012\/11\/Museum-Europ\u00e4ischer-Keramikkunst-3554.jpg\"><img loading=\"lazy\" src=\"http:\/\/museumek.eu\/wp-content\/uploads\/2012\/11\/Museum-Europ\u00e4ischer-Keramikkunst-3554-300x233.jpg\" alt=\"\" title=\"Museum Europ\u00e4ischer Keramikkunst 3554\" width=\"300\" height=\"233\" class=\"alignnone size-medium wp-image-16804\" srcset=\"http:\/\/museumek.eu\/wp-content\/uploads\/2012\/11\/Museum-Europ\u00e4ischer-Keramikkunst-3554-300x233.jpg 300w, http:\/\/museumek.eu\/wp-content\/uploads\/2012\/11\/Museum-Europ\u00e4ischer-Keramikkunst-3554-386x300.jpg 386w, http:\/\/museumek.eu\/wp-content\/uploads\/2012\/11\/Museum-Europ\u00e4ischer-Keramikkunst-3554.jpg 570w\" sizes=\"(max-width: 300px) 100vw, 300px\" \/><\/a><\/p>\n<p><a href=\"http:\/\/museumek.eu\/wp-content\/uploads\/2012\/11\/Museum-Europ\u00e4ischer-Keramikkunst-3555.jpg\"><img loading=\"lazy\" src=\"http:\/\/museumek.eu\/wp-content\/uploads\/2012\/11\/Museum-Europ\u00e4ischer-Keramikkunst-3555-300x182.jpg\" alt=\"\" title=\"Museum Europ\u00e4ischer Keramikkunst 3555\" width=\"300\" height=\"182\" class=\"alignnone size-medium wp-image-16805\" srcset=\"http:\/\/museumek.eu\/wp-content\/uploads\/2012\/11\/Museum-Europ\u00e4ischer-Keramikkunst-3555-300x182.jpg 300w, http:\/\/museumek.eu\/wp-content\/uploads\/2012\/11\/Museum-Europ\u00e4ischer-Keramikkunst-3555-493x300.jpg 493w, http:\/\/museumek.eu\/wp-content\/uploads\/2012\/11\/Museum-Europ\u00e4ischer-Keramikkunst-3555.jpg 670w\" sizes=\"(max-width: 300px) 100vw, 300px\" \/><\/a><\/p>\n<p><strong>Abteilung Deutschland, Keramik 1860 \u2013 1960, Inventarnummer D\/I\/8<\/strong><\/p>\n<p>Neuhaldensleber Majolika- und Terrakottafabrik Waldemar Stahlknecht vormals Porzellan-, Steingut,- Majolika- und Terrakottafabrik Hugo Lonitz, Deutschland, Neuhaldensleben, Jugendstilvase, K\u00fcnstler unbekannt, Werks.-Nr. 2465, Exemplar Nr. ohne, gemarkt Firmenmarke mit Stahlknecht in einem Kreis, 2465 sowie zwei nicht lesbare Zahlen gepresst, f geritzt, nicht signiert, Literatur: Heinrich Pudor, Dokumente zum Jugendstil, Modernes Kunstgewerbe 1902 -1908, Seite 243, Fabrikbeschreibung, 1868 Gr\u00fcndung der keramischen Werkstatt Hugo Lonitz in Neuhaldensleben evtl. mit stillen Teilhabern (Marke H. Lonitz in einem Rechteck), ab 1886 Firmierung als Porzellan-, Steingut,- Majolika- und Terrakottafabrik Hugo Lonitz &#038; Co. bis 1904 (ab 1875 Marke zwei gegenst\u00e4ndige Fische in einem Kreis oder einem Oval) gepresst, 1904 \u00dcbergang auf Neuhaldenslebener Majolika- und Terrakottafabrik Waldemar Stahlknecht (Marke Stahlknecht in einem Kreis), H\u00f6he 19 cm, Breite 9,5 cm<\/p>\n<p><a href=\"http:\/\/museumek.eu\/?attachment_id=30593\" rel=\"attachment wp-att-30593\"><img loading=\"lazy\" src=\"http:\/\/museumek.eu\/wp-content\/uploads\/2014\/05\/507-160x300.jpg\" alt=\"\" title=\"507\" width=\"160\" height=\"300\" class=\"alignnone size-medium wp-image-30593\" srcset=\"http:\/\/museumek.eu\/wp-content\/uploads\/2014\/05\/507-160x300.jpg 160w, http:\/\/museumek.eu\/wp-content\/uploads\/2014\/05\/507-80x150.jpg 80w, http:\/\/museumek.eu\/wp-content\/uploads\/2014\/05\/507.jpg 379w\" sizes=\"(max-width: 160px) 100vw, 160px\" \/><\/a><\/p>\n<p><a href=\"http:\/\/museumek.eu\/?attachment_id=30594\" rel=\"attachment wp-att-30594\"><img loading=\"lazy\" src=\"http:\/\/museumek.eu\/wp-content\/uploads\/2014\/05\/508-151x300.jpg\" alt=\"\" title=\"508\" width=\"151\" height=\"300\" class=\"alignnone size-medium wp-image-30594\" srcset=\"http:\/\/museumek.eu\/wp-content\/uploads\/2014\/05\/508-151x300.jpg 151w, http:\/\/museumek.eu\/wp-content\/uploads\/2014\/05\/508-75x150.jpg 75w\" sizes=\"(max-width: 151px) 100vw, 151px\" \/><\/a><\/p>\n<p><a href=\"http:\/\/museumek.eu\/?attachment_id=30595\" rel=\"attachment wp-att-30595\"><img loading=\"lazy\" src=\"http:\/\/museumek.eu\/wp-content\/uploads\/2014\/05\/509-300x222.jpg\" alt=\"\" title=\"509\" width=\"300\" height=\"222\" class=\"alignnone size-medium wp-image-30595\" srcset=\"http:\/\/museumek.eu\/wp-content\/uploads\/2014\/05\/509-300x222.jpg 300w, http:\/\/museumek.eu\/wp-content\/uploads\/2014\/05\/509-150x111.jpg 150w, http:\/\/museumek.eu\/wp-content\/uploads\/2014\/05\/509-404x300.jpg 404w, http:\/\/museumek.eu\/wp-content\/uploads\/2014\/05\/509.jpg 800w\" sizes=\"(max-width: 300px) 100vw, 300px\" \/><\/a><\/p>\n<p><a href=\"http:\/\/museumek.eu\/?attachment_id=30596\" rel=\"attachment wp-att-30596\"><img loading=\"lazy\" src=\"http:\/\/museumek.eu\/wp-content\/uploads\/2014\/05\/510-217x300.jpg\" alt=\"\" title=\"510\" width=\"217\" height=\"300\" class=\"alignnone size-medium wp-image-30596\" srcset=\"http:\/\/museumek.eu\/wp-content\/uploads\/2014\/05\/510-217x300.jpg 217w, http:\/\/museumek.eu\/wp-content\/uploads\/2014\/05\/510-108x150.jpg 108w, http:\/\/museumek.eu\/wp-content\/uploads\/2014\/05\/510.jpg 579w\" sizes=\"(max-width: 217px) 100vw, 217px\" \/><\/a><\/p>\n","protected":false},"excerpt":{"rendered":"<p>Abteilung Deutschland, Keramik 1860 \u2013 1960, Inventarnummer D\/I\/2 Manufaktur Neuhaldensleber Majolika- und Terrakottafabrik Waldemar Stahlknecht (ab 1904, vormals Porzellan-, Steingut,- Majolika- und Terrakottafabrik Hugo Lonitz von 1868 bis 1903), Deutschland, Neuhaldensleben, ab 1904, Schale mit Nymphe, K\u00fcnstler unbekannt, Werks.-Nr. 2299, &hellip; <a href=\"http:\/\/museumek.eu\/?page_id=17625\">Weiterlesen <span class=\"meta-nav\">&rarr;<\/span><\/a><\/p>\n","protected":false},"author":1,"featured_media":0,"parent":17622,"menu_order":1,"comment_status":"closed","ping_status":"open","template":"","meta":[],"_links":{"self":[{"href":"http:\/\/museumek.eu\/index.php?rest_route=\/wp\/v2\/pages\/17625"}],"collection":[{"href":"http:\/\/museumek.eu\/index.php?rest_route=\/wp\/v2\/pages"}],"about":[{"href":"http:\/\/museumek.eu\/index.php?rest_route=\/wp\/v2\/types\/page"}],"author":[{"embeddable":true,"href":"http:\/\/museumek.eu\/index.php?rest_route=\/wp\/v2\/users\/1"}],"replies":[{"embeddable":true,"href":"http:\/\/museumek.eu\/index.php?rest_route=%2Fwp%2Fv2%2Fcomments&post=17625"}],"version-history":[{"count":5,"href":"http:\/\/museumek.eu\/index.php?rest_route=\/wp\/v2\/pages\/17625\/revisions"}],"predecessor-version":[{"id":30605,"href":"http:\/\/museumek.eu\/index.php?rest_route=\/wp\/v2\/pages\/17625\/revisions\/30605"}],"up":[{"embeddable":true,"href":"http:\/\/museumek.eu\/index.php?rest_route=\/wp\/v2\/pages\/17622"}],"wp:attachment":[{"href":"http:\/\/museumek.eu\/index.php?rest_route=%2Fwp%2Fv2%2Fmedia&parent=17625"}],"curies":[{"name":"wp","href":"https:\/\/api.w.org\/{rel}","templated":true}]}}