{"id":17651,"date":"2013-01-24T22:46:29","date_gmt":"2013-01-24T21:46:29","guid":{"rendered":"http:\/\/museumek.eu\/?page_id=17651"},"modified":"2013-01-24T22:48:57","modified_gmt":"2013-01-24T21:48:57","slug":"fotos-und-beschreibung","status":"publish","type":"page","link":"http:\/\/museumek.eu\/?page_id=17651","title":{"rendered":"Fotos und Beschreibung"},"content":{"rendered":"<p><strong>Abteilung Deutschland, Keramik 1860 \u2013 1960, Inventarnummer D\/I\/1<\/strong><\/p>\n<p>Manufaktur Porzellan-, Steingut,- Majolika- und Terrakottafabrik Hugo Lonitz &#038; Co. (von 1868 bis 1903, ab 1904 Neuhaldenslebener Majolika- und Terrakottafabrik Waldemar Stahlknecht), Deutschland, Neuhaldensleben, um 1900, Vase, K\u00fcnstler unbekannt, Werks.-Nr. ohne, Exemplar Nr. ohne, gemarkt runde Firmenmarke mit zwei Fischen gepresst, aussen unglasiert, Schlickermalerei o. Gie\u00dfb\u00fcchsentechnik, innen glasiert, nicht signiert, Literatur: Gustav Wei\u00df, Ullstein Porzellanbuch, Seite 287, Markenverzeichnis, Marke Nr. 2 identisch, weitere Literatur: Heinrich Pudor, Dokumente zum Jugendstil, Modernes Kunstgewerbe 1902 -1908, Seite 243, Manufakturbeschreibung,<br \/>\nH\u00f6he 20 cm, Breite 8,5 cm<\/p>\n<p><a href=\"http:\/\/museumek.eu\/wp-content\/uploads\/2011\/08\/Museum-Europ\u00e4ischer-Keramikkunst-Qualit\u00e4tsfotos-268.jpg\"><img loading=\"lazy\" src=\"http:\/\/museumek.eu\/wp-content\/uploads\/2011\/08\/Museum-Europ\u00e4ischer-Keramikkunst-Qualit\u00e4tsfotos-268-127x300.jpg\" alt=\"\" title=\"Museum Europ\u00e4ischer Keramikkunst Qualit\u00e4tsfotos 268\" width=\"127\" height=\"300\" class=\"alignnone size-medium wp-image-1790\" srcset=\"http:\/\/museumek.eu\/wp-content\/uploads\/2011\/08\/Museum-Europ\u00e4ischer-Keramikkunst-Qualit\u00e4tsfotos-268-127x300.jpg 127w, http:\/\/museumek.eu\/wp-content\/uploads\/2011\/08\/Museum-Europ\u00e4ischer-Keramikkunst-Qualit\u00e4tsfotos-268.jpg 396w\" sizes=\"(max-width: 127px) 100vw, 127px\" \/><\/a><\/p>\n<p><a href=\"http:\/\/museumek.eu\/wp-content\/uploads\/2011\/08\/Museum-Europ\u00e4ischer-Keramikkunst-175.jpg\"><img loading=\"lazy\" src=\"http:\/\/museumek.eu\/wp-content\/uploads\/2011\/08\/Museum-Europ\u00e4ischer-Keramikkunst-175-300x300.jpg\" alt=\"\" title=\"Museum Europ\u00e4ischer Keramikkunst 175\" width=\"300\" height=\"300\" class=\"alignnone size-medium wp-image-1791\" srcset=\"http:\/\/museumek.eu\/wp-content\/uploads\/2011\/08\/Museum-Europ\u00e4ischer-Keramikkunst-175-300x300.jpg 300w, http:\/\/museumek.eu\/wp-content\/uploads\/2011\/08\/Museum-Europ\u00e4ischer-Keramikkunst-175-150x150.jpg 150w, http:\/\/museumek.eu\/wp-content\/uploads\/2011\/08\/Museum-Europ\u00e4ischer-Keramikkunst-175.jpg 538w\" sizes=\"(max-width: 300px) 100vw, 300px\" \/><\/a><\/p>\n<p><strong>Abteilung Deutschland, Keramik 1860 \u2013 1960, Inventarnummer D\/I\/3<\/strong><\/p>\n<p>Manufaktur Porzellan-, Steingut,- Majolika- und Terrakottafabrik Hugo Lonitz &#038; Co. (von 1868 bis 1903, ab 1904 Neuhaldenslebener Majolika- und Terrakottafabrik Waldemar Stahlknecht), Deutschland, Neuhaldensleben, um 1880, Kerzenhalter Putto auf Landschaftssockel, K\u00fcnstler unbekannt, Werks.-Nr. 1221, Exemplar Nr. ohne, gemarkt ovale Firmenmarke mit zwei Fischen sowie 1221 gepresst, nicht signiert, diesen Putto gab es wohl auch mit Schale, siehe Angebot bei Trilogy Antiques zum Preis von 2.395 Dollar, eine Befestigungsm\u00f6glichkeit einer Schale beim MEK Exemplar ist nicht vorhanden, die Oberfl\u00e4che des Kerzenhalters ist sehr uneben, so dass keine Schale gerade aufgesetzt werden k\u00f6nnte, entweder so gewollt oder nicht fertig bearbeitet und die Schale fehlt, Literatur: Gustav Wei\u00df, Ullstein Porzellanbuch, Seite 287, Markenverzeichnis, Marke Nr. 2 identisch, weitere Literatur: Heinrich Pudor, Dokumente zum Jugendstil, Modernes Kunstgewerbe 1902 -1908, Seite 243, Manufakturbeschreibung, H\u00f6he 28 cm, Breite 15 cm<\/p>\n<p><a href=\"http:\/\/museumek.eu\/wp-content\/uploads\/2011\/08\/Museum-Europ\u00e4ischer-Keramikkunst-Qualit\u00e4tsfotos-275.jpg\"><img loading=\"lazy\" src=\"http:\/\/museumek.eu\/wp-content\/uploads\/2011\/08\/Museum-Europ\u00e4ischer-Keramikkunst-Qualit\u00e4tsfotos-275-130x300.jpg\" alt=\"\" title=\"Museum Europ\u00e4ischer Keramikkunst Qualit\u00e4tsfotos 275\" width=\"130\" height=\"300\" class=\"alignnone size-medium wp-image-1801\" srcset=\"http:\/\/museumek.eu\/wp-content\/uploads\/2011\/08\/Museum-Europ\u00e4ischer-Keramikkunst-Qualit\u00e4tsfotos-275-130x300.jpg 130w, http:\/\/museumek.eu\/wp-content\/uploads\/2011\/08\/Museum-Europ\u00e4ischer-Keramikkunst-Qualit\u00e4tsfotos-275.jpg 403w\" sizes=\"(max-width: 130px) 100vw, 130px\" \/><\/a><\/p>\n<p><a href=\"http:\/\/museumek.eu\/wp-content\/uploads\/2011\/08\/Lonitz-Putto.jpg\"><img loading=\"lazy\" src=\"http:\/\/museumek.eu\/wp-content\/uploads\/2011\/08\/Lonitz-Putto.jpg\" alt=\"\" title=\"Lonitz Putto\" width=\"253\" height=\"246\" class=\"alignnone size-full wp-image-1802\" \/><\/a><\/p>\n<p><a href=\"http:\/\/museumek.eu\/wp-content\/uploads\/2011\/08\/Lonitz-Putto1.jpg\"><img loading=\"lazy\" src=\"http:\/\/museumek.eu\/wp-content\/uploads\/2011\/08\/Lonitz-Putto1.jpg\" alt=\"\" title=\"Lonitz Putto1\" width=\"249\" height=\"229\" class=\"alignnone size-full wp-image-1803\" \/><\/a><\/p>\n<p><a href=\"http:\/\/museumek.eu\/wp-content\/uploads\/2011\/08\/Lonitz-Putto-3.jpg\"><img loading=\"lazy\" src=\"http:\/\/museumek.eu\/wp-content\/uploads\/2011\/08\/Lonitz-Putto-3-300x207.jpg\" alt=\"\" title=\"Lonitz Putto 3\" width=\"300\" height=\"207\" class=\"alignnone size-medium wp-image-1804\" srcset=\"http:\/\/museumek.eu\/wp-content\/uploads\/2011\/08\/Lonitz-Putto-3-300x207.jpg 300w, http:\/\/museumek.eu\/wp-content\/uploads\/2011\/08\/Lonitz-Putto-3-434x300.jpg 434w, http:\/\/museumek.eu\/wp-content\/uploads\/2011\/08\/Lonitz-Putto-3.jpg 556w\" sizes=\"(max-width: 300px) 100vw, 300px\" \/><\/a><\/p>\n<p><strong>Abteilung Deutschland, Keramik 1860 \u2013 1960, Inventarnummer D\/I\/5<\/strong><\/p>\n<p>Manufaktur Porzellan-, Steingut,- Majolika- und Terrakottafabrik Hugo Lonitz &#038; Co. (von 1868 bis 1903, ab 1904 Neuhaldenslebener Majolika- und Terrakottafabrik Waldemar Stahlknecht), Deutschland, Neuhaldensleben, um 1880, Prunkschale mit Putti, K\u00fcnstler unbekannt, Werks.-Nr. 1427, Exemplar Nr. ohne, gemarkt ovale Firmenmarke mit zwei Fischen sowie 1427 gepresst, rot gemalte ungedeutete Zeichen, nicht signiert, Literatur: Gustav Wei\u00df, Ullstein Porzellanbuch, Seite 287, Markenverzeichnis, Marke Nr. 2 identisch, weitere Literatur: Heinrich Pudor, Dokumente zum Jugendstil, Modernes Kunstgewerbe 1902 -1908, Seite 243, Manufakturbeschreibung, siehe auch Auktionshaus Heritage Auctions, USA, Texas, Auktionsnummer 69041 vom Mai\/2010, siehe auch Prunkschale mit Engeln Auktionshaus Christie\u2019s, Auktionsnummer 8559 vom 02.09.1999,<br \/>\nH\u00f6he 21 cm, Breite 33 cm<\/p>\n<p><a href=\"http:\/\/museumek.eu\/wp-content\/uploads\/2011\/12\/Museum-Europ\u00e4ischer-Keramikkunst-1447.jpg\"><img loading=\"lazy\" src=\"http:\/\/museumek.eu\/wp-content\/uploads\/2011\/12\/Museum-Europ\u00e4ischer-Keramikkunst-1447-300x294.jpg\" alt=\"\" title=\"Museum Europ\u00e4ischer Keramikkunst 1447\" width=\"300\" height=\"294\" class=\"alignnone size-medium wp-image-7219\" srcset=\"http:\/\/museumek.eu\/wp-content\/uploads\/2011\/12\/Museum-Europ\u00e4ischer-Keramikkunst-1447-300x294.jpg 300w, http:\/\/museumek.eu\/wp-content\/uploads\/2011\/12\/Museum-Europ\u00e4ischer-Keramikkunst-1447-305x300.jpg 305w, http:\/\/museumek.eu\/wp-content\/uploads\/2011\/12\/Museum-Europ\u00e4ischer-Keramikkunst-1447.jpg 751w\" sizes=\"(max-width: 300px) 100vw, 300px\" \/><\/a><\/p>\n<p><a href=\"http:\/\/museumek.eu\/wp-content\/uploads\/2011\/12\/Museum-Europ\u00e4ischer-Keramikkunst-1449.jpg\"><img loading=\"lazy\" src=\"http:\/\/museumek.eu\/wp-content\/uploads\/2011\/12\/Museum-Europ\u00e4ischer-Keramikkunst-1449-197x300.jpg\" alt=\"\" title=\"Museum Europ\u00e4ischer Keramikkunst 1449\" width=\"197\" height=\"300\" class=\"alignnone size-medium wp-image-7220\" srcset=\"http:\/\/museumek.eu\/wp-content\/uploads\/2011\/12\/Museum-Europ\u00e4ischer-Keramikkunst-1449-197x300.jpg 197w, http:\/\/museumek.eu\/wp-content\/uploads\/2011\/12\/Museum-Europ\u00e4ischer-Keramikkunst-1449.jpg 575w\" sizes=\"(max-width: 197px) 100vw, 197px\" \/><\/a><\/p>\n<p><a href=\"http:\/\/museumek.eu\/wp-content\/uploads\/2011\/12\/Museum-Europ\u00e4ischer-Keramikkunst-1448.jpg\"><img loading=\"lazy\" src=\"http:\/\/museumek.eu\/wp-content\/uploads\/2011\/12\/Museum-Europ\u00e4ischer-Keramikkunst-1448-199x300.jpg\" alt=\"\" title=\"Museum Europ\u00e4ischer Keramikkunst 1448\" width=\"199\" height=\"300\" class=\"alignnone size-medium wp-image-7221\" srcset=\"http:\/\/museumek.eu\/wp-content\/uploads\/2011\/12\/Museum-Europ\u00e4ischer-Keramikkunst-1448-199x300.jpg 199w, http:\/\/museumek.eu\/wp-content\/uploads\/2011\/12\/Museum-Europ\u00e4ischer-Keramikkunst-1448.jpg 311w\" sizes=\"(max-width: 199px) 100vw, 199px\" \/><\/a><\/p>\n<p><a href=\"http:\/\/museumek.eu\/wp-content\/uploads\/2011\/12\/Lonitz1.jpg\"><img loading=\"lazy\" src=\"http:\/\/museumek.eu\/wp-content\/uploads\/2011\/12\/Lonitz1-202x300.jpg\" alt=\"\" title=\"Lonitz\" width=\"202\" height=\"300\" class=\"alignnone size-medium wp-image-7224\" srcset=\"http:\/\/museumek.eu\/wp-content\/uploads\/2011\/12\/Lonitz1-202x300.jpg 202w, http:\/\/museumek.eu\/wp-content\/uploads\/2011\/12\/Lonitz1.jpg 501w\" sizes=\"(max-width: 202px) 100vw, 202px\" \/><\/a><\/p>\n<p><a href=\"http:\/\/museumek.eu\/wp-content\/uploads\/2011\/12\/Hugo-Lonitz-Schale-bei-Christies.jpg\"><img loading=\"lazy\" src=\"http:\/\/museumek.eu\/wp-content\/uploads\/2011\/12\/Hugo-Lonitz-Schale-bei-Christies-300x194.jpg\" alt=\"\" title=\"Hugo Lonitz Schale bei Christies\" width=\"300\" height=\"194\" class=\"alignnone size-medium wp-image-7222\" srcset=\"http:\/\/museumek.eu\/wp-content\/uploads\/2011\/12\/Hugo-Lonitz-Schale-bei-Christies-300x194.jpg 300w, http:\/\/museumek.eu\/wp-content\/uploads\/2011\/12\/Hugo-Lonitz-Schale-bei-Christies-1024x662.jpg 1024w, http:\/\/museumek.eu\/wp-content\/uploads\/2011\/12\/Hugo-Lonitz-Schale-bei-Christies-463x300.jpg 463w, http:\/\/museumek.eu\/wp-content\/uploads\/2011\/12\/Hugo-Lonitz-Schale-bei-Christies.jpg 1154w\" sizes=\"(max-width: 300px) 100vw, 300px\" \/><\/a><\/p>\n","protected":false},"excerpt":{"rendered":"<p>Abteilung Deutschland, Keramik 1860 \u2013 1960, Inventarnummer D\/I\/1 Manufaktur Porzellan-, Steingut,- Majolika- und Terrakottafabrik Hugo Lonitz &#038; Co. (von 1868 bis 1903, ab 1904 Neuhaldenslebener Majolika- und Terrakottafabrik Waldemar Stahlknecht), Deutschland, Neuhaldensleben, um 1900, Vase, K\u00fcnstler unbekannt, Werks.-Nr. ohne, Exemplar &hellip; <a href=\"http:\/\/museumek.eu\/?page_id=17651\">Weiterlesen <span class=\"meta-nav\">&rarr;<\/span><\/a><\/p>\n","protected":false},"author":1,"featured_media":0,"parent":17648,"menu_order":1,"comment_status":"closed","ping_status":"open","template":"","meta":[],"_links":{"self":[{"href":"http:\/\/museumek.eu\/index.php?rest_route=\/wp\/v2\/pages\/17651"}],"collection":[{"href":"http:\/\/museumek.eu\/index.php?rest_route=\/wp\/v2\/pages"}],"about":[{"href":"http:\/\/museumek.eu\/index.php?rest_route=\/wp\/v2\/types\/page"}],"author":[{"embeddable":true,"href":"http:\/\/museumek.eu\/index.php?rest_route=\/wp\/v2\/users\/1"}],"replies":[{"embeddable":true,"href":"http:\/\/museumek.eu\/index.php?rest_route=%2Fwp%2Fv2%2Fcomments&post=17651"}],"version-history":[{"count":4,"href":"http:\/\/museumek.eu\/index.php?rest_route=\/wp\/v2\/pages\/17651\/revisions"}],"predecessor-version":[{"id":17655,"href":"http:\/\/museumek.eu\/index.php?rest_route=\/wp\/v2\/pages\/17651\/revisions\/17655"}],"up":[{"embeddable":true,"href":"http:\/\/museumek.eu\/index.php?rest_route=\/wp\/v2\/pages\/17648"}],"wp:attachment":[{"href":"http:\/\/museumek.eu\/index.php?rest_route=%2Fwp%2Fv2%2Fmedia&parent=17651"}],"curies":[{"name":"wp","href":"https:\/\/api.w.org\/{rel}","templated":true}]}}