{"id":17708,"date":"2013-01-30T22:55:42","date_gmt":"2013-01-30T21:55:42","guid":{"rendered":"http:\/\/museumek.eu\/?page_id=17708"},"modified":"2013-01-30T22:55:42","modified_gmt":"2013-01-30T21:55:42","slug":"ai102","status":"publish","type":"page","link":"http:\/\/museumek.eu\/?page_id=17708","title":{"rendered":"A\/I\/102"},"content":{"rendered":"<p><strong>Abteilung Austria\/Ungarn\/B\u00f6hmen, Keramik 1860 &#8211; 1960, Inventarnummer A\/I\/102<\/strong><\/p>\n<p>Manufaktur Friedrich Goldscheider, Austria, Wien, um 1892, Schale Halbnackte Nymphe auf muschelartiger Meeresschnecke, K\u00fcnstler Georges-Charles Coudray (attr.),<br \/>\nWerks.-Nr. 681\/Exemplar Nr. 1\/Modelleur Nr. 10, gemarkt Goldscheider Wien, P, Reproduction Reservee, 681, 1 sowie 10 gepresst, nicht signiert, Literatur: Robert E. Dechant\/Filipp Goldscheider, Goldscheider Firmengeschichte und Werkverzeichnis, Seite 297, dort unter Werks.-Nr. 681 eine 35 cm hohe Keramik mit der Titelbezeichnung Plateau \u201ePlaisirs de P\u00e9che\u201c (Freude beim Fischen) erfasst, sinnbildlich k\u00f6nnte die MEK Schale zu dem Titel im erotischen Sinne passen, dass der Fischer sich freut, weil er auf halbnackte Meeeresnymphen trifft, was eher nicht passt, ist die Bezeichnung Plateau f\u00fcr die muschelartige Meeresschnecke und die H\u00f6he von 35 cm, insofern ordnet das MEK die Keramik als eine \u00dcberscheidung in der Werks.-Nr. Vergabe der Wiener Produktion und der Pariser Produktion ein (mit Beginn der Pariser Produktion wurden dort eigene Werks.-Nr. vergeben, siehe auch o. g. Literatur Seite 288, dort so beschrieben), deshalb ist davon auszugehen, dass es sich bei der MEK Schale nicht um das unter Werks.-Nr. 681 beschriebene Plateau handelt, insofern ist die MEK Figur in o. g. Werksverzeichnis noch nicht erfasst, die K\u00fcnstlerzuschreibung erfolgt unter Vorbehalt, die Werks-Nr. 682 stellt eine Nymphe am Brunnen dar, die von Coudray entworfen worden ist, deshalb ist es nahe liegend, dass die MEK Schale vom gleichen K\u00fcnstler entworfen worden ist, Ausf\u00fchrung als roter Keramikscherben, H\u00f6he 15 cm, Breite 22 cm<\/p>\n<p><a href=\"http:\/\/museumek.eu\/wp-content\/uploads\/2013\/01\/Museum-Europ\u00e4ischer-Keramikkunst-4039.jpg\"><img loading=\"lazy\" src=\"http:\/\/museumek.eu\/wp-content\/uploads\/2013\/01\/Museum-Europ\u00e4ischer-Keramikkunst-4039-300x247.jpg\" alt=\"\" title=\"Museum Europ\u00e4ischer Keramikkunst 4039\" width=\"300\" height=\"247\" class=\"alignnone size-medium wp-image-17709\" srcset=\"http:\/\/museumek.eu\/wp-content\/uploads\/2013\/01\/Museum-Europ\u00e4ischer-Keramikkunst-4039-300x247.jpg 300w, http:\/\/museumek.eu\/wp-content\/uploads\/2013\/01\/Museum-Europ\u00e4ischer-Keramikkunst-4039-363x300.jpg 363w, http:\/\/museumek.eu\/wp-content\/uploads\/2013\/01\/Museum-Europ\u00e4ischer-Keramikkunst-4039.jpg 828w\" sizes=\"(max-width: 300px) 100vw, 300px\" \/><\/a><\/p>\n<p><a href=\"http:\/\/museumek.eu\/wp-content\/uploads\/2013\/01\/Museum-Europ\u00e4ischer-Keramikkunst-4043.jpg\"><img loading=\"lazy\" src=\"http:\/\/museumek.eu\/wp-content\/uploads\/2013\/01\/Museum-Europ\u00e4ischer-Keramikkunst-4043-300x290.jpg\" alt=\"\" title=\"Museum Europ\u00e4ischer Keramikkunst 4043\" width=\"300\" height=\"290\" class=\"alignnone size-medium wp-image-17710\" srcset=\"http:\/\/museumek.eu\/wp-content\/uploads\/2013\/01\/Museum-Europ\u00e4ischer-Keramikkunst-4043-300x290.jpg 300w, http:\/\/museumek.eu\/wp-content\/uploads\/2013\/01\/Museum-Europ\u00e4ischer-Keramikkunst-4043-309x300.jpg 309w, http:\/\/museumek.eu\/wp-content\/uploads\/2013\/01\/Museum-Europ\u00e4ischer-Keramikkunst-4043.jpg 708w\" sizes=\"(max-width: 300px) 100vw, 300px\" \/><\/a><\/p>\n<p><a href=\"http:\/\/museumek.eu\/wp-content\/uploads\/2013\/01\/Museum-Europ\u00e4ischer-Keramikkunst-4046.jpg\"><img loading=\"lazy\" src=\"http:\/\/museumek.eu\/wp-content\/uploads\/2013\/01\/Museum-Europ\u00e4ischer-Keramikkunst-4046-271x300.jpg\" alt=\"\" title=\"Museum Europ\u00e4ischer Keramikkunst 4046\" width=\"271\" height=\"300\" class=\"alignnone size-medium wp-image-17711\" srcset=\"http:\/\/museumek.eu\/wp-content\/uploads\/2013\/01\/Museum-Europ\u00e4ischer-Keramikkunst-4046-271x300.jpg 271w, http:\/\/museumek.eu\/wp-content\/uploads\/2013\/01\/Museum-Europ\u00e4ischer-Keramikkunst-4046.jpg 620w\" sizes=\"(max-width: 271px) 100vw, 271px\" \/><\/a><\/p>\n<p><a href=\"http:\/\/museumek.eu\/wp-content\/uploads\/2013\/01\/Museum-Europ\u00e4ischer-Keramikkunst-4047.jpg\"><img loading=\"lazy\" src=\"http:\/\/museumek.eu\/wp-content\/uploads\/2013\/01\/Museum-Europ\u00e4ischer-Keramikkunst-4047-274x300.jpg\" alt=\"\" title=\"Museum Europ\u00e4ischer Keramikkunst 4047\" width=\"274\" height=\"300\" class=\"alignnone size-medium wp-image-17712\" srcset=\"http:\/\/museumek.eu\/wp-content\/uploads\/2013\/01\/Museum-Europ\u00e4ischer-Keramikkunst-4047-274x300.jpg 274w, http:\/\/museumek.eu\/wp-content\/uploads\/2013\/01\/Museum-Europ\u00e4ischer-Keramikkunst-4047.jpg 547w\" sizes=\"(max-width: 274px) 100vw, 274px\" \/><\/a><\/p>\n<p><a href=\"http:\/\/museumek.eu\/wp-content\/uploads\/2013\/01\/Museum-Europ\u00e4ischer-Keramikkunst-4049.jpg\"><img loading=\"lazy\" src=\"http:\/\/museumek.eu\/wp-content\/uploads\/2013\/01\/Museum-Europ\u00e4ischer-Keramikkunst-4049-300x224.jpg\" alt=\"\" title=\"Museum Europ\u00e4ischer Keramikkunst 4049\" width=\"300\" height=\"224\" class=\"alignnone size-medium wp-image-17713\" srcset=\"http:\/\/museumek.eu\/wp-content\/uploads\/2013\/01\/Museum-Europ\u00e4ischer-Keramikkunst-4049-300x224.jpg 300w, http:\/\/museumek.eu\/wp-content\/uploads\/2013\/01\/Museum-Europ\u00e4ischer-Keramikkunst-4049-401x300.jpg 401w, http:\/\/museumek.eu\/wp-content\/uploads\/2013\/01\/Museum-Europ\u00e4ischer-Keramikkunst-4049.jpg 861w\" sizes=\"(max-width: 300px) 100vw, 300px\" \/><\/a><\/p>\n<p><a href=\"http:\/\/museumek.eu\/wp-content\/uploads\/2013\/01\/Museum-Europ\u00e4ischer-Keramikkunst-4050.jpg\"><img loading=\"lazy\" src=\"http:\/\/museumek.eu\/wp-content\/uploads\/2013\/01\/Museum-Europ\u00e4ischer-Keramikkunst-4050-300x271.jpg\" alt=\"\" title=\"Museum Europ\u00e4ischer Keramikkunst 4050\" width=\"300\" height=\"271\" class=\"alignnone size-medium wp-image-17714\" srcset=\"http:\/\/museumek.eu\/wp-content\/uploads\/2013\/01\/Museum-Europ\u00e4ischer-Keramikkunst-4050-300x271.jpg 300w, http:\/\/museumek.eu\/wp-content\/uploads\/2013\/01\/Museum-Europ\u00e4ischer-Keramikkunst-4050-331x300.jpg 331w, http:\/\/museumek.eu\/wp-content\/uploads\/2013\/01\/Museum-Europ\u00e4ischer-Keramikkunst-4050.jpg 749w\" sizes=\"(max-width: 300px) 100vw, 300px\" \/><\/a><\/p>\n","protected":false},"excerpt":{"rendered":"<p>Abteilung Austria\/Ungarn\/B\u00f6hmen, Keramik 1860 &#8211; 1960, Inventarnummer A\/I\/102 Manufaktur Friedrich Goldscheider, Austria, Wien, um 1892, Schale Halbnackte Nymphe auf muschelartiger Meeresschnecke, K\u00fcnstler Georges-Charles Coudray (attr.), Werks.-Nr. 681\/Exemplar Nr. 1\/Modelleur Nr. 10, gemarkt Goldscheider Wien, P, Reproduction Reservee, 681, 1 sowie &hellip; <a href=\"http:\/\/museumek.eu\/?page_id=17708\">Weiterlesen <span class=\"meta-nav\">&rarr;<\/span><\/a><\/p>\n","protected":false},"author":1,"featured_media":0,"parent":17344,"menu_order":102,"comment_status":"closed","ping_status":"open","template":"","meta":[],"_links":{"self":[{"href":"http:\/\/museumek.eu\/index.php?rest_route=\/wp\/v2\/pages\/17708"}],"collection":[{"href":"http:\/\/museumek.eu\/index.php?rest_route=\/wp\/v2\/pages"}],"about":[{"href":"http:\/\/museumek.eu\/index.php?rest_route=\/wp\/v2\/types\/page"}],"author":[{"embeddable":true,"href":"http:\/\/museumek.eu\/index.php?rest_route=\/wp\/v2\/users\/1"}],"replies":[{"embeddable":true,"href":"http:\/\/museumek.eu\/index.php?rest_route=%2Fwp%2Fv2%2Fcomments&post=17708"}],"version-history":[{"count":2,"href":"http:\/\/museumek.eu\/index.php?rest_route=\/wp\/v2\/pages\/17708\/revisions"}],"predecessor-version":[{"id":17716,"href":"http:\/\/museumek.eu\/index.php?rest_route=\/wp\/v2\/pages\/17708\/revisions\/17716"}],"up":[{"embeddable":true,"href":"http:\/\/museumek.eu\/index.php?rest_route=\/wp\/v2\/pages\/17344"}],"wp:attachment":[{"href":"http:\/\/museumek.eu\/index.php?rest_route=%2Fwp%2Fv2%2Fmedia&parent=17708"}],"curies":[{"name":"wp","href":"https:\/\/api.w.org\/{rel}","templated":true}]}}