{"id":1776,"date":"2011-08-19T17:01:11","date_gmt":"2011-08-19T15:01:11","guid":{"rendered":"http:\/\/museumek.eu\/?page_id=1776"},"modified":"2012-10-06T20:43:32","modified_gmt":"2012-10-06T18:43:32","slug":"dai1","status":"publish","type":"page","link":"http:\/\/museumek.eu\/?page_id=1776","title":{"rendered":"D\u00e4\/I\/1"},"content":{"rendered":"<p><strong>Abteilung D\u00e4nemark, Keramik 1860 \u2013 1960, Inventarnummer D\u00e4\/I\/1<\/strong><\/p>\n<p>Manufaktur P. Ipsens Enke KGL. Hof Terracottafabrik, D\u00e4nemark, Kopenhagen, 1918 &#8211; 1955, Schale mit Kammmolch, K\u00fcnstler unbekannt, Werks.-Nr. 229 (?), Exemplar Nr. ohne, gemarkt Krone PIE, 229, X, sowie Denmark gepresst, 2 gr\u00fcn gestempelt, x schwarz gemalt, nicht signiert, Literatur: Kathrine J\u00f6ergensen, P. Ipsens Enke KGL. Hof Terracottafabrik, Seite 255, Markenbeschreibung, die Marke P. Ipsens Enke mit Krone wurde in der Zeit von 1918 bis 1955 verwendet, Enke d\u00e4nisch = Witwe,<br \/>\nDurchmesser 13,7 cm<\/p>\n<p><a href=\"http:\/\/museumek.eu\/wp-content\/uploads\/2011\/08\/Museum-Europ\u00e4ischer-Keramikkunst-Qualit\u00e4tsfotos-267.jpg\"><img loading=\"lazy\" src=\"http:\/\/museumek.eu\/wp-content\/uploads\/2011\/08\/Museum-Europ\u00e4ischer-Keramikkunst-Qualit\u00e4tsfotos-267-300x197.jpg\" alt=\"\" title=\"Museum Europ\u00e4ischer Keramikkunst Qualit\u00e4tsfotos 267\" width=\"300\" height=\"197\" class=\"alignnone size-medium wp-image-1777\" srcset=\"http:\/\/museumek.eu\/wp-content\/uploads\/2011\/08\/Museum-Europ\u00e4ischer-Keramikkunst-Qualit\u00e4tsfotos-267-300x197.jpg 300w, http:\/\/museumek.eu\/wp-content\/uploads\/2011\/08\/Museum-Europ\u00e4ischer-Keramikkunst-Qualit\u00e4tsfotos-267-454x300.jpg 454w, http:\/\/museumek.eu\/wp-content\/uploads\/2011\/08\/Museum-Europ\u00e4ischer-Keramikkunst-Qualit\u00e4tsfotos-267.jpg 825w\" sizes=\"(max-width: 300px) 100vw, 300px\" \/><\/a><\/p>\n<p><a href=\"http:\/\/museumek.eu\/wp-content\/uploads\/2011\/08\/Kammolch.jpg\"><img loading=\"lazy\" src=\"http:\/\/museumek.eu\/wp-content\/uploads\/2011\/08\/Kammolch-220x300.jpg\" alt=\"\" title=\"Kammolch\" width=\"220\" height=\"300\" class=\"alignnone size-medium wp-image-1778\" srcset=\"http:\/\/museumek.eu\/wp-content\/uploads\/2011\/08\/Kammolch-220x300.jpg 220w, http:\/\/museumek.eu\/wp-content\/uploads\/2011\/08\/Kammolch.jpg 276w\" sizes=\"(max-width: 220px) 100vw, 220px\" \/><\/a><\/p>\n","protected":false},"excerpt":{"rendered":"<p>Abteilung D\u00e4nemark, Keramik 1860 \u2013 1960, Inventarnummer D\u00e4\/I\/1 Manufaktur P. Ipsens Enke KGL. Hof Terracottafabrik, D\u00e4nemark, Kopenhagen, 1918 &#8211; 1955, Schale mit Kammmolch, K\u00fcnstler unbekannt, Werks.-Nr. 229 (?), Exemplar Nr. ohne, gemarkt Krone PIE, 229, X, sowie Denmark gepresst, 2 &hellip; <a href=\"http:\/\/museumek.eu\/?page_id=1776\">Weiterlesen <span class=\"meta-nav\">&rarr;<\/span><\/a><\/p>\n","protected":false},"author":1,"featured_media":0,"parent":1773,"menu_order":1,"comment_status":"closed","ping_status":"closed","template":"","meta":[],"_links":{"self":[{"href":"http:\/\/museumek.eu\/index.php?rest_route=\/wp\/v2\/pages\/1776"}],"collection":[{"href":"http:\/\/museumek.eu\/index.php?rest_route=\/wp\/v2\/pages"}],"about":[{"href":"http:\/\/museumek.eu\/index.php?rest_route=\/wp\/v2\/types\/page"}],"author":[{"embeddable":true,"href":"http:\/\/museumek.eu\/index.php?rest_route=\/wp\/v2\/users\/1"}],"replies":[{"embeddable":true,"href":"http:\/\/museumek.eu\/index.php?rest_route=%2Fwp%2Fv2%2Fcomments&post=1776"}],"version-history":[{"count":4,"href":"http:\/\/museumek.eu\/index.php?rest_route=\/wp\/v2\/pages\/1776\/revisions"}],"predecessor-version":[{"id":14898,"href":"http:\/\/museumek.eu\/index.php?rest_route=\/wp\/v2\/pages\/1776\/revisions\/14898"}],"up":[{"embeddable":true,"href":"http:\/\/museumek.eu\/index.php?rest_route=\/wp\/v2\/pages\/1773"}],"wp:attachment":[{"href":"http:\/\/museumek.eu\/index.php?rest_route=%2Fwp%2Fv2%2Fmedia&parent=1776"}],"curies":[{"name":"wp","href":"https:\/\/api.w.org\/{rel}","templated":true}]}}