{"id":1789,"date":"2011-08-19T17:10:55","date_gmt":"2011-08-19T15:10:55","guid":{"rendered":"http:\/\/museumek.eu\/?page_id=1789"},"modified":"2013-06-04T18:37:20","modified_gmt":"2013-06-04T16:37:20","slug":"di1","status":"publish","type":"page","link":"http:\/\/museumek.eu\/?page_id=1789","title":{"rendered":"D\/I\/1"},"content":{"rendered":"<p><strong>Abteilung Deutschland, Keramik 1860 \u2013 1960, Inventarnummer D\/I\/1<\/strong><\/p>\n<p>Porzellan-, Steingut,- Majolika- und Terrakottafabrik Hugo Lonitz &#038; Co. und Nachf. Neuhaldenslebener Majolika- und Terrakottafabrik Waldemar Stahlknecht, Deutschland, Neuhaldensleben, vor 1900, Vase, K\u00fcnstler unbekannt, Werks.-Nr. ohne, Exemplar Nr. ohne, gemarkt Firmenmarke zwei gegenst\u00e4ndige Fische in einem Kreis gepresst, nicht signiert, Literatur: Gustav Wei\u00df, Ullstein Porzellanbuch, Seite 287, Marke Nr. 2 identisch, weitere Literatur: Heinrich Pudor, Dokumente zum Jugendstil, Modernes Kunstgewerbe 1902 -1908, Seite 243, Fabrikbeschreibung, 1868 Gr\u00fcndung der keramischen Werkstatt Hugo Lonitz in Neuhaldensleben evtl. mit stillen Teilhabern (Marke H. Lonitz in einem Rechteck), ab 1886 Firmierung als Porzellan-, Steingut,- Majolika- und Terrakottafabrik Hugo Lonitz &#038; Co. bis 1904 (ab 1875 Marke zwei gegenst\u00e4ndige Fische in einem Kreis oder einem Oval) gepresst , dann \u00dcbergang auf Neuhaldenslebener Majolika- und Terrakottafabrik Waldemar Stahlknecht (Marke Stahlknecht in einem Kreis), Hugo Lonitz stand 1893 oder 1895 auch mit Reinhold Hanke in H\u00f6hr in Kontakt, siehe Foto mit Brief, aussen unglasiert, innen glasiert, Schlickermalerei o. Gie\u00dfb\u00fcchsentechnik, H\u00f6he 20 cm, Breite 8,5 cm<\/p>\n<p><a href=\"http:\/\/museumek.eu\/wp-content\/uploads\/2011\/08\/Museum-Europ\u00e4ischer-Keramikkunst-Qualit\u00e4tsfotos-268.jpg\"><img loading=\"lazy\" src=\"http:\/\/museumek.eu\/wp-content\/uploads\/2011\/08\/Museum-Europ\u00e4ischer-Keramikkunst-Qualit\u00e4tsfotos-268-127x300.jpg\" alt=\"\" title=\"Museum Europ\u00e4ischer Keramikkunst Qualit\u00e4tsfotos 268\" width=\"127\" height=\"300\" class=\"alignnone size-medium wp-image-1790\" srcset=\"http:\/\/museumek.eu\/wp-content\/uploads\/2011\/08\/Museum-Europ\u00e4ischer-Keramikkunst-Qualit\u00e4tsfotos-268-127x300.jpg 127w, http:\/\/museumek.eu\/wp-content\/uploads\/2011\/08\/Museum-Europ\u00e4ischer-Keramikkunst-Qualit\u00e4tsfotos-268.jpg 396w\" sizes=\"(max-width: 127px) 100vw, 127px\" \/><\/a><\/p>\n<p><a href=\"http:\/\/museumek.eu\/wp-content\/uploads\/2011\/08\/Museum-Europ\u00e4ischer-Keramikkunst-175.jpg\"><img loading=\"lazy\" src=\"http:\/\/museumek.eu\/wp-content\/uploads\/2011\/08\/Museum-Europ\u00e4ischer-Keramikkunst-175-300x300.jpg\" alt=\"\" title=\"Museum Europ\u00e4ischer Keramikkunst 175\" width=\"300\" height=\"300\" class=\"alignnone size-medium wp-image-1791\" srcset=\"http:\/\/museumek.eu\/wp-content\/uploads\/2011\/08\/Museum-Europ\u00e4ischer-Keramikkunst-175-300x300.jpg 300w, http:\/\/museumek.eu\/wp-content\/uploads\/2011\/08\/Museum-Europ\u00e4ischer-Keramikkunst-175-150x150.jpg 150w, http:\/\/museumek.eu\/wp-content\/uploads\/2011\/08\/Museum-Europ\u00e4ischer-Keramikkunst-175.jpg 538w\" sizes=\"(max-width: 300px) 100vw, 300px\" \/><\/a><\/p>\n<p><a href=\"http:\/\/museumek.eu\/?attachment_id=23261\" rel=\"attachment wp-att-23261\"><img loading=\"lazy\" src=\"http:\/\/museumek.eu\/wp-content\/uploads\/2011\/08\/Brief-Hugo-Lonitz-an-Reinhold-Hanke-300x283.jpg\" alt=\"\" title=\"Brief Hugo Lonitz an Reinhold Hanke\" width=\"300\" height=\"283\" class=\"alignnone size-medium wp-image-23261\" srcset=\"http:\/\/museumek.eu\/wp-content\/uploads\/2011\/08\/Brief-Hugo-Lonitz-an-Reinhold-Hanke-300x283.jpg 300w, http:\/\/museumek.eu\/wp-content\/uploads\/2011\/08\/Brief-Hugo-Lonitz-an-Reinhold-Hanke-150x141.jpg 150w, http:\/\/museumek.eu\/wp-content\/uploads\/2011\/08\/Brief-Hugo-Lonitz-an-Reinhold-Hanke-317x300.jpg 317w, http:\/\/museumek.eu\/wp-content\/uploads\/2011\/08\/Brief-Hugo-Lonitz-an-Reinhold-Hanke.jpg 894w\" sizes=\"(max-width: 300px) 100vw, 300px\" \/><\/a><\/p>\n","protected":false},"excerpt":{"rendered":"<p>Abteilung Deutschland, Keramik 1860 \u2013 1960, Inventarnummer D\/I\/1 Porzellan-, Steingut,- Majolika- und Terrakottafabrik Hugo Lonitz &#038; Co. und Nachf. Neuhaldenslebener Majolika- und Terrakottafabrik Waldemar Stahlknecht, Deutschland, Neuhaldensleben, vor 1900, Vase, K\u00fcnstler unbekannt, Werks.-Nr. ohne, Exemplar Nr. ohne, gemarkt Firmenmarke zwei &hellip; <a href=\"http:\/\/museumek.eu\/?page_id=1789\">Weiterlesen <span class=\"meta-nav\">&rarr;<\/span><\/a><\/p>\n","protected":false},"author":1,"featured_media":0,"parent":1786,"menu_order":1,"comment_status":"closed","ping_status":"closed","template":"","meta":[],"_links":{"self":[{"href":"http:\/\/museumek.eu\/index.php?rest_route=\/wp\/v2\/pages\/1789"}],"collection":[{"href":"http:\/\/museumek.eu\/index.php?rest_route=\/wp\/v2\/pages"}],"about":[{"href":"http:\/\/museumek.eu\/index.php?rest_route=\/wp\/v2\/types\/page"}],"author":[{"embeddable":true,"href":"http:\/\/museumek.eu\/index.php?rest_route=\/wp\/v2\/users\/1"}],"replies":[{"embeddable":true,"href":"http:\/\/museumek.eu\/index.php?rest_route=%2Fwp%2Fv2%2Fcomments&post=1789"}],"version-history":[{"count":12,"href":"http:\/\/museumek.eu\/index.php?rest_route=\/wp\/v2\/pages\/1789\/revisions"}],"predecessor-version":[{"id":23263,"href":"http:\/\/museumek.eu\/index.php?rest_route=\/wp\/v2\/pages\/1789\/revisions\/23263"}],"up":[{"embeddable":true,"href":"http:\/\/museumek.eu\/index.php?rest_route=\/wp\/v2\/pages\/1786"}],"wp:attachment":[{"href":"http:\/\/museumek.eu\/index.php?rest_route=%2Fwp%2Fv2%2Fmedia&parent=1789"}],"curies":[{"name":"wp","href":"https:\/\/api.w.org\/{rel}","templated":true}]}}