{"id":1794,"date":"2011-08-19T17:18:02","date_gmt":"2011-08-19T15:18:02","guid":{"rendered":"http:\/\/museumek.eu\/?page_id=1794"},"modified":"2013-06-04T18:38:22","modified_gmt":"2013-06-04T16:38:22","slug":"di2","status":"publish","type":"page","link":"http:\/\/museumek.eu\/?page_id=1794","title":{"rendered":"D\/I\/2"},"content":{"rendered":"<p><strong>Abteilung Deutschland, Keramik 1860 \u2013 1960, Inventarnummer D\/I\/2<\/strong><\/p>\n<p>Neuhaldensleber Majolika- und Terrakottafabrik Waldemar Stahlknecht, vormals Porzellan-, Steingut,- Majolika- und Terrakottafabrik Hugo Lonitz , Deutschland, Neuhaldensleben, Schale mit Nymphe, K\u00fcnstler unbekannt, Werks.-Nr. 2299, Exemplar Nr. 13 (?), gemarkt Firmenmarke mit Stahlknecht in einem Kreis gepresst, 13 oder B geritzt, nicht signiert, Literatur: Heinrich Pudor, Dokumente zum Jugendstil, Modernes Kunstgewerbe 1902 -1908, Seiten 148, 149 sowie 152, Abbildung von Figuren, Seite 243, Fabrikbeschreibung, 1868 Gr\u00fcndung der keramischen Werkstatt Hugo Lonitz in Neuhaldensleben evtl. mit stillen Teilhabern (Marke H. Lonitz in einem Rechteck), ab 1886 Firmierung als Porzellan-, Steingut,- Majolika- und Terrakottafabrik Hugo Lonitz &#038; Co. bis 1904 (ab 1875 Marke zwei gegenst\u00e4ndige Fische in einem Kreis oder einem Oval) gepresst, 1904 \u00dcbergang auf Neuhaldenslebener Majolika- und Terrakottafabrik Waldemar Stahlknecht (Marke Stahlknecht in einem Kreis), H\u00f6he 23,5 cm, Breite 35 cm<\/p>\n<p><a href=\"http:\/\/museumek.eu\/wp-content\/uploads\/2011\/08\/Museum-Europ\u00e4ischer-Keramikkunst-Qualit\u00e4tsfotos-273.jpg\"><img loading=\"lazy\" src=\"http:\/\/museumek.eu\/wp-content\/uploads\/2011\/08\/Museum-Europ\u00e4ischer-Keramikkunst-Qualit\u00e4tsfotos-273-300x269.jpg\" alt=\"\" title=\"Museum Europ\u00e4ischer Keramikkunst Qualit\u00e4tsfotos 273\" width=\"300\" height=\"269\" class=\"alignnone size-medium wp-image-1795\" srcset=\"http:\/\/museumek.eu\/wp-content\/uploads\/2011\/08\/Museum-Europ\u00e4ischer-Keramikkunst-Qualit\u00e4tsfotos-273-300x269.jpg 300w, http:\/\/museumek.eu\/wp-content\/uploads\/2011\/08\/Museum-Europ\u00e4ischer-Keramikkunst-Qualit\u00e4tsfotos-273-334x300.jpg 334w, http:\/\/museumek.eu\/wp-content\/uploads\/2011\/08\/Museum-Europ\u00e4ischer-Keramikkunst-Qualit\u00e4tsfotos-273.jpg 792w\" sizes=\"(max-width: 300px) 100vw, 300px\" \/><\/a><\/p>\n<p><a href=\"http:\/\/museumek.eu\/wp-content\/uploads\/2011\/08\/Museum-Europ\u00e4ischer-Keramikkunst-168.jpg\"><img loading=\"lazy\" src=\"http:\/\/museumek.eu\/wp-content\/uploads\/2011\/08\/Museum-Europ\u00e4ischer-Keramikkunst-168-225x300.jpg\" alt=\"\" title=\"Museum Europ\u00e4ischer Keramikkunst 168\" width=\"225\" height=\"300\" class=\"alignnone size-medium wp-image-1796\" srcset=\"http:\/\/museumek.eu\/wp-content\/uploads\/2011\/08\/Museum-Europ\u00e4ischer-Keramikkunst-168-225x300.jpg 225w, http:\/\/museumek.eu\/wp-content\/uploads\/2011\/08\/Museum-Europ\u00e4ischer-Keramikkunst-168.jpg 768w\" sizes=\"(max-width: 225px) 100vw, 225px\" \/><\/a><\/p>\n<p><a href=\"http:\/\/museumek.eu\/wp-content\/uploads\/2011\/08\/Museum-Europ\u00e4ischer-Keramikkunst-169.jpg\"><img loading=\"lazy\" src=\"http:\/\/museumek.eu\/wp-content\/uploads\/2011\/08\/Museum-Europ\u00e4ischer-Keramikkunst-169-300x252.jpg\" alt=\"\" title=\"Museum Europ\u00e4ischer Keramikkunst 169\" width=\"300\" height=\"252\" class=\"alignnone size-medium wp-image-1797\" srcset=\"http:\/\/museumek.eu\/wp-content\/uploads\/2011\/08\/Museum-Europ\u00e4ischer-Keramikkunst-169-300x252.jpg 300w, http:\/\/museumek.eu\/wp-content\/uploads\/2011\/08\/Museum-Europ\u00e4ischer-Keramikkunst-169-356x300.jpg 356w, http:\/\/museumek.eu\/wp-content\/uploads\/2011\/08\/Museum-Europ\u00e4ischer-Keramikkunst-169.jpg 733w\" sizes=\"(max-width: 300px) 100vw, 300px\" \/><\/a><\/p>\n","protected":false},"excerpt":{"rendered":"<p>Abteilung Deutschland, Keramik 1860 \u2013 1960, Inventarnummer D\/I\/2 Neuhaldensleber Majolika- und Terrakottafabrik Waldemar Stahlknecht, vormals Porzellan-, Steingut,- Majolika- und Terrakottafabrik Hugo Lonitz , Deutschland, Neuhaldensleben, Schale mit Nymphe, K\u00fcnstler unbekannt, Werks.-Nr. 2299, Exemplar Nr. 13 (?), gemarkt Firmenmarke mit Stahlknecht &hellip; <a href=\"http:\/\/museumek.eu\/?page_id=1794\">Weiterlesen <span class=\"meta-nav\">&rarr;<\/span><\/a><\/p>\n","protected":false},"author":1,"featured_media":0,"parent":1786,"menu_order":2,"comment_status":"closed","ping_status":"closed","template":"","meta":[],"_links":{"self":[{"href":"http:\/\/museumek.eu\/index.php?rest_route=\/wp\/v2\/pages\/1794"}],"collection":[{"href":"http:\/\/museumek.eu\/index.php?rest_route=\/wp\/v2\/pages"}],"about":[{"href":"http:\/\/museumek.eu\/index.php?rest_route=\/wp\/v2\/types\/page"}],"author":[{"embeddable":true,"href":"http:\/\/museumek.eu\/index.php?rest_route=\/wp\/v2\/users\/1"}],"replies":[{"embeddable":true,"href":"http:\/\/museumek.eu\/index.php?rest_route=%2Fwp%2Fv2%2Fcomments&post=1794"}],"version-history":[{"count":11,"href":"http:\/\/museumek.eu\/index.php?rest_route=\/wp\/v2\/pages\/1794\/revisions"}],"predecessor-version":[{"id":23264,"href":"http:\/\/museumek.eu\/index.php?rest_route=\/wp\/v2\/pages\/1794\/revisions\/23264"}],"up":[{"embeddable":true,"href":"http:\/\/museumek.eu\/index.php?rest_route=\/wp\/v2\/pages\/1786"}],"wp:attachment":[{"href":"http:\/\/museumek.eu\/index.php?rest_route=%2Fwp%2Fv2%2Fmedia&parent=1794"}],"curies":[{"name":"wp","href":"https:\/\/api.w.org\/{rel}","templated":true}]}}