{"id":1800,"date":"2011-08-19T17:44:51","date_gmt":"2011-08-19T15:44:51","guid":{"rendered":"http:\/\/museumek.eu\/?page_id=1800"},"modified":"2013-06-04T18:40:34","modified_gmt":"2013-06-04T16:40:34","slug":"di3","status":"publish","type":"page","link":"http:\/\/museumek.eu\/?page_id=1800","title":{"rendered":"D\/I\/3"},"content":{"rendered":"<p><strong>Abteilung Deutschland, Keramik 1860 \u2013 1960, Inventarnummer D\/I\/3<\/strong><\/p>\n<p>Porzellan-, Steingut,- Majolika- und Terrakottafabrik Hugo Lonitz &#038; Co. und Nachf. Neuhaldenslebener Majolika- und Terrakottafabrik Waldemar Stahlknecht, Deutschland, Neuhaldensleben, um 1890, Kerzenhalter Putto auf Landschaftssockel, K\u00fcnstler unbekannt, Werks.-Nr. 1221, Exemplar Nr. ohne, gemarkt Firmenmarke zwei gegenst\u00e4ndige Fische in einem Oval sowie 1221 gepresst, nicht signiert, Literatur: Gustav Wei\u00df, Ullstein Porzellanbuch, Seite 287, Marke Nr. 2 identisch (dort als Kreis statt Oval), weitere Literatur: Heinrich Pudor, Dokumente zum Jugendstil, Modernes Kunstgewerbe 1902 -1908, Seite 243, Fabrikbeschreibung, 1868 Gr\u00fcndung der keramischen Werkstatt Hugo Lonitz in Neuhaldensleben evtl. mit stillen Teilhabern (Marke H. Lonitz in einem Rechteck), ab 1886 Firmierung als Porzellan-, Steingut,- Majolika- und Terrakottafabrik Hugo Lonitz &#038; Co. bis 1904 (ab 1875 Marke zwei gegenst\u00e4ndige Fische in einem Kreis oder einem Oval) gepresst , dann \u00dcbergang auf Neuhaldenslebener Majolika- und Terrakottafabrik Waldemar Stahlknecht (Marke Stahlknecht in einem Kreis), Hugo Lonitz stand 1893 oder 1895 auch mit Reinhold Hanke in H\u00f6hr in Kontakt, siehe Foto mit Brief, diesen Putto gab es wohl auch mit Schale, siehe Angebot bei Trilogy Antiques zum Preis von 2.395 Dollar, eine Befestigungsm\u00f6glichkeit einer Schale beim MEK Exemplar ist nicht vorhanden, die Oberfl\u00e4che des Kerzenhalters ist sehr uneben, so dass keine Schale gerade aufgesetzt werden k\u00f6nnte, entweder so gewollt oder nicht fertig bearbeitet und die Schale fehlt, H\u00f6he 28 cm, Breite 15 cm<\/p>\n<p><a href=\"http:\/\/museumek.eu\/wp-content\/uploads\/2011\/08\/Museum-Europ\u00e4ischer-Keramikkunst-Qualit\u00e4tsfotos-275.jpg\"><img loading=\"lazy\" src=\"http:\/\/museumek.eu\/wp-content\/uploads\/2011\/08\/Museum-Europ\u00e4ischer-Keramikkunst-Qualit\u00e4tsfotos-275-130x300.jpg\" alt=\"\" title=\"Museum Europ\u00e4ischer Keramikkunst Qualit\u00e4tsfotos 275\" width=\"130\" height=\"300\" class=\"alignnone size-medium wp-image-1801\" srcset=\"http:\/\/museumek.eu\/wp-content\/uploads\/2011\/08\/Museum-Europ\u00e4ischer-Keramikkunst-Qualit\u00e4tsfotos-275-130x300.jpg 130w, http:\/\/museumek.eu\/wp-content\/uploads\/2011\/08\/Museum-Europ\u00e4ischer-Keramikkunst-Qualit\u00e4tsfotos-275.jpg 403w\" sizes=\"(max-width: 130px) 100vw, 130px\" \/><\/a><\/p>\n<p><a href=\"http:\/\/museumek.eu\/wp-content\/uploads\/2011\/08\/Lonitz-Putto.jpg\"><img loading=\"lazy\" src=\"http:\/\/museumek.eu\/wp-content\/uploads\/2011\/08\/Lonitz-Putto.jpg\" alt=\"\" title=\"Lonitz Putto\" width=\"253\" height=\"246\" class=\"alignnone size-full wp-image-1802\" \/><\/a><\/p>\n<p><a href=\"http:\/\/museumek.eu\/wp-content\/uploads\/2011\/08\/Lonitz-Putto1.jpg\"><img loading=\"lazy\" src=\"http:\/\/museumek.eu\/wp-content\/uploads\/2011\/08\/Lonitz-Putto1.jpg\" alt=\"\" title=\"Lonitz Putto1\" width=\"249\" height=\"229\" class=\"alignnone size-full wp-image-1803\" \/><\/a><\/p>\n<p><a href=\"http:\/\/museumek.eu\/wp-content\/uploads\/2011\/08\/Lonitz-Putto-3.jpg\"><img loading=\"lazy\" src=\"http:\/\/museumek.eu\/wp-content\/uploads\/2011\/08\/Lonitz-Putto-3-300x207.jpg\" alt=\"\" title=\"Lonitz Putto 3\" width=\"300\" height=\"207\" class=\"alignnone size-medium wp-image-1804\" srcset=\"http:\/\/museumek.eu\/wp-content\/uploads\/2011\/08\/Lonitz-Putto-3-300x207.jpg 300w, http:\/\/museumek.eu\/wp-content\/uploads\/2011\/08\/Lonitz-Putto-3-434x300.jpg 434w, http:\/\/museumek.eu\/wp-content\/uploads\/2011\/08\/Lonitz-Putto-3.jpg 556w\" sizes=\"(max-width: 300px) 100vw, 300px\" \/><\/a><\/p>\n<p><a href=\"http:\/\/museumek.eu\/?attachment_id=23265\" rel=\"attachment wp-att-23265\"><img loading=\"lazy\" src=\"http:\/\/museumek.eu\/wp-content\/uploads\/2011\/08\/Brief-Hugo-Lonitz-an-Reinhold-Hanke1-300x283.jpg\" alt=\"\" title=\"Brief Hugo Lonitz an Reinhold Hanke\" width=\"300\" height=\"283\" class=\"alignnone size-medium wp-image-23265\" srcset=\"http:\/\/museumek.eu\/wp-content\/uploads\/2011\/08\/Brief-Hugo-Lonitz-an-Reinhold-Hanke1-300x283.jpg 300w, http:\/\/museumek.eu\/wp-content\/uploads\/2011\/08\/Brief-Hugo-Lonitz-an-Reinhold-Hanke1-150x141.jpg 150w, http:\/\/museumek.eu\/wp-content\/uploads\/2011\/08\/Brief-Hugo-Lonitz-an-Reinhold-Hanke1-317x300.jpg 317w, http:\/\/museumek.eu\/wp-content\/uploads\/2011\/08\/Brief-Hugo-Lonitz-an-Reinhold-Hanke1.jpg 894w\" sizes=\"(max-width: 300px) 100vw, 300px\" \/><\/a><\/p>\n","protected":false},"excerpt":{"rendered":"<p>Abteilung Deutschland, Keramik 1860 \u2013 1960, Inventarnummer D\/I\/3 Porzellan-, Steingut,- Majolika- und Terrakottafabrik Hugo Lonitz &#038; Co. und Nachf. Neuhaldenslebener Majolika- und Terrakottafabrik Waldemar Stahlknecht, Deutschland, Neuhaldensleben, um 1890, Kerzenhalter Putto auf Landschaftssockel, K\u00fcnstler unbekannt, Werks.-Nr. 1221, Exemplar Nr. ohne, &hellip; <a href=\"http:\/\/museumek.eu\/?page_id=1800\">Weiterlesen <span class=\"meta-nav\">&rarr;<\/span><\/a><\/p>\n","protected":false},"author":1,"featured_media":0,"parent":1786,"menu_order":3,"comment_status":"closed","ping_status":"closed","template":"","meta":[],"_links":{"self":[{"href":"http:\/\/museumek.eu\/index.php?rest_route=\/wp\/v2\/pages\/1800"}],"collection":[{"href":"http:\/\/museumek.eu\/index.php?rest_route=\/wp\/v2\/pages"}],"about":[{"href":"http:\/\/museumek.eu\/index.php?rest_route=\/wp\/v2\/types\/page"}],"author":[{"embeddable":true,"href":"http:\/\/museumek.eu\/index.php?rest_route=\/wp\/v2\/users\/1"}],"replies":[{"embeddable":true,"href":"http:\/\/museumek.eu\/index.php?rest_route=%2Fwp%2Fv2%2Fcomments&post=1800"}],"version-history":[{"count":12,"href":"http:\/\/museumek.eu\/index.php?rest_route=\/wp\/v2\/pages\/1800\/revisions"}],"predecessor-version":[{"id":23267,"href":"http:\/\/museumek.eu\/index.php?rest_route=\/wp\/v2\/pages\/1800\/revisions\/23267"}],"up":[{"embeddable":true,"href":"http:\/\/museumek.eu\/index.php?rest_route=\/wp\/v2\/pages\/1786"}],"wp:attachment":[{"href":"http:\/\/museumek.eu\/index.php?rest_route=%2Fwp%2Fv2%2Fmedia&parent=1800"}],"curies":[{"name":"wp","href":"https:\/\/api.w.org\/{rel}","templated":true}]}}