{"id":1816,"date":"2011-08-19T20:44:50","date_gmt":"2011-08-19T18:44:50","guid":{"rendered":"http:\/\/museumek.eu\/?page_id=1816"},"modified":"2021-05-09T19:26:05","modified_gmt":"2021-05-09T17:26:05","slug":"manufaktur-grosherzogliche-majolika-manufaktur-karslruheab-1919-staatliche-majolika-manufaktur-karlsruhe-a-g","status":"publish","type":"page","link":"http:\/\/museumek.eu\/?page_id=1816","title":{"rendered":"Gro\u00dfherzogliche Majolika-Manufaktur und Nachf. Gro\u00dfherzogliche Majolika-Manufaktur Kunstkeramische Werkst\u00e4tten und Nachf. Gro\u00dfherzogliche Majolika-Manufaktur Karlsruhe Kunstkeramische Werkst\u00e4tten GmbH und Nachf. Gro\u00dfherzogliche Majolika-Manufaktur AG und Nachf. Staatliche Majolika-Manufaktur AG"},"content":{"rendered":"","protected":false},"excerpt":{"rendered":"","protected":false},"author":1,"featured_media":0,"parent":44,"menu_order":2,"comment_status":"open","ping_status":"open","template":"","meta":[],"_links":{"self":[{"href":"http:\/\/museumek.eu\/index.php?rest_route=\/wp\/v2\/pages\/1816"}],"collection":[{"href":"http:\/\/museumek.eu\/index.php?rest_route=\/wp\/v2\/pages"}],"about":[{"href":"http:\/\/museumek.eu\/index.php?rest_route=\/wp\/v2\/types\/page"}],"author":[{"embeddable":true,"href":"http:\/\/museumek.eu\/index.php?rest_route=\/wp\/v2\/users\/1"}],"replies":[{"embeddable":true,"href":"http:\/\/museumek.eu\/index.php?rest_route=%2Fwp%2Fv2%2Fcomments&post=1816"}],"version-history":[{"count":5,"href":"http:\/\/museumek.eu\/index.php?rest_route=\/wp\/v2\/pages\/1816\/revisions"}],"predecessor-version":[{"id":56785,"href":"http:\/\/museumek.eu\/index.php?rest_route=\/wp\/v2\/pages\/1816\/revisions\/56785"}],"up":[{"embeddable":true,"href":"http:\/\/museumek.eu\/index.php?rest_route=\/wp\/v2\/pages\/44"}],"wp:attachment":[{"href":"http:\/\/museumek.eu\/index.php?rest_route=%2Fwp%2Fv2%2Fmedia&parent=1816"}],"curies":[{"name":"wp","href":"https:\/\/api.w.org\/{rel}","templated":true}]}}