{"id":18506,"date":"2013-02-24T16:47:13","date_gmt":"2013-02-24T15:47:13","guid":{"rendered":"http:\/\/museumek.eu\/?page_id=18506"},"modified":"2013-02-24T16:47:57","modified_gmt":"2013-02-24T15:47:57","slug":"fii21","status":"publish","type":"page","link":"http:\/\/museumek.eu\/?page_id=18506","title":{"rendered":"F\/II\/21"},"content":{"rendered":"<p><strong>Abteilung Frankreich, Keramik 1860 \u2013 1960, Inventarnummer F\/II\/21<\/strong><\/p>\n<p>Manufaktur Keller &#038; Gu\u00e9rin, Frankreich, Lun\u00e9ville, um 1900, Vase, K\u00fcnstler unbekannt, Werks.-Nr. ohne, Exemplar Nr. ohne, gemarkt Firmenmarke mit K &#038; G Lun\u00e9ville France gr\u00fcnlicher Stempel unter Glasur, 123 sowie 1 gepresst, nicht signiert, reichlich Gold geh\u00f6ht sowie wei\u00dfe Emaillepunkte, Literatur: Annabelle H\u00e9ry, La Faiencerie de Lun\u00e9ville 1786 \u2013 1923, Les Keller &#038; Gu\u00e9rin, Seite 138, Marke Type 18 identisch, um 1900 entwarfen die K\u00fcnstler der \u00c9cole de Nancy, Louis Majorelle, Ernest Bussi\u00e8re, Edmond Lachenal, Emile Gall\u00e9 Modelle f\u00fcr K &#038; G, wobei eine Zuordnung mangels Werksverzeichnis selten m\u00f6glich ist, siehe auch MEK F\/II\/22 zugeh\u00f6rige Jardiniere sowie MEK F\/II\/23 identische Vase, H\u00f6he 35 cm, Breite 24 cm<\/p>\n<p><a href=\"http:\/\/museumek.eu\/wp-content\/uploads\/2013\/02\/Museum-Europ\u00e4ischer-Keramikkunst-4066.jpg\"><img loading=\"lazy\" src=\"http:\/\/museumek.eu\/wp-content\/uploads\/2013\/02\/Museum-Europ\u00e4ischer-Keramikkunst-4066-186x300.jpg\" alt=\"\" title=\"Museum Europ\u00e4ischer Keramikkunst 4066\" width=\"186\" height=\"300\" class=\"alignnone size-medium wp-image-18507\" srcset=\"http:\/\/museumek.eu\/wp-content\/uploads\/2013\/02\/Museum-Europ\u00e4ischer-Keramikkunst-4066-186x300.jpg 186w, http:\/\/museumek.eu\/wp-content\/uploads\/2013\/02\/Museum-Europ\u00e4ischer-Keramikkunst-4066.jpg 594w\" sizes=\"(max-width: 186px) 100vw, 186px\" \/><\/a><\/p>\n<p><a href=\"http:\/\/museumek.eu\/wp-content\/uploads\/2013\/02\/Museum-Europ\u00e4ischer-Keramikkunst-4067.jpg\"><img loading=\"lazy\" src=\"http:\/\/museumek.eu\/wp-content\/uploads\/2013\/02\/Museum-Europ\u00e4ischer-Keramikkunst-4067-169x300.jpg\" alt=\"\" title=\"Museum Europ\u00e4ischer Keramikkunst 4067\" width=\"169\" height=\"300\" class=\"alignnone size-medium wp-image-18508\" srcset=\"http:\/\/museumek.eu\/wp-content\/uploads\/2013\/02\/Museum-Europ\u00e4ischer-Keramikkunst-4067-169x300.jpg 169w, http:\/\/museumek.eu\/wp-content\/uploads\/2013\/02\/Museum-Europ\u00e4ischer-Keramikkunst-4067.jpg 553w\" sizes=\"(max-width: 169px) 100vw, 169px\" \/><\/a><\/p>\n<p><a href=\"http:\/\/museumek.eu\/wp-content\/uploads\/2013\/02\/Museum-Europ\u00e4ischer-Keramikkunst-4068.jpg\"><img loading=\"lazy\" src=\"http:\/\/museumek.eu\/wp-content\/uploads\/2013\/02\/Museum-Europ\u00e4ischer-Keramikkunst-4068-300x200.jpg\" alt=\"\" title=\"Museum Europ\u00e4ischer Keramikkunst 4068\" width=\"300\" height=\"200\" class=\"alignnone size-medium wp-image-18509\" srcset=\"http:\/\/museumek.eu\/wp-content\/uploads\/2013\/02\/Museum-Europ\u00e4ischer-Keramikkunst-4068-300x200.jpg 300w, http:\/\/museumek.eu\/wp-content\/uploads\/2013\/02\/Museum-Europ\u00e4ischer-Keramikkunst-4068-448x300.jpg 448w, http:\/\/museumek.eu\/wp-content\/uploads\/2013\/02\/Museum-Europ\u00e4ischer-Keramikkunst-4068.jpg 1024w\" sizes=\"(max-width: 300px) 100vw, 300px\" \/><\/a><\/p>\n<p><a href=\"http:\/\/museumek.eu\/wp-content\/uploads\/2013\/02\/Museum-Europ\u00e4ischer-Keramikkunst-4069.jpg\"><img loading=\"lazy\" src=\"http:\/\/museumek.eu\/wp-content\/uploads\/2013\/02\/Museum-Europ\u00e4ischer-Keramikkunst-4069-300x208.jpg\" alt=\"\" title=\"Museum Europ\u00e4ischer Keramikkunst 4069\" width=\"300\" height=\"208\" class=\"alignnone size-medium wp-image-18510\" srcset=\"http:\/\/museumek.eu\/wp-content\/uploads\/2013\/02\/Museum-Europ\u00e4ischer-Keramikkunst-4069-300x208.jpg 300w, http:\/\/museumek.eu\/wp-content\/uploads\/2013\/02\/Museum-Europ\u00e4ischer-Keramikkunst-4069-431x300.jpg 431w, http:\/\/museumek.eu\/wp-content\/uploads\/2013\/02\/Museum-Europ\u00e4ischer-Keramikkunst-4069.jpg 607w\" sizes=\"(max-width: 300px) 100vw, 300px\" \/><\/a><\/p>\n<p><a href=\"http:\/\/museumek.eu\/wp-content\/uploads\/2013\/02\/Museum-Europ\u00e4ischer-Keramikkunst-4064.jpg\"><img loading=\"lazy\" src=\"http:\/\/museumek.eu\/wp-content\/uploads\/2013\/02\/Museum-Europ\u00e4ischer-Keramikkunst-4064-300x163.jpg\" alt=\"\" title=\"Museum Europ\u00e4ischer Keramikkunst 4064\" width=\"300\" height=\"163\" class=\"alignnone size-medium wp-image-18511\" srcset=\"http:\/\/museumek.eu\/wp-content\/uploads\/2013\/02\/Museum-Europ\u00e4ischer-Keramikkunst-4064-300x163.jpg 300w, http:\/\/museumek.eu\/wp-content\/uploads\/2013\/02\/Museum-Europ\u00e4ischer-Keramikkunst-4064-500x272.jpg 500w, http:\/\/museumek.eu\/wp-content\/uploads\/2013\/02\/Museum-Europ\u00e4ischer-Keramikkunst-4064.jpg 930w\" sizes=\"(max-width: 300px) 100vw, 300px\" \/><\/a><\/p>\n","protected":false},"excerpt":{"rendered":"<p>Abteilung Frankreich, Keramik 1860 \u2013 1960, Inventarnummer F\/II\/21 Manufaktur Keller &#038; Gu\u00e9rin, Frankreich, Lun\u00e9ville, um 1900, Vase, K\u00fcnstler unbekannt, Werks.-Nr. ohne, Exemplar Nr. ohne, gemarkt Firmenmarke mit K &#038; G Lun\u00e9ville France gr\u00fcnlicher Stempel unter Glasur, 123 sowie 1 gepresst, &hellip; <a href=\"http:\/\/museumek.eu\/?page_id=18506\">Weiterlesen <span class=\"meta-nav\">&rarr;<\/span><\/a><\/p>\n","protected":false},"author":1,"featured_media":0,"parent":18503,"menu_order":21,"comment_status":"closed","ping_status":"open","template":"","meta":[],"_links":{"self":[{"href":"http:\/\/museumek.eu\/index.php?rest_route=\/wp\/v2\/pages\/18506"}],"collection":[{"href":"http:\/\/museumek.eu\/index.php?rest_route=\/wp\/v2\/pages"}],"about":[{"href":"http:\/\/museumek.eu\/index.php?rest_route=\/wp\/v2\/types\/page"}],"author":[{"embeddable":true,"href":"http:\/\/museumek.eu\/index.php?rest_route=\/wp\/v2\/users\/1"}],"replies":[{"embeddable":true,"href":"http:\/\/museumek.eu\/index.php?rest_route=%2Fwp%2Fv2%2Fcomments&post=18506"}],"version-history":[{"count":3,"href":"http:\/\/museumek.eu\/index.php?rest_route=\/wp\/v2\/pages\/18506\/revisions"}],"predecessor-version":[{"id":18514,"href":"http:\/\/museumek.eu\/index.php?rest_route=\/wp\/v2\/pages\/18506\/revisions\/18514"}],"up":[{"embeddable":true,"href":"http:\/\/museumek.eu\/index.php?rest_route=\/wp\/v2\/pages\/18503"}],"wp:attachment":[{"href":"http:\/\/museumek.eu\/index.php?rest_route=%2Fwp%2Fv2%2Fmedia&parent=18506"}],"curies":[{"name":"wp","href":"https:\/\/api.w.org\/{rel}","templated":true}]}}