{"id":18516,"date":"2013-02-24T16:59:35","date_gmt":"2013-02-24T15:59:35","guid":{"rendered":"http:\/\/museumek.eu\/?page_id=18516"},"modified":"2013-02-24T16:59:35","modified_gmt":"2013-02-24T15:59:35","slug":"fii22","status":"publish","type":"page","link":"http:\/\/museumek.eu\/?page_id=18516","title":{"rendered":"F\/II\/22"},"content":{"rendered":"<p><strong>Abteilung Frankreich, Keramik 1860 \u2013 1960, Inventarnummer F\/II\/22<\/strong><\/p>\n<p>Manufaktur Keller &#038; Gu\u00e9rin, Frankreich, Lun\u00e9ville, um 1900, Jardiniere, K\u00fcnstler unbekannt, Werks.-Nr. ohne, Exemplar Nr. ohne, gemarkt Firmenmarke mit K &#038; G Lun\u00e9ville France brauner Stempel unter Glasur, 123 sowie 1 gepresst, nicht signiert, reichlich Gold geh\u00f6ht sowie wei\u00dfe Emaillepunkte, Literatur: Annabelle H\u00e9ry, La Faiencerie de Lun\u00e9ville 1786 \u2013 1923, Les Keller &#038; Gu\u00e9rin, Seite 138, Marke Type 9 identisch, um 1900 entwarfen die K\u00fcnstler der \u00c9cole de Nancy, Louis Majorelle, Ernest Bussi\u00e8re, Edmond Lachenal, Emile Gall\u00e9 Modelle f\u00fcr K &#038; G, wobei eine Zuordnung mangels Werksverzeichnis selten m\u00f6glich ist, siehe auch MEK F\/II\/21 sowie MEK F\/II\/23 zugeh\u00f6rige Vasen, H\u00f6he 17 cm, Breite 40 cm<\/p>\n<p><a href=\"http:\/\/museumek.eu\/wp-content\/uploads\/2013\/02\/Museum-Europ\u00e4ischer-Keramikkunst-4072.jpg\"><img loading=\"lazy\" src=\"http:\/\/museumek.eu\/wp-content\/uploads\/2013\/02\/Museum-Europ\u00e4ischer-Keramikkunst-4072-300x147.jpg\" alt=\"\" title=\"Museum Europ\u00e4ischer Keramikkunst 4072\" width=\"300\" height=\"147\" class=\"alignnone size-medium wp-image-18517\" srcset=\"http:\/\/museumek.eu\/wp-content\/uploads\/2013\/02\/Museum-Europ\u00e4ischer-Keramikkunst-4072-300x147.jpg 300w, http:\/\/museumek.eu\/wp-content\/uploads\/2013\/02\/Museum-Europ\u00e4ischer-Keramikkunst-4072-500x246.jpg 500w, http:\/\/museumek.eu\/wp-content\/uploads\/2013\/02\/Museum-Europ\u00e4ischer-Keramikkunst-4072.jpg 1009w\" sizes=\"(max-width: 300px) 100vw, 300px\" \/><\/a><\/p>\n<p><a href=\"http:\/\/museumek.eu\/wp-content\/uploads\/2013\/02\/Museum-Europ\u00e4ischer-Keramikkunst-4074.jpg\"><img loading=\"lazy\" src=\"http:\/\/museumek.eu\/wp-content\/uploads\/2013\/02\/Museum-Europ\u00e4ischer-Keramikkunst-4074-300x137.jpg\" alt=\"\" title=\"Museum Europ\u00e4ischer Keramikkunst 4074\" width=\"300\" height=\"137\" class=\"alignnone size-medium wp-image-18518\" srcset=\"http:\/\/museumek.eu\/wp-content\/uploads\/2013\/02\/Museum-Europ\u00e4ischer-Keramikkunst-4074-300x137.jpg 300w, http:\/\/museumek.eu\/wp-content\/uploads\/2013\/02\/Museum-Europ\u00e4ischer-Keramikkunst-4074-500x228.jpg 500w, http:\/\/museumek.eu\/wp-content\/uploads\/2013\/02\/Museum-Europ\u00e4ischer-Keramikkunst-4074.jpg 883w\" sizes=\"(max-width: 300px) 100vw, 300px\" \/><\/a><\/p>\n<p><a href=\"http:\/\/museumek.eu\/wp-content\/uploads\/2013\/02\/Museum-Europ\u00e4ischer-Keramikkunst-4073.jpg\"><img loading=\"lazy\" src=\"http:\/\/museumek.eu\/wp-content\/uploads\/2013\/02\/Museum-Europ\u00e4ischer-Keramikkunst-4073-300x225.jpg\" alt=\"\" title=\"Museum Europ\u00e4ischer Keramikkunst 4073\" width=\"300\" height=\"225\" class=\"alignnone size-medium wp-image-18519\" srcset=\"http:\/\/museumek.eu\/wp-content\/uploads\/2013\/02\/Museum-Europ\u00e4ischer-Keramikkunst-4073-300x225.jpg 300w, http:\/\/museumek.eu\/wp-content\/uploads\/2013\/02\/Museum-Europ\u00e4ischer-Keramikkunst-4073-400x300.jpg 400w, http:\/\/museumek.eu\/wp-content\/uploads\/2013\/02\/Museum-Europ\u00e4ischer-Keramikkunst-4073.jpg 1024w\" sizes=\"(max-width: 300px) 100vw, 300px\" \/><\/a><\/p>\n<p><a href=\"http:\/\/museumek.eu\/wp-content\/uploads\/2013\/02\/Museum-Europ\u00e4ischer-Keramikkunst-4075.jpg\"><img loading=\"lazy\" src=\"http:\/\/museumek.eu\/wp-content\/uploads\/2013\/02\/Museum-Europ\u00e4ischer-Keramikkunst-4075-300x211.jpg\" alt=\"\" title=\"Museum Europ\u00e4ischer Keramikkunst 4075\" width=\"300\" height=\"211\" class=\"alignnone size-medium wp-image-18520\" srcset=\"http:\/\/museumek.eu\/wp-content\/uploads\/2013\/02\/Museum-Europ\u00e4ischer-Keramikkunst-4075-300x211.jpg 300w, http:\/\/museumek.eu\/wp-content\/uploads\/2013\/02\/Museum-Europ\u00e4ischer-Keramikkunst-4075-425x300.jpg 425w, http:\/\/museumek.eu\/wp-content\/uploads\/2013\/02\/Museum-Europ\u00e4ischer-Keramikkunst-4075.jpg 708w\" sizes=\"(max-width: 300px) 100vw, 300px\" \/><\/a><\/p>\n<p><a href=\"http:\/\/museumek.eu\/wp-content\/uploads\/2013\/02\/Museum-Europ\u00e4ischer-Keramikkunst-4076.jpg\"><img loading=\"lazy\" src=\"http:\/\/museumek.eu\/wp-content\/uploads\/2013\/02\/Museum-Europ\u00e4ischer-Keramikkunst-4076-300x279.jpg\" alt=\"\" title=\"Museum Europ\u00e4ischer Keramikkunst 4076\" width=\"300\" height=\"279\" class=\"alignnone size-medium wp-image-18521\" srcset=\"http:\/\/museumek.eu\/wp-content\/uploads\/2013\/02\/Museum-Europ\u00e4ischer-Keramikkunst-4076-300x279.jpg 300w, http:\/\/museumek.eu\/wp-content\/uploads\/2013\/02\/Museum-Europ\u00e4ischer-Keramikkunst-4076-321x300.jpg 321w, http:\/\/museumek.eu\/wp-content\/uploads\/2013\/02\/Museum-Europ\u00e4ischer-Keramikkunst-4076.jpg 426w\" sizes=\"(max-width: 300px) 100vw, 300px\" \/><\/a><\/p>\n<p><a href=\"http:\/\/museumek.eu\/wp-content\/uploads\/2013\/02\/Museum-Europ\u00e4ischer-Keramikkunst-40641.jpg\"><img loading=\"lazy\" src=\"http:\/\/museumek.eu\/wp-content\/uploads\/2013\/02\/Museum-Europ\u00e4ischer-Keramikkunst-40641-300x163.jpg\" alt=\"\" title=\"Museum Europ\u00e4ischer Keramikkunst 4064\" width=\"300\" height=\"163\" class=\"alignnone size-medium wp-image-18522\" srcset=\"http:\/\/museumek.eu\/wp-content\/uploads\/2013\/02\/Museum-Europ\u00e4ischer-Keramikkunst-40641-300x163.jpg 300w, http:\/\/museumek.eu\/wp-content\/uploads\/2013\/02\/Museum-Europ\u00e4ischer-Keramikkunst-40641-500x272.jpg 500w, http:\/\/museumek.eu\/wp-content\/uploads\/2013\/02\/Museum-Europ\u00e4ischer-Keramikkunst-40641.jpg 930w\" sizes=\"(max-width: 300px) 100vw, 300px\" \/><\/a><\/p>\n","protected":false},"excerpt":{"rendered":"<p>Abteilung Frankreich, Keramik 1860 \u2013 1960, Inventarnummer F\/II\/22 Manufaktur Keller &#038; Gu\u00e9rin, Frankreich, Lun\u00e9ville, um 1900, Jardiniere, K\u00fcnstler unbekannt, Werks.-Nr. ohne, Exemplar Nr. ohne, gemarkt Firmenmarke mit K &#038; G Lun\u00e9ville France brauner Stempel unter Glasur, 123 sowie 1 gepresst, &hellip; <a href=\"http:\/\/museumek.eu\/?page_id=18516\">Weiterlesen <span class=\"meta-nav\">&rarr;<\/span><\/a><\/p>\n","protected":false},"author":1,"featured_media":0,"parent":18503,"menu_order":22,"comment_status":"closed","ping_status":"open","template":"","meta":[],"_links":{"self":[{"href":"http:\/\/museumek.eu\/index.php?rest_route=\/wp\/v2\/pages\/18516"}],"collection":[{"href":"http:\/\/museumek.eu\/index.php?rest_route=\/wp\/v2\/pages"}],"about":[{"href":"http:\/\/museumek.eu\/index.php?rest_route=\/wp\/v2\/types\/page"}],"author":[{"embeddable":true,"href":"http:\/\/museumek.eu\/index.php?rest_route=\/wp\/v2\/users\/1"}],"replies":[{"embeddable":true,"href":"http:\/\/museumek.eu\/index.php?rest_route=%2Fwp%2Fv2%2Fcomments&post=18516"}],"version-history":[{"count":2,"href":"http:\/\/museumek.eu\/index.php?rest_route=\/wp\/v2\/pages\/18516\/revisions"}],"predecessor-version":[{"id":18524,"href":"http:\/\/museumek.eu\/index.php?rest_route=\/wp\/v2\/pages\/18516\/revisions\/18524"}],"up":[{"embeddable":true,"href":"http:\/\/museumek.eu\/index.php?rest_route=\/wp\/v2\/pages\/18503"}],"wp:attachment":[{"href":"http:\/\/museumek.eu\/index.php?rest_route=%2Fwp%2Fv2%2Fmedia&parent=18516"}],"curies":[{"name":"wp","href":"https:\/\/api.w.org\/{rel}","templated":true}]}}