{"id":18526,"date":"2013-02-24T19:29:44","date_gmt":"2013-02-24T18:29:44","guid":{"rendered":"http:\/\/museumek.eu\/?page_id=18526"},"modified":"2013-02-24T19:30:28","modified_gmt":"2013-02-24T18:30:28","slug":"fii23","status":"publish","type":"page","link":"http:\/\/museumek.eu\/?page_id=18526","title":{"rendered":"F\/II\/23"},"content":{"rendered":"<p><strong>Abteilung Frankreich, Keramik 1860 \u2013 1960, Inventarnummer F\/II\/23<\/strong><\/p>\n<p>Manufaktur Keller &#038; Gu\u00e9rin, Frankreich, Lun\u00e9ville, um 1900, Vase, K\u00fcnstler unbekannt, Werks.-Nr. ohne, Exemplar Nr. ohne, gemarkt Firmenmarke mit K &#038; G Lun\u00e9ville France gr\u00fcnlicher Stempel unter Glasur, 123 sowie 1 gepresst, nicht signiert, reichlich Gold geh\u00f6ht sowie wei\u00dfe Emaillepunkte, Literatur: Annabelle H\u00e9ry, La Faiencerie de Lun\u00e9ville 1786 \u2013 1923, Les Keller &#038; Gu\u00e9rin, Seite 138, Marke Type 18 identisch, um 1900 entwarfen die K\u00fcnstler der \u00c9cole de Nancy, Louis Majorelle, Ernest Bussi\u00e8re, Edmond Lachenal, Emile Gall\u00e9 Modelle f\u00fcr K &#038; G, wobei eine Zuordnung mangels Werksverzeichnis selten m\u00f6glich ist, siehe auch MEK F\/II\/21 identische Vase sowie MEK F\/II\/22 zugeh\u00f6rige Jardiniere, H\u00f6he 35 cm, Breite 24 cm<\/p>\n<p><a href=\"http:\/\/museumek.eu\/wp-content\/uploads\/2013\/02\/Museum-Europ\u00e4ischer-Keramikkunst-40771.jpg\"><img loading=\"lazy\" src=\"http:\/\/museumek.eu\/wp-content\/uploads\/2013\/02\/Museum-Europ\u00e4ischer-Keramikkunst-40771-178x300.jpg\" alt=\"\" title=\"Museum Europ\u00e4ischer Keramikkunst 4077\" width=\"178\" height=\"300\" class=\"alignnone size-medium wp-image-18528\" \/><\/a><\/p>\n<p><a href=\"http:\/\/museumek.eu\/wp-content\/uploads\/2013\/02\/Museum-Europ\u00e4ischer-Keramikkunst-4079.jpg\"><img loading=\"lazy\" src=\"http:\/\/museumek.eu\/wp-content\/uploads\/2013\/02\/Museum-Europ\u00e4ischer-Keramikkunst-4079-300x200.jpg\" alt=\"\" title=\"Museum Europ\u00e4ischer Keramikkunst 4079\" width=\"300\" height=\"200\" class=\"alignnone size-medium wp-image-18529\" srcset=\"http:\/\/museumek.eu\/wp-content\/uploads\/2013\/02\/Museum-Europ\u00e4ischer-Keramikkunst-4079-300x200.jpg 300w, http:\/\/museumek.eu\/wp-content\/uploads\/2013\/02\/Museum-Europ\u00e4ischer-Keramikkunst-4079-449x300.jpg 449w, http:\/\/museumek.eu\/wp-content\/uploads\/2013\/02\/Museum-Europ\u00e4ischer-Keramikkunst-4079.jpg 1024w\" sizes=\"(max-width: 300px) 100vw, 300px\" \/><\/a><\/p>\n<p><a href=\"http:\/\/museumek.eu\/wp-content\/uploads\/2013\/02\/Museum-Europ\u00e4ischer-Keramikkunst-4080.jpg\"><img loading=\"lazy\" src=\"http:\/\/museumek.eu\/wp-content\/uploads\/2013\/02\/Museum-Europ\u00e4ischer-Keramikkunst-4080-300x257.jpg\" alt=\"\" title=\"Museum Europ\u00e4ischer Keramikkunst 4080\" width=\"300\" height=\"257\" class=\"alignnone size-medium wp-image-18530\" srcset=\"http:\/\/museumek.eu\/wp-content\/uploads\/2013\/02\/Museum-Europ\u00e4ischer-Keramikkunst-4080-300x257.jpg 300w, http:\/\/museumek.eu\/wp-content\/uploads\/2013\/02\/Museum-Europ\u00e4ischer-Keramikkunst-4080-349x300.jpg 349w, http:\/\/museumek.eu\/wp-content\/uploads\/2013\/02\/Museum-Europ\u00e4ischer-Keramikkunst-4080.jpg 698w\" sizes=\"(max-width: 300px) 100vw, 300px\" \/><\/a><\/p>\n<p><a href=\"http:\/\/museumek.eu\/wp-content\/uploads\/2013\/02\/Museum-Europ\u00e4ischer-Keramikkunst-4081.jpg\"><img loading=\"lazy\" src=\"http:\/\/museumek.eu\/wp-content\/uploads\/2013\/02\/Museum-Europ\u00e4ischer-Keramikkunst-4081-248x300.jpg\" alt=\"\" title=\"Museum Europ\u00e4ischer Keramikkunst 4081\" width=\"248\" height=\"300\" class=\"alignnone size-medium wp-image-18531\" srcset=\"http:\/\/museumek.eu\/wp-content\/uploads\/2013\/02\/Museum-Europ\u00e4ischer-Keramikkunst-4081-248x300.jpg 248w, http:\/\/museumek.eu\/wp-content\/uploads\/2013\/02\/Museum-Europ\u00e4ischer-Keramikkunst-4081.jpg 354w\" sizes=\"(max-width: 248px) 100vw, 248px\" \/><\/a><\/p>\n<p><a href=\"http:\/\/museumek.eu\/wp-content\/uploads\/2013\/02\/Museum-Europ\u00e4ischer-Keramikkunst-40642.jpg\"><img loading=\"lazy\" src=\"http:\/\/museumek.eu\/wp-content\/uploads\/2013\/02\/Museum-Europ\u00e4ischer-Keramikkunst-40642-300x163.jpg\" alt=\"\" title=\"Museum Europ\u00e4ischer Keramikkunst 4064\" width=\"300\" height=\"163\" class=\"alignnone size-medium wp-image-18532\" srcset=\"http:\/\/museumek.eu\/wp-content\/uploads\/2013\/02\/Museum-Europ\u00e4ischer-Keramikkunst-40642-300x163.jpg 300w, http:\/\/museumek.eu\/wp-content\/uploads\/2013\/02\/Museum-Europ\u00e4ischer-Keramikkunst-40642-500x272.jpg 500w, http:\/\/museumek.eu\/wp-content\/uploads\/2013\/02\/Museum-Europ\u00e4ischer-Keramikkunst-40642.jpg 930w\" sizes=\"(max-width: 300px) 100vw, 300px\" \/><\/a><\/p>\n","protected":false},"excerpt":{"rendered":"<p>Abteilung Frankreich, Keramik 1860 \u2013 1960, Inventarnummer F\/II\/23 Manufaktur Keller &#038; Gu\u00e9rin, Frankreich, Lun\u00e9ville, um 1900, Vase, K\u00fcnstler unbekannt, Werks.-Nr. ohne, Exemplar Nr. ohne, gemarkt Firmenmarke mit K &#038; G Lun\u00e9ville France gr\u00fcnlicher Stempel unter Glasur, 123 sowie 1 gepresst, &hellip; <a href=\"http:\/\/museumek.eu\/?page_id=18526\">Weiterlesen <span class=\"meta-nav\">&rarr;<\/span><\/a><\/p>\n","protected":false},"author":1,"featured_media":0,"parent":18503,"menu_order":23,"comment_status":"closed","ping_status":"open","template":"","meta":[],"_links":{"self":[{"href":"http:\/\/museumek.eu\/index.php?rest_route=\/wp\/v2\/pages\/18526"}],"collection":[{"href":"http:\/\/museumek.eu\/index.php?rest_route=\/wp\/v2\/pages"}],"about":[{"href":"http:\/\/museumek.eu\/index.php?rest_route=\/wp\/v2\/types\/page"}],"author":[{"embeddable":true,"href":"http:\/\/museumek.eu\/index.php?rest_route=\/wp\/v2\/users\/1"}],"replies":[{"embeddable":true,"href":"http:\/\/museumek.eu\/index.php?rest_route=%2Fwp%2Fv2%2Fcomments&post=18526"}],"version-history":[{"count":3,"href":"http:\/\/museumek.eu\/index.php?rest_route=\/wp\/v2\/pages\/18526\/revisions"}],"predecessor-version":[{"id":18535,"href":"http:\/\/museumek.eu\/index.php?rest_route=\/wp\/v2\/pages\/18526\/revisions\/18535"}],"up":[{"embeddable":true,"href":"http:\/\/museumek.eu\/index.php?rest_route=\/wp\/v2\/pages\/18503"}],"wp:attachment":[{"href":"http:\/\/museumek.eu\/index.php?rest_route=%2Fwp%2Fv2%2Fmedia&parent=18526"}],"curies":[{"name":"wp","href":"https:\/\/api.w.org\/{rel}","templated":true}]}}