{"id":18553,"date":"2013-03-01T20:19:11","date_gmt":"2013-03-01T19:19:11","guid":{"rendered":"http:\/\/museumek.eu\/?page_id=18553"},"modified":"2021-02-04T15:59:59","modified_gmt":"2021-02-04T14:59:59","slug":"axvi5","status":"publish","type":"page","link":"http:\/\/museumek.eu\/?page_id=18553","title":{"rendered":"A\/XVI\/5"},"content":{"rendered":"<p><strong>Abteilung Austria\/Ungarn\/B\u00f6hmen, Keramik 1860 \u2013 1960, Inventarnummer A\/XVI\/5<\/strong><\/p>\n<p>Ernst Wahliss Kunst- Porzellan- Fayence und Terracotta &#8211; Fabrik, Austria, Turn\/Trnovany, um 1895, Vase, K\u00fcnstler unbekannt, Werks.-Nr. ohne, Exemplar Nr. ohne, gemarkt Firmenmarke mit E W, Turn Wien in Krone schwarzer Stempel unter Glasur, 427, 18, 1 sowie 5 gepresst, 2350, B sowie 15 blau unter Glasur gemalt, nicht signiert, Literatur: Waltraud Neuwirth, Wiener Keramik, Seite 486, Marken 286 sowie 287 identisch, weitere Literatur: Otto Pelka, Keramik der Neuzeit, Markentafel X, Marken in Nr. 153 identisch, weitere Litereratur: Volker M\u00f6lle Riessner, Amphora Die Porzellan- und Keramik- Manufaktur in Nordb\u00f6hmen, Seite 29, Briefkopf der Manufaktur, Abbildung der Marke sowie Abbildung einer \u00e4hnlichen Vase und Beschreibung, dass dieser Vasentypus noch auf Entw\u00fcrfe von Alfred Stellmacher zur\u00fcckgeht, Seite 33, dort beschrieben, dass Alfred Stellmacher 1894 seine Restfirma in Turn an Ernst Wahliss verkauft hat, Seite 175, dort noch einmal beschrieben, dass Ernst Wahliss 1894 in Turn eine Fabrik von Alfred Stellmacher gekauft hat sowie Seite 193, Marke Nr. 3 identisch, weitere Literatur: Europ\u00e4ische Keramik des Jugendstils, Ausstellung im Hetjen-Museum, D\u00fcsseldorf, 1974, Seite 221, Beschreibung der Manufaktur und Beschreibung, dass Ernst Wahliss eine Fabrik von Alfred Stellmacher \u00fcbernommen hat, weitere Literatur: Richard L. Scott, The House of Amphora, Seite 50 \u2013 80, dort Vasen mit dieser Art Dekor bezeichnet als \u201eJapanese Style\u201c, Gold geh\u00f6ht, plastische Emailmalerei, H\u00f6he 34 cm, Breite 19 cm<\/p>\n<p><a href=\"http:\/\/museumek.eu\/wp-content\/uploads\/2013\/03\/Museum-Europ\u00e4ischer-Keramikkunst-3743.jpg\"><img loading=\"lazy\" src=\"http:\/\/museumek.eu\/wp-content\/uploads\/2013\/03\/Museum-Europ\u00e4ischer-Keramikkunst-3743-183x300.jpg\" alt=\"\" title=\"Museum Europ\u00e4ischer Keramikkunst 3743\" width=\"183\" height=\"300\" class=\"alignnone size-medium wp-image-18554\" srcset=\"http:\/\/museumek.eu\/wp-content\/uploads\/2013\/03\/Museum-Europ\u00e4ischer-Keramikkunst-3743-183x300.jpg 183w, http:\/\/museumek.eu\/wp-content\/uploads\/2013\/03\/Museum-Europ\u00e4ischer-Keramikkunst-3743.jpg 588w\" sizes=\"(max-width: 183px) 100vw, 183px\" \/><\/a><\/p>\n<p><a href=\"http:\/\/museumek.eu\/wp-content\/uploads\/2013\/03\/Museum-Europ\u00e4ischer-Keramikkunst-3745.jpg\"><img loading=\"lazy\" src=\"http:\/\/museumek.eu\/wp-content\/uploads\/2013\/03\/Museum-Europ\u00e4ischer-Keramikkunst-3745-210x300.jpg\" alt=\"\" title=\"Museum Europ\u00e4ischer Keramikkunst 3745\" width=\"210\" height=\"300\" class=\"alignnone size-medium wp-image-18555\" srcset=\"http:\/\/museumek.eu\/wp-content\/uploads\/2013\/03\/Museum-Europ\u00e4ischer-Keramikkunst-3745-210x300.jpg 210w, http:\/\/museumek.eu\/wp-content\/uploads\/2013\/03\/Museum-Europ\u00e4ischer-Keramikkunst-3745.jpg 362w\" sizes=\"(max-width: 210px) 100vw, 210px\" \/><\/a><\/p>\n<p><a href=\"http:\/\/museumek.eu\/wp-content\/uploads\/2013\/03\/Museum-Europ\u00e4ischer-Keramikkunst-3746.jpg\"><img loading=\"lazy\" src=\"http:\/\/museumek.eu\/wp-content\/uploads\/2013\/03\/Museum-Europ\u00e4ischer-Keramikkunst-3746-300x285.jpg\" alt=\"\" title=\"Museum Europ\u00e4ischer Keramikkunst 3746\" width=\"300\" height=\"285\" class=\"alignnone size-medium wp-image-18556\" srcset=\"http:\/\/museumek.eu\/wp-content\/uploads\/2013\/03\/Museum-Europ\u00e4ischer-Keramikkunst-3746-300x285.jpg 300w, http:\/\/museumek.eu\/wp-content\/uploads\/2013\/03\/Museum-Europ\u00e4ischer-Keramikkunst-3746-315x300.jpg 315w, http:\/\/museumek.eu\/wp-content\/uploads\/2013\/03\/Museum-Europ\u00e4ischer-Keramikkunst-3746.jpg 326w\" sizes=\"(max-width: 300px) 100vw, 300px\" \/><\/a><\/p>\n<p><a href=\"http:\/\/museumek.eu\/wp-content\/uploads\/2013\/03\/Museum-Europ\u00e4ischer-Keramikkunst-3749.jpg\"><img loading=\"lazy\" src=\"http:\/\/museumek.eu\/wp-content\/uploads\/2013\/03\/Museum-Europ\u00e4ischer-Keramikkunst-3749-300x245.jpg\" alt=\"\" title=\"Museum Europ\u00e4ischer Keramikkunst 3749\" width=\"300\" height=\"245\" class=\"alignnone size-medium wp-image-18557\" srcset=\"http:\/\/museumek.eu\/wp-content\/uploads\/2013\/03\/Museum-Europ\u00e4ischer-Keramikkunst-3749-300x245.jpg 300w, http:\/\/museumek.eu\/wp-content\/uploads\/2013\/03\/Museum-Europ\u00e4ischer-Keramikkunst-3749-366x300.jpg 366w, http:\/\/museumek.eu\/wp-content\/uploads\/2013\/03\/Museum-Europ\u00e4ischer-Keramikkunst-3749.jpg 731w\" sizes=\"(max-width: 300px) 100vw, 300px\" \/><\/a><\/p>\n<p><a href=\"http:\/\/museumek.eu\/wp-content\/uploads\/2013\/03\/Museum-Europ\u00e4ischer-Keramikkunst-3750.jpg\"><img loading=\"lazy\" src=\"http:\/\/museumek.eu\/wp-content\/uploads\/2013\/03\/Museum-Europ\u00e4ischer-Keramikkunst-3750.jpg\" alt=\"\" title=\"Museum Europ\u00e4ischer Keramikkunst 3750\" width=\"238\" height=\"237\" class=\"alignnone size-full wp-image-18558\" srcset=\"http:\/\/museumek.eu\/wp-content\/uploads\/2013\/03\/Museum-Europ\u00e4ischer-Keramikkunst-3750.jpg 238w, http:\/\/museumek.eu\/wp-content\/uploads\/2013\/03\/Museum-Europ\u00e4ischer-Keramikkunst-3750-150x150.jpg 150w\" sizes=\"(max-width: 238px) 100vw, 238px\" \/><\/a><\/p>\n","protected":false},"excerpt":{"rendered":"<p>Abteilung Austria\/Ungarn\/B\u00f6hmen, Keramik 1860 \u2013 1960, Inventarnummer A\/XVI\/5 Ernst Wahliss Kunst- Porzellan- Fayence und Terracotta &#8211; Fabrik, Austria, Turn\/Trnovany, um 1895, Vase, K\u00fcnstler unbekannt, Werks.-Nr. ohne, Exemplar Nr. ohne, gemarkt Firmenmarke mit E W, Turn Wien in Krone schwarzer Stempel &hellip; <a href=\"http:\/\/museumek.eu\/?page_id=18553\">Weiterlesen <span class=\"meta-nav\">&rarr;<\/span><\/a><\/p>\n","protected":false},"author":1,"featured_media":0,"parent":1184,"menu_order":5,"comment_status":"closed","ping_status":"open","template":"","meta":[],"_links":{"self":[{"href":"http:\/\/museumek.eu\/index.php?rest_route=\/wp\/v2\/pages\/18553"}],"collection":[{"href":"http:\/\/museumek.eu\/index.php?rest_route=\/wp\/v2\/pages"}],"about":[{"href":"http:\/\/museumek.eu\/index.php?rest_route=\/wp\/v2\/types\/page"}],"author":[{"embeddable":true,"href":"http:\/\/museumek.eu\/index.php?rest_route=\/wp\/v2\/users\/1"}],"replies":[{"embeddable":true,"href":"http:\/\/museumek.eu\/index.php?rest_route=%2Fwp%2Fv2%2Fcomments&post=18553"}],"version-history":[{"count":3,"href":"http:\/\/museumek.eu\/index.php?rest_route=\/wp\/v2\/pages\/18553\/revisions"}],"predecessor-version":[{"id":53081,"href":"http:\/\/museumek.eu\/index.php?rest_route=\/wp\/v2\/pages\/18553\/revisions\/53081"}],"up":[{"embeddable":true,"href":"http:\/\/museumek.eu\/index.php?rest_route=\/wp\/v2\/pages\/1184"}],"wp:attachment":[{"href":"http:\/\/museumek.eu\/index.php?rest_route=%2Fwp%2Fv2%2Fmedia&parent=18553"}],"curies":[{"name":"wp","href":"https:\/\/api.w.org\/{rel}","templated":true}]}}