{"id":18585,"date":"2013-03-03T17:09:29","date_gmt":"2013-03-03T16:09:29","guid":{"rendered":"http:\/\/museumek.eu\/?page_id=18585"},"modified":"2015-08-02T20:32:31","modified_gmt":"2015-08-02T18:32:31","slug":"kurzbiografie-und-inventar-zum-kunstler","status":"publish","type":"page","link":"http:\/\/museumek.eu\/?page_id=18585","title":{"rendered":"Kurzbiografie und Inventar zum K\u00fcnstler"},"content":{"rendered":"<p>Eduard Fritz Otto Stellmacher wurde am 07.06.1869 in Volkstedt geboren. Er starb im Oktober 1945 in Pilsen. Stellmacher war der Sohn des Porzellanfabrikanten Alfred Stellmacher. Seine Taufpaten waren der Porzellanfabrikbesitzer Eduard Enz und J. Friedrich Moersberger Commis der enz&#8217;schen Fabrik. Stellmachers Vater betrieb sein Porzellangesch\u00e4ft in Volkstedt, Smichow bei Prag und Turn Teplitz. Sp\u00e4testens ab 1872 zog die Familie nach Turn und Eduard ging hier auch zur Schule. 1882 bis 1884 besuchte er wahrscheinlich die Kgl. keramische Fachschule in Teplitz. Von 1884 bis 1887 studierte er an Kgl. S\u00e4chsischen Kunstgewerbeschule in Dresden. Er besuchte dort auch die Fachklasse f\u00fcr fig\u00fcrliches und kunstgewerbliches modellieren. Ebenfalls an dieser Schule war der Paul Dachsel. Stellmacher und Dachsel wurden in ihrer beruflichen Praxis herausragende modellierende K\u00fcnstler. Nach dem Studium wechselt Dachsel seinen Wohnort nach Turn und heiratete sp\u00e4ter Eduard Stellmachers Schwester Mathilde. Eduard ging ebenfalls zur\u00fcck nach Turn, begann im v\u00e4terlichen Betrieb mitzuarbeiten und heiratete sp\u00e4ter Elisabeth Dachsel, die Schwester von Paul Dachsel. 1892 gr\u00fcndete er mit seinen Schw\u00e4gern Karl Riessner, Hans Riessner und Rudolf Kessel die Fabrik Riessner, Stellmacher &#038; Kessel, sp\u00e4ter AMPHORA. Paul Dachsel arbeitete auch in dieser Fabrik. Eduard Stellmacher und Paul Dachsel schufen f\u00fcr AMPHORA herausragende Entw\u00fcrfe. Am 10.08.1904 trat Stellmacher aus der von ihm mitgegr\u00fcndeten Fabrik Riessner, Stellmacher &#038; Kessel, sp\u00e4ter AMPHORA, aus und gr\u00fcndete in Turn am 27.03.1905 zusammen mit Karl Frank eine keramische Fabrik, Firmierung Eduard Stellmacher &#038; Co. Porzellanfabrik und kunstkeramische Industriewerke Turn. Diese ging 1910 in Konkurs und stellte 1912 die Produktion ein. Danach arbeitete Stellmacher wohl nicht mehr als Entwerfer sondern als Angestellter in verschiedenen Fabriken.   <\/p>\n<p><strong>Abteilung Austria\/Ungarn\/B\u00f6hmen, Keramik 1860 \u2013 1960, Inventarnummer A\/XXXIX\/1<\/strong><\/p>\n<p>Eduard Stellmacher &#038; Co. Porzellanfabrik und kunstkeramische Industriewerke Turn, B\u00f6hmen\/Austria, Turn, Teplitz\/Trnovany, Teplice, 1905 &#8211; 1912, Henkelschale, K\u00fcnstler Eduard Stellmacher, Werks.-Nr. 2141, Exemplar Nr. 1 (?), gemarkt Firmenmarke Stellmacher, darunter Potterie im Oval, darunter Teplitz im Rechteck unter Glasur aufgepr\u00e4gt, 2141 sowie 1 gepresst, nicht signiert, Literatur: Volker M\u00f6lle Riessner, Amphora Die Porzellan- und Keramik- Manufaktur in Nordb\u00f6hmen, S. 31, Beschreibung der Fabrik, Seite 33, weitere Beschreibung der Fabrik sowie Seite 164, Abbildung der identischen Marke f\u00fcr die Zeit 1905 \u2013 1912, Eduard Fritz Otto Stellmacher (geb. 07.06.1869 in Volkstedt, gest. im Oktober 1945 in Pilsen) trat am 10.08.1904 aus der von ihm mitgegr\u00fcndeten Fabrik Riessner, Stellmacher &#038; Kessel, sp\u00e4ter AMPHORA, aus und gr\u00fcndete in Turn am 27.03.1905 zusammen mit Karl Frank eine keramische Fabrik, Firmierung Eduard Stellmacher &#038; Co. Porzellanfabrik und kunstkeramische Industriewerke Turn, die Fabrik hatte in der Spitze 120 Mitarbeiter, exportierte weltweit und hatte Ausstellungsr\u00e4ume in Wien, Paris, Berlin, K\u00f6ln und Leipzig, am 10.02.1910 meldete die Fabrik Konkurs an, die Produktion wurde 1912 endg\u00fcltig eingestellt, l\u00fcstrierende Laufglasur in der Schale und stellenweise au\u00dfen,<br \/>\nH\u00f6he 11,5 cm, Breite 13 cm<\/p>\n<p><a href=\"http:\/\/museumek.eu\/wp-content\/uploads\/2012\/11\/Museum-Europ\u00e4ischer-Keramikkunst-1915.jpg\"><img loading=\"lazy\" src=\"http:\/\/museumek.eu\/wp-content\/uploads\/2012\/11\/Museum-Europ\u00e4ischer-Keramikkunst-1915-300x300.jpg\" alt=\"\" title=\"Museum Europ\u00e4ischer Keramikkunst 1915\" width=\"300\" height=\"300\" class=\"alignnone size-medium wp-image-16463\" srcset=\"http:\/\/museumek.eu\/wp-content\/uploads\/2012\/11\/Museum-Europ\u00e4ischer-Keramikkunst-1915-300x300.jpg 300w, http:\/\/museumek.eu\/wp-content\/uploads\/2012\/11\/Museum-Europ\u00e4ischer-Keramikkunst-1915-150x150.jpg 150w, http:\/\/museumek.eu\/wp-content\/uploads\/2012\/11\/Museum-Europ\u00e4ischer-Keramikkunst-1915-299x300.jpg 299w, http:\/\/museumek.eu\/wp-content\/uploads\/2012\/11\/Museum-Europ\u00e4ischer-Keramikkunst-1915.jpg 683w\" sizes=\"(max-width: 300px) 100vw, 300px\" \/><\/a><\/p>\n<p><a href=\"http:\/\/museumek.eu\/wp-content\/uploads\/2012\/11\/Museum-Europ\u00e4ischer-Keramikkunst-3504.jpg\"><img loading=\"lazy\" src=\"http:\/\/museumek.eu\/wp-content\/uploads\/2012\/11\/Museum-Europ\u00e4ischer-Keramikkunst-3504-273x300.jpg\" alt=\"\" title=\"Museum Europ\u00e4ischer Keramikkunst 3504\" width=\"273\" height=\"300\" class=\"alignnone size-medium wp-image-16464\" srcset=\"http:\/\/museumek.eu\/wp-content\/uploads\/2012\/11\/Museum-Europ\u00e4ischer-Keramikkunst-3504-273x300.jpg 273w, http:\/\/museumek.eu\/wp-content\/uploads\/2012\/11\/Museum-Europ\u00e4ischer-Keramikkunst-3504.jpg 624w\" sizes=\"(max-width: 273px) 100vw, 273px\" \/><\/a><\/p>\n<p><a href=\"http:\/\/museumek.eu\/wp-content\/uploads\/2012\/11\/Museum-Europ\u00e4ischer-Keramikkunst-3505.jpg\"><img loading=\"lazy\" src=\"http:\/\/museumek.eu\/wp-content\/uploads\/2012\/11\/Museum-Europ\u00e4ischer-Keramikkunst-3505-300x254.jpg\" alt=\"\" title=\"Museum Europ\u00e4ischer Keramikkunst 3505\" width=\"300\" height=\"254\" class=\"alignnone size-medium wp-image-16465\" srcset=\"http:\/\/museumek.eu\/wp-content\/uploads\/2012\/11\/Museum-Europ\u00e4ischer-Keramikkunst-3505-300x254.jpg 300w, http:\/\/museumek.eu\/wp-content\/uploads\/2012\/11\/Museum-Europ\u00e4ischer-Keramikkunst-3505-354x300.jpg 354w, http:\/\/museumek.eu\/wp-content\/uploads\/2012\/11\/Museum-Europ\u00e4ischer-Keramikkunst-3505.jpg 557w\" sizes=\"(max-width: 300px) 100vw, 300px\" \/><\/a><\/p>\n<p><strong>Abteilung Austria\/Ungarn\/B\u00f6hmen, Keramik 1860 \u2013 1960, Inventarnummer A\/XXXIX\/2<\/strong><\/p>\n<p>Eduard Stellmacher &#038; Co. Porzellanfabrik und kunstkeramische Industriewerke Turn, B\u00f6hmen\/Austria, Turn, Teplitz\/Trnovany, Teplice, 1905\/1906, Ziervase mit Schale, K\u00fcnstler Eduard Stellmacher, Werks.-Nr. 669 (?), Exemplar Nr. 31 (?), gemarkt Firmenmarke mit STELLMACHER, darunter eine verzierte Vase, darunter TEPLITZ brauner Stempel auf Glasur, 20 sowie E gepresst, 669 sowie 31 schwarz gemalt, nicht signiert (evtl. Signatur r\u00fcckseitig an der Vase, nicht lesbar), Literatur: Volker M\u00f6lle Riessner, Amphora Die Porzellan- und Keramik- Manufaktur in Nordb\u00f6hmen, S. 31, Beschreibung der Fabrik, Seite 33, weitere Beschreibung der Fabrik sowie Seite 164, Abbildung der identischen Marke f\u00fcr die Zeit 1905\/1906, Eduard Fritz Otto Stellmacher (geb. 07.06.1869 in Volkstedt, gest. im Oktober 1945 in Pilsen) trat am 10.08.1904 aus der von ihm mitgegr\u00fcndeten Fabrik Riessner, Stellmacher &#038; Kessel, sp\u00e4ter AMPHORA, aus und gr\u00fcndete in Turn am 27.03.1905 zusammen mit Karl Frank eine keramische Fabrik, Firmierung Eduard Stellmacher &#038; Co. Porzellanfabrik und kunstkeramische Industriewerke Turn, die Fabrik hatte in der Spitze 120 Mitarbeiter, exportierte weltweit und hatte Ausstellungsr\u00e4ume in Wien, Paris, Berlin, K\u00f6ln und Leipzig, am 10.02.1910 meldete die Fabrik Konkurs an, die Produktion wurde 1912 endg\u00fcltig eingestellt, Ausf\u00fchrung als Elfenbeinporzellan, H\u00f6he 26,8 cm, Breite 23 cm<\/p>\n<p><a href=\"http:\/\/museumek.eu\/wp-content\/uploads\/2012\/11\/Museum-Europ\u00e4ischer-Keramikkunst-3604.jpg\"><img loading=\"lazy\" src=\"http:\/\/museumek.eu\/wp-content\/uploads\/2012\/11\/Museum-Europ\u00e4ischer-Keramikkunst-3604-236x300.jpg\" alt=\"\" title=\"Museum Europ\u00e4ischer Keramikkunst 3604\" width=\"236\" height=\"300\" class=\"alignnone size-medium wp-image-17077\" srcset=\"http:\/\/museumek.eu\/wp-content\/uploads\/2012\/11\/Museum-Europ\u00e4ischer-Keramikkunst-3604-236x300.jpg 236w, http:\/\/museumek.eu\/wp-content\/uploads\/2012\/11\/Museum-Europ\u00e4ischer-Keramikkunst-3604.jpg 613w\" sizes=\"(max-width: 236px) 100vw, 236px\" \/><\/a><\/p>\n<p><a href=\"http:\/\/museumek.eu\/wp-content\/uploads\/2012\/11\/Museum-Europ\u00e4ischer-Keramikkunst-3610.jpg\"><img loading=\"lazy\" src=\"http:\/\/museumek.eu\/wp-content\/uploads\/2012\/11\/Museum-Europ\u00e4ischer-Keramikkunst-3610-300x215.jpg\" alt=\"\" title=\"Museum Europ\u00e4ischer Keramikkunst 3610\" width=\"300\" height=\"215\" class=\"alignnone size-medium wp-image-17078\" srcset=\"http:\/\/museumek.eu\/wp-content\/uploads\/2012\/11\/Museum-Europ\u00e4ischer-Keramikkunst-3610-300x215.jpg 300w, http:\/\/museumek.eu\/wp-content\/uploads\/2012\/11\/Museum-Europ\u00e4ischer-Keramikkunst-3610-418x300.jpg 418w, http:\/\/museumek.eu\/wp-content\/uploads\/2012\/11\/Museum-Europ\u00e4ischer-Keramikkunst-3610.jpg 804w\" sizes=\"(max-width: 300px) 100vw, 300px\" \/><\/a><\/p>\n<p><a href=\"http:\/\/museumek.eu\/wp-content\/uploads\/2012\/11\/Museum-Europ\u00e4ischer-Keramikkunst-3607.jpg\"><img loading=\"lazy\" src=\"http:\/\/museumek.eu\/wp-content\/uploads\/2012\/11\/Museum-Europ\u00e4ischer-Keramikkunst-3607-300x195.jpg\" alt=\"\" title=\"Museum Europ\u00e4ischer Keramikkunst 3607\" width=\"300\" height=\"195\" class=\"alignnone size-medium wp-image-17079\" srcset=\"http:\/\/museumek.eu\/wp-content\/uploads\/2012\/11\/Museum-Europ\u00e4ischer-Keramikkunst-3607-300x195.jpg 300w, http:\/\/museumek.eu\/wp-content\/uploads\/2012\/11\/Museum-Europ\u00e4ischer-Keramikkunst-3607-461x300.jpg 461w, http:\/\/museumek.eu\/wp-content\/uploads\/2012\/11\/Museum-Europ\u00e4ischer-Keramikkunst-3607.jpg 833w\" sizes=\"(max-width: 300px) 100vw, 300px\" \/><\/a><\/p>\n<p><a href=\"http:\/\/museumek.eu\/wp-content\/uploads\/2012\/11\/Museum-Europ\u00e4ischer-Keramikkunst-3609.jpg\"><img loading=\"lazy\" src=\"http:\/\/museumek.eu\/wp-content\/uploads\/2012\/11\/Museum-Europ\u00e4ischer-Keramikkunst-3609-219x300.jpg\" alt=\"\" title=\"Museum Europ\u00e4ischer Keramikkunst 3609\" width=\"219\" height=\"300\" class=\"alignnone size-medium wp-image-17080\" srcset=\"http:\/\/museumek.eu\/wp-content\/uploads\/2012\/11\/Museum-Europ\u00e4ischer-Keramikkunst-3609-219x300.jpg 219w, http:\/\/museumek.eu\/wp-content\/uploads\/2012\/11\/Museum-Europ\u00e4ischer-Keramikkunst-3609.jpg 222w\" sizes=\"(max-width: 219px) 100vw, 219px\" \/><\/a><\/p>\n<p><a href=\"http:\/\/museumek.eu\/wp-content\/uploads\/2012\/11\/Museum-Europ\u00e4ischer-Keramikkunst-3608.jpg\"><img loading=\"lazy\" src=\"http:\/\/museumek.eu\/wp-content\/uploads\/2012\/11\/Museum-Europ\u00e4ischer-Keramikkunst-3608-300x164.jpg\" alt=\"\" title=\"Museum Europ\u00e4ischer Keramikkunst 3608\" width=\"300\" height=\"164\" class=\"alignnone size-medium wp-image-17084\" srcset=\"http:\/\/museumek.eu\/wp-content\/uploads\/2012\/11\/Museum-Europ\u00e4ischer-Keramikkunst-3608-300x164.jpg 300w, http:\/\/museumek.eu\/wp-content\/uploads\/2012\/11\/Museum-Europ\u00e4ischer-Keramikkunst-3608.jpg 362w\" sizes=\"(max-width: 300px) 100vw, 300px\" \/><\/a><\/p>\n<p><a href=\"http:\/\/museumek.eu\/wp-content\/uploads\/2012\/11\/Museum-Europ\u00e4ischer-Keramikkunst-3606.jpg\"><img loading=\"lazy\" src=\"http:\/\/museumek.eu\/wp-content\/uploads\/2012\/11\/Museum-Europ\u00e4ischer-Keramikkunst-3606-300x169.jpg\" alt=\"\" title=\"Museum Europ\u00e4ischer Keramikkunst 3606\" width=\"300\" height=\"169\" class=\"alignnone size-medium wp-image-17081\" srcset=\"http:\/\/museumek.eu\/wp-content\/uploads\/2012\/11\/Museum-Europ\u00e4ischer-Keramikkunst-3606-300x169.jpg 300w, http:\/\/museumek.eu\/wp-content\/uploads\/2012\/11\/Museum-Europ\u00e4ischer-Keramikkunst-3606-500x282.jpg 500w, http:\/\/museumek.eu\/wp-content\/uploads\/2012\/11\/Museum-Europ\u00e4ischer-Keramikkunst-3606.jpg 629w\" sizes=\"(max-width: 300px) 100vw, 300px\" \/><\/a><\/p>\n<p><strong>Abteilung Austria\/Ungarn\/B\u00f6hmen, Keramik 1860 \u2013 1960, Inventarnummer A\/XXXIX\/3<\/strong><\/p>\n<p>Eduard Stellmacher &#038; Co. Porzellanfabrik und kunstkeramische Industriewerke Turn, B\u00f6hmen\/Austria, Turn, Teplitz\/Trnovany, Teplice, um 1905\/1906, Vase, K\u00fcnstler Eduard Stellmacher, Werks.-Nr. ohne, Exemplar Nr. ohne, gemarkt Firmenmarke mit STELLMACHER, darunter eine verzierte Vase, darunter TEPLITZ goldener Stempel auf Glasur, Austria goldener Stempel auf Glasur, 2 gepresst, 4 wei\u00df gemalt, Literatur: Volker M\u00f6lle Riessner, Amphora Die Porzellan- und Keramik- Manufaktur in Nordb\u00f6hmen, S. 31, Beschreibung der Fabrik, Seite 33, weitere Beschreibung der Fabrik sowie Seite 164, Abbildung der identischen Marke f\u00fcr die Zeit 1905\/1906, Eduard Fritz Otto Stellmacher (geb. 07.06.1869 in Volkstedt, gest. im Oktober 1945 in Pilsen) trat am 10.08.1904 aus der von ihm mitgegr\u00fcndeten Fabrik Riessner, Stellmacher &#038; Kessel, sp\u00e4ter AMPHORA, aus und gr\u00fcndete in Turn am 27.03.1905 zusammen mit Karl Frank eine keramische Fabrik, Firmierung Eduard Stellmacher &#038; Co. Porzellanfabrik und kunstkeramische Industriewerke Turn, die Fabrik hatte in der Spitze 120 Mitarbeiter, exportierte weltweit und hatte Ausstellungsr\u00e4ume in Wien, Paris, Berlin, K\u00f6ln und Leipzig, am 10.02.1910 meldete die Fabrik Konkurs an, die Produktion wurde 1912 endg\u00fcltig eingestellt, H\u00f6he 11,5 cm, Breite 14,5 cm<\/p>\n<p><a href=\"http:\/\/museumek.eu\/?attachment_id=43175\" rel=\"attachment wp-att-43175\"><img loading=\"lazy\" src=\"http:\/\/museumek.eu\/wp-content\/uploads\/2015\/08\/1718-300x282.jpg\" alt=\"\" title=\"1718\" width=\"300\" height=\"282\" class=\"alignnone size-medium wp-image-43175\" srcset=\"http:\/\/museumek.eu\/wp-content\/uploads\/2015\/08\/1718-300x282.jpg 300w, http:\/\/museumek.eu\/wp-content\/uploads\/2015\/08\/1718-150x141.jpg 150w, http:\/\/museumek.eu\/wp-content\/uploads\/2015\/08\/1718-319x300.jpg 319w, http:\/\/museumek.eu\/wp-content\/uploads\/2015\/08\/1718.jpg 638w\" sizes=\"(max-width: 300px) 100vw, 300px\" \/><\/a><\/p>\n<p><a href=\"http:\/\/museumek.eu\/?attachment_id=43176\" rel=\"attachment wp-att-43176\"><img loading=\"lazy\" src=\"http:\/\/museumek.eu\/wp-content\/uploads\/2015\/08\/1719-300x280.jpg\" alt=\"\" title=\"1719\" width=\"300\" height=\"280\" class=\"alignnone size-medium wp-image-43176\" srcset=\"http:\/\/museumek.eu\/wp-content\/uploads\/2015\/08\/1719-300x280.jpg 300w, http:\/\/museumek.eu\/wp-content\/uploads\/2015\/08\/1719-150x140.jpg 150w, http:\/\/museumek.eu\/wp-content\/uploads\/2015\/08\/1719-321x300.jpg 321w, http:\/\/museumek.eu\/wp-content\/uploads\/2015\/08\/1719.jpg 642w\" sizes=\"(max-width: 300px) 100vw, 300px\" \/><\/a><\/p>\n<p><a href=\"http:\/\/museumek.eu\/?attachment_id=43177\" rel=\"attachment wp-att-43177\"><img loading=\"lazy\" src=\"http:\/\/museumek.eu\/wp-content\/uploads\/2015\/08\/1720-300x227.jpg\" alt=\"\" title=\"1720\" width=\"300\" height=\"227\" class=\"alignnone size-medium wp-image-43177\" srcset=\"http:\/\/museumek.eu\/wp-content\/uploads\/2015\/08\/1720-300x227.jpg 300w, http:\/\/museumek.eu\/wp-content\/uploads\/2015\/08\/1720-150x113.jpg 150w, http:\/\/museumek.eu\/wp-content\/uploads\/2015\/08\/1720-395x300.jpg 395w, http:\/\/museumek.eu\/wp-content\/uploads\/2015\/08\/1720.jpg 791w\" sizes=\"(max-width: 300px) 100vw, 300px\" \/><\/a><\/p>\n","protected":false},"excerpt":{"rendered":"<p>Eduard Fritz Otto Stellmacher wurde am 07.06.1869 in Volkstedt geboren. Er starb im Oktober 1945 in Pilsen. Stellmacher war der Sohn des Porzellanfabrikanten Alfred Stellmacher. Seine Taufpaten waren der Porzellanfabrikbesitzer Eduard Enz und J. Friedrich Moersberger Commis der enz&#8217;schen Fabrik. &hellip; <a href=\"http:\/\/museumek.eu\/?page_id=18585\">Weiterlesen <span class=\"meta-nav\">&rarr;<\/span><\/a><\/p>\n","protected":false},"author":1,"featured_media":0,"parent":18582,"menu_order":1,"comment_status":"closed","ping_status":"open","template":"","meta":[],"_links":{"self":[{"href":"http:\/\/museumek.eu\/index.php?rest_route=\/wp\/v2\/pages\/18585"}],"collection":[{"href":"http:\/\/museumek.eu\/index.php?rest_route=\/wp\/v2\/pages"}],"about":[{"href":"http:\/\/museumek.eu\/index.php?rest_route=\/wp\/v2\/types\/page"}],"author":[{"embeddable":true,"href":"http:\/\/museumek.eu\/index.php?rest_route=\/wp\/v2\/users\/1"}],"replies":[{"embeddable":true,"href":"http:\/\/museumek.eu\/index.php?rest_route=%2Fwp%2Fv2%2Fcomments&post=18585"}],"version-history":[{"count":13,"href":"http:\/\/museumek.eu\/index.php?rest_route=\/wp\/v2\/pages\/18585\/revisions"}],"predecessor-version":[{"id":43196,"href":"http:\/\/museumek.eu\/index.php?rest_route=\/wp\/v2\/pages\/18585\/revisions\/43196"}],"up":[{"embeddable":true,"href":"http:\/\/museumek.eu\/index.php?rest_route=\/wp\/v2\/pages\/18582"}],"wp:attachment":[{"href":"http:\/\/museumek.eu\/index.php?rest_route=%2Fwp%2Fv2%2Fmedia&parent=18585"}],"curies":[{"name":"wp","href":"https:\/\/api.w.org\/{rel}","templated":true}]}}