{"id":1864,"date":"2011-08-19T22:10:26","date_gmt":"2011-08-19T20:10:26","guid":{"rendered":"http:\/\/museumek.eu\/?page_id=1864"},"modified":"2021-05-09T20:03:27","modified_gmt":"2021-05-09T18:03:27","slug":"dii7","status":"publish","type":"page","link":"http:\/\/museumek.eu\/?page_id=1864","title":{"rendered":"D\/II\/7"},"content":{"rendered":"<p><strong>Abteilung Deutschland, Keramik 1860 \u2013 1960, Inventarnummer D\/II\/7<\/strong><\/p>\n<p>Gro\u00dfherzogliche Majolika-Manufaktur und Nachf. Gro\u00dfherzogliche Majolika-Manufaktur Kunstkeramische Werkst\u00e4tten und Nachf. Gro\u00dfherzogliche Majolika-Manufaktur Karlsruhe Kunstkeramische Werkst\u00e4tten GmbH und Nachf. Gro\u00dfherzogliche Majolika-Manufaktur AG und Nachf. Staatliche Majolika-Manufaktur AG, Deutschland, Karlsruhe, 1958, Figur Pinguin, K\u00fcnstler Walter Bosse, Werks.-Nr. 6302, Exemplar Nr. ohne, keine Firmenmarke, nicht signiert, Literatur: Monika Bachmayer und Peter Schmitt, Karlsruher Majolika 1901 bis 2001, Seite 142, Werksverzeichnis, dort 6302 aufgef\u00fchrt, dort mit Pinguin bezeichnet, dort Bosse zugeordnet, dort Jahresangabe 1958 &#8211; 1964, dort Gr\u00f6\u00dfe mit 15 cm angegeben, Anm. MEK: die Zuordnung zur Werks.-Nr. 6302, erfolgt \u00fcber die Gr\u00f6\u00dfe der Figur, die in unterschiedlichen Gr\u00f6\u00dfen gefertigt worden ist, die Anf\u00e4nge der Manufaktur gehen zur\u00fcck bis auf das Engagement von Hans Thoma um 1895, der dann auch die Firmenmarke entwarf und die Gr\u00fcndung des Ceramischen Atelier Kronberg im Taunus durch Wilhelm S\u00fc\u00df und Karl Vogel um 1900, welches 1901 nach Karlsruhe umzog und damit den Grundstein legte, f\u00fcr die Gro\u00dfherzogliche Manufaktur, deren Bau durch Herzog Friedrich I. 1901 bewilligt und vollzogen wurde, bereits Ende 1901 begann die Manufaktur mit der Produktion, Firmierung Gro\u00dfherzogliche Majolika-Manufaktur, Wilhelm S\u00fc\u00df wurde Direktor und C. F. Otto M\u00fcller in Karlsruhe, \u00fcbernahm den Vertrieb bis 1907 als Generalverteter, 1909 wurde die Manufaktur in einen Neubau auf den herzoglichen Grund im Hardtwald verlegt, zur gleichen Zeit wurden zum Namen der Manufaktur die beiden Worte: Kunstkeramische Werkst\u00e4tten hinzugef\u00fcgt, Firmierung nun Gro\u00dfherzogliche Majolika-Manufaktur Kunstkeramische Werkst\u00e4tten, 1912 wurde die Manufaktur ins Handelsregister eingetragen, am 01. Juli 1919 wurde die Manufaktur an den als Direktor der Manufaktur t\u00e4tigen August Fricke und die beiden Industriellen Hans Duensing und Max Bicheroux verpachtet, am 25. M\u00e4rz 1919 ging die Manufaktur in den Besitz des Badischen Staates \u00fcber, am 01. Januar 1921 wurde die Manufaktur GmbH, Firmierung Gro\u00dfherzogliche Majolika-Manufaktur Karlsruhe Kunstkeramische Werkst\u00e4tten GmbH, am 31. Mai 1922 wurde die Manufaktur AG, Firmierung Gro\u00dfherzogliche Majolika-Manufaktur AG, ungef\u00e4hr zur gleichen Zeit wurden Kunstateliers f\u00fcr Max Laeuger, Ludwig K\u00f6nig und Paul Speck eingerichtet, 1923 wurde eine Abteilung f\u00fcr kirchliche Kunst eingerichtet, 1927 \u00e4nderte sich die Firmierung in Staatliche Majolika-Manufaktur AG, die Manufaktur arbeitet in geringem Ausma\u00df noch heute, H\u00f6he 15 cm, Breite 12 cm<\/p>\n<p><a href=\"http:\/\/museumek.eu\/wp-content\/uploads\/2011\/08\/Museum-Europ\u00e4ischer-Keramikkunst-Qualit\u00e4tsfotos-288.jpg\"><img loading=\"lazy\" src=\"http:\/\/museumek.eu\/wp-content\/uploads\/2011\/08\/Museum-Europ\u00e4ischer-Keramikkunst-Qualit\u00e4tsfotos-288-132x300.jpg\" alt=\"\" title=\"Museum Europ\u00e4ischer Keramikkunst Qualit\u00e4tsfotos 288\" width=\"132\" height=\"300\" class=\"alignnone size-medium wp-image-1865\" srcset=\"http:\/\/museumek.eu\/wp-content\/uploads\/2011\/08\/Museum-Europ\u00e4ischer-Keramikkunst-Qualit\u00e4tsfotos-288-132x300.jpg 132w, http:\/\/museumek.eu\/wp-content\/uploads\/2011\/08\/Museum-Europ\u00e4ischer-Keramikkunst-Qualit\u00e4tsfotos-288.jpg 410w\" sizes=\"(max-width: 132px) 100vw, 132px\" \/><\/a><\/p>\n","protected":false},"excerpt":{"rendered":"<p>Abteilung Deutschland, Keramik 1860 \u2013 1960, Inventarnummer D\/II\/7 Gro\u00dfherzogliche Majolika-Manufaktur und Nachf. Gro\u00dfherzogliche Majolika-Manufaktur Kunstkeramische Werkst\u00e4tten und Nachf. Gro\u00dfherzogliche Majolika-Manufaktur Karlsruhe Kunstkeramische Werkst\u00e4tten GmbH und Nachf. Gro\u00dfherzogliche Majolika-Manufaktur AG und Nachf. Staatliche Majolika-Manufaktur AG, Deutschland, Karlsruhe, 1958, Figur Pinguin, K\u00fcnstler &hellip; <a href=\"http:\/\/museumek.eu\/?page_id=1864\">Weiterlesen <span class=\"meta-nav\">&rarr;<\/span><\/a><\/p>\n","protected":false},"author":1,"featured_media":0,"parent":1819,"menu_order":7,"comment_status":"closed","ping_status":"closed","template":"","meta":[],"_links":{"self":[{"href":"http:\/\/museumek.eu\/index.php?rest_route=\/wp\/v2\/pages\/1864"}],"collection":[{"href":"http:\/\/museumek.eu\/index.php?rest_route=\/wp\/v2\/pages"}],"about":[{"href":"http:\/\/museumek.eu\/index.php?rest_route=\/wp\/v2\/types\/page"}],"author":[{"embeddable":true,"href":"http:\/\/museumek.eu\/index.php?rest_route=\/wp\/v2\/users\/1"}],"replies":[{"embeddable":true,"href":"http:\/\/museumek.eu\/index.php?rest_route=%2Fwp%2Fv2%2Fcomments&post=1864"}],"version-history":[{"count":7,"href":"http:\/\/museumek.eu\/index.php?rest_route=\/wp\/v2\/pages\/1864\/revisions"}],"predecessor-version":[{"id":56792,"href":"http:\/\/museumek.eu\/index.php?rest_route=\/wp\/v2\/pages\/1864\/revisions\/56792"}],"up":[{"embeddable":true,"href":"http:\/\/museumek.eu\/index.php?rest_route=\/wp\/v2\/pages\/1819"}],"wp:attachment":[{"href":"http:\/\/museumek.eu\/index.php?rest_route=%2Fwp%2Fv2%2Fmedia&parent=1864"}],"curies":[{"name":"wp","href":"https:\/\/api.w.org\/{rel}","templated":true}]}}