{"id":18711,"date":"2013-03-03T20:10:57","date_gmt":"2013-03-03T19:10:57","guid":{"rendered":"http:\/\/museumek.eu\/?page_id=18711"},"modified":"2013-03-03T20:10:57","modified_gmt":"2013-03-03T19:10:57","slug":"axxii4","status":"publish","type":"page","link":"http:\/\/museumek.eu\/?page_id=18711","title":{"rendered":"A\/XXII\/4"},"content":{"rendered":"<p><strong>Abteilung Austria\/Ungarn\/B\u00f6hmen, Keramik 1860 \u2013 1960, Inventarnummer A\/XXII\/4<\/strong><\/p>\n<p>Manufaktur Riessner, Stellmacher &#038; Kessel K.K. privilegierte keramische Werke Amphora, B\u00f6hmen\/Austria, Turn\/Teplitz, um 1900, Vase, K\u00fcnstler Paul Dachsel (attr.), Werks.-Nr. 3635, Exemplar Nr. ohne, gemarkt Amphora im Oval, 3635 sowie ungedeutetes Dreieck gepresst, nicht signiert, Literatur: Waltraud Neuwirth, Bl\u00fchender Jugendstil, Band II, Seite 103 ff., Firmenschreibung sowie Seite 117, Abbildung Marke Nr. 10 identische Marke, weitere Literatur: Volker M\u00f6lle Riessner, Amphora Die Porzellan- und Keramik- Manufaktur in Nordb\u00f6hmen, Seite 31, Beschreibung der Bezeichnung der Manufaktur, Seite 71, Abbildungen von Vasen nach Entw\u00fcrfen von Paul Dachsel mit aufgelegten pflanzlichen Dekoren sowie Seite 159, Abbildung der identischen Marke, rie\u00dfige blaue Glascabochons als Fr\u00fcchte, H\u00f6he 34 cm, Breite 23 cm<\/p>\n<p><a href=\"http:\/\/museumek.eu\/wp-content\/uploads\/2013\/03\/Museum-Europ\u00e4ischer-Keramikkunst-41565.jpg\"><img loading=\"lazy\" src=\"http:\/\/museumek.eu\/wp-content\/uploads\/2013\/03\/Museum-Europ\u00e4ischer-Keramikkunst-41565-247x300.jpg\" alt=\"\" title=\"Museum Europ\u00e4ischer Keramikkunst 4156\" width=\"247\" height=\"300\" class=\"alignnone size-medium wp-image-18713\" srcset=\"http:\/\/museumek.eu\/wp-content\/uploads\/2013\/03\/Museum-Europ\u00e4ischer-Keramikkunst-41565-247x300.jpg 247w, http:\/\/museumek.eu\/wp-content\/uploads\/2013\/03\/Museum-Europ\u00e4ischer-Keramikkunst-41565.jpg 752w\" sizes=\"(max-width: 247px) 100vw, 247px\" \/><\/a><\/p>\n<p><a href=\"http:\/\/museumek.eu\/wp-content\/uploads\/2013\/03\/Museum-Europ\u00e4ischer-Keramikkunst-41571.jpg\"><img loading=\"lazy\" src=\"http:\/\/museumek.eu\/wp-content\/uploads\/2013\/03\/Museum-Europ\u00e4ischer-Keramikkunst-41571-225x300.jpg\" alt=\"\" title=\"Museum Europ\u00e4ischer Keramikkunst 4157\" width=\"225\" height=\"300\" class=\"alignnone size-medium wp-image-18714\" srcset=\"http:\/\/museumek.eu\/wp-content\/uploads\/2013\/03\/Museum-Europ\u00e4ischer-Keramikkunst-41571-225x300.jpg 225w, http:\/\/museumek.eu\/wp-content\/uploads\/2013\/03\/Museum-Europ\u00e4ischer-Keramikkunst-41571.jpg 768w\" sizes=\"(max-width: 225px) 100vw, 225px\" \/><\/a><\/p>\n<p><a href=\"http:\/\/museumek.eu\/wp-content\/uploads\/2013\/03\/Museum-Europ\u00e4ischer-Keramikkunst-4158.jpg\"><img loading=\"lazy\" src=\"http:\/\/museumek.eu\/wp-content\/uploads\/2013\/03\/Museum-Europ\u00e4ischer-Keramikkunst-4158-225x300.jpg\" alt=\"\" title=\"Museum Europ\u00e4ischer Keramikkunst 4158\" width=\"225\" height=\"300\" class=\"alignnone size-medium wp-image-18715\" srcset=\"http:\/\/museumek.eu\/wp-content\/uploads\/2013\/03\/Museum-Europ\u00e4ischer-Keramikkunst-4158-225x300.jpg 225w, http:\/\/museumek.eu\/wp-content\/uploads\/2013\/03\/Museum-Europ\u00e4ischer-Keramikkunst-4158.jpg 768w\" sizes=\"(max-width: 225px) 100vw, 225px\" \/><\/a><\/p>\n<p><a href=\"http:\/\/museumek.eu\/wp-content\/uploads\/2013\/03\/Museum-Europ\u00e4ischer-Keramikkunst-41661.jpg\"><img loading=\"lazy\" src=\"http:\/\/museumek.eu\/wp-content\/uploads\/2013\/03\/Museum-Europ\u00e4ischer-Keramikkunst-41661-225x300.jpg\" alt=\"\" title=\"Museum Europ\u00e4ischer Keramikkunst 4166\" width=\"225\" height=\"300\" class=\"alignnone size-medium wp-image-18717\" srcset=\"http:\/\/museumek.eu\/wp-content\/uploads\/2013\/03\/Museum-Europ\u00e4ischer-Keramikkunst-41661-225x300.jpg 225w, http:\/\/museumek.eu\/wp-content\/uploads\/2013\/03\/Museum-Europ\u00e4ischer-Keramikkunst-41661.jpg 768w\" sizes=\"(max-width: 225px) 100vw, 225px\" \/><\/a><\/p>\n<p><a href=\"http:\/\/museumek.eu\/wp-content\/uploads\/2013\/03\/Museum-Europ\u00e4ischer-Keramikkunst-4165.jpg\"><img loading=\"lazy\" src=\"http:\/\/museumek.eu\/wp-content\/uploads\/2013\/03\/Museum-Europ\u00e4ischer-Keramikkunst-4165-300x231.jpg\" alt=\"\" title=\"Museum Europ\u00e4ischer Keramikkunst 4165\" width=\"300\" height=\"231\" class=\"alignnone size-medium wp-image-18718\" srcset=\"http:\/\/museumek.eu\/wp-content\/uploads\/2013\/03\/Museum-Europ\u00e4ischer-Keramikkunst-4165-300x231.jpg 300w, http:\/\/museumek.eu\/wp-content\/uploads\/2013\/03\/Museum-Europ\u00e4ischer-Keramikkunst-4165-388x300.jpg 388w, http:\/\/museumek.eu\/wp-content\/uploads\/2013\/03\/Museum-Europ\u00e4ischer-Keramikkunst-4165.jpg 664w\" sizes=\"(max-width: 300px) 100vw, 300px\" \/><\/a><\/p>\n<p><a href=\"http:\/\/museumek.eu\/wp-content\/uploads\/2013\/03\/Museum-Europ\u00e4ischer-Keramikkunst-4163.jpg\"><img loading=\"lazy\" src=\"http:\/\/museumek.eu\/wp-content\/uploads\/2013\/03\/Museum-Europ\u00e4ischer-Keramikkunst-4163-300x243.jpg\" alt=\"\" title=\"Museum Europ\u00e4ischer Keramikkunst 4163\" width=\"300\" height=\"243\" class=\"alignnone size-medium wp-image-18719\" srcset=\"http:\/\/museumek.eu\/wp-content\/uploads\/2013\/03\/Museum-Europ\u00e4ischer-Keramikkunst-4163-300x243.jpg 300w, http:\/\/museumek.eu\/wp-content\/uploads\/2013\/03\/Museum-Europ\u00e4ischer-Keramikkunst-4163-369x300.jpg 369w, http:\/\/museumek.eu\/wp-content\/uploads\/2013\/03\/Museum-Europ\u00e4ischer-Keramikkunst-4163.jpg 945w\" sizes=\"(max-width: 300px) 100vw, 300px\" \/><\/a><\/p>\n<p><a href=\"http:\/\/museumek.eu\/wp-content\/uploads\/2013\/03\/Museum-Europ\u00e4ischer-Keramikkunst-4164.jpg\"><img loading=\"lazy\" src=\"http:\/\/museumek.eu\/wp-content\/uploads\/2013\/03\/Museum-Europ\u00e4ischer-Keramikkunst-4164-300x205.jpg\" alt=\"\" title=\"Museum Europ\u00e4ischer Keramikkunst 4164\" width=\"300\" height=\"205\" class=\"alignnone size-medium wp-image-18720\" srcset=\"http:\/\/museumek.eu\/wp-content\/uploads\/2013\/03\/Museum-Europ\u00e4ischer-Keramikkunst-4164-300x205.jpg 300w, http:\/\/museumek.eu\/wp-content\/uploads\/2013\/03\/Museum-Europ\u00e4ischer-Keramikkunst-4164-437x300.jpg 437w, http:\/\/museumek.eu\/wp-content\/uploads\/2013\/03\/Museum-Europ\u00e4ischer-Keramikkunst-4164.jpg 1007w\" sizes=\"(max-width: 300px) 100vw, 300px\" \/><\/a><\/p>\n<p><a href=\"http:\/\/museumek.eu\/wp-content\/uploads\/2013\/03\/Museum-Europ\u00e4ischer-Keramikkunst-4161.jpg\"><img loading=\"lazy\" src=\"http:\/\/museumek.eu\/wp-content\/uploads\/2013\/03\/Museum-Europ\u00e4ischer-Keramikkunst-4161-300x225.jpg\" alt=\"\" title=\"Museum Europ\u00e4ischer Keramikkunst 4161\" width=\"300\" height=\"225\" class=\"alignnone size-medium wp-image-18721\" srcset=\"http:\/\/museumek.eu\/wp-content\/uploads\/2013\/03\/Museum-Europ\u00e4ischer-Keramikkunst-4161-300x225.jpg 300w, http:\/\/museumek.eu\/wp-content\/uploads\/2013\/03\/Museum-Europ\u00e4ischer-Keramikkunst-4161-400x300.jpg 400w, http:\/\/museumek.eu\/wp-content\/uploads\/2013\/03\/Museum-Europ\u00e4ischer-Keramikkunst-4161.jpg 1024w\" sizes=\"(max-width: 300px) 100vw, 300px\" \/><\/a><\/p>\n","protected":false},"excerpt":{"rendered":"<p>Abteilung Austria\/Ungarn\/B\u00f6hmen, Keramik 1860 \u2013 1960, Inventarnummer A\/XXII\/4 Manufaktur Riessner, Stellmacher &#038; Kessel K.K. privilegierte keramische Werke Amphora, B\u00f6hmen\/Austria, Turn\/Teplitz, um 1900, Vase, K\u00fcnstler Paul Dachsel (attr.), Werks.-Nr. 3635, Exemplar Nr. ohne, gemarkt Amphora im Oval, 3635 sowie ungedeutetes Dreieck &hellip; <a href=\"http:\/\/museumek.eu\/?page_id=18711\">Weiterlesen <span class=\"meta-nav\">&rarr;<\/span><\/a><\/p>\n","protected":false},"author":1,"featured_media":0,"parent":1383,"menu_order":4,"comment_status":"closed","ping_status":"open","template":"","meta":[],"_links":{"self":[{"href":"http:\/\/museumek.eu\/index.php?rest_route=\/wp\/v2\/pages\/18711"}],"collection":[{"href":"http:\/\/museumek.eu\/index.php?rest_route=\/wp\/v2\/pages"}],"about":[{"href":"http:\/\/museumek.eu\/index.php?rest_route=\/wp\/v2\/types\/page"}],"author":[{"embeddable":true,"href":"http:\/\/museumek.eu\/index.php?rest_route=\/wp\/v2\/users\/1"}],"replies":[{"embeddable":true,"href":"http:\/\/museumek.eu\/index.php?rest_route=%2Fwp%2Fv2%2Fcomments&post=18711"}],"version-history":[{"count":2,"href":"http:\/\/museumek.eu\/index.php?rest_route=\/wp\/v2\/pages\/18711\/revisions"}],"predecessor-version":[{"id":18723,"href":"http:\/\/museumek.eu\/index.php?rest_route=\/wp\/v2\/pages\/18711\/revisions\/18723"}],"up":[{"embeddable":true,"href":"http:\/\/museumek.eu\/index.php?rest_route=\/wp\/v2\/pages\/1383"}],"wp:attachment":[{"href":"http:\/\/museumek.eu\/index.php?rest_route=%2Fwp%2Fv2%2Fmedia&parent=18711"}],"curies":[{"name":"wp","href":"https:\/\/api.w.org\/{rel}","templated":true}]}}