{"id":18737,"date":"2013-03-03T20:33:17","date_gmt":"2013-03-03T19:33:17","guid":{"rendered":"http:\/\/museumek.eu\/?page_id=18737"},"modified":"2013-03-03T20:33:17","modified_gmt":"2013-03-03T19:33:17","slug":"axxii6","status":"publish","type":"page","link":"http:\/\/museumek.eu\/?page_id=18737","title":{"rendered":"A\/XXII\/6"},"content":{"rendered":"<p><strong>Abteilung Austria\/Ungarn\/B\u00f6hmen, Keramik 1860 \u2013 1960, Inventarnummer A\/XXII\/6<\/strong><\/p>\n<p>Manufaktur Amphora &#8211; Werke Riessner Kunstkeramische Betriebe, B\u00f6hmen\/Austria, Turn\/Teplitz, um 1925, Vase, K\u00fcnstler unbekannt, Werks.-Nr. 6248, Exemplar Nr. ohne, gemarkt Firmenmarke mit Amphora und Krone blauer Stempel unter Glasur, 6248 gepresst, nicht signiert, Literatur: Waltraud Neuwirth, Bl\u00fchender Jugendstil, Band II, Seite 103 ff., Firmenbeschreibung, weitere Literatur: Volker M\u00f6lle Riessner, Amphora Die Porzellan- und Keramik- Manufaktur in Nordb\u00f6hmen, Seite 31, Beschreibung der Bezeichnung der Manufaktur sowie Seite 161, Abbildung der identischen Marke (f\u00fcr die Zeit von 1918 bis 1945), H\u00f6he 22 cm, Breite 15 cm<\/p>\n<p><a href=\"http:\/\/museumek.eu\/wp-content\/uploads\/2013\/03\/Museum-Europ\u00e4ischer-Keramikkunst-3602.jpg\"><img loading=\"lazy\" src=\"http:\/\/museumek.eu\/wp-content\/uploads\/2013\/03\/Museum-Europ\u00e4ischer-Keramikkunst-3602-239x300.jpg\" alt=\"\" title=\"Museum Europ\u00e4ischer Keramikkunst 3602\" width=\"239\" height=\"300\" class=\"alignnone size-medium wp-image-18738\" srcset=\"http:\/\/museumek.eu\/wp-content\/uploads\/2013\/03\/Museum-Europ\u00e4ischer-Keramikkunst-3602-239x300.jpg 239w, http:\/\/museumek.eu\/wp-content\/uploads\/2013\/03\/Museum-Europ\u00e4ischer-Keramikkunst-3602.jpg 652w\" sizes=\"(max-width: 239px) 100vw, 239px\" \/><\/a><\/p>\n<p><a href=\"http:\/\/museumek.eu\/wp-content\/uploads\/2013\/03\/Museum-Europ\u00e4ischer-Keramikkunst-3603.jpg\"><img loading=\"lazy\" src=\"http:\/\/museumek.eu\/wp-content\/uploads\/2013\/03\/Museum-Europ\u00e4ischer-Keramikkunst-3603-300x280.jpg\" alt=\"\" title=\"Museum Europ\u00e4ischer Keramikkunst 3603\" width=\"300\" height=\"280\" class=\"alignnone size-medium wp-image-18739\" srcset=\"http:\/\/museumek.eu\/wp-content\/uploads\/2013\/03\/Museum-Europ\u00e4ischer-Keramikkunst-3603-300x280.jpg 300w, http:\/\/museumek.eu\/wp-content\/uploads\/2013\/03\/Museum-Europ\u00e4ischer-Keramikkunst-3603-321x300.jpg 321w, http:\/\/museumek.eu\/wp-content\/uploads\/2013\/03\/Museum-Europ\u00e4ischer-Keramikkunst-3603.jpg 564w\" sizes=\"(max-width: 300px) 100vw, 300px\" \/><\/a><\/p>\n","protected":false},"excerpt":{"rendered":"<p>Abteilung Austria\/Ungarn\/B\u00f6hmen, Keramik 1860 \u2013 1960, Inventarnummer A\/XXII\/6 Manufaktur Amphora &#8211; Werke Riessner Kunstkeramische Betriebe, B\u00f6hmen\/Austria, Turn\/Teplitz, um 1925, Vase, K\u00fcnstler unbekannt, Werks.-Nr. 6248, Exemplar Nr. ohne, gemarkt Firmenmarke mit Amphora und Krone blauer Stempel unter Glasur, 6248 gepresst, nicht &hellip; <a href=\"http:\/\/museumek.eu\/?page_id=18737\">Weiterlesen <span class=\"meta-nav\">&rarr;<\/span><\/a><\/p>\n","protected":false},"author":1,"featured_media":0,"parent":1383,"menu_order":6,"comment_status":"closed","ping_status":"open","template":"","meta":[],"_links":{"self":[{"href":"http:\/\/museumek.eu\/index.php?rest_route=\/wp\/v2\/pages\/18737"}],"collection":[{"href":"http:\/\/museumek.eu\/index.php?rest_route=\/wp\/v2\/pages"}],"about":[{"href":"http:\/\/museumek.eu\/index.php?rest_route=\/wp\/v2\/types\/page"}],"author":[{"embeddable":true,"href":"http:\/\/museumek.eu\/index.php?rest_route=\/wp\/v2\/users\/1"}],"replies":[{"embeddable":true,"href":"http:\/\/museumek.eu\/index.php?rest_route=%2Fwp%2Fv2%2Fcomments&post=18737"}],"version-history":[{"count":2,"href":"http:\/\/museumek.eu\/index.php?rest_route=\/wp\/v2\/pages\/18737\/revisions"}],"predecessor-version":[{"id":18741,"href":"http:\/\/museumek.eu\/index.php?rest_route=\/wp\/v2\/pages\/18737\/revisions\/18741"}],"up":[{"embeddable":true,"href":"http:\/\/museumek.eu\/index.php?rest_route=\/wp\/v2\/pages\/1383"}],"wp:attachment":[{"href":"http:\/\/museumek.eu\/index.php?rest_route=%2Fwp%2Fv2%2Fmedia&parent=18737"}],"curies":[{"name":"wp","href":"https:\/\/api.w.org\/{rel}","templated":true}]}}