{"id":18778,"date":"2013-03-04T19:43:59","date_gmt":"2013-03-04T18:43:59","guid":{"rendered":"http:\/\/museumek.eu\/?page_id=18778"},"modified":"2014-04-06T21:44:11","modified_gmt":"2014-04-06T19:44:11","slug":"dliii2","status":"publish","type":"page","link":"http:\/\/museumek.eu\/?page_id=18778","title":{"rendered":"D\/LIII\/2"},"content":{"rendered":"<p><strong>Abteilung Deutschland, Keramik 1860 \u2013 1960, Inventarnummer D\/LIII\/2<\/strong><\/p>\n<p>Steingut- und Steinzeugfabrik, Kunstt\u00f6pferei, Zinngie\u00dferei Merkelbach &#038; Wick und Nachfolger Steingutfabrik Wick Werke AG, Vereinigte Fabriken Merkelbach &#038; Wick und Merkelbach, Stadelmann &#038; Co., Deutschland, Grenzhausen, vor 1912, Krug, K\u00fcnstler Charlotte Krause (attr.), Werks.-Nr. 1249, Exemplar Nr. ohne, gemarkt Firmenmarke Rundstempel mit M &#038; W sowie Gr. (f\u00fcr Merkelbach, Wick, Grenzhausen), 1 L \u00fcber Eichstrich sowie F P (?) gepresst, nicht signiert, Literatur: Gisela Reineking von Bock, Meister der deutschen Keramik, Seite 329, Marke Nr. 214 identisch, weitere Literatur: J\u00fcrgen Schimanski und J\u00fcrgen Erlebach, Westerw\u00e4lder Steinzeug, Die Neue \u00c4ra, Seite 109, Fabrikbeschreibung sowie Marke Nr. 36 identisch, weitere Literatur: J\u00fcrgen Schimanski, Braun geflammt und grau gesalzen, Seite 164, dort beschrieben, dass Charlotte Krause Entw\u00fcrfe f\u00fcr Merkelbach &#038; Wick geliefert hat, Seite 165, Abbildung 368 sowie Seite 166, Abbildung 375 Kannen mit \u00e4hnlichen Dekorelementen nach Entw\u00fcrfen von Charlotte Krause (deshalb erfolgt die Zuordnung zu Charlotte Krause), Seite 215, Beschreibung der Fabrik und Beschreibung, dass die 1 Liter Kr\u00fcge mit der Modellnummer 1200 starteten sowie Seite 216, Marke Nr. 36 identisch, weitere Literatur: Beate Dry-von Zezschwitz, Westerw\u00e4lder Steinzug des Jugendstils I, Reinhold Merkelbach, Spezialpreisliste 1905, Seite 10 ff., Fabrikbeschreibung, der 1840 geborene Friedrich Wilhelm Merkelbach (gest. 1896) betrieb eine Kannenb\u00e4ckerei oder bereits eine keramische Fabrik, die unter dem Namen F. W. Merkelbach II. firmierte, 1872 (oder 1874) nimmt Friedrich Wilhelm Merkelbach den Bildhauer (Johann) Georg Peter Wick (geb. 1837, gest. 1914) in die Firma auf, die Firmierung \u00e4ndert sich in Steingut- und Steinzeugfabrik, Kunstt\u00f6pferei, Zinngie\u00dferei Merkelbach &#038; Wick, ab 1882\/1883 produzieren Sie als eine der ersten Westerw\u00e4lder Fabriken Elfenbeinsteinzeug, \u00fcber die H\u00e4lfte der Produktion wird in die USA exportiert, in der Zeit von 1886 bis 1897 liefert die Fabrik Halbfertigerzeugnisse an die keramische Fabrik von Hauber &#038; Reuther, Jugenstilk\u00fcnstler wie Peter Behrens und Henry van de Velde liefern um 1900 herausragende Entw\u00fcrfe, 1895 tritt Wicks Sohn (und evtl. gleichzeitig Merkelbachs Schwiegersohn) Ludwig Konrad Wick in die Fabrik ein und \u00fcbernimmt sicher zeitnah auch deren Leitung, bis er 1910\/1911 die Leitung an seine Frau Emma abgibt, 1921\/1922 fusioniert die Fabrik mit der um 1867 in Grenzhausen von Friedrich Wilhelm Merkelbach, Theodor Stadelmann und Julius Schr\u00f6der als Mahl- und Schleifsteinfabrik gegr\u00fcndeten Fabrik Merkelbach, Stadelmann &#038; Co. (wahrscheinlich war Konrad Wicks Frau Emma bereits Miteigent\u00fcmer dieser Fabrik) zur Steingutfabrik Wick Werke AG, Vereinigte Fabriken Merkelbach &#038; Wick und Merkelbach, Stadelmann &#038; Co., die Fabrik bestand rund 100 Jahre, H\u00f6he 18 cm, Breite 15 cm<\/p>\n<p><a href=\"http:\/\/museumek.eu\/wp-content\/uploads\/2013\/03\/Museum-Europ\u00e4ischer-Keramikkunst-4131.jpg\"><img loading=\"lazy\" src=\"http:\/\/museumek.eu\/wp-content\/uploads\/2013\/03\/Museum-Europ\u00e4ischer-Keramikkunst-4131-214x300.jpg\" alt=\"\" title=\"Museum Europ\u00e4ischer Keramikkunst 4131\" width=\"214\" height=\"300\" class=\"alignnone size-medium wp-image-18779\" srcset=\"http:\/\/museumek.eu\/wp-content\/uploads\/2013\/03\/Museum-Europ\u00e4ischer-Keramikkunst-4131-214x300.jpg 214w, http:\/\/museumek.eu\/wp-content\/uploads\/2013\/03\/Museum-Europ\u00e4ischer-Keramikkunst-4131.jpg 698w\" sizes=\"(max-width: 214px) 100vw, 214px\" \/><\/a><\/p>\n<p><a href=\"http:\/\/museumek.eu\/wp-content\/uploads\/2013\/03\/Museum-Europ\u00e4ischer-Keramikkunst-4132.jpg\"><img loading=\"lazy\" src=\"http:\/\/museumek.eu\/wp-content\/uploads\/2013\/03\/Museum-Europ\u00e4ischer-Keramikkunst-4132-228x300.jpg\" alt=\"\" title=\"Museum Europ\u00e4ischer Keramikkunst 4132\" width=\"228\" height=\"300\" class=\"alignnone size-medium wp-image-18780\" srcset=\"http:\/\/museumek.eu\/wp-content\/uploads\/2013\/03\/Museum-Europ\u00e4ischer-Keramikkunst-4132-228x300.jpg 228w, http:\/\/museumek.eu\/wp-content\/uploads\/2013\/03\/Museum-Europ\u00e4ischer-Keramikkunst-4132.jpg 458w\" sizes=\"(max-width: 228px) 100vw, 228px\" \/><\/a><\/p>\n<p><a href=\"http:\/\/museumek.eu\/wp-content\/uploads\/2013\/03\/Museum-Europ\u00e4ischer-Keramikkunst-4133.jpg\"><img loading=\"lazy\" src=\"http:\/\/museumek.eu\/wp-content\/uploads\/2013\/03\/Museum-Europ\u00e4ischer-Keramikkunst-4133-300x178.jpg\" alt=\"\" title=\"Museum Europ\u00e4ischer Keramikkunst 4133\" width=\"300\" height=\"178\" class=\"alignnone size-medium wp-image-18781\" srcset=\"http:\/\/museumek.eu\/wp-content\/uploads\/2013\/03\/Museum-Europ\u00e4ischer-Keramikkunst-4133-300x178.jpg 300w, http:\/\/museumek.eu\/wp-content\/uploads\/2013\/03\/Museum-Europ\u00e4ischer-Keramikkunst-4133-500x297.jpg 500w, http:\/\/museumek.eu\/wp-content\/uploads\/2013\/03\/Museum-Europ\u00e4ischer-Keramikkunst-4133.jpg 513w\" sizes=\"(max-width: 300px) 100vw, 300px\" \/><\/a><\/p>\n<p><a href=\"http:\/\/museumek.eu\/wp-content\/uploads\/2013\/03\/Museum-Europ\u00e4ischer-Keramikkunst-4134.jpg\"><img loading=\"lazy\" src=\"http:\/\/museumek.eu\/wp-content\/uploads\/2013\/03\/Museum-Europ\u00e4ischer-Keramikkunst-4134-244x300.jpg\" alt=\"\" title=\"Museum Europ\u00e4ischer Keramikkunst 4134\" width=\"244\" height=\"300\" class=\"alignnone size-medium wp-image-18782\" srcset=\"http:\/\/museumek.eu\/wp-content\/uploads\/2013\/03\/Museum-Europ\u00e4ischer-Keramikkunst-4134-244x300.jpg 244w, http:\/\/museumek.eu\/wp-content\/uploads\/2013\/03\/Museum-Europ\u00e4ischer-Keramikkunst-4134.jpg 684w\" sizes=\"(max-width: 244px) 100vw, 244px\" \/><\/a><\/p>\n<p><a href=\"http:\/\/museumek.eu\/wp-content\/uploads\/2013\/03\/Museum-Europ\u00e4ischer-Keramikkunst-4135.jpg\"><img loading=\"lazy\" src=\"http:\/\/museumek.eu\/wp-content\/uploads\/2013\/03\/Museum-Europ\u00e4ischer-Keramikkunst-4135-191x300.jpg\" alt=\"\" title=\"Museum Europ\u00e4ischer Keramikkunst 4135\" width=\"191\" height=\"300\" class=\"alignnone size-medium wp-image-18783\" srcset=\"http:\/\/museumek.eu\/wp-content\/uploads\/2013\/03\/Museum-Europ\u00e4ischer-Keramikkunst-4135-191x300.jpg 191w, http:\/\/museumek.eu\/wp-content\/uploads\/2013\/03\/Museum-Europ\u00e4ischer-Keramikkunst-4135.jpg 346w\" sizes=\"(max-width: 191px) 100vw, 191px\" \/><\/a><\/p>\n<p><a href=\"http:\/\/museumek.eu\/wp-content\/uploads\/2013\/03\/Museum-Europ\u00e4ischer-Keramikkunst-4136.jpg\"><img loading=\"lazy\" src=\"http:\/\/museumek.eu\/wp-content\/uploads\/2013\/03\/Museum-Europ\u00e4ischer-Keramikkunst-4136-300x138.jpg\" alt=\"\" title=\"Museum Europ\u00e4ischer Keramikkunst 4136\" width=\"300\" height=\"138\" class=\"alignnone size-medium wp-image-18784\" srcset=\"http:\/\/museumek.eu\/wp-content\/uploads\/2013\/03\/Museum-Europ\u00e4ischer-Keramikkunst-4136-300x138.jpg 300w, http:\/\/museumek.eu\/wp-content\/uploads\/2013\/03\/Museum-Europ\u00e4ischer-Keramikkunst-4136-500x230.jpg 500w, http:\/\/museumek.eu\/wp-content\/uploads\/2013\/03\/Museum-Europ\u00e4ischer-Keramikkunst-4136.jpg 530w\" sizes=\"(max-width: 300px) 100vw, 300px\" \/><\/a><\/p>\n","protected":false},"excerpt":{"rendered":"<p>Abteilung Deutschland, Keramik 1860 \u2013 1960, Inventarnummer D\/LIII\/2 Steingut- und Steinzeugfabrik, Kunstt\u00f6pferei, Zinngie\u00dferei Merkelbach &#038; Wick und Nachfolger Steingutfabrik Wick Werke AG, Vereinigte Fabriken Merkelbach &#038; Wick und Merkelbach, Stadelmann &#038; Co., Deutschland, Grenzhausen, vor 1912, Krug, K\u00fcnstler Charlotte Krause &hellip; <a href=\"http:\/\/museumek.eu\/?page_id=18778\">Weiterlesen <span class=\"meta-nav\">&rarr;<\/span><\/a><\/p>\n","protected":false},"author":1,"featured_media":0,"parent":12474,"menu_order":2,"comment_status":"closed","ping_status":"open","template":"","meta":[],"_links":{"self":[{"href":"http:\/\/museumek.eu\/index.php?rest_route=\/wp\/v2\/pages\/18778"}],"collection":[{"href":"http:\/\/museumek.eu\/index.php?rest_route=\/wp\/v2\/pages"}],"about":[{"href":"http:\/\/museumek.eu\/index.php?rest_route=\/wp\/v2\/types\/page"}],"author":[{"embeddable":true,"href":"http:\/\/museumek.eu\/index.php?rest_route=\/wp\/v2\/users\/1"}],"replies":[{"embeddable":true,"href":"http:\/\/museumek.eu\/index.php?rest_route=%2Fwp%2Fv2%2Fcomments&post=18778"}],"version-history":[{"count":6,"href":"http:\/\/museumek.eu\/index.php?rest_route=\/wp\/v2\/pages\/18778\/revisions"}],"predecessor-version":[{"id":28481,"href":"http:\/\/museumek.eu\/index.php?rest_route=\/wp\/v2\/pages\/18778\/revisions\/28481"}],"up":[{"embeddable":true,"href":"http:\/\/museumek.eu\/index.php?rest_route=\/wp\/v2\/pages\/12474"}],"wp:attachment":[{"href":"http:\/\/museumek.eu\/index.php?rest_route=%2Fwp%2Fv2%2Fmedia&parent=18778"}],"curies":[{"name":"wp","href":"https:\/\/api.w.org\/{rel}","templated":true}]}}