{"id":18909,"date":"2013-03-10T16:19:12","date_gmt":"2013-03-10T15:19:12","guid":{"rendered":"http:\/\/museumek.eu\/?page_id=18909"},"modified":"2013-03-10T16:19:12","modified_gmt":"2013-03-10T15:19:12","slug":"fotos-und-beschreibung","status":"publish","type":"page","link":"http:\/\/museumek.eu\/?page_id=18909","title":{"rendered":"Fotos und Beschreibung"},"content":{"rendered":"<p><strong>Abteilung Frankreich, Keramik 1860 \u2013 1960, Inventarnummer F\/XLV\/1<\/strong><\/p>\n<p>Manufaktur Louis-Etienne Desmant, Frankreich, Subles, Krug, um 1898, K\u00fcnstler Louis-Etienne Desmant, Werks.-Nr. 2 (?), Exemplar Nr. Unikat, gemarkt verschlungenes LD sowie 2 geritzt, nicht signiert, Literatur: Horst Makus, Keramik aus Historismus und Jugendstil, Seite 83, Beschreibung der Manufaktur, au\u00dferdem Beschreibung das Louis-Etienne Desmant ab 1898 Vasen mit Dekoren bemalt hat, die aus der Tapisserie de la Reine Mathilde in Bayeux entlehnt sind sowie Seite 216, Marke 62, dort vollst\u00e4ndiger Schriftzug von L. Desmant wobei das L und das D \u00e4hnlich verschlungen sind wie beim MEK Exemplar, siehe auch Auktionshaus Quittenbaum, Auktion 102, Jugendstil \u2013 Art D\u00e9co Moderne Kunst, vom 24.04.2012, Lot Nr. 265, Henkelkanne von Desmant mit \u00e4hnlichem Dekor, die Vase zeigt eine Dekorszene mit den beiden Personen Deder unt Haroldo (Dieter und Harald) entlehnt aus der Tapisserie de la Reine Mathilde in Bayeux (auch Teppich von Bayeux genannt) in polychromer Malerei, gro\u00dffl\u00e4chig l\u00fcstrierende Goldauflage, H\u00f6he 14 cm, Breite 13 cm<\/p>\n<p><a href=\"http:\/\/museumek.eu\/wp-content\/uploads\/2013\/03\/Museum-Europ\u00e4ischer-Keramikkunst-3762.jpg\"><img loading=\"lazy\" src=\"http:\/\/museumek.eu\/wp-content\/uploads\/2013\/03\/Museum-Europ\u00e4ischer-Keramikkunst-3762-265x300.jpg\" alt=\"\" title=\"Museum Europ\u00e4ischer Keramikkunst 3762\" width=\"265\" height=\"300\" class=\"alignnone size-medium wp-image-18870\" srcset=\"http:\/\/museumek.eu\/wp-content\/uploads\/2013\/03\/Museum-Europ\u00e4ischer-Keramikkunst-3762-265x300.jpg 265w, http:\/\/museumek.eu\/wp-content\/uploads\/2013\/03\/Museum-Europ\u00e4ischer-Keramikkunst-3762.jpg 714w\" sizes=\"(max-width: 265px) 100vw, 265px\" \/><\/a><\/p>\n<p><a href=\"http:\/\/museumek.eu\/wp-content\/uploads\/2013\/03\/Museum-Europ\u00e4ischer-Keramikkunst-3763.jpg\"><img loading=\"lazy\" src=\"http:\/\/museumek.eu\/wp-content\/uploads\/2013\/03\/Museum-Europ\u00e4ischer-Keramikkunst-3763-300x168.jpg\" alt=\"\" title=\"Museum Europ\u00e4ischer Keramikkunst 3763\" width=\"300\" height=\"168\" class=\"alignnone size-medium wp-image-18871\" srcset=\"http:\/\/museumek.eu\/wp-content\/uploads\/2013\/03\/Museum-Europ\u00e4ischer-Keramikkunst-3763-300x168.jpg 300w, http:\/\/museumek.eu\/wp-content\/uploads\/2013\/03\/Museum-Europ\u00e4ischer-Keramikkunst-3763-500x280.jpg 500w, http:\/\/museumek.eu\/wp-content\/uploads\/2013\/03\/Museum-Europ\u00e4ischer-Keramikkunst-3763.jpg 683w\" sizes=\"(max-width: 300px) 100vw, 300px\" \/><\/a><\/p>\n<p><a href=\"http:\/\/museumek.eu\/wp-content\/uploads\/2013\/03\/Museum-Europ\u00e4ischer-Keramikkunst-3764.jpg\"><img loading=\"lazy\" src=\"http:\/\/museumek.eu\/wp-content\/uploads\/2013\/03\/Museum-Europ\u00e4ischer-Keramikkunst-3764-300x121.jpg\" alt=\"\" title=\"Museum Europ\u00e4ischer Keramikkunst 3764\" width=\"300\" height=\"121\" class=\"alignnone size-medium wp-image-18872\" srcset=\"http:\/\/museumek.eu\/wp-content\/uploads\/2013\/03\/Museum-Europ\u00e4ischer-Keramikkunst-3764-300x121.jpg 300w, http:\/\/museumek.eu\/wp-content\/uploads\/2013\/03\/Museum-Europ\u00e4ischer-Keramikkunst-3764-500x201.jpg 500w, http:\/\/museumek.eu\/wp-content\/uploads\/2013\/03\/Museum-Europ\u00e4ischer-Keramikkunst-3764.jpg 582w\" sizes=\"(max-width: 300px) 100vw, 300px\" \/><\/a><\/p>\n<p><a href=\"http:\/\/museumek.eu\/wp-content\/uploads\/2013\/03\/Museum-Europ\u00e4ischer-Keramikkunst-3765.jpg\"><img loading=\"lazy\" src=\"http:\/\/museumek.eu\/wp-content\/uploads\/2013\/03\/Museum-Europ\u00e4ischer-Keramikkunst-3765-300x122.jpg\" alt=\"\" title=\"Museum Europ\u00e4ischer Keramikkunst 3765\" width=\"300\" height=\"122\" class=\"alignnone size-medium wp-image-18873\" srcset=\"http:\/\/museumek.eu\/wp-content\/uploads\/2013\/03\/Museum-Europ\u00e4ischer-Keramikkunst-3765-300x122.jpg 300w, http:\/\/museumek.eu\/wp-content\/uploads\/2013\/03\/Museum-Europ\u00e4ischer-Keramikkunst-3765-500x203.jpg 500w, http:\/\/museumek.eu\/wp-content\/uploads\/2013\/03\/Museum-Europ\u00e4ischer-Keramikkunst-3765.jpg 685w\" sizes=\"(max-width: 300px) 100vw, 300px\" \/><\/a><\/p>\n<p><a href=\"http:\/\/museumek.eu\/wp-content\/uploads\/2013\/03\/Museum-Europ\u00e4ischer-Keramikkunst-3766.jpg\"><img loading=\"lazy\" src=\"http:\/\/museumek.eu\/wp-content\/uploads\/2013\/03\/Museum-Europ\u00e4ischer-Keramikkunst-3766-270x300.jpg\" alt=\"\" title=\"Museum Europ\u00e4ischer Keramikkunst 3766\" width=\"270\" height=\"300\" class=\"alignnone size-medium wp-image-18874\" srcset=\"http:\/\/museumek.eu\/wp-content\/uploads\/2013\/03\/Museum-Europ\u00e4ischer-Keramikkunst-3766-270x300.jpg 270w, http:\/\/museumek.eu\/wp-content\/uploads\/2013\/03\/Museum-Europ\u00e4ischer-Keramikkunst-3766.jpg 566w\" sizes=\"(max-width: 270px) 100vw, 270px\" \/><\/a><\/p>\n<p><a href=\"http:\/\/museumek.eu\/wp-content\/uploads\/2013\/03\/Museum-Europ\u00e4ischer-Keramikkunst-3767.jpg\"><img loading=\"lazy\" src=\"http:\/\/museumek.eu\/wp-content\/uploads\/2013\/03\/Museum-Europ\u00e4ischer-Keramikkunst-3767-267x300.jpg\" alt=\"\" title=\"Museum Europ\u00e4ischer Keramikkunst 3767\" width=\"267\" height=\"300\" class=\"alignnone size-medium wp-image-18875\" srcset=\"http:\/\/museumek.eu\/wp-content\/uploads\/2013\/03\/Museum-Europ\u00e4ischer-Keramikkunst-3767-267x300.jpg 267w, http:\/\/museumek.eu\/wp-content\/uploads\/2013\/03\/Museum-Europ\u00e4ischer-Keramikkunst-3767.jpg 651w\" sizes=\"(max-width: 267px) 100vw, 267px\" \/><\/a><\/p>\n<p><a href=\"http:\/\/museumek.eu\/wp-content\/uploads\/2013\/03\/Museum-Europ\u00e4ischer-Keramikkunst-3768.jpg\"><img loading=\"lazy\" src=\"http:\/\/museumek.eu\/wp-content\/uploads\/2013\/03\/Museum-Europ\u00e4ischer-Keramikkunst-3768-213x300.jpg\" alt=\"\" title=\"Museum Europ\u00e4ischer Keramikkunst 3768\" width=\"213\" height=\"300\" class=\"alignnone size-medium wp-image-18876\" srcset=\"http:\/\/museumek.eu\/wp-content\/uploads\/2013\/03\/Museum-Europ\u00e4ischer-Keramikkunst-3768-213x300.jpg 213w, http:\/\/museumek.eu\/wp-content\/uploads\/2013\/03\/Museum-Europ\u00e4ischer-Keramikkunst-3768.jpg 368w\" sizes=\"(max-width: 213px) 100vw, 213px\" \/><\/a><\/p>\n<p><a href=\"http:\/\/museumek.eu\/wp-content\/uploads\/2013\/03\/Z-Desmant.jpg\"><img loading=\"lazy\" src=\"http:\/\/museumek.eu\/wp-content\/uploads\/2013\/03\/Z-Desmant-300x152.jpg\" alt=\"\" title=\"Z Desmant\" width=\"300\" height=\"152\" class=\"alignnone size-medium wp-image-18869\" srcset=\"http:\/\/museumek.eu\/wp-content\/uploads\/2013\/03\/Z-Desmant-300x152.jpg 300w, http:\/\/museumek.eu\/wp-content\/uploads\/2013\/03\/Z-Desmant-500x253.jpg 500w, http:\/\/museumek.eu\/wp-content\/uploads\/2013\/03\/Z-Desmant.jpg 596w\" sizes=\"(max-width: 300px) 100vw, 300px\" \/><\/a><\/p>\n","protected":false},"excerpt":{"rendered":"<p>Abteilung Frankreich, Keramik 1860 \u2013 1960, Inventarnummer F\/XLV\/1 Manufaktur Louis-Etienne Desmant, Frankreich, Subles, Krug, um 1898, K\u00fcnstler Louis-Etienne Desmant, Werks.-Nr. 2 (?), Exemplar Nr. Unikat, gemarkt verschlungenes LD sowie 2 geritzt, nicht signiert, Literatur: Horst Makus, Keramik aus Historismus und &hellip; <a href=\"http:\/\/museumek.eu\/?page_id=18909\">Weiterlesen <span class=\"meta-nav\">&rarr;<\/span><\/a><\/p>\n","protected":false},"author":1,"featured_media":0,"parent":18906,"menu_order":1,"comment_status":"closed","ping_status":"open","template":"","meta":[],"_links":{"self":[{"href":"http:\/\/museumek.eu\/index.php?rest_route=\/wp\/v2\/pages\/18909"}],"collection":[{"href":"http:\/\/museumek.eu\/index.php?rest_route=\/wp\/v2\/pages"}],"about":[{"href":"http:\/\/museumek.eu\/index.php?rest_route=\/wp\/v2\/types\/page"}],"author":[{"embeddable":true,"href":"http:\/\/museumek.eu\/index.php?rest_route=\/wp\/v2\/users\/1"}],"replies":[{"embeddable":true,"href":"http:\/\/museumek.eu\/index.php?rest_route=%2Fwp%2Fv2%2Fcomments&post=18909"}],"version-history":[{"count":2,"href":"http:\/\/museumek.eu\/index.php?rest_route=\/wp\/v2\/pages\/18909\/revisions"}],"predecessor-version":[{"id":18911,"href":"http:\/\/museumek.eu\/index.php?rest_route=\/wp\/v2\/pages\/18909\/revisions\/18911"}],"up":[{"embeddable":true,"href":"http:\/\/museumek.eu\/index.php?rest_route=\/wp\/v2\/pages\/18906"}],"wp:attachment":[{"href":"http:\/\/museumek.eu\/index.php?rest_route=%2Fwp%2Fv2%2Fmedia&parent=18909"}],"curies":[{"name":"wp","href":"https:\/\/api.w.org\/{rel}","templated":true}]}}