{"id":18949,"date":"2013-03-10T18:20:30","date_gmt":"2013-03-10T17:20:30","guid":{"rendered":"http:\/\/museumek.eu\/?page_id=18949"},"modified":"2013-03-10T18:20:30","modified_gmt":"2013-03-10T17:20:30","slug":"fotos-und-beschreibung","status":"publish","type":"page","link":"http:\/\/museumek.eu\/?page_id=18949","title":{"rendered":"Fotos und Beschreibung"},"content":{"rendered":"<p><strong>Abteilung Frankreich, Keramik 1860 \u2013 1960, Inventarnummer F\/XLVI\/1<\/strong><\/p>\n<p>Manufaktur Louis Majorelle, Frankreich, Nancy, Zierteller, um 1900, K\u00fcnstler Louis Majorelle, Werksnummer ohne, Exemplar Nr. Unikat, gemarkt DECOR\u00c8 PAR MAJORELLE A NANCY schwarz auf Glasur gemalt, signiert = gemarkt, Literatur: J. A. Schmoll genannt Eisenwerth und Helga Schmoll genannt Eisenwerth, Nancy 1900, Jugendstil in Lothringen, Ausstellung im M\u00fcnchner Stadtmuseum vom 28.August bis 23. November 1980, Seite 120, dort beschrieben, dass Louis Majorelle 1879 die von seinem Vater 1858 in Toul gegr\u00fcndete M\u00f6bel- und Keramikfabrik \u00fcbernommen hat, sowie, dass er eine Ausbildung als Maler an der Ecole des Beaux-Arts in Paris absolviert hat, weiterhin beschrieben, dass er den Sitz der Firma 1898 nach Nancy verlegt hat,<br \/>\nDurchmesser 20,3 cm<\/p>\n<p><a href=\"http:\/\/museumek.eu\/wp-content\/uploads\/2012\/09\/Museum-Europ\u00e4ischer-Keramikkunst-1767.jpg\"><img loading=\"lazy\" src=\"http:\/\/museumek.eu\/wp-content\/uploads\/2012\/09\/Museum-Europ\u00e4ischer-Keramikkunst-1767-300x294.jpg\" alt=\"\" title=\"Museum Europ\u00e4ischer Keramikkunst 1767\" width=\"300\" height=\"294\" class=\"alignnone size-medium wp-image-13938\" srcset=\"http:\/\/museumek.eu\/wp-content\/uploads\/2012\/09\/Museum-Europ\u00e4ischer-Keramikkunst-1767-300x294.jpg 300w, http:\/\/museumek.eu\/wp-content\/uploads\/2012\/09\/Museum-Europ\u00e4ischer-Keramikkunst-1767-305x300.jpg 305w, http:\/\/museumek.eu\/wp-content\/uploads\/2012\/09\/Museum-Europ\u00e4ischer-Keramikkunst-1767.jpg 685w\" sizes=\"(max-width: 300px) 100vw, 300px\" \/><\/a><\/p>\n<p><a href=\"http:\/\/museumek.eu\/wp-content\/uploads\/2012\/09\/Museum-Europ\u00e4ischer-Keramikkunst-1768.jpg\"><img loading=\"lazy\" src=\"http:\/\/museumek.eu\/wp-content\/uploads\/2012\/09\/Museum-Europ\u00e4ischer-Keramikkunst-1768-300x294.jpg\" alt=\"\" title=\"Museum Europ\u00e4ischer Keramikkunst 1768\" width=\"300\" height=\"294\" class=\"alignnone size-medium wp-image-13939\" srcset=\"http:\/\/museumek.eu\/wp-content\/uploads\/2012\/09\/Museum-Europ\u00e4ischer-Keramikkunst-1768-300x294.jpg 300w, http:\/\/museumek.eu\/wp-content\/uploads\/2012\/09\/Museum-Europ\u00e4ischer-Keramikkunst-1768-306x300.jpg 306w, http:\/\/museumek.eu\/wp-content\/uploads\/2012\/09\/Museum-Europ\u00e4ischer-Keramikkunst-1768.jpg 762w\" sizes=\"(max-width: 300px) 100vw, 300px\" \/><\/a><\/p>\n","protected":false},"excerpt":{"rendered":"<p>Abteilung Frankreich, Keramik 1860 \u2013 1960, Inventarnummer F\/XLVI\/1 Manufaktur Louis Majorelle, Frankreich, Nancy, Zierteller, um 1900, K\u00fcnstler Louis Majorelle, Werksnummer ohne, Exemplar Nr. Unikat, gemarkt DECOR\u00c8 PAR MAJORELLE A NANCY schwarz auf Glasur gemalt, signiert = gemarkt, Literatur: J. A. &hellip; <a href=\"http:\/\/museumek.eu\/?page_id=18949\">Weiterlesen <span class=\"meta-nav\">&rarr;<\/span><\/a><\/p>\n","protected":false},"author":1,"featured_media":0,"parent":18946,"menu_order":1,"comment_status":"closed","ping_status":"open","template":"","meta":[],"_links":{"self":[{"href":"http:\/\/museumek.eu\/index.php?rest_route=\/wp\/v2\/pages\/18949"}],"collection":[{"href":"http:\/\/museumek.eu\/index.php?rest_route=\/wp\/v2\/pages"}],"about":[{"href":"http:\/\/museumek.eu\/index.php?rest_route=\/wp\/v2\/types\/page"}],"author":[{"embeddable":true,"href":"http:\/\/museumek.eu\/index.php?rest_route=\/wp\/v2\/users\/1"}],"replies":[{"embeddable":true,"href":"http:\/\/museumek.eu\/index.php?rest_route=%2Fwp%2Fv2%2Fcomments&post=18949"}],"version-history":[{"count":2,"href":"http:\/\/museumek.eu\/index.php?rest_route=\/wp\/v2\/pages\/18949\/revisions"}],"predecessor-version":[{"id":18951,"href":"http:\/\/museumek.eu\/index.php?rest_route=\/wp\/v2\/pages\/18949\/revisions\/18951"}],"up":[{"embeddable":true,"href":"http:\/\/museumek.eu\/index.php?rest_route=\/wp\/v2\/pages\/18946"}],"wp:attachment":[{"href":"http:\/\/museumek.eu\/index.php?rest_route=%2Fwp%2Fv2%2Fmedia&parent=18949"}],"curies":[{"name":"wp","href":"https:\/\/api.w.org\/{rel}","templated":true}]}}