{"id":19178,"date":"2013-03-27T22:46:00","date_gmt":"2013-03-27T21:46:00","guid":{"rendered":"http:\/\/museumek.eu\/?page_id=19178"},"modified":"2013-03-27T22:46:00","modified_gmt":"2013-03-27T21:46:00","slug":"axxii9","status":"publish","type":"page","link":"http:\/\/museumek.eu\/?page_id=19178","title":{"rendered":"A\/XXII\/9"},"content":{"rendered":"<p><strong>Abteilung Austria\/Ungarn\/B\u00f6hmen, Keramik 1860 \u2013 1960, Inventarnummer A\/XXII\/9<\/strong><\/p>\n<p>Manufaktur Amphora &#8211; Werke Riessner, K.K. privilegierte \u00f6sterreichische Porzellan-Manufaktur, B\u00f6hmen\/Austria, Turn\/Teplitz, um 1915, Vase mit Segelschiff, K\u00fcnstler unbekannt, Werks.-Nr. 11917, Exemplar Nr. 59 (?), gemarkt Austria im Oval, 11917 sowie 59 gepresst, nicht signiert, Literatur: Waltraud Neuwirth, Bl\u00fchender Jugendstil, Band II, Seite 103 ff., Firmenschreibung sowie Seite 118, Abbildung 116 identische Marke in Kombination mit anderen Marken der Manufaktur, weitere Literatur: Volker M\u00f6lle Riessner, Amphora Die Porzellan- und Keramik- Manufaktur in Nordb\u00f6hmen, Seite 31, Beschreibung der Bezeichnung der Manufaktur, Seite 133, Abbildungen von Vasen mit der gleichen Email-cloisonn\u00e9 Technik um 1910 sowie Seite 159, Abbildung der identischen Marke (f\u00fcr die Zeit von 1899 bis 1918), H\u00f6he 7 cm, Breite 8 cm<\/p>\n<p><a href=\"http:\/\/museumek.eu\/wp-content\/uploads\/2013\/03\/Museum-Europ\u00e4ischer-Keramikkunst-4304.jpg\"><img loading=\"lazy\" src=\"http:\/\/museumek.eu\/wp-content\/uploads\/2013\/03\/Museum-Europ\u00e4ischer-Keramikkunst-4304-300x268.jpg\" alt=\"\" title=\"Museum Europ\u00e4ischer Keramikkunst 4304\" width=\"300\" height=\"268\" class=\"alignnone size-medium wp-image-19179\" srcset=\"http:\/\/museumek.eu\/wp-content\/uploads\/2013\/03\/Museum-Europ\u00e4ischer-Keramikkunst-4304-300x268.jpg 300w, http:\/\/museumek.eu\/wp-content\/uploads\/2013\/03\/Museum-Europ\u00e4ischer-Keramikkunst-4304-335x300.jpg 335w, http:\/\/museumek.eu\/wp-content\/uploads\/2013\/03\/Museum-Europ\u00e4ischer-Keramikkunst-4304.jpg 670w\" sizes=\"(max-width: 300px) 100vw, 300px\" \/><\/a><\/p>\n<p><a href=\"http:\/\/museumek.eu\/wp-content\/uploads\/2013\/03\/Museum-Europ\u00e4ischer-Keramikkunst-4305.jpg\"><img loading=\"lazy\" src=\"http:\/\/museumek.eu\/wp-content\/uploads\/2013\/03\/Museum-Europ\u00e4ischer-Keramikkunst-4305-300x266.jpg\" alt=\"\" title=\"Museum Europ\u00e4ischer Keramikkunst 4305\" width=\"300\" height=\"266\" class=\"alignnone size-medium wp-image-19180\" srcset=\"http:\/\/museumek.eu\/wp-content\/uploads\/2013\/03\/Museum-Europ\u00e4ischer-Keramikkunst-4305-300x266.jpg 300w, http:\/\/museumek.eu\/wp-content\/uploads\/2013\/03\/Museum-Europ\u00e4ischer-Keramikkunst-4305-338x300.jpg 338w, http:\/\/museumek.eu\/wp-content\/uploads\/2013\/03\/Museum-Europ\u00e4ischer-Keramikkunst-4305.jpg 676w\" sizes=\"(max-width: 300px) 100vw, 300px\" \/><\/a><\/p>\n<p><a href=\"http:\/\/museumek.eu\/wp-content\/uploads\/2013\/03\/Museum-Europ\u00e4ischer-Keramikkunst-4306.jpg\"><img loading=\"lazy\" src=\"http:\/\/museumek.eu\/wp-content\/uploads\/2013\/03\/Museum-Europ\u00e4ischer-Keramikkunst-4306-243x300.jpg\" alt=\"\" title=\"Museum Europ\u00e4ischer Keramikkunst 4306\" width=\"243\" height=\"300\" class=\"alignnone size-medium wp-image-19181\" srcset=\"http:\/\/museumek.eu\/wp-content\/uploads\/2013\/03\/Museum-Europ\u00e4ischer-Keramikkunst-4306-243x300.jpg 243w, http:\/\/museumek.eu\/wp-content\/uploads\/2013\/03\/Museum-Europ\u00e4ischer-Keramikkunst-4306.jpg 600w\" sizes=\"(max-width: 243px) 100vw, 243px\" \/><\/a><\/p>\n","protected":false},"excerpt":{"rendered":"<p>Abteilung Austria\/Ungarn\/B\u00f6hmen, Keramik 1860 \u2013 1960, Inventarnummer A\/XXII\/9 Manufaktur Amphora &#8211; Werke Riessner, K.K. privilegierte \u00f6sterreichische Porzellan-Manufaktur, B\u00f6hmen\/Austria, Turn\/Teplitz, um 1915, Vase mit Segelschiff, K\u00fcnstler unbekannt, Werks.-Nr. 11917, Exemplar Nr. 59 (?), gemarkt Austria im Oval, 11917 sowie 59 gepresst, &hellip; <a href=\"http:\/\/museumek.eu\/?page_id=19178\">Weiterlesen <span class=\"meta-nav\">&rarr;<\/span><\/a><\/p>\n","protected":false},"author":1,"featured_media":0,"parent":1383,"menu_order":9,"comment_status":"closed","ping_status":"open","template":"","meta":[],"_links":{"self":[{"href":"http:\/\/museumek.eu\/index.php?rest_route=\/wp\/v2\/pages\/19178"}],"collection":[{"href":"http:\/\/museumek.eu\/index.php?rest_route=\/wp\/v2\/pages"}],"about":[{"href":"http:\/\/museumek.eu\/index.php?rest_route=\/wp\/v2\/types\/page"}],"author":[{"embeddable":true,"href":"http:\/\/museumek.eu\/index.php?rest_route=\/wp\/v2\/users\/1"}],"replies":[{"embeddable":true,"href":"http:\/\/museumek.eu\/index.php?rest_route=%2Fwp%2Fv2%2Fcomments&post=19178"}],"version-history":[{"count":2,"href":"http:\/\/museumek.eu\/index.php?rest_route=\/wp\/v2\/pages\/19178\/revisions"}],"predecessor-version":[{"id":19183,"href":"http:\/\/museumek.eu\/index.php?rest_route=\/wp\/v2\/pages\/19178\/revisions\/19183"}],"up":[{"embeddable":true,"href":"http:\/\/museumek.eu\/index.php?rest_route=\/wp\/v2\/pages\/1383"}],"wp:attachment":[{"href":"http:\/\/museumek.eu\/index.php?rest_route=%2Fwp%2Fv2%2Fmedia&parent=19178"}],"curies":[{"name":"wp","href":"https:\/\/api.w.org\/{rel}","templated":true}]}}