{"id":1925,"date":"2011-08-19T23:40:15","date_gmt":"2011-08-19T21:40:15","guid":{"rendered":"http:\/\/museumek.eu\/?page_id=1925"},"modified":"2021-05-30T16:01:56","modified_gmt":"2021-05-30T14:01:56","slug":"div3","status":"publish","type":"page","link":"http:\/\/museumek.eu\/?page_id=1925","title":{"rendered":"D\/IV\/3"},"content":{"rendered":"<p>Abteilung Deutschland\/B\u00f6hmen, Keramik 1860 \u2013 1960, Inventarnummer D\/IV\/3<\/strong><\/p>\n<p>Porzellanfabrik Fraureuth AG, vormals Porzellanfabrik R\u00f6mer &#038; Foedisch, Deutschland, Fraureuth, um 1930, Zierteller, K\u00fcnstler unbekannt, Werks.-Nr. ohne, Exemplar Nr. ohne, gemarkt Firmenmarke in einem Kreis PF, der Buchstabe P ist gespiegelt, \u00fcber dem Kreis ein F\u00fcrstenhut, darunter FRAUREUTH gr\u00fcner Stempel unter Glasur, nicht signiert, Literatur: Otto Pelka, Keramik der Neuzeit, Markentafel III, Markenkasten 39 identische Marke, Seite 210, Herstellerverzeichnis, Fraureuth, Porzellanfabrik Fraureuth AG Nr. 39 sowie Seite 218, Namenverzeichnis, Fraureuth, Porzellanfabrik, 58, M 39, weitere Literatur: J. G. Th. Graesse und E. Jaenicke, F\u00fchrer f\u00fcr Sammler von Porzellan und Fayence, Steinzeug, Steingut usw., Seite 446, Marke Nr. 4 identisch, weitere Literatur: Emanuel Poche, Porzellanmarken aus aller Welt, Marke Nr. 841 identisch, weitere Literatur: Gustav Wei\u00df, Ullstein Porzellanbuch, Seite 256, eine der Marken Nr. 3 identisch, weitere Literatur: Dieter Z\u00fchlsdorff, Markenlexikon, Porzellan und Keramik Report 1885 &#8211; 1935, Seite 282, Werk-Teil 1., Gruppennummer des Werkteils 4., laufende Nummer innerhalb der Gruppe 921 identische Marke (dort f\u00fcr die Zeit bis 1926) sowie Seite 502\/503, Werk-Teil 3. laufende Nummer des Werkteils 374, kurze Beschreibung der Fabrik, weitere Literatur: Ludwig Danckert, Handbuch des Europ\u00e4ischen Porzellans, 7. Auflage, Seite 185, Beschreibung der Fabrik sowie Seite 186, Marke 355 identisch (die Marke wurde am 19.11.1928 ins RWZR eingetragen), weitere Literatur: Robert E. R\u00f6ntgen, Deutsche Porzellanmarken von 1710 bis heute, Seite 93, kurze unvollst\u00e4ndige Beschreibung der Fabrik sowie Marke 566 identisch (dort f\u00fcr die Zeit 1928 &#8211; 1935), 1865 baute Georg Bruno Foedisch (gest. 1885) die Wollk\u00e4mmerei seines Gro\u00dfvaters in Fraureuth zu einer Porzellanfabrik um und gr\u00fcndete zusammen mit seinem Cousin Arved von R\u00f6mer die Porzellanfabrik R\u00f6mer &#038; Foedisch, 1867 begann die Produktion mit 60 Arbeitern, und zwei Rund\u00f6fen, es wurde vorwiegend f\u00fcr den Export produziert, Musterlager in Berlin, Wien, Hamburg und London, 1891 wird die Fabrik in eine AG umgewandelt und firmiert als Porzellanfabrik Fraureuth AG, Hauptaktion\u00e4r war ein Herr Kommerst\u00e4dt und ab 1913 Felix Singer, bis 1918 betrieb die Fabrik in Dresden eine Porzellanmalerei, eine weitere Porzellanmalerei der Fabrik bestand um 1918 in Lichte, 1919 wird die Porzellanfabrik K\u00e4mpfe &#038; Heubach in Wallendorf \u00fcbernommen und fungierte als Zweigwerk, von 1919 bis 1925 wurde in diesem Zweigwerk die Kunstabteilung der Porzellanfabrik Fraureuth AG betrieben, 1925 wurde die Wallendorfer Fabrik an Heinz Schaubach verkauft, Konkurs der Fabrik 1926, Durchmesser 21 cm<\/p>\n<p><a href=\"http:\/\/museumek.eu\/wp-content\/uploads\/2012\/09\/Museum-Europ\u00e4ischer-Keramikkunst-2194.jpg\"><img loading=\"lazy\" src=\"http:\/\/museumek.eu\/wp-content\/uploads\/2012\/09\/Museum-Europ\u00e4ischer-Keramikkunst-2194-300x300.jpg\" alt=\"\" title=\"Museum Europ\u00e4ischer Keramikkunst 2194\" width=\"300\" height=\"300\" class=\"alignnone size-medium wp-image-13372\" srcset=\"http:\/\/museumek.eu\/wp-content\/uploads\/2012\/09\/Museum-Europ\u00e4ischer-Keramikkunst-2194-300x300.jpg 300w, http:\/\/museumek.eu\/wp-content\/uploads\/2012\/09\/Museum-Europ\u00e4ischer-Keramikkunst-2194-150x150.jpg 150w, http:\/\/museumek.eu\/wp-content\/uploads\/2012\/09\/Museum-Europ\u00e4ischer-Keramikkunst-2194.jpg 719w\" sizes=\"(max-width: 300px) 100vw, 300px\" \/><\/a><\/p>\n<p><a href=\"http:\/\/museumek.eu\/wp-content\/uploads\/2012\/09\/Museum-Europ\u00e4ischer-Keramikkunst-2195.jpg\"><img loading=\"lazy\" src=\"http:\/\/museumek.eu\/wp-content\/uploads\/2012\/09\/Museum-Europ\u00e4ischer-Keramikkunst-2195.jpg\" alt=\"\" title=\"Museum Europ\u00e4ischer Keramikkunst 2195\" width=\"257\" height=\"271\" class=\"alignnone size-full wp-image-13373\" \/><\/a><\/p>\n","protected":false},"excerpt":{"rendered":"<p>Abteilung Deutschland\/B\u00f6hmen, Keramik 1860 \u2013 1960, Inventarnummer D\/IV\/3 Porzellanfabrik Fraureuth AG, vormals Porzellanfabrik R\u00f6mer &#038; Foedisch, Deutschland, Fraureuth, um 1930, Zierteller, K\u00fcnstler unbekannt, Werks.-Nr. ohne, Exemplar Nr. ohne, gemarkt Firmenmarke in einem Kreis PF, der Buchstabe P ist gespiegelt, \u00fcber &hellip; <a href=\"http:\/\/museumek.eu\/?page_id=1925\">Weiterlesen <span class=\"meta-nav\">&rarr;<\/span><\/a><\/p>\n","protected":false},"author":1,"featured_media":0,"parent":1910,"menu_order":3,"comment_status":"open","ping_status":"open","template":"","meta":[],"_links":{"self":[{"href":"http:\/\/museumek.eu\/index.php?rest_route=\/wp\/v2\/pages\/1925"}],"collection":[{"href":"http:\/\/museumek.eu\/index.php?rest_route=\/wp\/v2\/pages"}],"about":[{"href":"http:\/\/museumek.eu\/index.php?rest_route=\/wp\/v2\/types\/page"}],"author":[{"embeddable":true,"href":"http:\/\/museumek.eu\/index.php?rest_route=\/wp\/v2\/users\/1"}],"replies":[{"embeddable":true,"href":"http:\/\/museumek.eu\/index.php?rest_route=%2Fwp%2Fv2%2Fcomments&post=1925"}],"version-history":[{"count":7,"href":"http:\/\/museumek.eu\/index.php?rest_route=\/wp\/v2\/pages\/1925\/revisions"}],"predecessor-version":[{"id":57415,"href":"http:\/\/museumek.eu\/index.php?rest_route=\/wp\/v2\/pages\/1925\/revisions\/57415"}],"up":[{"embeddable":true,"href":"http:\/\/museumek.eu\/index.php?rest_route=\/wp\/v2\/pages\/1910"}],"wp:attachment":[{"href":"http:\/\/museumek.eu\/index.php?rest_route=%2Fwp%2Fv2%2Fmedia&parent=1925"}],"curies":[{"name":"wp","href":"https:\/\/api.w.org\/{rel}","templated":true}]}}