{"id":19448,"date":"2013-04-07T22:21:29","date_gmt":"2013-04-07T20:21:29","guid":{"rendered":"http:\/\/museumek.eu\/?page_id=19448"},"modified":"2021-01-13T16:57:09","modified_gmt":"2021-01-13T15:57:09","slug":"fx8","status":"publish","type":"page","link":"http:\/\/museumek.eu\/?page_id=19448","title":{"rendered":"F\/X\/8"},"content":{"rendered":"<p><strong>Abteilung Frankreich, Keramik 1860 \u2013 1960, Inventarnummer F\/X\/8<\/strong><\/p>\n<p>Utzschneider &#038; Cie. Fabrique de Faience &#038; Porcelaine a Sarreguemines &#038; Digoin und Nachf. Faienceries de Sarreguemines, Digoin et Vitry-le-Francois, anciennement Utzschneider &#038; Cie., Frankreich, Sarreguemines\/Digoin, um 1890, Bildteller, K\u00fcnstler unbekannt, Werks-Nr. ohne\/Exemplar Nr. ohne, gemarkt Firmenmarke mit U &#038; C sowie Sarreguemines roter Stempel unter Glasur, 2 H sowie 228 gepresst, rot gemalter Buchstabe G, rechts im Spiegel noch 11 rot gemalt, nicht signiert, Literatur: J.G. Th. Gr\u00e4sse und E. Jaennicke, F\u00fchrer f\u00fcr Sammler von Porzellan und Fayence, Steinzeug, Steingut usw., Seite 153, Marke Nr. 2 identisch, weitere Literatur: Jeffrey B. Snyder and Leslie Bockol, Majolica, British, American &#038; European Wares, Seite 153, Marke identisch, weitere Literatur: Otto Pelka, Keramik der Neuzeit, Markentafel XI, Markenkasten 176, Abbildung der identischen Marke sowie Seite 222, Namensverzeichnis der Manufakturen, Fabriken dort aufgef\u00fchrt, weitere Literatur: J. A. Schmoll genannt Eisenwerth und Helga Schmoll genannt Eisenwerth, Nancy 1900 Jugendstil in Lothringen, Seite 151, Beschreibung der Fabrik sowie Seite 448, identische Marke abgebildet, weitere Literatur: Dieter Z\u00fchlsdorff, Markenlexikon, Porzellan und Keramik Report 1885 &#8211; 1935, Seite 188, Werkteil 1., Gruppennummer 2., laufende Nummer innerhalb der Gruppe 1667, dort identische Marke (dort g\u00fcltig f\u00fcr die Zeit ab 1890, f\u00fcr Fayencen) sowie Seite 600, Werkteil Nr. 3, laufende Nummer innerhalb des Werkteils 600, dort Beschreibung der Fabriken, 1795 gr\u00fcnden Nicolas-Henri Jacobi, Paul-Augustin Jacobi und Joseph Fabry eine Porzellan-, Steingut-, Fayence-, und Majolikafabrik in Sarreguemines, Firmierung nicht bekannt, 1793 tritt Francois Paul Utzschneider als Mitarbeiter in die Fabrik ein und wird 1799 Teilhaber der Fabrik, 1836 \u00fcbernimmt Utzschneiders Schwiegersohn Alexandre de Geiger (1803 &#8211; 1891) die Firmenleitung, 1871 kauft dessen Sohn Paul de Geiger die Fabrik, wahrscheinlich Firmierung ab da Utzschneider &#038; Cie. Fabrique de Faience &#038; Porcelaine a Sarreguemines, nach dem deutsch-franz\u00f6sischem Krieg 1870\/1871 geh\u00f6rt Sarreguemines zu Deutschland, deshalb gr\u00fcndet Paul de Geiger zwei weitere Fabriken in Frankreich (mit finanzieller Unterst\u00fctzung von Villeroy &#038; Boch), 1876 in Digoin (f\u00fcr Zier- und Gebrauchsporzellan) und 1881 in in Vitry-le-Francois (f\u00fcr Bau- und Industriekeramik), wahrscheinlich \u00e4nderte sich 1876 die Firmenbezeichnung in Utzschneider &#038; Cie. Fabriques de Faience &#038; Porcelaine a Sarreguemines &#038; Digoin, im Jahre 1883 ersteigert Utzschneider zusammen mit Villeroy &#038; Boch, die Steingutfabrik Schramberg, nach WK I, werden alle 3 Utzschneider Fabriken zu Faienceries de Sarreguemines, Digoin et Vitry-le-Francois, anciennement Utzschneider &#038; Cie. vereinigt, siehe auch MEK F\/X\/7 Bildteller aus der gleichen Serie, gemuldeter Teller mit abgesetztem Standring, Ausf\u00fchrung als glasierte cremefarbene Fayence, Farblithographie oder polychromes Umdruckdekor unter Glasur, Durchmesser 21,5 cm<\/p>\n<p><a href=\"http:\/\/museumek.eu\/wp-content\/uploads\/2013\/04\/Museum-Europ\u00e4ischer-Keramikkunst-4215.jpg\"><img loading=\"lazy\" src=\"http:\/\/museumek.eu\/wp-content\/uploads\/2013\/04\/Museum-Europ\u00e4ischer-Keramikkunst-4215-300x290.jpg\" alt=\"\" title=\"Museum Europ\u00e4ischer Keramikkunst 4215\" width=\"300\" height=\"290\" class=\"alignnone size-medium wp-image-19449\" srcset=\"http:\/\/museumek.eu\/wp-content\/uploads\/2013\/04\/Museum-Europ\u00e4ischer-Keramikkunst-4215-300x290.jpg 300w, http:\/\/museumek.eu\/wp-content\/uploads\/2013\/04\/Museum-Europ\u00e4ischer-Keramikkunst-4215-310x300.jpg 310w, http:\/\/museumek.eu\/wp-content\/uploads\/2013\/04\/Museum-Europ\u00e4ischer-Keramikkunst-4215.jpg 620w\" sizes=\"(max-width: 300px) 100vw, 300px\" \/><\/a><\/p>\n<p><a href=\"http:\/\/museumek.eu\/wp-content\/uploads\/2013\/04\/Museum-Europ\u00e4ischer-Keramikkunst-4216.jpg\"><img loading=\"lazy\" src=\"http:\/\/museumek.eu\/wp-content\/uploads\/2013\/04\/Museum-Europ\u00e4ischer-Keramikkunst-4216-300x180.jpg\" alt=\"\" title=\"Museum Europ\u00e4ischer Keramikkunst 4216\" width=\"300\" height=\"180\" class=\"alignnone size-medium wp-image-19450\" srcset=\"http:\/\/museumek.eu\/wp-content\/uploads\/2013\/04\/Museum-Europ\u00e4ischer-Keramikkunst-4216-300x180.jpg 300w, http:\/\/museumek.eu\/wp-content\/uploads\/2013\/04\/Museum-Europ\u00e4ischer-Keramikkunst-4216-497x300.jpg 497w, http:\/\/museumek.eu\/wp-content\/uploads\/2013\/04\/Museum-Europ\u00e4ischer-Keramikkunst-4216.jpg 800w\" sizes=\"(max-width: 300px) 100vw, 300px\" \/><\/a><\/p>\n<p><a href=\"http:\/\/museumek.eu\/wp-content\/uploads\/2013\/04\/Museum-Europ\u00e4ischer-Keramikkunst-4217.jpg\"><img loading=\"lazy\" src=\"http:\/\/museumek.eu\/wp-content\/uploads\/2013\/04\/Museum-Europ\u00e4ischer-Keramikkunst-4217-300x256.jpg\" alt=\"\" title=\"Museum Europ\u00e4ischer Keramikkunst 4217\" width=\"300\" height=\"256\" class=\"alignnone size-medium wp-image-19451\" srcset=\"http:\/\/museumek.eu\/wp-content\/uploads\/2013\/04\/Museum-Europ\u00e4ischer-Keramikkunst-4217-300x256.jpg 300w, http:\/\/museumek.eu\/wp-content\/uploads\/2013\/04\/Museum-Europ\u00e4ischer-Keramikkunst-4217-351x300.jpg 351w, http:\/\/museumek.eu\/wp-content\/uploads\/2013\/04\/Museum-Europ\u00e4ischer-Keramikkunst-4217.jpg 631w\" sizes=\"(max-width: 300px) 100vw, 300px\" \/><\/a><\/p>\n<p><a href=\"http:\/\/museumek.eu\/wp-content\/uploads\/2013\/04\/Museum-Europ\u00e4ischer-Keramikkunst-4218.jpg\"><img loading=\"lazy\" src=\"http:\/\/museumek.eu\/wp-content\/uploads\/2013\/04\/Museum-Europ\u00e4ischer-Keramikkunst-4218-178x300.jpg\" alt=\"\" title=\"Museum Europ\u00e4ischer Keramikkunst 4218\" width=\"178\" height=\"300\" class=\"alignnone size-medium wp-image-19452\" srcset=\"http:\/\/museumek.eu\/wp-content\/uploads\/2013\/04\/Museum-Europ\u00e4ischer-Keramikkunst-4218-178x300.jpg 178w, http:\/\/museumek.eu\/wp-content\/uploads\/2013\/04\/Museum-Europ\u00e4ischer-Keramikkunst-4218.jpg 442w\" sizes=\"(max-width: 178px) 100vw, 178px\" \/><\/a><\/p>\n","protected":false},"excerpt":{"rendered":"<p>Abteilung Frankreich, Keramik 1860 \u2013 1960, Inventarnummer F\/X\/8 Utzschneider &#038; Cie. Fabrique de Faience &#038; Porcelaine a Sarreguemines &#038; Digoin und Nachf. Faienceries de Sarreguemines, Digoin et Vitry-le-Francois, anciennement Utzschneider &#038; Cie., Frankreich, Sarreguemines\/Digoin, um 1890, Bildteller, K\u00fcnstler unbekannt, Werks-Nr. &hellip; <a href=\"http:\/\/museumek.eu\/?page_id=19448\">Weiterlesen <span class=\"meta-nav\">&rarr;<\/span><\/a><\/p>\n","protected":false},"author":1,"featured_media":0,"parent":2507,"menu_order":8,"comment_status":"closed","ping_status":"open","template":"","meta":[],"_links":{"self":[{"href":"http:\/\/museumek.eu\/index.php?rest_route=\/wp\/v2\/pages\/19448"}],"collection":[{"href":"http:\/\/museumek.eu\/index.php?rest_route=\/wp\/v2\/pages"}],"about":[{"href":"http:\/\/museumek.eu\/index.php?rest_route=\/wp\/v2\/types\/page"}],"author":[{"embeddable":true,"href":"http:\/\/museumek.eu\/index.php?rest_route=\/wp\/v2\/users\/1"}],"replies":[{"embeddable":true,"href":"http:\/\/museumek.eu\/index.php?rest_route=%2Fwp%2Fv2%2Fcomments&post=19448"}],"version-history":[{"count":4,"href":"http:\/\/museumek.eu\/index.php?rest_route=\/wp\/v2\/pages\/19448\/revisions"}],"predecessor-version":[{"id":52114,"href":"http:\/\/museumek.eu\/index.php?rest_route=\/wp\/v2\/pages\/19448\/revisions\/52114"}],"up":[{"embeddable":true,"href":"http:\/\/museumek.eu\/index.php?rest_route=\/wp\/v2\/pages\/2507"}],"wp:attachment":[{"href":"http:\/\/museumek.eu\/index.php?rest_route=%2Fwp%2Fv2%2Fmedia&parent=19448"}],"curies":[{"name":"wp","href":"https:\/\/api.w.org\/{rel}","templated":true}]}}