{"id":19484,"date":"2013-04-07T23:44:45","date_gmt":"2013-04-07T21:44:45","guid":{"rendered":"http:\/\/museumek.eu\/?page_id=19484"},"modified":"2020-12-27T11:40:05","modified_gmt":"2020-12-27T10:40:05","slug":"kurzbiografie-und-inventar-zum-kunstler","status":"publish","type":"page","link":"http:\/\/museumek.eu\/?page_id=19484","title":{"rendered":"Kurzbiografie und Inventar zum K\u00fcnstler"},"content":{"rendered":"<p>Albert Guillaume wurde am 14.02.1873 in Paris geboren. Er starb am 10.08.1942 in Faux.<br \/>\nGuillaume war als Maler und Karikaturist t\u00e4tig. Sein k\u00fcnstlerisches Schaffen war von Jules Ch\u00e9ret beeinflusst. Er war einer der f\u00fchrenden Karikaturisten der Belle \u00c9poque. Guillaume schuf viele Plakatentw\u00fcrfe. Auf der Weltausstellung 1900 in Paris gewann er eine Bronzemedaille. Er schuf auch sozialkritische Karikaturen. Seinem Buch Mes Campagnes Album militaire in\u00e9dit et en Couleurs entstammen gegen die Militarisierung Frankreichs gerichtete Karikaturen, die z. T. von der Manufaktur Utzschneider &#038; Cie. als Fayenceteller reproduziert worden sind.<\/p>\n<p><strong>Abteilung Frankreich, Keramik 1860 \u2013 1960, Inventarnummer F\/X\/9<\/strong><\/p>\n<p>Utzschneider &#038; Cie. Fabrique de Faience &#038; Porcelaine a Sarreguemines &#038; Digoin und Nachf. Faienceries de Sarreguemines, Digoin et Vitry-le-Francois, anciennement Utzschneider &#038; Cie., Frankreich, Sarreguemines\/Digoin, 1900 &#8211; 1920, Bildteller, K\u00fcnstler Albert Guillaume (d\u2019apr\u00e8s), Werks-Nr. ohne\/Exemplar Nr. ohne, gemarkt Firmenmarke mit U &#038; C im Dekorstempel Mon R\u00e9giment sowie Sarreguemines schwarze Stempel unter Glasur, 2 G gepresst, rot gemalter Buchstabe a, nicht deutbarer rot gemalter Buchstabe, im Spiegel 8 (Nummerierung) schwarz unter Glasur gemalt, signiert d\u2019apr\u00e8s A Guillaume, siehe auch Auktionshaus Quittenbaum, Auktion 95, Teil 1, Jugendstil \u2013 Art D\u00e9co, Moderne Kunst vom 03.Mai 2011, Lot 400, der MEK Teller ist ein Teller aus der zw\u00f6lfteiligen Tellerserie \u201eMon R\u00e9giment\u201c, der Sonderstempel ist nicht in der Literatur vermerkt und wurde wohl eigens f\u00fcr diese Tellerserie entworfen, Literatur: Dieter Z\u00fchlsdorf, Markenlexikon, Porzellan und Keramik Report 1885 &#8211; 1935, Seite 600, Werkteil Nr. 3, laufende Nummer innerhalb des Werkteils 1114, dort Beschreibung der Fabriken, 1795 gr\u00fcnden Nicolas-Henri Jacobi, Paul-Augustin Jacobi und Joseph Fabry eine Porzellan-, Steingut-, Fayence-, und Majolikafabrik in Sarreguemines, Firmierung nicht bekannt, 1793 tritt Francois Paul Utzschneider als Mitarbeiter in die Fabrik ein und wird 1799 Teilhaber der Fabrik, 1836 \u00fcbernimmt Utzschneiders Schwiegersohn Alexandre de Geiger (1803 &#8211; 1891) die Firmenleitung, 1871 kauft dessen Sohn Paul de Geiger die Fabrik, wahrscheinlich Firmierung ab da Utzschneider &#038; Cie. Fabrique de Faience &#038; Porcelaine a Sarreguemines, nach dem deutsch-franz\u00f6sischem Krieg 1870\/1871 geh\u00f6rt Sarreguemines zu Deutschland, deshalb gr\u00fcndet Paul de Geiger zwei weitere Fabriken in Frankreich (mit finanzieller Unterst\u00fctzung von Villeroy &#038; Boch), 1876 in Digoin (f\u00fcr Zier- und Gebrauchsporzellan) und 1881 in in Vitry-le-Francois (f\u00fcr Bau- und Industriekeramik), wahrscheinlich \u00e4nderte sich 1876 die Firmenbezeichnung in Utzschneider &#038; Cie. Fabriques de Faience &#038; Porcelaine a Sarreguemines &#038; Digoin, im Jahre 1883 ersteigert Utzschneider zusammen mit Villeroy &#038; Boch, die Steingutfabrik Schramberg, nach WK I, werden alle 3 Utzschneider Fabriken zu Faienceries de Sarreguemines, Digoin et Vitry-le-Francois, anciennement Utzschneider &#038; Cie. vereinigt, gemuldeter Teller mit abgesetztem Standring, Ausf\u00fchrung als glasierte cremefarbene Fayence, Farblithographie unter Glasur, die Abbildungen aus dem Quittenbaum Auktionskatalog erfolgen mit freundlicher Genehmigung von Herrn Askan Quittenbaum, Durchmesser 22 cm<\/p>\n<p><a href=\"http:\/\/museumek.eu\/wp-content\/uploads\/2013\/04\/Museum-Europ\u00e4ischer-Keramikkunst-3803.jpg\"><img loading=\"lazy\" src=\"http:\/\/museumek.eu\/wp-content\/uploads\/2013\/04\/Museum-Europ\u00e4ischer-Keramikkunst-3803-300x291.jpg\" alt=\"\" title=\"Museum Europ\u00e4ischer Keramikkunst 3803\" width=\"300\" height=\"291\" class=\"alignnone size-medium wp-image-19473\" srcset=\"http:\/\/museumek.eu\/wp-content\/uploads\/2013\/04\/Museum-Europ\u00e4ischer-Keramikkunst-3803-300x291.jpg 300w, http:\/\/museumek.eu\/wp-content\/uploads\/2013\/04\/Museum-Europ\u00e4ischer-Keramikkunst-3803-308x300.jpg 308w, http:\/\/museumek.eu\/wp-content\/uploads\/2013\/04\/Museum-Europ\u00e4ischer-Keramikkunst-3803.jpg 728w\" sizes=\"(max-width: 300px) 100vw, 300px\" \/><\/a><\/p>\n<p><a href=\"http:\/\/museumek.eu\/wp-content\/uploads\/2013\/04\/Museum-Europ\u00e4ischer-Keramikkunst-38041.jpg\"><img loading=\"lazy\" src=\"http:\/\/museumek.eu\/wp-content\/uploads\/2013\/04\/Museum-Europ\u00e4ischer-Keramikkunst-38041-300x228.jpg\" alt=\"\" title=\"Museum Europ\u00e4ischer Keramikkunst 3804\" width=\"300\" height=\"228\" class=\"alignnone size-medium wp-image-19477\" srcset=\"http:\/\/museumek.eu\/wp-content\/uploads\/2013\/04\/Museum-Europ\u00e4ischer-Keramikkunst-38041-300x228.jpg 300w, http:\/\/museumek.eu\/wp-content\/uploads\/2013\/04\/Museum-Europ\u00e4ischer-Keramikkunst-38041-394x300.jpg 394w, http:\/\/museumek.eu\/wp-content\/uploads\/2013\/04\/Museum-Europ\u00e4ischer-Keramikkunst-38041.jpg 877w\" sizes=\"(max-width: 300px) 100vw, 300px\" \/><\/a><\/p>\n<p><a href=\"http:\/\/museumek.eu\/wp-content\/uploads\/2013\/04\/Museum-Europ\u00e4ischer-Keramikkunst-3805.jpg\"><img loading=\"lazy\" src=\"http:\/\/museumek.eu\/wp-content\/uploads\/2013\/04\/Museum-Europ\u00e4ischer-Keramikkunst-3805-241x300.jpg\" alt=\"\" title=\"Museum Europ\u00e4ischer Keramikkunst 3805\" width=\"241\" height=\"300\" class=\"alignnone size-medium wp-image-19479\" srcset=\"http:\/\/museumek.eu\/wp-content\/uploads\/2013\/04\/Museum-Europ\u00e4ischer-Keramikkunst-3805-241x300.jpg 241w, http:\/\/museumek.eu\/wp-content\/uploads\/2013\/04\/Museum-Europ\u00e4ischer-Keramikkunst-3805.jpg 433w\" sizes=\"(max-width: 241px) 100vw, 241px\" \/><\/a><\/p>\n<p><a href=\"http:\/\/museumek.eu\/wp-content\/uploads\/2013\/04\/Z-1-Quittenbaum-Milit\u00e4rteller.jpg\"><img loading=\"lazy\" src=\"http:\/\/museumek.eu\/wp-content\/uploads\/2013\/04\/Z-1-Quittenbaum-Milit\u00e4rteller-202x300.jpg\" alt=\"\" title=\"Z 1 Quittenbaum Milit\u00e4rteller\" width=\"202\" height=\"300\" class=\"alignnone size-medium wp-image-19481\" srcset=\"http:\/\/museumek.eu\/wp-content\/uploads\/2013\/04\/Z-1-Quittenbaum-Milit\u00e4rteller-202x300.jpg 202w, http:\/\/museumek.eu\/wp-content\/uploads\/2013\/04\/Z-1-Quittenbaum-Milit\u00e4rteller.jpg 430w\" sizes=\"(max-width: 202px) 100vw, 202px\" \/><\/a><\/p>\n","protected":false},"excerpt":{"rendered":"<p>Albert Guillaume wurde am 14.02.1873 in Paris geboren. Er starb am 10.08.1942 in Faux. Guillaume war als Maler und Karikaturist t\u00e4tig. Sein k\u00fcnstlerisches Schaffen war von Jules Ch\u00e9ret beeinflusst. Er war einer der f\u00fchrenden Karikaturisten der Belle \u00c9poque. Guillaume schuf &hellip; <a href=\"http:\/\/museumek.eu\/?page_id=19484\">Weiterlesen <span class=\"meta-nav\">&rarr;<\/span><\/a><\/p>\n","protected":false},"author":1,"featured_media":0,"parent":19456,"menu_order":1,"comment_status":"closed","ping_status":"open","template":"","meta":[],"_links":{"self":[{"href":"http:\/\/museumek.eu\/index.php?rest_route=\/wp\/v2\/pages\/19484"}],"collection":[{"href":"http:\/\/museumek.eu\/index.php?rest_route=\/wp\/v2\/pages"}],"about":[{"href":"http:\/\/museumek.eu\/index.php?rest_route=\/wp\/v2\/types\/page"}],"author":[{"embeddable":true,"href":"http:\/\/museumek.eu\/index.php?rest_route=\/wp\/v2\/users\/1"}],"replies":[{"embeddable":true,"href":"http:\/\/museumek.eu\/index.php?rest_route=%2Fwp%2Fv2%2Fcomments&post=19484"}],"version-history":[{"count":7,"href":"http:\/\/museumek.eu\/index.php?rest_route=\/wp\/v2\/pages\/19484\/revisions"}],"predecessor-version":[{"id":51475,"href":"http:\/\/museumek.eu\/index.php?rest_route=\/wp\/v2\/pages\/19484\/revisions\/51475"}],"up":[{"embeddable":true,"href":"http:\/\/museumek.eu\/index.php?rest_route=\/wp\/v2\/pages\/19456"}],"wp:attachment":[{"href":"http:\/\/museumek.eu\/index.php?rest_route=%2Fwp%2Fv2%2Fmedia&parent=19484"}],"curies":[{"name":"wp","href":"https:\/\/api.w.org\/{rel}","templated":true}]}}