{"id":19488,"date":"2013-04-07T23:50:17","date_gmt":"2013-04-07T21:50:17","guid":{"rendered":"http:\/\/museumek.eu\/?page_id=19488"},"modified":"2021-01-13T16:56:02","modified_gmt":"2021-01-13T15:56:02","slug":"fx10","status":"publish","type":"page","link":"http:\/\/museumek.eu\/?page_id=19488","title":{"rendered":"F\/X\/10"},"content":{"rendered":"<p><strong>Abteilung Frankreich, Keramik 1860 \u2013 1960, Inventarnummer F\/X\/10<\/strong><\/p>\n<p>Utzschneider &#038; Cie. Fabrique de Faience &#038; Porcelaine a Sarreguemines &#038; Digoin und Nachf. Faienceries de Sarreguemines, Digoin et Vitry-le-Francois, anciennement Utzschneider &#038; Cie., Frankreich, Sarreguemines\/Digoin, um 1900, Zierteller, K\u00fcnstler unbekannt, Werks-Nr. ohne\/Exemplar Nr. ohne, gemarkt Firmenmarke mit U &#038; Cie. im farbigen Dekorstempel Louis XV unter Glasur, Sarreguemines sowie H braune Stempel unter Glasur, 2 P gepresst, Punkt\/Strich und Punkt in Gold gemalt (wohl Malermarke), nicht signiert, dieser Sonderstempel ist in keiner Literatur vermerkt, Literatur: Dieter Z\u00fchlsdorff, Markenlexikon, Porzellan und Keramik Report 1885 &#8211; 1935, Seite 600, Werkteil Nr. 3, laufende Nummer innerhalb des Werkteils 600, dort Beschreibung der Fabriken, 1795 gr\u00fcnden Nicolas-Henri Jacobi, Paul-Augustin Jacobi und Joseph Fabry eine Porzellan-, Steingut-, Fayence-, und Majolikafabrik in Sarreguemines, Firmierung nicht bekannt, 1793 tritt Francois Paul Utzschneider als Mitarbeiter in die Fabrik ein und wird 1799 Teilhaber der Fabrik, 1836 \u00fcbernimmt Utzschneiders Schwiegersohn Alexandre de Geiger (1803 &#8211; 1891) die Firmenleitung, 1871 kauft dessen Sohn Paul de Geiger die Fabrik, wahrscheinlich Firmierung ab da Utzschneider &#038; Cie. Fabrique de Faience &#038; Porcelaine a Sarreguemines, nach dem deutsch-franz\u00f6sischem Krieg 1870\/1871 geh\u00f6rt Sarreguemines zu Deutschland, deshalb gr\u00fcndet Paul de Geiger zwei weitere Fabriken in Frankreich (mit finanzieller Unterst\u00fctzung von Villeroy &#038; Boch), 1876 in Digoin (f\u00fcr Zier- und Gebrauchsporzellan) und 1881 in in Vitry-le-Francois (f\u00fcr Bau- und Industriekeramik), wahrscheinlich \u00e4nderte sich 1876 die Firmenbezeichnung in Utzschneider &#038; Cie. Fabriques de Faience &#038; Porcelaine a Sarreguemines &#038; Digoin, im Jahre 1883 ersteigert Utzschneider zusammen mit Villeroy &#038; Boch, die Steingutfabrik Schramberg, nach WK I, werden alle 3 Utzschneider Fabriken zu Faienceries de Sarreguemines, Digoin et Vitry-le-Francois, anciennement Utzschneider &#038; Cie. vereinigt, Hand dekoriert und Fahne mit Goldrand, Durchmesser 18,5 cm<\/p>\n<p><a href=\"http:\/\/museumek.eu\/wp-content\/uploads\/2013\/04\/Museum-Europ\u00e4ischer-Keramikkunst-3153.jpg\"><img loading=\"lazy\" src=\"http:\/\/museumek.eu\/wp-content\/uploads\/2013\/04\/Museum-Europ\u00e4ischer-Keramikkunst-3153-300x295.jpg\" alt=\"\" title=\"Museum Europ\u00e4ischer Keramikkunst 3153\" width=\"300\" height=\"295\" class=\"alignnone size-medium wp-image-19489\" srcset=\"http:\/\/museumek.eu\/wp-content\/uploads\/2013\/04\/Museum-Europ\u00e4ischer-Keramikkunst-3153-300x295.jpg 300w, http:\/\/museumek.eu\/wp-content\/uploads\/2013\/04\/Museum-Europ\u00e4ischer-Keramikkunst-3153-304x300.jpg 304w, http:\/\/museumek.eu\/wp-content\/uploads\/2013\/04\/Museum-Europ\u00e4ischer-Keramikkunst-3153.jpg 721w\" sizes=\"(max-width: 300px) 100vw, 300px\" \/><\/a><\/p>\n<p><a href=\"http:\/\/museumek.eu\/wp-content\/uploads\/2013\/04\/Museum-Europ\u00e4ischer-Keramikkunst-3154.jpg\"><img loading=\"lazy\" src=\"http:\/\/museumek.eu\/wp-content\/uploads\/2013\/04\/Museum-Europ\u00e4ischer-Keramikkunst-3154-300x258.jpg\" alt=\"\" title=\"Museum Europ\u00e4ischer Keramikkunst 3154\" width=\"300\" height=\"258\" class=\"alignnone size-medium wp-image-19490\" srcset=\"http:\/\/museumek.eu\/wp-content\/uploads\/2013\/04\/Museum-Europ\u00e4ischer-Keramikkunst-3154-300x258.jpg 300w, http:\/\/museumek.eu\/wp-content\/uploads\/2013\/04\/Museum-Europ\u00e4ischer-Keramikkunst-3154-348x300.jpg 348w, http:\/\/museumek.eu\/wp-content\/uploads\/2013\/04\/Museum-Europ\u00e4ischer-Keramikkunst-3154.jpg 588w\" sizes=\"(max-width: 300px) 100vw, 300px\" \/><\/a><\/p>\n","protected":false},"excerpt":{"rendered":"<p>Abteilung Frankreich, Keramik 1860 \u2013 1960, Inventarnummer F\/X\/10 Utzschneider &#038; Cie. Fabrique de Faience &#038; Porcelaine a Sarreguemines &#038; Digoin und Nachf. Faienceries de Sarreguemines, Digoin et Vitry-le-Francois, anciennement Utzschneider &#038; Cie., Frankreich, Sarreguemines\/Digoin, um 1900, Zierteller, K\u00fcnstler unbekannt, Werks-Nr. &hellip; <a href=\"http:\/\/museumek.eu\/?page_id=19488\">Weiterlesen <span class=\"meta-nav\">&rarr;<\/span><\/a><\/p>\n","protected":false},"author":1,"featured_media":0,"parent":2507,"menu_order":10,"comment_status":"closed","ping_status":"open","template":"","meta":[],"_links":{"self":[{"href":"http:\/\/museumek.eu\/index.php?rest_route=\/wp\/v2\/pages\/19488"}],"collection":[{"href":"http:\/\/museumek.eu\/index.php?rest_route=\/wp\/v2\/pages"}],"about":[{"href":"http:\/\/museumek.eu\/index.php?rest_route=\/wp\/v2\/types\/page"}],"author":[{"embeddable":true,"href":"http:\/\/museumek.eu\/index.php?rest_route=\/wp\/v2\/users\/1"}],"replies":[{"embeddable":true,"href":"http:\/\/museumek.eu\/index.php?rest_route=%2Fwp%2Fv2%2Fcomments&post=19488"}],"version-history":[{"count":4,"href":"http:\/\/museumek.eu\/index.php?rest_route=\/wp\/v2\/pages\/19488\/revisions"}],"predecessor-version":[{"id":52112,"href":"http:\/\/museumek.eu\/index.php?rest_route=\/wp\/v2\/pages\/19488\/revisions\/52112"}],"up":[{"embeddable":true,"href":"http:\/\/museumek.eu\/index.php?rest_route=\/wp\/v2\/pages\/2507"}],"wp:attachment":[{"href":"http:\/\/museumek.eu\/index.php?rest_route=%2Fwp%2Fv2%2Fmedia&parent=19488"}],"curies":[{"name":"wp","href":"https:\/\/api.w.org\/{rel}","templated":true}]}}