{"id":19655,"date":"2013-04-13T18:28:39","date_gmt":"2013-04-13T16:28:39","guid":{"rendered":"http:\/\/museumek.eu\/?page_id=19655"},"modified":"2013-05-09T15:52:53","modified_gmt":"2013-05-09T13:52:53","slug":"dlxxi1","status":"publish","type":"page","link":"http:\/\/museumek.eu\/?page_id=19655","title":{"rendered":"D\/LXXII\/1"},"content":{"rendered":"<p><strong>Abteilung Deutschland, Keramik 1860 \u2013 1960, Inventarnummer D\/LXXII\/1<\/strong><\/p>\n<p>K\u00f6lner Kunstfiguren-Fabrik H. &#038; M. L\u00f6hnberg, Deutschland, K\u00f6ln, um 1905, Figur Knabe mit zwei heilen Wasserkr\u00fcgen bez. \u201eFreud\u201c, K\u00fcnstler unbekannt, Werks.-Nr. 1239, Exemplar Nr. 38 (?), gemarkt Firmenmarke mit K\u00f6lner Dom, K.K.F.F. (f\u00fcr K\u00f6lner Kunstfiguren-Fabrik) sowie K.F. (f\u00fcr K\u00f6lner Kunstfiguren oder K\u00f6lner Fabrik) runder Stempel gepresst, 1239, 38  sowie Freud, geritzt, nicht signiert, Literatur: Dieter Z\u00fchlsdorf, Keramik-Marken-Lexikon, Nr. 1.1953, Abbildung der identischen Marke (dort falsch gezeichnet mit K.K.E.F. sowie falsch mit K.E.) sowie Nr. 618, Beschreibung der Fabrik, siehe auch MEK D\/LXXII\/2 zugeh\u00f6riges M\u00e4dchen bez. mit \u201eLeid\u201c, Ausf\u00fchrung in keramischer Kunstmasse, Inhaber: Hermann u. Max L\u00f6hnberg,<br \/>\nH\u00f6he 38,5 cm, Breite 18 cm<\/p>\n<p><a href=\"http:\/\/museumek.eu\/wp-content\/uploads\/2013\/04\/Museum-Europ\u00e4ischer-Keramikkunst-3944.jpg\"><img loading=\"lazy\" src=\"http:\/\/museumek.eu\/wp-content\/uploads\/2013\/04\/Museum-Europ\u00e4ischer-Keramikkunst-3944-134x300.jpg\" alt=\"\" title=\"Museum Europ\u00e4ischer Keramikkunst 3944\" width=\"134\" height=\"300\" class=\"alignnone size-medium wp-image-19669\" srcset=\"http:\/\/museumek.eu\/wp-content\/uploads\/2013\/04\/Museum-Europ\u00e4ischer-Keramikkunst-3944-134x300.jpg 134w, http:\/\/museumek.eu\/wp-content\/uploads\/2013\/04\/Museum-Europ\u00e4ischer-Keramikkunst-3944.jpg 359w\" sizes=\"(max-width: 134px) 100vw, 134px\" \/><\/a><\/p>\n<p><a href=\"http:\/\/museumek.eu\/wp-content\/uploads\/2013\/04\/Museum-Europ\u00e4ischer-Keramikkunst-3946.jpg\"><img loading=\"lazy\" src=\"http:\/\/museumek.eu\/wp-content\/uploads\/2013\/04\/Museum-Europ\u00e4ischer-Keramikkunst-3946-153x300.jpg\" alt=\"\" title=\"Museum Europ\u00e4ischer Keramikkunst 3946\" width=\"153\" height=\"300\" class=\"alignnone size-medium wp-image-19670\" srcset=\"http:\/\/museumek.eu\/wp-content\/uploads\/2013\/04\/Museum-Europ\u00e4ischer-Keramikkunst-3946-153x300.jpg 153w, http:\/\/museumek.eu\/wp-content\/uploads\/2013\/04\/Museum-Europ\u00e4ischer-Keramikkunst-3946.jpg 410w\" sizes=\"(max-width: 153px) 100vw, 153px\" \/><\/a><\/p>\n<p><a href=\"http:\/\/museumek.eu\/wp-content\/uploads\/2013\/04\/Museum-Europ\u00e4ischer-Keramikkunst-3947.jpg\"><img loading=\"lazy\" src=\"http:\/\/museumek.eu\/wp-content\/uploads\/2013\/04\/Museum-Europ\u00e4ischer-Keramikkunst-3947-151x300.jpg\" alt=\"\" title=\"Museum Europ\u00e4ischer Keramikkunst 3947\" width=\"151\" height=\"300\" class=\"alignnone size-medium wp-image-19671\" \/><\/a><\/p>\n<p><a href=\"http:\/\/museumek.eu\/wp-content\/uploads\/2013\/04\/Museum-Europ\u00e4ischer-Keramikkunst-3948.jpg\"><img loading=\"lazy\" src=\"http:\/\/museumek.eu\/wp-content\/uploads\/2013\/04\/Museum-Europ\u00e4ischer-Keramikkunst-3948-139x300.jpg\" alt=\"\" title=\"Museum Europ\u00e4ischer Keramikkunst 3948\" width=\"139\" height=\"300\" class=\"alignnone size-medium wp-image-19672\" srcset=\"http:\/\/museumek.eu\/wp-content\/uploads\/2013\/04\/Museum-Europ\u00e4ischer-Keramikkunst-3948-139x300.jpg 139w, http:\/\/museumek.eu\/wp-content\/uploads\/2013\/04\/Museum-Europ\u00e4ischer-Keramikkunst-3948.jpg 371w\" sizes=\"(max-width: 139px) 100vw, 139px\" \/><\/a><\/p>\n<p><a href=\"http:\/\/museumek.eu\/wp-content\/uploads\/2013\/04\/Museum-Europ\u00e4ischer-Keramikkunst-39331.jpg\"><img loading=\"lazy\" src=\"http:\/\/museumek.eu\/wp-content\/uploads\/2013\/04\/Museum-Europ\u00e4ischer-Keramikkunst-39331-258x300.jpg\" alt=\"\" title=\"Museum Europ\u00e4ischer Keramikkunst 3933\" width=\"258\" height=\"300\" class=\"alignnone size-medium wp-image-19673\" srcset=\"http:\/\/museumek.eu\/wp-content\/uploads\/2013\/04\/Museum-Europ\u00e4ischer-Keramikkunst-39331-258x300.jpg 258w, http:\/\/museumek.eu\/wp-content\/uploads\/2013\/04\/Museum-Europ\u00e4ischer-Keramikkunst-39331.jpg 610w\" sizes=\"(max-width: 258px) 100vw, 258px\" \/><\/a><\/p>\n<p><a href=\"http:\/\/museumek.eu\/wp-content\/uploads\/2013\/04\/Museum-Europ\u00e4ischer-Keramikkunst-3945.jpg\"><img loading=\"lazy\" src=\"http:\/\/museumek.eu\/wp-content\/uploads\/2013\/04\/Museum-Europ\u00e4ischer-Keramikkunst-3945-300x135.jpg\" alt=\"\" title=\"Museum Europ\u00e4ischer Keramikkunst 3945\" width=\"300\" height=\"135\" class=\"alignnone size-medium wp-image-19674\" srcset=\"http:\/\/museumek.eu\/wp-content\/uploads\/2013\/04\/Museum-Europ\u00e4ischer-Keramikkunst-3945-300x135.jpg 300w, http:\/\/museumek.eu\/wp-content\/uploads\/2013\/04\/Museum-Europ\u00e4ischer-Keramikkunst-3945-500x225.jpg 500w, http:\/\/museumek.eu\/wp-content\/uploads\/2013\/04\/Museum-Europ\u00e4ischer-Keramikkunst-3945.jpg 557w\" sizes=\"(max-width: 300px) 100vw, 300px\" \/><\/a><\/p>\n<p><a href=\"http:\/\/museumek.eu\/wp-content\/uploads\/2013\/04\/Museum-Europ\u00e4ischer-Keramikkunst-3949.jpg\"><img loading=\"lazy\" src=\"http:\/\/museumek.eu\/wp-content\/uploads\/2013\/04\/Museum-Europ\u00e4ischer-Keramikkunst-3949-300x297.jpg\" alt=\"\" title=\"Museum Europ\u00e4ischer Keramikkunst 3949\" width=\"300\" height=\"297\" class=\"alignnone size-medium wp-image-19675\" srcset=\"http:\/\/museumek.eu\/wp-content\/uploads\/2013\/04\/Museum-Europ\u00e4ischer-Keramikkunst-3949-300x297.jpg 300w, http:\/\/museumek.eu\/wp-content\/uploads\/2013\/04\/Museum-Europ\u00e4ischer-Keramikkunst-3949-150x150.jpg 150w, http:\/\/museumek.eu\/wp-content\/uploads\/2013\/04\/Museum-Europ\u00e4ischer-Keramikkunst-3949-302x300.jpg 302w, http:\/\/museumek.eu\/wp-content\/uploads\/2013\/04\/Museum-Europ\u00e4ischer-Keramikkunst-3949.jpg 729w\" sizes=\"(max-width: 300px) 100vw, 300px\" \/><\/a><\/p>\n<p><a href=\"http:\/\/museumek.eu\/wp-content\/uploads\/2013\/04\/Museum-Europ\u00e4ischer-Keramikkunst-3950.jpg\"><img loading=\"lazy\" src=\"http:\/\/museumek.eu\/wp-content\/uploads\/2013\/04\/Museum-Europ\u00e4ischer-Keramikkunst-3950-286x300.jpg\" alt=\"\" title=\"Museum Europ\u00e4ischer Keramikkunst 3950\" width=\"286\" height=\"300\" class=\"alignnone size-medium wp-image-19676\" srcset=\"http:\/\/museumek.eu\/wp-content\/uploads\/2013\/04\/Museum-Europ\u00e4ischer-Keramikkunst-3950-286x300.jpg 286w, http:\/\/museumek.eu\/wp-content\/uploads\/2013\/04\/Museum-Europ\u00e4ischer-Keramikkunst-3950.jpg 583w\" sizes=\"(max-width: 286px) 100vw, 286px\" \/><\/a><\/p>\n<p><a href=\"http:\/\/museumek.eu\/wp-content\/uploads\/2013\/04\/Museum-Europ\u00e4ischer-Keramikkunst-3951.jpg\"><img loading=\"lazy\" src=\"http:\/\/museumek.eu\/wp-content\/uploads\/2013\/04\/Museum-Europ\u00e4ischer-Keramikkunst-3951-300x157.jpg\" alt=\"\" title=\"Museum Europ\u00e4ischer Keramikkunst 3951\" width=\"300\" height=\"157\" class=\"alignnone size-medium wp-image-19677\" srcset=\"http:\/\/museumek.eu\/wp-content\/uploads\/2013\/04\/Museum-Europ\u00e4ischer-Keramikkunst-3951-300x157.jpg 300w, http:\/\/museumek.eu\/wp-content\/uploads\/2013\/04\/Museum-Europ\u00e4ischer-Keramikkunst-3951-500x261.jpg 500w, http:\/\/museumek.eu\/wp-content\/uploads\/2013\/04\/Museum-Europ\u00e4ischer-Keramikkunst-3951.jpg 609w\" sizes=\"(max-width: 300px) 100vw, 300px\" \/><\/a><\/p>\n<p><a href=\"http:\/\/museumek.eu\/wp-content\/uploads\/2013\/04\/Museum-Europ\u00e4ischer-Keramikkunst-3952.jpg\"><img loading=\"lazy\" src=\"http:\/\/museumek.eu\/wp-content\/uploads\/2013\/04\/Museum-Europ\u00e4ischer-Keramikkunst-3952-300x263.jpg\" alt=\"\" title=\"Museum Europ\u00e4ischer Keramikkunst 3952\" width=\"300\" height=\"263\" class=\"alignnone size-medium wp-image-19678\" srcset=\"http:\/\/museumek.eu\/wp-content\/uploads\/2013\/04\/Museum-Europ\u00e4ischer-Keramikkunst-3952-300x263.jpg 300w, http:\/\/museumek.eu\/wp-content\/uploads\/2013\/04\/Museum-Europ\u00e4ischer-Keramikkunst-3952-341x300.jpg 341w, http:\/\/museumek.eu\/wp-content\/uploads\/2013\/04\/Museum-Europ\u00e4ischer-Keramikkunst-3952.jpg 800w\" sizes=\"(max-width: 300px) 100vw, 300px\" \/><\/a><\/p>\n","protected":false},"excerpt":{"rendered":"<p>Abteilung Deutschland, Keramik 1860 \u2013 1960, Inventarnummer D\/LXXII\/1 K\u00f6lner Kunstfiguren-Fabrik H. &#038; M. L\u00f6hnberg, Deutschland, K\u00f6ln, um 1905, Figur Knabe mit zwei heilen Wasserkr\u00fcgen bez. \u201eFreud\u201c, K\u00fcnstler unbekannt, Werks.-Nr. 1239, Exemplar Nr. 38 (?), gemarkt Firmenmarke mit K\u00f6lner Dom, K.K.F.F. &hellip; <a href=\"http:\/\/museumek.eu\/?page_id=19655\">Weiterlesen <span class=\"meta-nav\">&rarr;<\/span><\/a><\/p>\n","protected":false},"author":1,"featured_media":0,"parent":19652,"menu_order":1,"comment_status":"closed","ping_status":"open","template":"","meta":[],"_links":{"self":[{"href":"http:\/\/museumek.eu\/index.php?rest_route=\/wp\/v2\/pages\/19655"}],"collection":[{"href":"http:\/\/museumek.eu\/index.php?rest_route=\/wp\/v2\/pages"}],"about":[{"href":"http:\/\/museumek.eu\/index.php?rest_route=\/wp\/v2\/types\/page"}],"author":[{"embeddable":true,"href":"http:\/\/museumek.eu\/index.php?rest_route=\/wp\/v2\/users\/1"}],"replies":[{"embeddable":true,"href":"http:\/\/museumek.eu\/index.php?rest_route=%2Fwp%2Fv2%2Fcomments&post=19655"}],"version-history":[{"count":9,"href":"http:\/\/museumek.eu\/index.php?rest_route=\/wp\/v2\/pages\/19655\/revisions"}],"predecessor-version":[{"id":21569,"href":"http:\/\/museumek.eu\/index.php?rest_route=\/wp\/v2\/pages\/19655\/revisions\/21569"}],"up":[{"embeddable":true,"href":"http:\/\/museumek.eu\/index.php?rest_route=\/wp\/v2\/pages\/19652"}],"wp:attachment":[{"href":"http:\/\/museumek.eu\/index.php?rest_route=%2Fwp%2Fv2%2Fmedia&parent=19655"}],"curies":[{"name":"wp","href":"https:\/\/api.w.org\/{rel}","templated":true}]}}