{"id":19693,"date":"2013-04-13T18:53:46","date_gmt":"2013-04-13T16:53:46","guid":{"rendered":"http:\/\/museumek.eu\/?page_id=19693"},"modified":"2013-05-09T15:54:27","modified_gmt":"2013-05-09T13:54:27","slug":"dlxxi2","status":"publish","type":"page","link":"http:\/\/museumek.eu\/?page_id=19693","title":{"rendered":"D\/LXXII\/2"},"content":{"rendered":"<p><strong>Abteilung Deutschland, Keramik 1860 \u2013 1960, Inventarnummer D\/LXXII\/2<\/strong><\/p>\n<p>K\u00f6lner Kunstfiguren-Fabrik H. &#038; M. L\u00f6hnberg, Deutschland, K\u00f6ln, um 1905, Figur M\u00e4dchen mit Schale und zerbrochenem Krug, bez. \u201eLeid\u201c, K\u00fcnstler unbekannt, Werks.-Nr. 1238, Exemplar Nr. 38 (?), gemarkt Firmenmarke mit K\u00f6lner Dom, K.K.F.F. (f\u00fcr K\u00f6lner Kunstfiguren-Fabrik sowie K.F. (f\u00fcr K\u00f6lner Figuren oder K\u00f6lner Fabrik) runder Stempel gepresst, 1238, 38 sowie Leid geritzt, nicht signiert, Literatur: Dieter Z\u00fchlsdorf, Keramik-Marken-Lexikon, Nr. 1.1953, Abbildung der identischen Marke (dort falsch gezeichnet mit K.K.E.F. sowie falsch mit K.E.) sowie Nr. 618, Beschreibung der Fabrik, siehe auch MEK D\/LXXII\/1 zugeh\u00f6riger Knabe bez. mit \u201eFreud\u201c, Ausf\u00fchrung in keramischer Kunstmasse, Inhaber: Hermann u. Max L\u00f6hnberg,<br \/>\nH\u00f6he 37 cm, Breite 15 cm<\/p>\n<p><a href=\"http:\/\/museumek.eu\/wp-content\/uploads\/2013\/04\/Museum-Europ\u00e4ischer-Keramikkunst-39341.jpg\"><img loading=\"lazy\" src=\"http:\/\/museumek.eu\/wp-content\/uploads\/2013\/04\/Museum-Europ\u00e4ischer-Keramikkunst-39341-138x300.jpg\" alt=\"\" title=\"Museum Europ\u00e4ischer Keramikkunst 3934\" width=\"138\" height=\"300\" class=\"alignnone size-medium wp-image-19694\" srcset=\"http:\/\/museumek.eu\/wp-content\/uploads\/2013\/04\/Museum-Europ\u00e4ischer-Keramikkunst-39341-138x300.jpg 138w, http:\/\/museumek.eu\/wp-content\/uploads\/2013\/04\/Museum-Europ\u00e4ischer-Keramikkunst-39341.jpg 369w\" sizes=\"(max-width: 138px) 100vw, 138px\" \/><\/a><\/p>\n<p><a href=\"http:\/\/museumek.eu\/wp-content\/uploads\/2013\/04\/Museum-Europ\u00e4ischer-Keramikkunst-39361.jpg\"><img loading=\"lazy\" src=\"http:\/\/museumek.eu\/wp-content\/uploads\/2013\/04\/Museum-Europ\u00e4ischer-Keramikkunst-39361-134x300.jpg\" alt=\"\" title=\"Museum Europ\u00e4ischer Keramikkunst 3936\" width=\"134\" height=\"300\" class=\"alignnone size-medium wp-image-19695\" srcset=\"http:\/\/museumek.eu\/wp-content\/uploads\/2013\/04\/Museum-Europ\u00e4ischer-Keramikkunst-39361-134x300.jpg 134w, http:\/\/museumek.eu\/wp-content\/uploads\/2013\/04\/Museum-Europ\u00e4ischer-Keramikkunst-39361.jpg 358w\" sizes=\"(max-width: 134px) 100vw, 134px\" \/><\/a><\/p>\n<p><a href=\"http:\/\/museumek.eu\/wp-content\/uploads\/2013\/04\/Museum-Europ\u00e4ischer-Keramikkunst-39372.jpg\"><img loading=\"lazy\" src=\"http:\/\/museumek.eu\/wp-content\/uploads\/2013\/04\/Museum-Europ\u00e4ischer-Keramikkunst-39372-125x300.jpg\" alt=\"\" title=\"Museum Europ\u00e4ischer Keramikkunst 3937\" width=\"125\" height=\"300\" class=\"alignnone size-medium wp-image-19696\" srcset=\"http:\/\/museumek.eu\/wp-content\/uploads\/2013\/04\/Museum-Europ\u00e4ischer-Keramikkunst-39372-125x300.jpg 125w, http:\/\/museumek.eu\/wp-content\/uploads\/2013\/04\/Museum-Europ\u00e4ischer-Keramikkunst-39372.jpg 335w\" sizes=\"(max-width: 125px) 100vw, 125px\" \/><\/a><\/p>\n<p><a href=\"http:\/\/museumek.eu\/wp-content\/uploads\/2013\/04\/Museum-Europ\u00e4ischer-Keramikkunst-39381.jpg\"><img loading=\"lazy\" src=\"http:\/\/museumek.eu\/wp-content\/uploads\/2013\/04\/Museum-Europ\u00e4ischer-Keramikkunst-39381-151x300.jpg\" alt=\"\" title=\"Museum Europ\u00e4ischer Keramikkunst 3938\" width=\"151\" height=\"300\" class=\"alignnone size-medium wp-image-19697\" \/><\/a><\/p>\n<p><a href=\"http:\/\/museumek.eu\/wp-content\/uploads\/2013\/04\/Museum-Europ\u00e4ischer-Keramikkunst-39332.jpg\"><img loading=\"lazy\" src=\"http:\/\/museumek.eu\/wp-content\/uploads\/2013\/04\/Museum-Europ\u00e4ischer-Keramikkunst-39332-258x300.jpg\" alt=\"\" title=\"Museum Europ\u00e4ischer Keramikkunst 3933\" width=\"258\" height=\"300\" class=\"alignnone size-medium wp-image-19698\" srcset=\"http:\/\/museumek.eu\/wp-content\/uploads\/2013\/04\/Museum-Europ\u00e4ischer-Keramikkunst-39332-258x300.jpg 258w, http:\/\/museumek.eu\/wp-content\/uploads\/2013\/04\/Museum-Europ\u00e4ischer-Keramikkunst-39332.jpg 610w\" sizes=\"(max-width: 258px) 100vw, 258px\" \/><\/a><\/p>\n<p><a href=\"http:\/\/museumek.eu\/wp-content\/uploads\/2013\/04\/Museum-Europ\u00e4ischer-Keramikkunst-39351.jpg\"><img loading=\"lazy\" src=\"http:\/\/museumek.eu\/wp-content\/uploads\/2013\/04\/Museum-Europ\u00e4ischer-Keramikkunst-39351-300x187.jpg\" alt=\"\" title=\"Museum Europ\u00e4ischer Keramikkunst 3935\" width=\"300\" height=\"187\" class=\"alignnone size-medium wp-image-19699\" srcset=\"http:\/\/museumek.eu\/wp-content\/uploads\/2013\/04\/Museum-Europ\u00e4ischer-Keramikkunst-39351-300x187.jpg 300w, http:\/\/museumek.eu\/wp-content\/uploads\/2013\/04\/Museum-Europ\u00e4ischer-Keramikkunst-39351-479x300.jpg 479w, http:\/\/museumek.eu\/wp-content\/uploads\/2013\/04\/Museum-Europ\u00e4ischer-Keramikkunst-39351.jpg 551w\" sizes=\"(max-width: 300px) 100vw, 300px\" \/><\/a><\/p>\n<p><a href=\"http:\/\/museumek.eu\/wp-content\/uploads\/2013\/04\/Museum-Europ\u00e4ischer-Keramikkunst-39391.jpg\"><img loading=\"lazy\" src=\"http:\/\/museumek.eu\/wp-content\/uploads\/2013\/04\/Museum-Europ\u00e4ischer-Keramikkunst-39391-175x300.jpg\" alt=\"\" title=\"Museum Europ\u00e4ischer Keramikkunst 3939\" width=\"175\" height=\"300\" class=\"alignnone size-medium wp-image-19700\" srcset=\"http:\/\/museumek.eu\/wp-content\/uploads\/2013\/04\/Museum-Europ\u00e4ischer-Keramikkunst-39391-175x300.jpg 175w, http:\/\/museumek.eu\/wp-content\/uploads\/2013\/04\/Museum-Europ\u00e4ischer-Keramikkunst-39391.jpg 407w\" sizes=\"(max-width: 175px) 100vw, 175px\" \/><\/a><\/p>\n<p><a href=\"http:\/\/museumek.eu\/wp-content\/uploads\/2013\/04\/Museum-Europ\u00e4ischer-Keramikkunst-39431.jpg\"><img loading=\"lazy\" src=\"http:\/\/museumek.eu\/wp-content\/uploads\/2013\/04\/Museum-Europ\u00e4ischer-Keramikkunst-39431-293x300.jpg\" alt=\"\" title=\"Museum Europ\u00e4ischer Keramikkunst 3943\" width=\"293\" height=\"300\" class=\"alignnone size-medium wp-image-19701\" srcset=\"http:\/\/museumek.eu\/wp-content\/uploads\/2013\/04\/Museum-Europ\u00e4ischer-Keramikkunst-39431-293x300.jpg 293w, http:\/\/museumek.eu\/wp-content\/uploads\/2013\/04\/Museum-Europ\u00e4ischer-Keramikkunst-39431.jpg 706w\" sizes=\"(max-width: 293px) 100vw, 293px\" \/><\/a><\/p>\n","protected":false},"excerpt":{"rendered":"<p>Abteilung Deutschland, Keramik 1860 \u2013 1960, Inventarnummer D\/LXXII\/2 K\u00f6lner Kunstfiguren-Fabrik H. &#038; M. L\u00f6hnberg, Deutschland, K\u00f6ln, um 1905, Figur M\u00e4dchen mit Schale und zerbrochenem Krug, bez. \u201eLeid\u201c, K\u00fcnstler unbekannt, Werks.-Nr. 1238, Exemplar Nr. 38 (?), gemarkt Firmenmarke mit K\u00f6lner Dom, &hellip; <a href=\"http:\/\/museumek.eu\/?page_id=19693\">Weiterlesen <span class=\"meta-nav\">&rarr;<\/span><\/a><\/p>\n","protected":false},"author":1,"featured_media":0,"parent":19652,"menu_order":2,"comment_status":"closed","ping_status":"open","template":"","meta":[],"_links":{"self":[{"href":"http:\/\/museumek.eu\/index.php?rest_route=\/wp\/v2\/pages\/19693"}],"collection":[{"href":"http:\/\/museumek.eu\/index.php?rest_route=\/wp\/v2\/pages"}],"about":[{"href":"http:\/\/museumek.eu\/index.php?rest_route=\/wp\/v2\/types\/page"}],"author":[{"embeddable":true,"href":"http:\/\/museumek.eu\/index.php?rest_route=\/wp\/v2\/users\/1"}],"replies":[{"embeddable":true,"href":"http:\/\/museumek.eu\/index.php?rest_route=%2Fwp%2Fv2%2Fcomments&post=19693"}],"version-history":[{"count":7,"href":"http:\/\/museumek.eu\/index.php?rest_route=\/wp\/v2\/pages\/19693\/revisions"}],"predecessor-version":[{"id":21571,"href":"http:\/\/museumek.eu\/index.php?rest_route=\/wp\/v2\/pages\/19693\/revisions\/21571"}],"up":[{"embeddable":true,"href":"http:\/\/museumek.eu\/index.php?rest_route=\/wp\/v2\/pages\/19652"}],"wp:attachment":[{"href":"http:\/\/museumek.eu\/index.php?rest_route=%2Fwp%2Fv2%2Fmedia&parent=19693"}],"curies":[{"name":"wp","href":"https:\/\/api.w.org\/{rel}","templated":true}]}}