{"id":197,"date":"2011-08-06T20:53:39","date_gmt":"2011-08-06T18:53:39","guid":{"rendered":"http:\/\/museumek.eu\/?page_id=197"},"modified":"2021-07-22T15:16:58","modified_gmt":"2021-07-22T13:16:58","slug":"ai13","status":"publish","type":"page","link":"http:\/\/museumek.eu\/?page_id=197","title":{"rendered":"A\/I\/13"},"content":{"rendered":"<p><strong>Abteilung Austria\/Ungarn\/B\u00f6hmen, Keramik 1860 \u2013 1960, Inventarnummer A\/I\/13<\/strong><\/p>\n<p>Wiener Manufaktur Friedrich Goldscheider, Austria, Wien, ca. 1934, Figur Stehende Madonna mit gekreuzten H\u00e4nden, K\u00fcnstler Josef Lorenzl, Werks.-Nr. 6862\/Exemplar Nr. 50\/Modelleur Nr. 14, gemarkt Firmenmarke mit Goldscheider Wien, GWM (Wiener Manufaktur Goldscheider) sowie MADE IN AUSTRIA schwarze Stempel unter Glasur, 6862, 50 sowie 14 gepresst, Lorenzl sowie N schwarz gemalt, Lorenzl geritzt, signiert Lorenzl, Literatur: Robert E. Dechant\/Filipp Goldscheider, Firmengeschichte und Werkverzeichnis, Seite 442, dort noch ohne Farbfoto, sowie Seite 604, Firmenmarke GS 19 (f\u00fcr die Zeit 1922 \u2013 1941) identisch, die Urspr\u00fcnge der Firma gehen zur\u00fcck auf das Pilsener Handelsunternehmen Moritz Goldscheider der 1860\u2018 Jahre, nach dem Tode von Moritz Goldscheider werden die Br\u00fcder Eduard und Friedrich Goldscheider Eigent\u00fcmer und firmieren ab 1877 als M. Goldscheider\u2019s Erben, Thon-und Kunststeinmanufactur Werk Moldau und ab 1878 als Br\u00fcder Goldscheider, im Jahre 1878 wandert Friedrich Goldscheider nach Wien aus und Eduard f\u00fchrt die Firma in Pilsen bis zum Konkurs 1892 allein weiter, Friedrich Goldscheider firmiert in Wien ab 1880 als Goldscheider\u2019sche Porzellan-Manufaktur und Porzellanmalerei, neben Handelsgesch\u00e4ften betreibt die Firma vorwiegend die Porzellanmalerei, das Porzellan wird von b\u00f6hmischen Manufakturen bezogen und teilweise auch in B\u00f6hmen bemalt, ab 1885 \u00e4ndert sich die Firmierung in Goldscheider\u2019sche Porzellan-Manufaktur und Majolicafabrik, das Jahr 1885 gilt als das offizielle Gr\u00fcndungsjahr, ab 1887 bezeichnet Friedrich Goldscheider seine Fabrik als Erste Wiener Terracotta- und Majolika-Fabrik Friedrich Goldscheider oder als Erste Wiener Kunst-Terracotta-Fabrik und kunstgewerbliche Ateliers Friedrich Goldscheider und offiziell ab 1894 als Friedrich Goldscheider Erste Wiener Terrakottafabrik, Friedrich Goldscheider stirbt im Jahre 1897, seine Ehefrau Regine Goldscheider wird Alleineigent\u00fcmer und firmiert ab 1899 als Friedrich Goldscheider in Wien, Berlin und Leipzig, ab 1907 firmiert die Firma als Erste Wiener Terrakottafabrik und Atelier f\u00fcr k\u00fcnstlerische Fayencen Friedrich Goldscheider, im Jahre 1918 stirbt Regine und die S\u00f6hne Walter und Marcell Goldscheider werden Inhaber, ab 1921 \u00e4ndert sich die Firmierung in Wiener Manufaktur Friedrich Goldscheider, 1928 scheidet Marcell Goldscheider aus und gr\u00fcndet seine eigene Firma in Wien, 1939 wird die Firma arisiert und Josef Schuster wird Inhaber, Firmierung ab 1939, Wiener Manufaktur Friedrich Goldscheider Nachf., Inhaber Josef Schuster, ab 1941 lautet die Firmierung Wiener Manufaktur Josef Schuster, vorm. Friedrich Goldscheider, nach dem WK II erh\u00e4lt Friedrich Goldscheider seine Firma zur\u00fcck und firmiert ab 1950 wieder als Wiener Manufaktur Friedrich Goldscheider, in dieser Zeit verkauft er die Firma an die Majolikafabrik Carstens, in Fredelsloh, die in Fredelsloh Wiederauflagen alter Modelle in minderwertigem braunem Ton aber auch neue Modelle ebenfalls in dieser Tonart produziert, ab 1953 firmiert die Firma als Kunstkeramische Manufaktur Goldscheider GmbH und 1960 wird die Produktion in Fredelsloh eingestellt, <strong>das MEK Exemplar dieser Figur ist eines der Wenigen erhalten gebliebenen Exemplare, nach den Ausf\u00fchrungen von Dechant\/Goldscheider wurde ein weiteres Exemplar im Wiener Auktionshaus Dorotheum und eines \u00fcber ebay versteigert<\/strong>, H\u00f6he 43 cm, Breite 9,5 cm<\/p>\n<p><a href=\"http:\/\/museumek.eu\/wp-content\/uploads\/2011\/08\/Museum-Europ\u00e4ischer-Keramikkunst-Qualit\u00e4tsfotos-027.jpg\"><img loading=\"lazy\" src=\"http:\/\/museumek.eu\/wp-content\/uploads\/2011\/08\/Museum-Europ\u00e4ischer-Keramikkunst-Qualit\u00e4tsfotos-027-73x300.jpg\" alt=\"\" title=\"Museum Europ\u00e4ischer Keramikkunst Qualit\u00e4tsfotos 027\" width=\"73\" height=\"300\" class=\"alignnone size-medium wp-image-200\" srcset=\"http:\/\/museumek.eu\/wp-content\/uploads\/2011\/08\/Museum-Europ\u00e4ischer-Keramikkunst-Qualit\u00e4tsfotos-027-73x300.jpg 73w, http:\/\/museumek.eu\/wp-content\/uploads\/2011\/08\/Museum-Europ\u00e4ischer-Keramikkunst-Qualit\u00e4tsfotos-027.jpg 244w\" sizes=\"(max-width: 73px) 100vw, 73px\" \/><\/a><\/p>\n<p><a href=\"http:\/\/museumek.eu\/wp-content\/uploads\/2011\/08\/Museum-Europ\u00e4ischer-Keramikkunst-039.jpg\"><img loading=\"lazy\" src=\"http:\/\/museumek.eu\/wp-content\/uploads\/2011\/08\/Museum-Europ\u00e4ischer-Keramikkunst-039-300x230.jpg\" alt=\"\" title=\"Museum Europ\u00e4ischer Keramikkunst 039\" width=\"300\" height=\"230\" class=\"alignnone size-medium wp-image-201\" srcset=\"http:\/\/museumek.eu\/wp-content\/uploads\/2011\/08\/Museum-Europ\u00e4ischer-Keramikkunst-039-300x230.jpg 300w, http:\/\/museumek.eu\/wp-content\/uploads\/2011\/08\/Museum-Europ\u00e4ischer-Keramikkunst-039-390x300.jpg 390w, http:\/\/museumek.eu\/wp-content\/uploads\/2011\/08\/Museum-Europ\u00e4ischer-Keramikkunst-039.jpg 811w\" sizes=\"(max-width: 300px) 100vw, 300px\" \/><\/a><\/p>\n<p><a href=\"http:\/\/museumek.eu\/wp-content\/uploads\/2011\/08\/Museum-Europ\u00e4ischer-Keramikkunst-038.jpg\"><img loading=\"lazy\" src=\"http:\/\/museumek.eu\/wp-content\/uploads\/2011\/08\/Museum-Europ\u00e4ischer-Keramikkunst-038-300x272.jpg\" alt=\"\" title=\"Museum Europ\u00e4ischer Keramikkunst 038\" width=\"300\" height=\"272\" class=\"alignnone size-medium wp-image-203\" srcset=\"http:\/\/museumek.eu\/wp-content\/uploads\/2011\/08\/Museum-Europ\u00e4ischer-Keramikkunst-038-300x272.jpg 300w, http:\/\/museumek.eu\/wp-content\/uploads\/2011\/08\/Museum-Europ\u00e4ischer-Keramikkunst-038-330x300.jpg 330w, http:\/\/museumek.eu\/wp-content\/uploads\/2011\/08\/Museum-Europ\u00e4ischer-Keramikkunst-038.jpg 720w\" sizes=\"(max-width: 300px) 100vw, 300px\" \/><\/a><\/p>\n<p><a href=\"http:\/\/museumek.eu\/wp-content\/uploads\/2011\/08\/Museum-Europ\u00e4ischer-Keramikkunst-037.jpg\"><img loading=\"lazy\" src=\"http:\/\/museumek.eu\/wp-content\/uploads\/2011\/08\/Museum-Europ\u00e4ischer-Keramikkunst-037-300x204.jpg\" alt=\"\" title=\"Museum Europ\u00e4ischer Keramikkunst 037\" width=\"300\" height=\"204\" class=\"alignnone size-medium wp-image-204\" srcset=\"http:\/\/museumek.eu\/wp-content\/uploads\/2011\/08\/Museum-Europ\u00e4ischer-Keramikkunst-037-300x204.jpg 300w, http:\/\/museumek.eu\/wp-content\/uploads\/2011\/08\/Museum-Europ\u00e4ischer-Keramikkunst-037-440x300.jpg 440w, http:\/\/museumek.eu\/wp-content\/uploads\/2011\/08\/Museum-Europ\u00e4ischer-Keramikkunst-037.jpg 951w\" sizes=\"(max-width: 300px) 100vw, 300px\" \/><\/a><\/p>\n","protected":false},"excerpt":{"rendered":"<p>Abteilung Austria\/Ungarn\/B\u00f6hmen, Keramik 1860 \u2013 1960, Inventarnummer A\/I\/13 Wiener Manufaktur Friedrich Goldscheider, Austria, Wien, ca. 1934, Figur Stehende Madonna mit gekreuzten H\u00e4nden, K\u00fcnstler Josef Lorenzl, Werks.-Nr. 6862\/Exemplar Nr. 50\/Modelleur Nr. 14, gemarkt Firmenmarke mit Goldscheider Wien, GWM (Wiener Manufaktur Goldscheider) &hellip; <a href=\"http:\/\/museumek.eu\/?page_id=197\">Weiterlesen <span class=\"meta-nav\">&rarr;<\/span><\/a><\/p>\n","protected":false},"author":1,"featured_media":0,"parent":175,"menu_order":13,"comment_status":"open","ping_status":"open","template":"","meta":[],"_links":{"self":[{"href":"http:\/\/museumek.eu\/index.php?rest_route=\/wp\/v2\/pages\/197"}],"collection":[{"href":"http:\/\/museumek.eu\/index.php?rest_route=\/wp\/v2\/pages"}],"about":[{"href":"http:\/\/museumek.eu\/index.php?rest_route=\/wp\/v2\/types\/page"}],"author":[{"embeddable":true,"href":"http:\/\/museumek.eu\/index.php?rest_route=\/wp\/v2\/users\/1"}],"replies":[{"embeddable":true,"href":"http:\/\/museumek.eu\/index.php?rest_route=%2Fwp%2Fv2%2Fcomments&post=197"}],"version-history":[{"count":11,"href":"http:\/\/museumek.eu\/index.php?rest_route=\/wp\/v2\/pages\/197\/revisions"}],"predecessor-version":[{"id":58728,"href":"http:\/\/museumek.eu\/index.php?rest_route=\/wp\/v2\/pages\/197\/revisions\/58728"}],"up":[{"embeddable":true,"href":"http:\/\/museumek.eu\/index.php?rest_route=\/wp\/v2\/pages\/175"}],"wp:attachment":[{"href":"http:\/\/museumek.eu\/index.php?rest_route=%2Fwp%2Fv2%2Fmedia&parent=197"}],"curies":[{"name":"wp","href":"https:\/\/api.w.org\/{rel}","templated":true}]}}