{"id":19760,"date":"2013-04-14T17:48:08","date_gmt":"2013-04-14T15:48:08","guid":{"rendered":"http:\/\/museumek.eu\/?page_id=19760"},"modified":"2013-04-14T17:48:08","modified_gmt":"2013-04-14T15:48:08","slug":"dxliii6","status":"publish","type":"page","link":"http:\/\/museumek.eu\/?page_id=19760","title":{"rendered":"D\/XLIII\/6"},"content":{"rendered":"<p><strong>Abteilung Deutschland, Keramik 1860 \u2013 1960, Inventarnummer D\/XLIII\/6<\/strong><\/p>\n<p>Manufaktur Kunstt\u00f6pferei Friedrich Festersen, Deutschland, Berlin, um 1910, Vase mit Pfauenaugendekor, K\u00fcnstler Friedrich Festersen, Werks.-Nr. 10 (?), Exemplar Nr. ohne, gemarkt Firmenmarke mit Festersen sowie 10 gepresst, signiert = gemarkt, Literatur: Keramik-Museum Berlin, Kunstt\u00f6pferei Friedrich Festersen (Berlin 1909 \u2013 1922), Seite 20, Marke M 1 (1,5 cm breit) identisch, weitere Literatur: Gisela Reineking von Bock, Kunstgewerbemuseum K\u00f6ln 1978, Meister der deutschen Keramik 1900 bis 1950, Seite 115, Beschreibung der Manufaktur sowie Seite 320, Marke Nr. 62 identisch, weitere Literatur: Heidi M\u00fcller, Ekkehard und Inge Lippert, Regine Falkenberg, Bunzlauer Geschirr, Staatliche Museen Preu\u00dfischer Kulturbesitz, Schriften des Museums f\u00fcr Deutsche Volkskunde Berlin, Band 14, Seite 403, Marke Nr. 19 identisch, weitere Literatur: Erika Gysling-Billeter, Museum Bellerive Z\u00fcrich, Objekte des Jugendstils, Seite 45, Abbildung Nr. 47, \u00e4hnliche Vase und identische Marke,<br \/>\nH\u00f6he 21 cm, Breite 15 cm<\/p>\n<p><a href=\"http:\/\/museumek.eu\/wp-content\/uploads\/2013\/04\/0101.jpg\"><img loading=\"lazy\" src=\"http:\/\/museumek.eu\/wp-content\/uploads\/2013\/04\/0101-217x300.jpg\" alt=\"\" title=\"010\" width=\"217\" height=\"300\" class=\"alignnone size-medium wp-image-19761\" srcset=\"http:\/\/museumek.eu\/wp-content\/uploads\/2013\/04\/0101-217x300.jpg 217w, http:\/\/museumek.eu\/wp-content\/uploads\/2013\/04\/0101.jpg 539w\" sizes=\"(max-width: 217px) 100vw, 217px\" \/><\/a><\/p>\n<p><a href=\"http:\/\/museumek.eu\/wp-content\/uploads\/2013\/04\/0111.jpg\"><img loading=\"lazy\" src=\"http:\/\/museumek.eu\/wp-content\/uploads\/2013\/04\/0111-241x300.jpg\" alt=\"\" title=\"011\" width=\"241\" height=\"300\" class=\"alignnone size-medium wp-image-19762\" srcset=\"http:\/\/museumek.eu\/wp-content\/uploads\/2013\/04\/0111-241x300.jpg 241w, http:\/\/museumek.eu\/wp-content\/uploads\/2013\/04\/0111.jpg 600w\" sizes=\"(max-width: 241px) 100vw, 241px\" \/><\/a><\/p>\n<p><a href=\"http:\/\/museumek.eu\/wp-content\/uploads\/2013\/04\/0121.jpg\"><img loading=\"lazy\" src=\"http:\/\/museumek.eu\/wp-content\/uploads\/2013\/04\/0121-300x107.jpg\" alt=\"\" title=\"012\" width=\"300\" height=\"107\" class=\"alignnone size-medium wp-image-19763\" srcset=\"http:\/\/museumek.eu\/wp-content\/uploads\/2013\/04\/0121-300x107.jpg 300w, http:\/\/museumek.eu\/wp-content\/uploads\/2013\/04\/0121-500x179.jpg 500w, http:\/\/museumek.eu\/wp-content\/uploads\/2013\/04\/0121.jpg 800w\" sizes=\"(max-width: 300px) 100vw, 300px\" \/><\/a><\/p>\n","protected":false},"excerpt":{"rendered":"<p>Abteilung Deutschland, Keramik 1860 \u2013 1960, Inventarnummer D\/XLIII\/6 Manufaktur Kunstt\u00f6pferei Friedrich Festersen, Deutschland, Berlin, um 1910, Vase mit Pfauenaugendekor, K\u00fcnstler Friedrich Festersen, Werks.-Nr. 10 (?), Exemplar Nr. ohne, gemarkt Firmenmarke mit Festersen sowie 10 gepresst, signiert = gemarkt, Literatur: Keramik-Museum &hellip; <a href=\"http:\/\/museumek.eu\/?page_id=19760\">Weiterlesen <span class=\"meta-nav\">&rarr;<\/span><\/a><\/p>\n","protected":false},"author":1,"featured_media":0,"parent":10201,"menu_order":6,"comment_status":"closed","ping_status":"open","template":"","meta":[],"_links":{"self":[{"href":"http:\/\/museumek.eu\/index.php?rest_route=\/wp\/v2\/pages\/19760"}],"collection":[{"href":"http:\/\/museumek.eu\/index.php?rest_route=\/wp\/v2\/pages"}],"about":[{"href":"http:\/\/museumek.eu\/index.php?rest_route=\/wp\/v2\/types\/page"}],"author":[{"embeddable":true,"href":"http:\/\/museumek.eu\/index.php?rest_route=\/wp\/v2\/users\/1"}],"replies":[{"embeddable":true,"href":"http:\/\/museumek.eu\/index.php?rest_route=%2Fwp%2Fv2%2Fcomments&post=19760"}],"version-history":[{"count":2,"href":"http:\/\/museumek.eu\/index.php?rest_route=\/wp\/v2\/pages\/19760\/revisions"}],"predecessor-version":[{"id":19765,"href":"http:\/\/museumek.eu\/index.php?rest_route=\/wp\/v2\/pages\/19760\/revisions\/19765"}],"up":[{"embeddable":true,"href":"http:\/\/museumek.eu\/index.php?rest_route=\/wp\/v2\/pages\/10201"}],"wp:attachment":[{"href":"http:\/\/museumek.eu\/index.php?rest_route=%2Fwp%2Fv2%2Fmedia&parent=19760"}],"curies":[{"name":"wp","href":"https:\/\/api.w.org\/{rel}","templated":true}]}}