{"id":19820,"date":"2013-04-16T14:15:29","date_gmt":"2013-04-16T12:15:29","guid":{"rendered":"http:\/\/museumek.eu\/?page_id=19820"},"modified":"2013-04-16T14:15:29","modified_gmt":"2013-04-16T12:15:29","slug":"dxxi6","status":"publish","type":"page","link":"http:\/\/museumek.eu\/?page_id=19820","title":{"rendered":"D\/XXI\/6"},"content":{"rendered":"<p><strong>Abteilung Deutschland, Keramik 1860 \u2013 1960, Inventarnummer D\/XXI\/6<\/strong><\/p>\n<p>Manufaktur Ludwig Wessel Actiengesellschaft f\u00fcr Porzellan- und Steingutfabrikation, Deutschland, Bonn-Poppelsdorf, um 1890, Vase, K\u00fcnstler unbekannt, Werks.-Nr. ohne, Exemplar Nr. ohne, gemarkt Firmenmarke mit Krone, L (f\u00fcr Ludwig), W (f\u00fcr Wessel) sowie CA (f\u00fcr Kurf\u00fcrst Clement August, wobei das CA, mit welchem die Produkte aus der Anfangszeit der Manufaktur gemarkt worden sind, durch vielfache Voluten in seiner Gestaltung symmetrisch geworden ist und nur noch identifiziert werden kann, wenn man den historischen Zusammenhang kennt) zus\u00e4tzlich Imperial, Bonn sowie Germany rotbrauner Stempel, 223 gepresst, 4667 sowie 145 rot gemalt, nicht signiert, Literatur: Michael Weisser, Porzellan- und Steingutfabrik Ludwig Wessel Bonn-Poppelsdorf, Katalog 2 zur Ausstellung Volkskunst im Wandel, Seite 170, Marke Nr. 5 identisch sowie Seite 235, Abbildung Nr. 141, Stil identische Vasen aus der gleichen Zeit, mit gleicher Firmenmarke und mit der rot gemalten Zahl 4877 die ann\u00e4hernd gleiche Nummer, die Manufaktur hatte folgende unterschiedliche Firmenbezeichnungen: Porzellan- und Steingutfabrik Ludwig Wessel (1840 \u2013 1888), Ludwig Wessel Actiengesellschaft f\u00fcr Porzellan- und Steingutfabrikation (1888 \u2013 1929), Wessel Keramische Werke Aktiengesellschaft (1929 \u2013 1969), siehe auch MEK D\/XXI\/7 identische 2. Vase, abgesetzter Fu\u00df, schwach konischer, fast zylindrischer Gef\u00e4\u00dfk\u00f6rper, abgesetzter leicht trichterf\u00f6rmiger Hals, Handmalerei, Streugold, Firmenmarke schwer lesbar, Vasenboden nicht glasiert, H\u00f6he 27,5 cm, Breite 14 cm<\/p>\n<p><a href=\"http:\/\/museumek.eu\/wp-content\/uploads\/2013\/04\/Museum-Europ\u00e4ischer-Keramikkunst-3712.jpg\"><img loading=\"lazy\" src=\"http:\/\/museumek.eu\/wp-content\/uploads\/2013\/04\/Museum-Europ\u00e4ischer-Keramikkunst-3712-181x300.jpg\" alt=\"\" title=\"Museum Europ\u00e4ischer Keramikkunst 3712\" width=\"181\" height=\"300\" class=\"alignnone size-medium wp-image-19821\" srcset=\"http:\/\/museumek.eu\/wp-content\/uploads\/2013\/04\/Museum-Europ\u00e4ischer-Keramikkunst-3712-181x300.jpg 181w, http:\/\/museumek.eu\/wp-content\/uploads\/2013\/04\/Museum-Europ\u00e4ischer-Keramikkunst-3712.jpg 485w\" sizes=\"(max-width: 181px) 100vw, 181px\" \/><\/a><\/p>\n<p><a href=\"http:\/\/museumek.eu\/wp-content\/uploads\/2013\/04\/Museum-Europ\u00e4ischer-Keramikkunst-3714.jpg\"><img loading=\"lazy\" src=\"http:\/\/museumek.eu\/wp-content\/uploads\/2013\/04\/Museum-Europ\u00e4ischer-Keramikkunst-3714-300x164.jpg\" alt=\"\" title=\"Museum Europ\u00e4ischer Keramikkunst 3714\" width=\"300\" height=\"164\" class=\"alignnone size-medium wp-image-19822\" srcset=\"http:\/\/museumek.eu\/wp-content\/uploads\/2013\/04\/Museum-Europ\u00e4ischer-Keramikkunst-3714-300x164.jpg 300w, http:\/\/museumek.eu\/wp-content\/uploads\/2013\/04\/Museum-Europ\u00e4ischer-Keramikkunst-3714-500x273.jpg 500w, http:\/\/museumek.eu\/wp-content\/uploads\/2013\/04\/Museum-Europ\u00e4ischer-Keramikkunst-3714.jpg 728w\" sizes=\"(max-width: 300px) 100vw, 300px\" \/><\/a><\/p>\n<p><a href=\"http:\/\/museumek.eu\/wp-content\/uploads\/2013\/04\/Museum-Europ\u00e4ischer-Keramikkunst-3715.jpg\"><img loading=\"lazy\" src=\"http:\/\/museumek.eu\/wp-content\/uploads\/2013\/04\/Museum-Europ\u00e4ischer-Keramikkunst-3715-199x300.jpg\" alt=\"\" title=\"Museum Europ\u00e4ischer Keramikkunst 3715\" width=\"199\" height=\"300\" class=\"alignnone size-medium wp-image-19823\" srcset=\"http:\/\/museumek.eu\/wp-content\/uploads\/2013\/04\/Museum-Europ\u00e4ischer-Keramikkunst-3715-199x300.jpg 199w, http:\/\/museumek.eu\/wp-content\/uploads\/2013\/04\/Museum-Europ\u00e4ischer-Keramikkunst-3715.jpg 341w\" sizes=\"(max-width: 199px) 100vw, 199px\" \/><\/a><\/p>\n","protected":false},"excerpt":{"rendered":"<p>Abteilung Deutschland, Keramik 1860 \u2013 1960, Inventarnummer D\/XXI\/6 Manufaktur Ludwig Wessel Actiengesellschaft f\u00fcr Porzellan- und Steingutfabrikation, Deutschland, Bonn-Poppelsdorf, um 1890, Vase, K\u00fcnstler unbekannt, Werks.-Nr. ohne, Exemplar Nr. ohne, gemarkt Firmenmarke mit Krone, L (f\u00fcr Ludwig), W (f\u00fcr Wessel) sowie CA &hellip; <a href=\"http:\/\/museumek.eu\/?page_id=19820\">Weiterlesen <span class=\"meta-nav\">&rarr;<\/span><\/a><\/p>\n","protected":false},"author":1,"featured_media":0,"parent":3462,"menu_order":6,"comment_status":"closed","ping_status":"open","template":"","meta":[],"_links":{"self":[{"href":"http:\/\/museumek.eu\/index.php?rest_route=\/wp\/v2\/pages\/19820"}],"collection":[{"href":"http:\/\/museumek.eu\/index.php?rest_route=\/wp\/v2\/pages"}],"about":[{"href":"http:\/\/museumek.eu\/index.php?rest_route=\/wp\/v2\/types\/page"}],"author":[{"embeddable":true,"href":"http:\/\/museumek.eu\/index.php?rest_route=\/wp\/v2\/users\/1"}],"replies":[{"embeddable":true,"href":"http:\/\/museumek.eu\/index.php?rest_route=%2Fwp%2Fv2%2Fcomments&post=19820"}],"version-history":[{"count":2,"href":"http:\/\/museumek.eu\/index.php?rest_route=\/wp\/v2\/pages\/19820\/revisions"}],"predecessor-version":[{"id":19825,"href":"http:\/\/museumek.eu\/index.php?rest_route=\/wp\/v2\/pages\/19820\/revisions\/19825"}],"up":[{"embeddable":true,"href":"http:\/\/museumek.eu\/index.php?rest_route=\/wp\/v2\/pages\/3462"}],"wp:attachment":[{"href":"http:\/\/museumek.eu\/index.php?rest_route=%2Fwp%2Fv2%2Fmedia&parent=19820"}],"curies":[{"name":"wp","href":"https:\/\/api.w.org\/{rel}","templated":true}]}}