{"id":19834,"date":"2013-04-16T14:25:10","date_gmt":"2013-04-16T12:25:10","guid":{"rendered":"http:\/\/museumek.eu\/?page_id=19834"},"modified":"2013-04-16T14:25:10","modified_gmt":"2013-04-16T12:25:10","slug":"dxxi8","status":"publish","type":"page","link":"http:\/\/museumek.eu\/?page_id=19834","title":{"rendered":"D\/XXI\/8"},"content":{"rendered":"<p><strong>Abteilung Deutschland, Keramik 1860 \u2013 1960, Inventarnummer D\/XXI\/8<\/strong><\/p>\n<p>Manufaktur Ludwig Wessel Actiengesellschaft f\u00fcr Porzellan- und Steingutfabrikation, Deutschland, Bonn-Poppelsdorf, um 1890, Teller, K\u00fcnstler unbekannt, Werks.-Nr. ohne, Exemplar Nr. ohne, gemarkt Firmenmarke mit Krone, L (f\u00fcr Ludwig), W (f\u00fcr Wessel) sowie CA (f\u00fcr Kurf\u00fcrst Clement August, wobei das CA, mit welchem die Produkte aus der Anfangszeit der Manufaktur gemarkt worden sind, durch vielfache Voluten in seiner Gestaltung symmetrisch geworden ist und nur noch identifiziert werden kann, wenn man den historischen Zusammenhang kennt) zus\u00e4tzlich Imperial, Bonn sowie Germany roter Stempel unter Glasur, 3954 sowie 39 rotbraun unter Glasur gemalt, violette gemalte Zahlen (34 ?) unter Glasur gemalt, nicht signiert, Literatur: Michael Weisser, Porzellan- und Steingutfabrik Ludwig Wessel Bonn-Poppelsdorf, Katalog 2 zur Ausstellung Volkskunst im Wandel, Seite 170, Marke Nr. 5 identisch sowie Seite 224, Abbildung Nr. 116, Form identische Teller aus der gleichen Zeit, mit gleicher Firmenmarke, die Manufaktur hatte folgende unterschiedliche Firmenbezeichnungen: Porzellan- und Steingutfabrik Ludwig Wessel (1840 \u2013 1888), Ludwig Wessel Actiengesellschaft f\u00fcr Porzellan- und Steingutfabrikation (1888 \u2013 1929), Wessel Keramische Werke Aktiengesellschaft (1929 \u2013 1969), siehe auch MEK D\/XXI\/9, identischer 2. Teller, gewellte und muschelf\u00f6rmige reliefierte Fahne, Tellerrand goldfiletiert und Streugold, Durchmesser 17 cm<\/p>\n<p><a href=\"http:\/\/museumek.eu\/wp-content\/uploads\/2013\/04\/Museum-Europ\u00e4ischer-Keramikkunst-3596.jpg\"><img loading=\"lazy\" src=\"http:\/\/museumek.eu\/wp-content\/uploads\/2013\/04\/Museum-Europ\u00e4ischer-Keramikkunst-3596-300x296.jpg\" alt=\"\" title=\"Museum Europ\u00e4ischer Keramikkunst 3596\" width=\"300\" height=\"296\" class=\"alignnone size-medium wp-image-19835\" srcset=\"http:\/\/museumek.eu\/wp-content\/uploads\/2013\/04\/Museum-Europ\u00e4ischer-Keramikkunst-3596-300x296.jpg 300w, http:\/\/museumek.eu\/wp-content\/uploads\/2013\/04\/Museum-Europ\u00e4ischer-Keramikkunst-3596-303x300.jpg 303w, http:\/\/museumek.eu\/wp-content\/uploads\/2013\/04\/Museum-Europ\u00e4ischer-Keramikkunst-3596.jpg 723w\" sizes=\"(max-width: 300px) 100vw, 300px\" \/><\/a><\/p>\n<p><a href=\"http:\/\/museumek.eu\/wp-content\/uploads\/2013\/04\/Museum-Europ\u00e4ischer-Keramikkunst-3597.jpg\"><img loading=\"lazy\" src=\"http:\/\/museumek.eu\/wp-content\/uploads\/2013\/04\/Museum-Europ\u00e4ischer-Keramikkunst-3597-300x222.jpg\" alt=\"\" title=\"Museum Europ\u00e4ischer Keramikkunst 3597\" width=\"300\" height=\"222\" class=\"alignnone size-medium wp-image-19836\" srcset=\"http:\/\/museumek.eu\/wp-content\/uploads\/2013\/04\/Museum-Europ\u00e4ischer-Keramikkunst-3597-300x222.jpg 300w, http:\/\/museumek.eu\/wp-content\/uploads\/2013\/04\/Museum-Europ\u00e4ischer-Keramikkunst-3597-403x300.jpg 403w, http:\/\/museumek.eu\/wp-content\/uploads\/2013\/04\/Museum-Europ\u00e4ischer-Keramikkunst-3597.jpg 436w\" sizes=\"(max-width: 300px) 100vw, 300px\" \/><\/a><\/p>\n<p><a href=\"http:\/\/museumek.eu\/wp-content\/uploads\/2013\/04\/Museum-Europ\u00e4ischer-Keramikkunst-3598.jpg\"><img loading=\"lazy\" src=\"http:\/\/museumek.eu\/wp-content\/uploads\/2013\/04\/Museum-Europ\u00e4ischer-Keramikkunst-3598-203x300.jpg\" alt=\"\" title=\"Museum Europ\u00e4ischer Keramikkunst 3598\" width=\"203\" height=\"300\" class=\"alignnone size-medium wp-image-19837\" srcset=\"http:\/\/museumek.eu\/wp-content\/uploads\/2013\/04\/Museum-Europ\u00e4ischer-Keramikkunst-3598-203x300.jpg 203w, http:\/\/museumek.eu\/wp-content\/uploads\/2013\/04\/Museum-Europ\u00e4ischer-Keramikkunst-3598.jpg 361w\" sizes=\"(max-width: 203px) 100vw, 203px\" \/><\/a><\/p>\n","protected":false},"excerpt":{"rendered":"<p>Abteilung Deutschland, Keramik 1860 \u2013 1960, Inventarnummer D\/XXI\/8 Manufaktur Ludwig Wessel Actiengesellschaft f\u00fcr Porzellan- und Steingutfabrikation, Deutschland, Bonn-Poppelsdorf, um 1890, Teller, K\u00fcnstler unbekannt, Werks.-Nr. ohne, Exemplar Nr. ohne, gemarkt Firmenmarke mit Krone, L (f\u00fcr Ludwig), W (f\u00fcr Wessel) sowie CA &hellip; <a href=\"http:\/\/museumek.eu\/?page_id=19834\">Weiterlesen <span class=\"meta-nav\">&rarr;<\/span><\/a><\/p>\n","protected":false},"author":1,"featured_media":0,"parent":3462,"menu_order":8,"comment_status":"closed","ping_status":"open","template":"","meta":[],"_links":{"self":[{"href":"http:\/\/museumek.eu\/index.php?rest_route=\/wp\/v2\/pages\/19834"}],"collection":[{"href":"http:\/\/museumek.eu\/index.php?rest_route=\/wp\/v2\/pages"}],"about":[{"href":"http:\/\/museumek.eu\/index.php?rest_route=\/wp\/v2\/types\/page"}],"author":[{"embeddable":true,"href":"http:\/\/museumek.eu\/index.php?rest_route=\/wp\/v2\/users\/1"}],"replies":[{"embeddable":true,"href":"http:\/\/museumek.eu\/index.php?rest_route=%2Fwp%2Fv2%2Fcomments&post=19834"}],"version-history":[{"count":2,"href":"http:\/\/museumek.eu\/index.php?rest_route=\/wp\/v2\/pages\/19834\/revisions"}],"predecessor-version":[{"id":19839,"href":"http:\/\/museumek.eu\/index.php?rest_route=\/wp\/v2\/pages\/19834\/revisions\/19839"}],"up":[{"embeddable":true,"href":"http:\/\/museumek.eu\/index.php?rest_route=\/wp\/v2\/pages\/3462"}],"wp:attachment":[{"href":"http:\/\/museumek.eu\/index.php?rest_route=%2Fwp%2Fv2%2Fmedia&parent=19834"}],"curies":[{"name":"wp","href":"https:\/\/api.w.org\/{rel}","templated":true}]}}