{"id":19858,"date":"2013-04-16T23:22:06","date_gmt":"2013-04-16T21:22:06","guid":{"rendered":"http:\/\/museumek.eu\/?page_id=19858"},"modified":"2015-09-05T23:39:58","modified_gmt":"2015-09-05T21:39:58","slug":"dxxx6","status":"publish","type":"page","link":"http:\/\/museumek.eu\/?page_id=19858","title":{"rendered":"D\/XXX\/6"},"content":{"rendered":"<p><strong>Abteilung Deutschland, Keramik 1860 \u2013 1960, Inventarnummer D\/XXX\/6<\/strong><\/p>\n<p>Rosenthal Porzellan AG, vormals Philipp Rosenthal &#038; Co. AG, vormals Philipp Rosenthal &#038; Co., vormals Porzellanmalerei Philipp Rosenthal, Deutschland, Erkersreuth, Kronach, Marktredewitz, Selb, Selb-Pl\u00f6ssberg, Sophienthal, Waldenburg, Waldershof, ca. 1910, Teller aus dem Fischservice, K\u00fcnstler Julius-Vilhelm Guldbrandsen, Werks.-Nr. ohne, Exemplar-Nr. ohne, gemarkt Firmenmarke zwei gekreuzte St\u00e4be, in der oberen H\u00e4lfte des Kreuzes eine Krone, links neben den St\u00e4ben Rosen, rechts neben den St\u00e4ben thal, darunter SELB-BAVARIA, darunter Kunst-, darunter Porzellan gr\u00fcne Stempel unter Glasur, nicht signiert, Literatur: J. G. Th. Graesse und E. Jaenicke, F\u00fchrer f\u00fcr Sammler von Porzellan und Fayence, Steinzeug, Steingut usw., Seite 512, Marke Nr. 3 identisch, weitere Literatur: Emanuel Poche, Porzellanmarken, Marke Nr. 1449 identisch (ohne Schriftzug Selb.Bavaria), weitere Literatur: Otto Pelka, Keramik der Neuzeit, Markentafel IX, Markenkasten 141 identische Marke abgebildet (ohne Schriftzug Selb-Bavaria), Seite 212, Herstellerverzeichnis, Porzellanfabrik Ph. Rosenthal &#038; Co. AG, 141 sowie Seite 221, Namenverzeichnis, Rosenthal Philipp, &#038; Co., Selb, M 141, weitere Literatur: Robert E. R\u00f6ntgen, Deutsche Porzellanmarken von 1710 bis heute (Ausgabe Jahr 2000), Seite 315, Marke Nr. 2477 identisch (dort g\u00fcltig f\u00fcr das Jahr 1910), siehe auch Auktionshaus Quittenbaum, 86. Auktion, Jugendstil \u2013 Art D\u00e9co vom 20. Oktober 2009, Lot Nr. 582, zur Firmenhistorie, siehe die \u00dcbersichten nach den Inventarfotos, die bis auf einige Details in soweit richtig sind, 1879\/1880 pachtete der aus Werl nach Selb zugezogene Porzellanmaler Philipp Rosenthal das Schlo\u00df Erkersreuth bei Selb und gr\u00fcndete eine Porzellanmalerei, anf\u00e4nglich arbeitete er nur mit einem b\u00f6hmischen Mitarbeiter, die Weissware bezog er von den benachbarten Porzellanfabriken Hutschenreuther und Zeidler, die Firmierung lautete Porzellanmalerei Philipp Rosenthal, 1889\/1891 begann Rosenthal selbst Porzellan in Selb zu produzieren und firmierte als Philipp Rosenthal &#038; Co., am 28.08. 1897 wurde die Fabrik in eine AG umgewandelt, diese firmierte als Philipp Rosenthal &#038; Co. AG (1920 Verlegung des AG Sitzes nach Berlin, 1934 R\u00fcckverlegung des Sitzes nach Selb), zur gleichen Zeit gr\u00fcndete Rosenthal zusammen mit einem Herrn Bauer und weiteren Investoren eine Porzellanfabrik in Kronach, die als Bauer, Rosenthal &#038; Co. firmierte, diese Fabrik wurde gleich 1897 wieder in die AG integriert, evtl. auch erst 1901, dies ist in der Literatur mal so oder so beschrieben, 1934 scheidet Geheimrat Philipp Rosenthal aus der Fabrikleitung aus, ab 1939 lautete die Firmierung der Aktiengesellschaft Rosenthal Porzellan AG, ab 1965 Rosenthal Glas &#038; Porzellan AG und ab 1969 Rosenthal AG, Rosenthal kaufte diverse Porzellanfabriken zu, die in die AG integriert worden sind, z. B. firmierte die ehemalige Zeidler\u2019sche Fabrik dann als Rosenthal Porzellanfabrik Bahnhof Selb GmbH, Durchmesser 22,1 cm<\/p>\n<p><a href=\"http:\/\/museumek.eu\/wp-content\/uploads\/2013\/04\/Museum-Europ\u00e4ischer-Keramikkunst-3354.jpg\"><img loading=\"lazy\" src=\"http:\/\/museumek.eu\/wp-content\/uploads\/2013\/04\/Museum-Europ\u00e4ischer-Keramikkunst-3354-300x288.jpg\" alt=\"\" title=\"Museum Europ\u00e4ischer Keramikkunst 3354\" width=\"300\" height=\"288\" class=\"alignnone size-medium wp-image-19859\" srcset=\"http:\/\/museumek.eu\/wp-content\/uploads\/2013\/04\/Museum-Europ\u00e4ischer-Keramikkunst-3354-300x288.jpg 300w, http:\/\/museumek.eu\/wp-content\/uploads\/2013\/04\/Museum-Europ\u00e4ischer-Keramikkunst-3354-312x300.jpg 312w, http:\/\/museumek.eu\/wp-content\/uploads\/2013\/04\/Museum-Europ\u00e4ischer-Keramikkunst-3354.jpg 728w\" sizes=\"(max-width: 300px) 100vw, 300px\" \/><\/a><\/p>\n<p><a href=\"http:\/\/museumek.eu\/?attachment_id=44676\" rel=\"attachment wp-att-44676\"><img loading=\"lazy\" src=\"http:\/\/museumek.eu\/wp-content\/uploads\/2015\/09\/4552-225x300.jpg\" alt=\"\" title=\"4552\" width=\"225\" height=\"300\" class=\"alignnone size-medium wp-image-44676\" srcset=\"http:\/\/museumek.eu\/wp-content\/uploads\/2015\/09\/4552-225x300.jpg 225w, http:\/\/museumek.eu\/wp-content\/uploads\/2015\/09\/4552-112x150.jpg 112w, http:\/\/museumek.eu\/wp-content\/uploads\/2015\/09\/4552.jpg 600w\" sizes=\"(max-width: 225px) 100vw, 225px\" \/><\/a><\/p>\n<p><a href=\"http:\/\/museumek.eu\/?attachment_id=44677\" rel=\"attachment wp-att-44677\"><img loading=\"lazy\" src=\"http:\/\/museumek.eu\/wp-content\/uploads\/2015\/09\/4553-295x300.jpg\" alt=\"\" title=\"4553\" width=\"295\" height=\"300\" class=\"alignnone size-medium wp-image-44677\" srcset=\"http:\/\/museumek.eu\/wp-content\/uploads\/2015\/09\/4553-295x300.jpg 295w, http:\/\/museumek.eu\/wp-content\/uploads\/2015\/09\/4553-147x150.jpg 147w, http:\/\/museumek.eu\/wp-content\/uploads\/2015\/09\/4553.jpg 600w\" sizes=\"(max-width: 295px) 100vw, 295px\" \/><\/a><\/p>\n<p><a href=\"http:\/\/museumek.eu\/wp-content\/uploads\/2013\/04\/Museum-Europ\u00e4ischer-Keramikkunst-3355.jpg\"><img loading=\"lazy\" src=\"http:\/\/museumek.eu\/wp-content\/uploads\/2013\/04\/Museum-Europ\u00e4ischer-Keramikkunst-3355-289x300.jpg\" alt=\"\" title=\"Museum Europ\u00e4ischer Keramikkunst 3355\" width=\"289\" height=\"300\" class=\"alignnone size-medium wp-image-19860\" srcset=\"http:\/\/museumek.eu\/wp-content\/uploads\/2013\/04\/Museum-Europ\u00e4ischer-Keramikkunst-3355-289x300.jpg 289w, http:\/\/museumek.eu\/wp-content\/uploads\/2013\/04\/Museum-Europ\u00e4ischer-Keramikkunst-3355.jpg 292w\" sizes=\"(max-width: 289px) 100vw, 289px\" \/><\/a><\/p>\n<p><a href=\"http:\/\/museumek.eu\/wp-content\/uploads\/2013\/04\/Museum-Europ\u00e4ischer-Keramikkunst-3317.jpg\"><img loading=\"lazy\" src=\"http:\/\/museumek.eu\/wp-content\/uploads\/2013\/04\/Museum-Europ\u00e4ischer-Keramikkunst-3317-300x274.jpg\" alt=\"\" title=\"Museum Europ\u00e4ischer Keramikkunst 3317\" width=\"300\" height=\"274\" class=\"alignnone size-medium wp-image-19861\" srcset=\"http:\/\/museumek.eu\/wp-content\/uploads\/2013\/04\/Museum-Europ\u00e4ischer-Keramikkunst-3317-300x274.jpg 300w, http:\/\/museumek.eu\/wp-content\/uploads\/2013\/04\/Museum-Europ\u00e4ischer-Keramikkunst-3317-327x300.jpg 327w, http:\/\/museumek.eu\/wp-content\/uploads\/2013\/04\/Museum-Europ\u00e4ischer-Keramikkunst-3317.jpg 718w\" sizes=\"(max-width: 300px) 100vw, 300px\" \/><\/a><\/p>\n<p><a href=\"http:\/\/museumek.eu\/?attachment_id=24754\" rel=\"attachment wp-att-24754\"><img loading=\"lazy\" src=\"http:\/\/museumek.eu\/wp-content\/uploads\/2011\/12\/002-Geschichte-Rosenthal-Porzellan-300x216.jpg\" alt=\"\" title=\"002 Geschichte Rosenthal Porzellan\" width=\"300\" height=\"216\" class=\"alignnone size-medium wp-image-24754\" srcset=\"http:\/\/museumek.eu\/wp-content\/uploads\/2011\/12\/002-Geschichte-Rosenthal-Porzellan-300x216.jpg 300w, http:\/\/museumek.eu\/wp-content\/uploads\/2011\/12\/002-Geschichte-Rosenthal-Porzellan-150x108.jpg 150w, http:\/\/museumek.eu\/wp-content\/uploads\/2011\/12\/002-Geschichte-Rosenthal-Porzellan-415x300.jpg 415w, http:\/\/museumek.eu\/wp-content\/uploads\/2011\/12\/002-Geschichte-Rosenthal-Porzellan.jpg 917w\" sizes=\"(max-width: 300px) 100vw, 300px\" \/><\/a><\/p>\n<p><a href=\"http:\/\/museumek.eu\/?attachment_id=24755\" rel=\"attachment wp-att-24755\"><img loading=\"lazy\" src=\"http:\/\/museumek.eu\/wp-content\/uploads\/2011\/12\/004-Geschichte-Rosenthal-Porzellan-300x220.jpg\" alt=\"\" title=\"004 Geschichte Rosenthal Porzellan\" width=\"300\" height=\"220\" class=\"alignnone size-medium wp-image-24755\" srcset=\"http:\/\/museumek.eu\/wp-content\/uploads\/2011\/12\/004-Geschichte-Rosenthal-Porzellan-300x220.jpg 300w, http:\/\/museumek.eu\/wp-content\/uploads\/2011\/12\/004-Geschichte-Rosenthal-Porzellan-150x110.jpg 150w, http:\/\/museumek.eu\/wp-content\/uploads\/2011\/12\/004-Geschichte-Rosenthal-Porzellan-407x300.jpg 407w, http:\/\/museumek.eu\/wp-content\/uploads\/2011\/12\/004-Geschichte-Rosenthal-Porzellan.jpg 943w\" sizes=\"(max-width: 300px) 100vw, 300px\" \/><\/a><\/p>\n","protected":false},"excerpt":{"rendered":"<p>Abteilung Deutschland, Keramik 1860 \u2013 1960, Inventarnummer D\/XXX\/6 Rosenthal Porzellan AG, vormals Philipp Rosenthal &#038; Co. AG, vormals Philipp Rosenthal &#038; Co., vormals Porzellanmalerei Philipp Rosenthal, Deutschland, Erkersreuth, Kronach, Marktredewitz, Selb, Selb-Pl\u00f6ssberg, Sophienthal, Waldenburg, Waldershof, ca. 1910, Teller aus dem &hellip; <a href=\"http:\/\/museumek.eu\/?page_id=19858\">Weiterlesen <span class=\"meta-nav\">&rarr;<\/span><\/a><\/p>\n","protected":false},"author":1,"featured_media":0,"parent":7280,"menu_order":6,"comment_status":"closed","ping_status":"open","template":"","meta":[],"_links":{"self":[{"href":"http:\/\/museumek.eu\/index.php?rest_route=\/wp\/v2\/pages\/19858"}],"collection":[{"href":"http:\/\/museumek.eu\/index.php?rest_route=\/wp\/v2\/pages"}],"about":[{"href":"http:\/\/museumek.eu\/index.php?rest_route=\/wp\/v2\/types\/page"}],"author":[{"embeddable":true,"href":"http:\/\/museumek.eu\/index.php?rest_route=\/wp\/v2\/users\/1"}],"replies":[{"embeddable":true,"href":"http:\/\/museumek.eu\/index.php?rest_route=%2Fwp%2Fv2%2Fcomments&post=19858"}],"version-history":[{"count":7,"href":"http:\/\/museumek.eu\/index.php?rest_route=\/wp\/v2\/pages\/19858\/revisions"}],"predecessor-version":[{"id":44707,"href":"http:\/\/museumek.eu\/index.php?rest_route=\/wp\/v2\/pages\/19858\/revisions\/44707"}],"up":[{"embeddable":true,"href":"http:\/\/museumek.eu\/index.php?rest_route=\/wp\/v2\/pages\/7280"}],"wp:attachment":[{"href":"http:\/\/museumek.eu\/index.php?rest_route=%2Fwp%2Fv2%2Fmedia&parent=19858"}],"curies":[{"name":"wp","href":"https:\/\/api.w.org\/{rel}","templated":true}]}}