{"id":19870,"date":"2013-04-16T23:54:04","date_gmt":"2013-04-16T21:54:04","guid":{"rendered":"http:\/\/museumek.eu\/?page_id=19870"},"modified":"2020-04-27T23:06:16","modified_gmt":"2020-04-27T21:06:16","slug":"kurzbiografie-und-inventar-zum-kunstler","status":"publish","type":"page","link":"http:\/\/museumek.eu\/?page_id=19870","title":{"rendered":"Kurzbiografie und Inventar zum K\u00fcnstler"},"content":{"rendered":"<p>Julius-Vilhelm Guldbrandsen wurde 1869 in Stagelsee geboren. Er starb 1960 in Humblebeak. Guldbrandsen war ein d\u00e4nischer Kunst- und Porzellanmaler. Er absolvierte eine Lehre als Dekorationsmaler, danach besuchte er die Kopenhagener Kunstschule. Au\u00dferdem studierte er in Dresden, N\u00fcrnberg und Wien. Im Jahre 1909 trat er in die Philipp Rosenthal &#038; Co. AG als Mitarbeiter ein und war von 1910 bis ca 1922 Leiter der Kunstabteilung. Nach 1922 wechselte er wohl kurzzeitig zur Porzellanmanufaktur Hutschenreuther. Ab ca. 1922 war er Mitinhaber (evtl. Haupteigner) der Keramischen Werkst\u00e4tte M\u00fcnchen-Herrsching AG. Sp\u00e4ter war er als Leiter und Lehrer der Kopierabteilung der K\u00f6niglichen Porzellanmanufaktur Kopenhagen t\u00e4tig. <\/p>\n<p><strong>Abteilung Deutschland, Keramik 1860 \u2013 1960, Inventarnummer D\/XXX\/6<\/strong><\/p>\n<p>Rosenthal Porzellan AG, vormals Philipp Rosenthal &#038; Co. AG, vormals Philipp Rosenthal &#038; Co., vormals Porzellanmalerei Philipp Rosenthal, Deutschland, Erkersreuth, Kronach, Marktredewitz, Selb, Selb-Pl\u00f6ssberg, Sophienthal, Waldenburg, Waldershof, ca. 1910, Teller aus dem Fischservice, K\u00fcnstler Julius-Vilhelm Guldbrandsen, Werks.-Nr. ohne, Exemplar-Nr. ohne, gemarkt Firmenmarke zwei gekreuzte St\u00e4be, in der oberen H\u00e4lfte des Kreuzes eine Krone, links neben den St\u00e4ben Rosen, rechts neben den St\u00e4ben thal, darunter SELB-BAVARIA, darunter Kunst-, darunter Porzellan gr\u00fcne Stempel unter Glasur, nicht signiert, Literatur: J. G. Th. Graesse und E. Jaenicke, F\u00fchrer f\u00fcr Sammler von Porzellan und Fayence, Steinzeug, Steingut usw., Seite 512, Marke Nr. 3 identisch, weitere Literatur: Emanuel Poche, Porzellanmarken, Marke Nr. 1449 identisch (ohne Schriftzug Selb.Bavaria), weitere Literatur: Otto Pelka, Keramik der Neuzeit, Markentafel IX, Markenkasten 141 identische Marke abgebildet (ohne Schriftzug Selb-Bavaria), Seite 212, Herstellerverzeichnis, Porzellanfabrik Ph. Rosenthal &#038; Co. AG, 141 sowie Seite 221, Namenverzeichnis, Rosenthal Philipp, &#038; Co., Selb, M 141, weitere Literatur: Robert E. R\u00f6ntgen, Deutsche Porzellanmarken von 1710 bis heute (Ausgabe Jahr 2000), Seite 315, Marke Nr. 2477 identisch (dort g\u00fcltig f\u00fcr das Jahr 1910), siehe auch Auktionshaus Quittenbaum, 86. Auktion, Jugendstil \u2013 Art D\u00e9co vom 20. Oktober 2009, Lot Nr. 582, zur Firmenhistorie, siehe die \u00dcbersichten nach den Inventarfotos, die bis auf einige Details in soweit richtig sind, 1879\/1880 pachtete der aus Werl nach Selb zugezogene Porzellanmaler Philipp Rosenthal das Schlo\u00df Erkersreuth bei Selb und gr\u00fcndete eine Porzellanmalerei, anf\u00e4nglich arbeitete er nur mit einem b\u00f6hmischen Mitarbeiter, die Weissware bezog er von den benachbarten Porzellanfabriken Hutschenreuther und Zeidler, die Firmierung lautete Porzellanmalerei Philipp Rosenthal, 1889\/1891 begann Rosenthal selbst Porzellan in Selb zu produzieren und firmierte als Philipp Rosenthal &#038; Co., am 28.08. 1897 wurde die Fabrik in eine AG umgewandelt, diese firmierte als Philipp Rosenthal &#038; Co. AG (1920 Verlegung des AG Sitzes nach Berlin, 1934 R\u00fcckverlegung des Sitzes nach Selb), zur gleichen Zeit gr\u00fcndete Rosenthal zusammen mit einem Herrn Bauer und weiteren Investoren eine Porzellanfabrik in Kronach, die als Bauer, Rosenthal &#038; Co. firmierte, diese Fabrik wurde gleich 1897 wieder in die AG integriert, evtl. auch erst 1901, dies ist in der Literatur mal so oder so beschrieben, 1934 scheidet Geheimrat Philipp Rosenthal aus der Fabrikleitung aus, ab 1939 lautete die Firmierung der Aktiengesellschaft Rosenthal Porzellan AG, ab 1965 Rosenthal Glas &#038; Porzellan AG und ab 1969 Rosenthal AG, Rosenthal kaufte diverse Porzellanfabriken zu, die in die AG integriert worden sind, z. B. firmierte die ehemalige Zeidler\u2019sche Fabrik dann als Rosenthal Porzellanfabrik Bahnhof Selb GmbH, Durchmesser 22,1 cm<\/p>\n<p><a href=\"http:\/\/museumek.eu\/wp-content\/uploads\/2013\/04\/Museum-Europ\u00e4ischer-Keramikkunst-3354.jpg\"><img loading=\"lazy\" src=\"http:\/\/museumek.eu\/wp-content\/uploads\/2013\/04\/Museum-Europ\u00e4ischer-Keramikkunst-3354-300x288.jpg\" alt=\"\" title=\"Museum Europ\u00e4ischer Keramikkunst 3354\" width=\"300\" height=\"288\" class=\"alignnone size-medium wp-image-19859\" srcset=\"http:\/\/museumek.eu\/wp-content\/uploads\/2013\/04\/Museum-Europ\u00e4ischer-Keramikkunst-3354-300x288.jpg 300w, http:\/\/museumek.eu\/wp-content\/uploads\/2013\/04\/Museum-Europ\u00e4ischer-Keramikkunst-3354-312x300.jpg 312w, http:\/\/museumek.eu\/wp-content\/uploads\/2013\/04\/Museum-Europ\u00e4ischer-Keramikkunst-3354.jpg 728w\" sizes=\"(max-width: 300px) 100vw, 300px\" \/><\/a><\/p>\n<p><a href=\"http:\/\/museumek.eu\/?attachment_id=44749\" rel=\"attachment wp-att-44749\"><img loading=\"lazy\" src=\"http:\/\/museumek.eu\/wp-content\/uploads\/2013\/04\/4552-225x300.jpg\" alt=\"\" title=\"4552\" width=\"225\" height=\"300\" class=\"alignnone size-medium wp-image-44749\" srcset=\"http:\/\/museumek.eu\/wp-content\/uploads\/2013\/04\/4552-225x300.jpg 225w, http:\/\/museumek.eu\/wp-content\/uploads\/2013\/04\/4552-112x150.jpg 112w, http:\/\/museumek.eu\/wp-content\/uploads\/2013\/04\/4552.jpg 600w\" sizes=\"(max-width: 225px) 100vw, 225px\" \/><\/a><\/p>\n<p><a href=\"http:\/\/museumek.eu\/?attachment_id=44750\" rel=\"attachment wp-att-44750\"><img loading=\"lazy\" src=\"http:\/\/museumek.eu\/wp-content\/uploads\/2013\/04\/4553-295x300.jpg\" alt=\"\" title=\"4553\" width=\"295\" height=\"300\" class=\"alignnone size-medium wp-image-44750\" srcset=\"http:\/\/museumek.eu\/wp-content\/uploads\/2013\/04\/4553-295x300.jpg 295w, http:\/\/museumek.eu\/wp-content\/uploads\/2013\/04\/4553-147x150.jpg 147w, http:\/\/museumek.eu\/wp-content\/uploads\/2013\/04\/4553.jpg 600w\" sizes=\"(max-width: 295px) 100vw, 295px\" \/><\/a><\/p>\n<p><a href=\"http:\/\/museumek.eu\/wp-content\/uploads\/2013\/04\/Museum-Europ\u00e4ischer-Keramikkunst-3355.jpg\"><img loading=\"lazy\" src=\"http:\/\/museumek.eu\/wp-content\/uploads\/2013\/04\/Museum-Europ\u00e4ischer-Keramikkunst-3355-289x300.jpg\" alt=\"\" title=\"Museum Europ\u00e4ischer Keramikkunst 3355\" width=\"289\" height=\"300\" class=\"alignnone size-medium wp-image-19860\" srcset=\"http:\/\/museumek.eu\/wp-content\/uploads\/2013\/04\/Museum-Europ\u00e4ischer-Keramikkunst-3355-289x300.jpg 289w, http:\/\/museumek.eu\/wp-content\/uploads\/2013\/04\/Museum-Europ\u00e4ischer-Keramikkunst-3355.jpg 292w\" sizes=\"(max-width: 289px) 100vw, 289px\" \/><\/a><\/p>\n<p><a href=\"http:\/\/museumek.eu\/wp-content\/uploads\/2013\/04\/Museum-Europ\u00e4ischer-Keramikkunst-3317.jpg\"><img loading=\"lazy\" src=\"http:\/\/museumek.eu\/wp-content\/uploads\/2013\/04\/Museum-Europ\u00e4ischer-Keramikkunst-3317-300x274.jpg\" alt=\"\" title=\"Museum Europ\u00e4ischer Keramikkunst 3317\" width=\"300\" height=\"274\" class=\"alignnone size-medium wp-image-19861\" srcset=\"http:\/\/museumek.eu\/wp-content\/uploads\/2013\/04\/Museum-Europ\u00e4ischer-Keramikkunst-3317-300x274.jpg 300w, http:\/\/museumek.eu\/wp-content\/uploads\/2013\/04\/Museum-Europ\u00e4ischer-Keramikkunst-3317-327x300.jpg 327w, http:\/\/museumek.eu\/wp-content\/uploads\/2013\/04\/Museum-Europ\u00e4ischer-Keramikkunst-3317.jpg 718w\" sizes=\"(max-width: 300px) 100vw, 300px\" \/><\/a><\/p>\n<p><a href=\"http:\/\/museumek.eu\/?attachment_id=24754\" rel=\"attachment wp-att-24754\"><img loading=\"lazy\" src=\"http:\/\/museumek.eu\/wp-content\/uploads\/2011\/12\/002-Geschichte-Rosenthal-Porzellan-300x216.jpg\" alt=\"\" title=\"002 Geschichte Rosenthal Porzellan\" width=\"300\" height=\"216\" class=\"alignnone size-medium wp-image-24754\" srcset=\"http:\/\/museumek.eu\/wp-content\/uploads\/2011\/12\/002-Geschichte-Rosenthal-Porzellan-300x216.jpg 300w, http:\/\/museumek.eu\/wp-content\/uploads\/2011\/12\/002-Geschichte-Rosenthal-Porzellan-150x108.jpg 150w, http:\/\/museumek.eu\/wp-content\/uploads\/2011\/12\/002-Geschichte-Rosenthal-Porzellan-415x300.jpg 415w, http:\/\/museumek.eu\/wp-content\/uploads\/2011\/12\/002-Geschichte-Rosenthal-Porzellan.jpg 917w\" sizes=\"(max-width: 300px) 100vw, 300px\" \/><\/a><\/p>\n<p><a href=\"http:\/\/museumek.eu\/?attachment_id=24755\" rel=\"attachment wp-att-24755\"><img loading=\"lazy\" src=\"http:\/\/museumek.eu\/wp-content\/uploads\/2011\/12\/004-Geschichte-Rosenthal-Porzellan-300x220.jpg\" alt=\"\" title=\"004 Geschichte Rosenthal Porzellan\" width=\"300\" height=\"220\" class=\"alignnone size-medium wp-image-24755\" srcset=\"http:\/\/museumek.eu\/wp-content\/uploads\/2011\/12\/004-Geschichte-Rosenthal-Porzellan-300x220.jpg 300w, http:\/\/museumek.eu\/wp-content\/uploads\/2011\/12\/004-Geschichte-Rosenthal-Porzellan-150x110.jpg 150w, http:\/\/museumek.eu\/wp-content\/uploads\/2011\/12\/004-Geschichte-Rosenthal-Porzellan-407x300.jpg 407w, http:\/\/museumek.eu\/wp-content\/uploads\/2011\/12\/004-Geschichte-Rosenthal-Porzellan.jpg 943w\" sizes=\"(max-width: 300px) 100vw, 300px\" \/><\/a><\/p>\n<p><strong>Abteilung Deutschland, Keramik 1860 \u2013 1960, Inventarnummer D\/CLI\/1<\/strong><\/p>\n<p>Keramische Werkst\u00e4tten M\u00fcnchen-Herrsching AG, vormals Keramische Werkst\u00e4tten M\u00fcnchen-Herrsching Otto Koebke, Deutschland, M\u00fcnchen-Herrsching, 1925, Krug, K\u00fcnstler Julius-Vilhelm Guldbrandsen, Werks.-Nr. ohne, Exemplar Nr. ohne, gemarkt Firmenmarke KWmH (f\u00fcr Keramische Werkst\u00e4tten M\u00fcnchen-Herrsching) darunter Sp. (nicht aufgel\u00f6st) blau unter Glasur gemalt, Jul. V. Guldbrandsen darunter Herrsching dunkelgr\u00fcner Stempel unter Glasur, Eichmarke als waagerechter Strich I L geritzt, Widmung im Deckel mit gegossen, 1908 kaufte der in Halle\/Saale geborene Otto Koebke ein bebautes Grundst\u00fcck in M\u00fcnchen-Herrsching und errichtete eine keramische Fabrik, die 1909 mit der Produktion begann, w\u00e4hrend des WK I, wurde die Fabrik geschlossen, wohl aus Mangel an Kohle f\u00fcr die Brenn\u00f6fen, nach dem Ende WK I er\u00f6ffnete die Fabrik wieder, um 1922 (oder etwas sp\u00e4ter), \u00fcbernahm die Porzellanfabrik Ph. Rosenthal &#038; Co. AG, in Selb, die Fabrik, Anteile an der AG hatten wohl Koebke, Julius-Vilhem Guldbrandsen und die Porzellanfabrik Ph. Rosenthal &#038; Co. AG, f\u00fcr die Guldbrandsen vorher als Leiter der Kunstabteilung t\u00e4tig war, sicher ist, dass Guldbrandsen die Fabrik leitete und selbst dort t\u00e4tig war, es wurde nun auch Massenware, zum Beispiel Bierkr\u00fcge, wie das MEK Exemplar anl\u00e4sslich der Er\u00f6ffnung des Deutschen Museum M\u00fcnchen hergestellt, 1929 wurde die Fabrik geschlossen, H\u00f6he 18,5 cm, Breite 15,5 cm (ohne Deckel und Montur)<\/p>\n<p><a href=\"http:\/\/museumek.eu\/?attachment_id=46367\" rel=\"attachment wp-att-46367\"><img loading=\"lazy\" src=\"http:\/\/museumek.eu\/wp-content\/uploads\/2020\/04\/Guldbrandsen-Herrsching-1-153x300.jpg\" alt=\"\" title=\"Guldbrandsen Herrsching 1\" width=\"153\" height=\"300\" class=\"alignnone size-medium wp-image-46367\" srcset=\"http:\/\/museumek.eu\/wp-content\/uploads\/2020\/04\/Guldbrandsen-Herrsching-1-153x300.jpg 153w, http:\/\/museumek.eu\/wp-content\/uploads\/2020\/04\/Guldbrandsen-Herrsching-1-76x150.jpg 76w, http:\/\/museumek.eu\/wp-content\/uploads\/2020\/04\/Guldbrandsen-Herrsching-1.jpg 328w\" sizes=\"(max-width: 153px) 100vw, 153px\" \/><\/a><\/p>\n<p><a href=\"http:\/\/museumek.eu\/?attachment_id=46370\" rel=\"attachment wp-att-46370\"><img loading=\"lazy\" src=\"http:\/\/museumek.eu\/wp-content\/uploads\/2020\/04\/Guldbrandsen-Herrsching-2-205x300.jpg\" alt=\"\" title=\"Guldbrandsen Herrsching 2\" width=\"205\" height=\"300\" class=\"alignnone size-medium wp-image-46370\" srcset=\"http:\/\/museumek.eu\/wp-content\/uploads\/2020\/04\/Guldbrandsen-Herrsching-2-205x300.jpg 205w, http:\/\/museumek.eu\/wp-content\/uploads\/2020\/04\/Guldbrandsen-Herrsching-2-102x150.jpg 102w, http:\/\/museumek.eu\/wp-content\/uploads\/2020\/04\/Guldbrandsen-Herrsching-2.jpg 439w\" sizes=\"(max-width: 205px) 100vw, 205px\" \/><\/a><\/p>\n<p><a href=\"http:\/\/museumek.eu\/?attachment_id=46371\" rel=\"attachment wp-att-46371\"><img loading=\"lazy\" src=\"http:\/\/museumek.eu\/wp-content\/uploads\/2020\/04\/Guldbrandsen-Herrsching-3-214x300.jpg\" alt=\"\" title=\"Guldbrandsen Herrsching 3\" width=\"214\" height=\"300\" class=\"alignnone size-medium wp-image-46371\" srcset=\"http:\/\/museumek.eu\/wp-content\/uploads\/2020\/04\/Guldbrandsen-Herrsching-3-214x300.jpg 214w, http:\/\/museumek.eu\/wp-content\/uploads\/2020\/04\/Guldbrandsen-Herrsching-3-107x150.jpg 107w, http:\/\/museumek.eu\/wp-content\/uploads\/2020\/04\/Guldbrandsen-Herrsching-3.jpg 457w\" sizes=\"(max-width: 214px) 100vw, 214px\" \/><\/a><\/p>\n<p><a href=\"http:\/\/museumek.eu\/?attachment_id=46372\" rel=\"attachment wp-att-46372\"><img loading=\"lazy\" src=\"http:\/\/museumek.eu\/wp-content\/uploads\/2020\/04\/Guldbrandsen-Herrsching-4-144x300.jpg\" alt=\"\" title=\"Guldbrandsen Herrsching 4\" width=\"144\" height=\"300\" class=\"alignnone size-medium wp-image-46372\" srcset=\"http:\/\/museumek.eu\/wp-content\/uploads\/2020\/04\/Guldbrandsen-Herrsching-4-144x300.jpg 144w, http:\/\/museumek.eu\/wp-content\/uploads\/2020\/04\/Guldbrandsen-Herrsching-4-72x150.jpg 72w\" sizes=\"(max-width: 144px) 100vw, 144px\" \/><\/a><\/p>\n<p><a href=\"http:\/\/museumek.eu\/?attachment_id=46373\" rel=\"attachment wp-att-46373\"><img loading=\"lazy\" src=\"http:\/\/museumek.eu\/wp-content\/uploads\/2020\/04\/Guldbrandsen-Herrsching-5-177x300.jpg\" alt=\"\" title=\"Guldbrandsen Herrsching 5\" width=\"177\" height=\"300\" class=\"alignnone size-medium wp-image-46373\" srcset=\"http:\/\/museumek.eu\/wp-content\/uploads\/2020\/04\/Guldbrandsen-Herrsching-5-177x300.jpg 177w, http:\/\/museumek.eu\/wp-content\/uploads\/2020\/04\/Guldbrandsen-Herrsching-5-88x150.jpg 88w, http:\/\/museumek.eu\/wp-content\/uploads\/2020\/04\/Guldbrandsen-Herrsching-5.jpg 379w\" sizes=\"(max-width: 177px) 100vw, 177px\" \/><\/a><\/p>\n<p><a href=\"http:\/\/museumek.eu\/?attachment_id=46376\" rel=\"attachment wp-att-46376\"><img loading=\"lazy\" src=\"http:\/\/museumek.eu\/wp-content\/uploads\/2020\/04\/Guldbrandsen-Herrsching-6-210x300.jpg\" alt=\"\" title=\"Guldbrandsen Herrsching 6\" width=\"210\" height=\"300\" class=\"alignnone size-medium wp-image-46376\" srcset=\"http:\/\/museumek.eu\/wp-content\/uploads\/2020\/04\/Guldbrandsen-Herrsching-6-210x300.jpg 210w, http:\/\/museumek.eu\/wp-content\/uploads\/2020\/04\/Guldbrandsen-Herrsching-6-105x150.jpg 105w, http:\/\/museumek.eu\/wp-content\/uploads\/2020\/04\/Guldbrandsen-Herrsching-6.jpg 449w\" sizes=\"(max-width: 210px) 100vw, 210px\" \/><\/a><\/p>\n<p><a href=\"http:\/\/museumek.eu\/?attachment_id=46377\" rel=\"attachment wp-att-46377\"><img loading=\"lazy\" src=\"http:\/\/museumek.eu\/wp-content\/uploads\/2020\/04\/Guldbrandsen-Herrsching-7-206x300.jpg\" alt=\"\" title=\"Guldbrandsen Herrsching 7\" width=\"206\" height=\"300\" class=\"alignnone size-medium wp-image-46377\" srcset=\"http:\/\/museumek.eu\/wp-content\/uploads\/2020\/04\/Guldbrandsen-Herrsching-7-206x300.jpg 206w, http:\/\/museumek.eu\/wp-content\/uploads\/2020\/04\/Guldbrandsen-Herrsching-7-103x150.jpg 103w, http:\/\/museumek.eu\/wp-content\/uploads\/2020\/04\/Guldbrandsen-Herrsching-7.jpg 441w\" sizes=\"(max-width: 206px) 100vw, 206px\" \/><\/a><\/p>\n<p><a href=\"http:\/\/museumek.eu\/?attachment_id=46378\" rel=\"attachment wp-att-46378\"><img loading=\"lazy\" src=\"http:\/\/museumek.eu\/wp-content\/uploads\/2020\/04\/Guldbrandsen-Herrsching-8-211x300.jpg\" alt=\"\" title=\"Guldbrandsen Herrsching 8\" width=\"211\" height=\"300\" class=\"alignnone size-medium wp-image-46378\" srcset=\"http:\/\/museumek.eu\/wp-content\/uploads\/2020\/04\/Guldbrandsen-Herrsching-8-211x300.jpg 211w, http:\/\/museumek.eu\/wp-content\/uploads\/2020\/04\/Guldbrandsen-Herrsching-8-105x150.jpg 105w, http:\/\/museumek.eu\/wp-content\/uploads\/2020\/04\/Guldbrandsen-Herrsching-8.jpg 452w\" sizes=\"(max-width: 211px) 100vw, 211px\" \/><\/a><\/p>\n<p><a href=\"http:\/\/museumek.eu\/?attachment_id=46379\" rel=\"attachment wp-att-46379\"><img loading=\"lazy\" src=\"http:\/\/museumek.eu\/wp-content\/uploads\/2020\/04\/Guldbrandsen-Herrsching-9-300x263.jpg\" alt=\"\" title=\"Guldbrandsen Herrsching 9\" width=\"300\" height=\"263\" class=\"alignnone size-medium wp-image-46379\" srcset=\"http:\/\/museumek.eu\/wp-content\/uploads\/2020\/04\/Guldbrandsen-Herrsching-9-300x263.jpg 300w, http:\/\/museumek.eu\/wp-content\/uploads\/2020\/04\/Guldbrandsen-Herrsching-9-150x131.jpg 150w, http:\/\/museumek.eu\/wp-content\/uploads\/2020\/04\/Guldbrandsen-Herrsching-9-341x300.jpg 341w, http:\/\/museumek.eu\/wp-content\/uploads\/2020\/04\/Guldbrandsen-Herrsching-9.jpg 695w\" sizes=\"(max-width: 300px) 100vw, 300px\" \/><\/a><\/p>\n","protected":false},"excerpt":{"rendered":"<p>Julius-Vilhelm Guldbrandsen wurde 1869 in Stagelsee geboren. Er starb 1960 in Humblebeak. Guldbrandsen war ein d\u00e4nischer Kunst- und Porzellanmaler. Er absolvierte eine Lehre als Dekorationsmaler, danach besuchte er die Kopenhagener Kunstschule. Au\u00dferdem studierte er in Dresden, N\u00fcrnberg und Wien. Im &hellip; <a href=\"http:\/\/museumek.eu\/?page_id=19870\">Weiterlesen <span class=\"meta-nav\">&rarr;<\/span><\/a><\/p>\n","protected":false},"author":1,"featured_media":0,"parent":19867,"menu_order":1,"comment_status":"closed","ping_status":"open","template":"","meta":[],"_links":{"self":[{"href":"http:\/\/museumek.eu\/index.php?rest_route=\/wp\/v2\/pages\/19870"}],"collection":[{"href":"http:\/\/museumek.eu\/index.php?rest_route=\/wp\/v2\/pages"}],"about":[{"href":"http:\/\/museumek.eu\/index.php?rest_route=\/wp\/v2\/types\/page"}],"author":[{"embeddable":true,"href":"http:\/\/museumek.eu\/index.php?rest_route=\/wp\/v2\/users\/1"}],"replies":[{"embeddable":true,"href":"http:\/\/museumek.eu\/index.php?rest_route=%2Fwp%2Fv2%2Fcomments&post=19870"}],"version-history":[{"count":10,"href":"http:\/\/museumek.eu\/index.php?rest_route=\/wp\/v2\/pages\/19870\/revisions"}],"predecessor-version":[{"id":46399,"href":"http:\/\/museumek.eu\/index.php?rest_route=\/wp\/v2\/pages\/19870\/revisions\/46399"}],"up":[{"embeddable":true,"href":"http:\/\/museumek.eu\/index.php?rest_route=\/wp\/v2\/pages\/19867"}],"wp:attachment":[{"href":"http:\/\/museumek.eu\/index.php?rest_route=%2Fwp%2Fv2%2Fmedia&parent=19870"}],"curies":[{"name":"wp","href":"https:\/\/api.w.org\/{rel}","templated":true}]}}