{"id":19901,"date":"2013-04-18T21:21:04","date_gmt":"2013-04-18T19:21:04","guid":{"rendered":"http:\/\/museumek.eu\/?page_id=19901"},"modified":"2015-07-12T13:34:01","modified_gmt":"2015-07-12T11:34:01","slug":"dxxxvii7","status":"publish","type":"page","link":"http:\/\/museumek.eu\/?page_id=19901","title":{"rendered":"D\/XXXVII\/7"},"content":{"rendered":"<p><strong>Abteilung Deutschland, Keramik 1860 \u2013 1960, Inventarnummer D\/XXXVII\/7<\/strong><\/p>\n<p>Thonwaaren \u2013 Fabrik Marzi &#038; Remy, Deutschland, H\u00f6hr, um 1910, Krug, K\u00fcnstler Albin M\u00fcller, Werks.-Nr. 2124, Exemplar Nr. ohne, gemarkt keine Firmenmarke aber GESETZL. GESCH\u00dcTZT, 2124, 23 sowie 1 L \u00fcber Eichstrich gepresst, nicht signiert, Literatur: J\u00fcrgen Erlebach, J\u00fcrgen Schimanski, Westerw\u00e4lder Steinzeug, Die Neue \u00c4ra 1900 \u2013 1930, Jugendstil und Werkbund, Seite 72, Marke Nr. 16 identisch, weitere Literatur: J\u00fcrgen Schimanski, Braun geflammt und grau gesalzen, Seite 81, Abbildung Nr. 96 b, identischer Krug (kleinere Ausf\u00fchrun sowie Seite 203, Beschreibung der Fabrik, Beschreibung der zeitlichen Zuordnung, Modellnummern 1900\/2000 um 1910 sowie Marke Nr. 16 identisch, au\u00dferdem dort beschrieben, dass eine eigene Firmenmarke erst Anfang der 1920\u2018 Jahre eingef\u00fchrt worden ist und dass Erzeugnisse der fr\u00fcheren Jahre oft mit dem Schriftzug \u201eGesetzl. Gesch\u00fctzt\u201c gemarkt sind, diese Beschreibung stellt das MEK bez\u00fcglich der Fabrikmarke in Frage, da unter http:\/\/www.steinmarks.co.uk\/pages\/pv.asp?p=stein164, verschiedene Fabrikmarken mit fr\u00fchen Werksnummern aus dem 1900 Jahrhundert abgebildet sind, eine Fabrikmarke sogar mit dem Zusatz Gesetzl. Gesch\u00fctzt, siehe auch Keramikmuseum Westerwald, Inv. Nr. 68-G1316, identischer Krug mit anderem Deckel, die Fabrik wurde 1879 von Anton Marzi und seinem Schwager Simon Peter Remy in H\u00f6hr gegr\u00fcndet und firmierte als Thonwaaren \u2013 Fabrik Marzi &#038; Remy, ab 1881 wurde eine eigene Zinngie\u00dferei angeschafft und ab 1883 neben dem grau \u2013 blau salzglasiertem Steinzeug auch Elfenbeinsteinzeug produziert, Simon Peter Remy verstarb 1919 und sein Sohn Werner Remy trat in die Fabrik ein, 1924 verstarb Anton Marzi und sein Schwiegersohn Johann Otto B\u00fchler trat in die Fabrik ein, Werner Remy verlie\u00df 1931 die Fabrik, 1941 trat Johann Otto B\u00fchlers Sohn Otto B\u00fchler in die Fabrik ein und 1953 dessen Sohn Otto Georg B\u00fchler, die Fabrik war bis zum Konkurs in den 1990\u2018 Jahren immer in Familienbesitz, Ausf\u00fchrung als Steinzeug grau \u2013 blau salzglasiert,<br \/>\nH\u00f6he 18 cm, Breite 15 cm (nur die Keramik)<\/p>\n<p><a href=\"http:\/\/museumek.eu\/wp-content\/uploads\/2013\/04\/5029.jpg\"><img loading=\"lazy\" src=\"http:\/\/museumek.eu\/wp-content\/uploads\/2013\/04\/5029-203x300.jpg\" alt=\"\" title=\"5029\" width=\"203\" height=\"300\" class=\"alignnone size-medium wp-image-19902\" srcset=\"http:\/\/museumek.eu\/wp-content\/uploads\/2013\/04\/5029-203x300.jpg 203w, http:\/\/museumek.eu\/wp-content\/uploads\/2013\/04\/5029.jpg 542w\" sizes=\"(max-width: 203px) 100vw, 203px\" \/><\/a><\/p>\n<p><a href=\"http:\/\/museumek.eu\/wp-content\/uploads\/2013\/04\/5030.jpg\"><img loading=\"lazy\" src=\"http:\/\/museumek.eu\/wp-content\/uploads\/2013\/04\/5030-148x300.jpg\" alt=\"\" title=\"5030\" width=\"148\" height=\"300\" class=\"alignnone size-medium wp-image-19903\" \/><\/a><\/p>\n<p><a href=\"http:\/\/museumek.eu\/wp-content\/uploads\/2013\/04\/5031.jpg\"><img loading=\"lazy\" src=\"http:\/\/museumek.eu\/wp-content\/uploads\/2013\/04\/5031-300x239.jpg\" alt=\"\" title=\"5031\" width=\"300\" height=\"239\" class=\"alignnone size-medium wp-image-19904\" srcset=\"http:\/\/museumek.eu\/wp-content\/uploads\/2013\/04\/5031-300x239.jpg 300w, http:\/\/museumek.eu\/wp-content\/uploads\/2013\/04\/5031-375x300.jpg 375w, http:\/\/museumek.eu\/wp-content\/uploads\/2013\/04\/5031.jpg 578w\" sizes=\"(max-width: 300px) 100vw, 300px\" \/><\/a><\/p>\n<p><a href=\"http:\/\/museumek.eu\/wp-content\/uploads\/2013\/04\/5032.jpg\"><img loading=\"lazy\" src=\"http:\/\/museumek.eu\/wp-content\/uploads\/2013\/04\/5032-300x269.jpg\" alt=\"\" title=\"5032\" width=\"300\" height=\"269\" class=\"alignnone size-medium wp-image-19905\" srcset=\"http:\/\/museumek.eu\/wp-content\/uploads\/2013\/04\/5032-300x269.jpg 300w, http:\/\/museumek.eu\/wp-content\/uploads\/2013\/04\/5032-334x300.jpg 334w, http:\/\/museumek.eu\/wp-content\/uploads\/2013\/04\/5032.jpg 669w\" sizes=\"(max-width: 300px) 100vw, 300px\" \/><\/a><\/p>\n","protected":false},"excerpt":{"rendered":"<p>Abteilung Deutschland, Keramik 1860 \u2013 1960, Inventarnummer D\/XXXVII\/7 Thonwaaren \u2013 Fabrik Marzi &#038; Remy, Deutschland, H\u00f6hr, um 1910, Krug, K\u00fcnstler Albin M\u00fcller, Werks.-Nr. 2124, Exemplar Nr. ohne, gemarkt keine Firmenmarke aber GESETZL. GESCH\u00dcTZT, 2124, 23 sowie 1 L \u00fcber Eichstrich &hellip; <a href=\"http:\/\/museumek.eu\/?page_id=19901\">Weiterlesen <span class=\"meta-nav\">&rarr;<\/span><\/a><\/p>\n","protected":false},"author":1,"featured_media":0,"parent":9016,"menu_order":7,"comment_status":"closed","ping_status":"open","template":"","meta":[],"_links":{"self":[{"href":"http:\/\/museumek.eu\/index.php?rest_route=\/wp\/v2\/pages\/19901"}],"collection":[{"href":"http:\/\/museumek.eu\/index.php?rest_route=\/wp\/v2\/pages"}],"about":[{"href":"http:\/\/museumek.eu\/index.php?rest_route=\/wp\/v2\/types\/page"}],"author":[{"embeddable":true,"href":"http:\/\/museumek.eu\/index.php?rest_route=\/wp\/v2\/users\/1"}],"replies":[{"embeddable":true,"href":"http:\/\/museumek.eu\/index.php?rest_route=%2Fwp%2Fv2%2Fcomments&post=19901"}],"version-history":[{"count":9,"href":"http:\/\/museumek.eu\/index.php?rest_route=\/wp\/v2\/pages\/19901\/revisions"}],"predecessor-version":[{"id":42158,"href":"http:\/\/museumek.eu\/index.php?rest_route=\/wp\/v2\/pages\/19901\/revisions\/42158"}],"up":[{"embeddable":true,"href":"http:\/\/museumek.eu\/index.php?rest_route=\/wp\/v2\/pages\/9016"}],"wp:attachment":[{"href":"http:\/\/museumek.eu\/index.php?rest_route=%2Fwp%2Fv2%2Fmedia&parent=19901"}],"curies":[{"name":"wp","href":"https:\/\/api.w.org\/{rel}","templated":true}]}}