{"id":19922,"date":"2013-04-19T00:03:53","date_gmt":"2013-04-18T22:03:53","guid":{"rendered":"http:\/\/museumek.eu\/?page_id=19922"},"modified":"2013-05-09T14:25:08","modified_gmt":"2013-05-09T12:25:08","slug":"dlxxii1","status":"publish","type":"page","link":"http:\/\/museumek.eu\/?page_id=19922","title":{"rendered":"D\/LXXIII\/1"},"content":{"rendered":"<p><strong>Abteilung Deutschland, Keramik 1860 \u2013 1960, Inventarnummer D\/LXXIII\/1<\/strong><\/p>\n<p>Hugo Reinhold &#038; Co., Deutschland, Bunzlau, um 1910, Vase, K\u00fcnstler unbekannt, Werks.-Nr. 112\/1, Exemplar Nr. ohne, gemarkt Firmenmarke mit R &#038; C (o) in rundem Blindstempel gepresst sowie 112\/1 geritzt, nicht signiert, Literatur: Heidi M\u00fcller, Ekkehard und Inge Lippert, Regine Falkenberg, Bunzlauer Geschirr, Staatliche Museen Preu\u00dfischer Kulturbesitz, Schriften des Museums f\u00fcr Deutsche Volkskunde Berlin, Band 14, Seite 408, Marke Nr. 64 identisch, Hugo Reinhold gr\u00fcndete die Fabrik 1897, ab 1910 firmierte die Fabrik als Bunzlauer Keramische Werkst\u00e4tten Reinhold &#038; Co., 1937 wurde die Fabrik verkauft und firmierte als Klein &#038; Co. Feinsteinzeugfabrik,<br \/>\nH\u00f6he 37 cm, Breite 15 cm<\/p>\n<p><a href=\"http:\/\/museumek.eu\/wp-content\/uploads\/2013\/04\/5024.jpg\"><img loading=\"lazy\" src=\"http:\/\/museumek.eu\/wp-content\/uploads\/2013\/04\/5024-151x300.jpg\" alt=\"\" title=\"5024\" width=\"151\" height=\"300\" class=\"alignnone size-medium wp-image-19923\" \/><\/a><\/p>\n<p><a href=\"http:\/\/museumek.eu\/wp-content\/uploads\/2013\/04\/5025.jpg\"><img loading=\"lazy\" src=\"http:\/\/museumek.eu\/wp-content\/uploads\/2013\/04\/5025-274x300.jpg\" alt=\"\" title=\"5025\" width=\"274\" height=\"300\" class=\"alignnone size-medium wp-image-19924\" srcset=\"http:\/\/museumek.eu\/wp-content\/uploads\/2013\/04\/5025-274x300.jpg 274w, http:\/\/museumek.eu\/wp-content\/uploads\/2013\/04\/5025.jpg 600w\" sizes=\"(max-width: 274px) 100vw, 274px\" \/><\/a><\/p>\n","protected":false},"excerpt":{"rendered":"<p>Abteilung Deutschland, Keramik 1860 \u2013 1960, Inventarnummer D\/LXXIII\/1 Hugo Reinhold &#038; Co., Deutschland, Bunzlau, um 1910, Vase, K\u00fcnstler unbekannt, Werks.-Nr. 112\/1, Exemplar Nr. ohne, gemarkt Firmenmarke mit R &#038; C (o) in rundem Blindstempel gepresst sowie 112\/1 geritzt, nicht signiert, &hellip; <a href=\"http:\/\/museumek.eu\/?page_id=19922\">Weiterlesen <span class=\"meta-nav\">&rarr;<\/span><\/a><\/p>\n","protected":false},"author":1,"featured_media":0,"parent":19919,"menu_order":1,"comment_status":"closed","ping_status":"open","template":"","meta":[],"_links":{"self":[{"href":"http:\/\/museumek.eu\/index.php?rest_route=\/wp\/v2\/pages\/19922"}],"collection":[{"href":"http:\/\/museumek.eu\/index.php?rest_route=\/wp\/v2\/pages"}],"about":[{"href":"http:\/\/museumek.eu\/index.php?rest_route=\/wp\/v2\/types\/page"}],"author":[{"embeddable":true,"href":"http:\/\/museumek.eu\/index.php?rest_route=\/wp\/v2\/users\/1"}],"replies":[{"embeddable":true,"href":"http:\/\/museumek.eu\/index.php?rest_route=%2Fwp%2Fv2%2Fcomments&post=19922"}],"version-history":[{"count":7,"href":"http:\/\/museumek.eu\/index.php?rest_route=\/wp\/v2\/pages\/19922\/revisions"}],"predecessor-version":[{"id":21564,"href":"http:\/\/museumek.eu\/index.php?rest_route=\/wp\/v2\/pages\/19922\/revisions\/21564"}],"up":[{"embeddable":true,"href":"http:\/\/museumek.eu\/index.php?rest_route=\/wp\/v2\/pages\/19919"}],"wp:attachment":[{"href":"http:\/\/museumek.eu\/index.php?rest_route=%2Fwp%2Fv2%2Fmedia&parent=19922"}],"curies":[{"name":"wp","href":"https:\/\/api.w.org\/{rel}","templated":true}]}}