{"id":20095,"date":"2013-04-20T16:27:48","date_gmt":"2013-04-20T14:27:48","guid":{"rendered":"http:\/\/museumek.eu\/?page_id=20095"},"modified":"2013-05-09T17:29:52","modified_gmt":"2013-05-09T15:29:52","slug":"fotos-und-beschreibung","status":"publish","type":"page","link":"http:\/\/museumek.eu\/?page_id=20095","title":{"rendered":"Fotos und Beschreibung"},"content":{"rendered":"<p><strong>Abteilung Deutschland, Keramik 1860 \u2013 1960, Inventarnummer D\/LXXV\/1<\/strong><\/p>\n<p>Porzellanfabrik Conta &#038; B\u00f6hme, Deutschland, P\u00f6\u00dfneck, um 1900, Vase, K\u00fcnstler unbekannt, Werks.-Nr. 1230, Exemplar Nr. ohne, gemarkt Firmenmarke mit abgewinkeltem Ritterarm und Schwert in einem Wappenschild (die Marke wurde ab 1893 verwendet), 1230, III sowie 38 gepresst, nicht signiert, Literatur: Gustav Wei\u00df, Ullstein Porzellanbuch, Seite 296, Beschreibung der Fabrik sowie Marke Nr. 11 identisch, weitere Literatur: Otto Pelka, Keramik der Neuzeit, Markentafel VII, Marke Nr. 112 identisch sowie Seite 217, Namensverzeichnis Nr. 112, dort Conta &#038; B\u00f6hme verzeichnet, weitere Literatur: Emanuel Poche, Porzellan-Marken aus aller Welt, Marke Nr. 87 identisch (dort als Variante blauer Farbstempel), weitere Literatur: J. G. Th. Graesse und E. Jaennicke, F\u00fchrer f\u00fcr Sammler von Porzellan und Fayence, Steinzeug, Steingut usw., Seite 501, Spalte P\u00f6\u00dfneck, Porzellanfabrik Conta &#038; B\u00f6hme, Marke Nr. 1 identisch, die Fabrik wurde 1790 vom Geraer Fabrikanten Albert gegr\u00fcndet und 1804 (oder 1814) von Wilhelm Ernst Conta und Christian Gotthelf B\u00f6hme \u00fcbernommen, Firmierung ab da: Porzellanfabrik Conta &#038; B\u00f6hme, ab 1886 diverse Inhaberwechsel durch erbende Famileinmitglieder bis zur Schlie\u00dfung 1937, Jugendstilvase, partielle Goldbemalung sowie aus Porzellan aufmodelliertes Pflanzengebinde mit 3 Rosen, H\u00f6he 14 cm, Breite 12,5 cm<\/p>\n<p><a href=\"http:\/\/museumek.eu\/wp-content\/uploads\/2013\/04\/5000.jpg\"><img loading=\"lazy\" src=\"http:\/\/museumek.eu\/wp-content\/uploads\/2013\/04\/5000-238x300.jpg\" alt=\"\" title=\"5000\" width=\"238\" height=\"300\" class=\"alignnone size-medium wp-image-20088\" srcset=\"http:\/\/museumek.eu\/wp-content\/uploads\/2013\/04\/5000-238x300.jpg 238w, http:\/\/museumek.eu\/wp-content\/uploads\/2013\/04\/5000.jpg 600w\" sizes=\"(max-width: 238px) 100vw, 238px\" \/><\/a><\/p>\n<p><a href=\"http:\/\/museumek.eu\/wp-content\/uploads\/2013\/04\/5001.jpg\"><img loading=\"lazy\" src=\"http:\/\/museumek.eu\/wp-content\/uploads\/2013\/04\/5001-179x300.jpg\" alt=\"\" title=\"5001\" width=\"179\" height=\"300\" class=\"alignnone size-medium wp-image-20089\" srcset=\"http:\/\/museumek.eu\/wp-content\/uploads\/2013\/04\/5001-179x300.jpg 179w, http:\/\/museumek.eu\/wp-content\/uploads\/2013\/04\/5001.jpg 479w\" sizes=\"(max-width: 179px) 100vw, 179px\" \/><\/a><\/p>\n","protected":false},"excerpt":{"rendered":"<p>Abteilung Deutschland, Keramik 1860 \u2013 1960, Inventarnummer D\/LXXV\/1 Porzellanfabrik Conta &#038; B\u00f6hme, Deutschland, P\u00f6\u00dfneck, um 1900, Vase, K\u00fcnstler unbekannt, Werks.-Nr. 1230, Exemplar Nr. ohne, gemarkt Firmenmarke mit abgewinkeltem Ritterarm und Schwert in einem Wappenschild (die Marke wurde ab 1893 verwendet), &hellip; <a href=\"http:\/\/museumek.eu\/?page_id=20095\">Weiterlesen <span class=\"meta-nav\">&rarr;<\/span><\/a><\/p>\n","protected":false},"author":1,"featured_media":0,"parent":20092,"menu_order":1,"comment_status":"closed","ping_status":"open","template":"","meta":[],"_links":{"self":[{"href":"http:\/\/museumek.eu\/index.php?rest_route=\/wp\/v2\/pages\/20095"}],"collection":[{"href":"http:\/\/museumek.eu\/index.php?rest_route=\/wp\/v2\/pages"}],"about":[{"href":"http:\/\/museumek.eu\/index.php?rest_route=\/wp\/v2\/types\/page"}],"author":[{"embeddable":true,"href":"http:\/\/museumek.eu\/index.php?rest_route=\/wp\/v2\/users\/1"}],"replies":[{"embeddable":true,"href":"http:\/\/museumek.eu\/index.php?rest_route=%2Fwp%2Fv2%2Fcomments&post=20095"}],"version-history":[{"count":3,"href":"http:\/\/museumek.eu\/index.php?rest_route=\/wp\/v2\/pages\/20095\/revisions"}],"predecessor-version":[{"id":21619,"href":"http:\/\/museumek.eu\/index.php?rest_route=\/wp\/v2\/pages\/20095\/revisions\/21619"}],"up":[{"embeddable":true,"href":"http:\/\/museumek.eu\/index.php?rest_route=\/wp\/v2\/pages\/20092"}],"wp:attachment":[{"href":"http:\/\/museumek.eu\/index.php?rest_route=%2Fwp%2Fv2%2Fmedia&parent=20095"}],"curies":[{"name":"wp","href":"https:\/\/api.w.org\/{rel}","templated":true}]}}