{"id":20138,"date":"2013-04-20T18:35:43","date_gmt":"2013-04-20T16:35:43","guid":{"rendered":"http:\/\/museumek.eu\/?page_id=20138"},"modified":"2021-01-07T16:39:17","modified_gmt":"2021-01-07T15:39:17","slug":"fotos-und-beschreibung","status":"publish","type":"page","link":"http:\/\/museumek.eu\/?page_id=20138","title":{"rendered":"Fotos und Beschreibung"},"content":{"rendered":"<p><strong>Abteilung Deutschland, Keramik 1860 \u2013 1960, Inventarnummer D\/LXXVI\/1<\/strong><\/p>\n<p>Porzellan-Manufaktur Hermann Ohme und Nachf. Porzellanfabrik Hermann Ohme OhG und Nachf. Porzellanfabrik Hermann Ohme und Nachf. Porzellanfabrik Hermann Ohme Kommandit-Gesellschaft,  Deutschland\/Schlesien, Nieder-Salzbrunn\/Sorgau, 1900 bis 1918, Kanne, K\u00fcnstler unbekannt, Werks.-Nr. ohne, Exemplar Nr. ohne, gemarkt Firmenmarke Krone, darunter O (f\u00fcr Ohme), darunter ein L\u00e4ngspfeil nach unten, mittig in diesem Pfeil ein H (f\u00fcr Hermann), darunter SILESIA (f\u00fcr Schlesien) schwarzer Stempel unter Glasur, D gepresst, weitere Marke, P. &#038; S. (f\u00fcr Paepcke &#038; Sch\u00e4fer) in einem nach oben offenem Lorbeerkranz gr\u00fcner Stempel unter Glasur, diese Marke geh\u00f6rt zur Manufaktur dekorierter Porzellane Paepcke &#038; Sch\u00e4fer in Haida, B\u00f6hmen, nicht signiert, Literatur: Otto Pelka, Keramik der Neuzeit, Markentafel VI, Marke Nr. 102 identisch, Seite 211, Herstellerverzeichnis Nr. 102, dort Nieder-Salzbrunn Hermann Ohme sowie Seite 220, Namensverzeichnis Nr. 102, dort Hermann Ohme verzeichnet, weitere Literatur: Emanuel Poche, Porzellan-Marken aus aller Welt, Marke Nr. 61 identisch (dort ohne Silesia), weitere Literatur: Martin K\u00fcgler, Beste Qualit\u00e4t zu civilen Preisen, Schlesisches Porzellan seit 1820, Seite 37, Fabrikbeschreibung, weitere Literatur: Gerhard Schmidt-Stein, Schlesisches Porzellan vor 1945, Seite 131 ff., Beschreibung der Manufaktur sowie Seite 141, dort identische Marke, dort f\u00fcr die Zeit vor 1918, Hermann Ohme, geb. 1841, verheiratet mit einer Nichte des Waldenburger Porzellanfabrikanten Carl Krister, gr\u00fcndete 1882 in Niedersalzbrunn (Sorgau) eine Porzellanfabrik, Firmierung Porzellan-Manufaktur Hermann Ohme, die Fabrik wurde unter Leitung des Ingenieurs Ernst Maria Bauer, Sohn des damaligen Direktors der Porzellan-Manufaktur Carl Tielsch &#038; Co. erbaut, die Manufaktur hatte Musterlager in Berlin, Hamburg und London, am 01. Januar 1894 machte Ohme Ernst Bauer zu seinem Teilhaber und gr\u00fcndete eine OhG, Firmierung ab da Porzellanfabrik Hermann Ohme OhG, 1900 wurde die Manufaktur Mitglied der Vereinigung der deutschen Porzellangeschirrfabriken, im Jahre 1909 wurde Ohmes Sohn, Herman Ohme jun. Mitgesellschafter, am 28. Oktober starb Hermann Ohme sen., die OhG wurde aufgel\u00f6st und ging in den Besitz von Ohmes Erben \u00fcber, Hermann Ohme jun. blieb Prokurist, Firmierung ab da Porzellanfabrik Hermann Ohme, 1925 wurde die Fabrik KG, Firmierung ab da Porzellanfabrik Hermann Ohme Kommandit-Gesellschaft, 1930 Aufl\u00f6sung durch Konkurs, die niederschlesische Porzellanfabrik August Schweig GmbH aus Weisswasser \u00fcbernahm aus der Konkursmasse die gefragtesten Formen, Weissware von Ohme, Dekoration Paepcke &#038; Sch\u00e4fer, H\u00f6he 13 cm, Breite 8 cm<\/p>\n<p><a href=\"http:\/\/museumek.eu\/wp-content\/uploads\/2013\/04\/5002.jpg\"><img loading=\"lazy\" src=\"http:\/\/museumek.eu\/wp-content\/uploads\/2013\/04\/5002-210x300.jpg\" alt=\"\" title=\"5002\" width=\"210\" height=\"300\" class=\"alignnone size-medium wp-image-20128\" srcset=\"http:\/\/museumek.eu\/wp-content\/uploads\/2013\/04\/5002-210x300.jpg 210w, http:\/\/museumek.eu\/wp-content\/uploads\/2013\/04\/5002.jpg 478w\" sizes=\"(max-width: 210px) 100vw, 210px\" \/><\/a><\/p>\n<p><a href=\"http:\/\/museumek.eu\/wp-content\/uploads\/2013\/04\/5004.jpg\"><img loading=\"lazy\" src=\"http:\/\/museumek.eu\/wp-content\/uploads\/2013\/04\/5004-283x300.jpg\" alt=\"\" title=\"5004\" width=\"283\" height=\"300\" class=\"alignnone size-medium wp-image-20129\" srcset=\"http:\/\/museumek.eu\/wp-content\/uploads\/2013\/04\/5004-283x300.jpg 283w, http:\/\/museumek.eu\/wp-content\/uploads\/2013\/04\/5004.jpg 600w\" sizes=\"(max-width: 283px) 100vw, 283px\" \/><\/a><\/p>\n<p><a href=\"http:\/\/museumek.eu\/wp-content\/uploads\/2013\/04\/5003.jpg\"><img loading=\"lazy\" src=\"http:\/\/museumek.eu\/wp-content\/uploads\/2013\/04\/5003-270x300.jpg\" alt=\"\" title=\"5003\" width=\"270\" height=\"300\" class=\"alignnone size-medium wp-image-20130\" srcset=\"http:\/\/museumek.eu\/wp-content\/uploads\/2013\/04\/5003-270x300.jpg 270w, http:\/\/museumek.eu\/wp-content\/uploads\/2013\/04\/5003.jpg 412w\" sizes=\"(max-width: 270px) 100vw, 270px\" \/><\/a><\/p>\n","protected":false},"excerpt":{"rendered":"<p>Abteilung Deutschland, Keramik 1860 \u2013 1960, Inventarnummer D\/LXXVI\/1 Porzellan-Manufaktur Hermann Ohme und Nachf. Porzellanfabrik Hermann Ohme OhG und Nachf. Porzellanfabrik Hermann Ohme und Nachf. Porzellanfabrik Hermann Ohme Kommandit-Gesellschaft, Deutschland\/Schlesien, Nieder-Salzbrunn\/Sorgau, 1900 bis 1918, Kanne, K\u00fcnstler unbekannt, Werks.-Nr. ohne, Exemplar Nr. &hellip; <a href=\"http:\/\/museumek.eu\/?page_id=20138\">Weiterlesen <span class=\"meta-nav\">&rarr;<\/span><\/a><\/p>\n","protected":false},"author":1,"featured_media":0,"parent":20135,"menu_order":1,"comment_status":"closed","ping_status":"open","template":"","meta":[],"_links":{"self":[{"href":"http:\/\/museumek.eu\/index.php?rest_route=\/wp\/v2\/pages\/20138"}],"collection":[{"href":"http:\/\/museumek.eu\/index.php?rest_route=\/wp\/v2\/pages"}],"about":[{"href":"http:\/\/museumek.eu\/index.php?rest_route=\/wp\/v2\/types\/page"}],"author":[{"embeddable":true,"href":"http:\/\/museumek.eu\/index.php?rest_route=\/wp\/v2\/users\/1"}],"replies":[{"embeddable":true,"href":"http:\/\/museumek.eu\/index.php?rest_route=%2Fwp%2Fv2%2Fcomments&post=20138"}],"version-history":[{"count":10,"href":"http:\/\/museumek.eu\/index.php?rest_route=\/wp\/v2\/pages\/20138\/revisions"}],"predecessor-version":[{"id":59521,"href":"http:\/\/museumek.eu\/index.php?rest_route=\/wp\/v2\/pages\/20138\/revisions\/59521"}],"up":[{"embeddable":true,"href":"http:\/\/museumek.eu\/index.php?rest_route=\/wp\/v2\/pages\/20135"}],"wp:attachment":[{"href":"http:\/\/museumek.eu\/index.php?rest_route=%2Fwp%2Fv2%2Fmedia&parent=20138"}],"curies":[{"name":"wp","href":"https:\/\/api.w.org\/{rel}","templated":true}]}}