{"id":20224,"date":"2013-04-21T19:58:18","date_gmt":"2013-04-21T17:58:18","guid":{"rendered":"http:\/\/museumek.eu\/?page_id=20224"},"modified":"2013-08-16T17:58:39","modified_gmt":"2013-08-16T15:58:39","slug":"fotos-und-beschreibung","status":"publish","type":"page","link":"http:\/\/museumek.eu\/?page_id=20224","title":{"rendered":"Fotos und Beschreibung"},"content":{"rendered":"<p><strong>Abteilung England, Keramik 1860 \u2013 1960, Inventarnummer E\/IXX\/1<\/strong><\/p>\n<p>Manufaktur Watcombe Terracotta Clay Company Ltd.\/Watcombe Pottery Co., England, St. Mary Church\/Torquay, South Devon, 1872, Kanne, K\u00fcnstler Christopher Dresser, Werks.-Nr. ohne, Exemplar Nr. ohne, gemarkt Firmenmarke Doppelkreis mit Watcombe Torquay schwarzer Stempel, schwarz gestempelte diamond-shaped mark (Markentyp 2, f\u00fcr die Zeit von 1868 bis 1883), mit Rd (f\u00fcr registriert), IV (f\u00fcr die Materialklasse), 6 (? schwer lesbar, f\u00fcr die parcel number), 3 (f\u00fcr den Tag), M (f\u00fcr den Monat) sowie I (f\u00fcr das Jahr), insofern ist der Tag der Patenteintragung auf den 03.Juni 1872 festgelegt, nicht gedeutete Zahl 1947 schwarz gemalt, nicht signiert, Literatur: Malcolm Haslan, English Art Pottery 1865 \u2013 1915, Seite 81, Daten zur Manufaktur sowie Seite 214, Abbildung 42, identische Firmenmarke, dort beschrieben f\u00fcr die Firmenbezeichnung Watcombe Pottery Co., Marke verwendet in der Zeit von 1867 bis 1901, weitere Literatur: Jeffrey B. Snyder und Leslie Bockol, Majolica, Seite 91, Erkl\u00e4rungen und Abbildungen zum englischen Registrierungs- und Datierungssystem, weitere Literatur: Michael Whiteway, Christopher Dresser 1834 . 1904, Seite 72, Beschreibung der Manufaktur und Begr\u00fcndung der Zuschreibung der Kanne zu Christopher Dresser sowie Seite 74, Abbildung 39, identische Kanne, dort mit Deckel aus Silber, die Manufaktur wurde 1869 von G. J. Allen mit weiteren 7 Inhabern gegr\u00fcndet, die Vorkommen hochwertigen roten Tones f\u00fchrten im 19. Jh. in Torquay zur Gr\u00fcndung einiger Keramikmanufakturen, u. a. der Aller Vale Pottery und der Watcombe Pottery Co., beide Manufakturen wurden aufgekauft und von den neuen Eigent\u00fcmern, Hexter, Humpherson &#038; Co., ca. 1901 zur Royal Aller Vale &#038; Watcombe Pottery Company vereinigt, Zuschreibung: in o.g Literatur von Whiteway sind diverse sehr \u00e4hnliche Kannen aus Keramik und Metall von verschiedenen englischen Herstellern, f\u00fcr die Dresser Design entwickelte, abgebildet, insofern ist die \u00c4hnlickeit einfach \u00fcberw\u00e4ltigend und das MEK schlie\u00dft sich der Zuschreibung zu Dresser an, Ausf\u00fchrung Terrakotta, partielle Goldbemalung, H\u00f6he 18,5 cm, Breite 14 cm<\/p>\n<p><a href=\"http:\/\/museumek.eu\/wp-content\/uploads\/2013\/04\/013.jpg\"><img loading=\"lazy\" src=\"http:\/\/museumek.eu\/wp-content\/uploads\/2013\/04\/013-230x300.jpg\" alt=\"\" title=\"013\" width=\"230\" height=\"300\" class=\"alignnone size-medium wp-image-20213\" srcset=\"http:\/\/museumek.eu\/wp-content\/uploads\/2013\/04\/013-230x300.jpg 230w, http:\/\/museumek.eu\/wp-content\/uploads\/2013\/04\/013.jpg 572w\" sizes=\"(max-width: 230px) 100vw, 230px\" \/><\/a><\/p>\n<p><a href=\"http:\/\/museumek.eu\/wp-content\/uploads\/2013\/04\/014.jpg\"><img loading=\"lazy\" src=\"http:\/\/museumek.eu\/wp-content\/uploads\/2013\/04\/014-214x300.jpg\" alt=\"\" title=\"014\" width=\"214\" height=\"300\" class=\"alignnone size-medium wp-image-20214\" srcset=\"http:\/\/museumek.eu\/wp-content\/uploads\/2013\/04\/014-214x300.jpg 214w, http:\/\/museumek.eu\/wp-content\/uploads\/2013\/04\/014.jpg 571w\" sizes=\"(max-width: 214px) 100vw, 214px\" \/><\/a><\/p>\n<p><a href=\"http:\/\/museumek.eu\/wp-content\/uploads\/2013\/04\/015.jpg\"><img loading=\"lazy\" src=\"http:\/\/museumek.eu\/wp-content\/uploads\/2013\/04\/015-231x300.jpg\" alt=\"\" title=\"015\" width=\"231\" height=\"300\" class=\"alignnone size-medium wp-image-20215\" srcset=\"http:\/\/museumek.eu\/wp-content\/uploads\/2013\/04\/015-231x300.jpg 231w, http:\/\/museumek.eu\/wp-content\/uploads\/2013\/04\/015.jpg 600w\" sizes=\"(max-width: 231px) 100vw, 231px\" \/><\/a><\/p>\n<p><a href=\"http:\/\/museumek.eu\/wp-content\/uploads\/2013\/04\/016.jpg\"><img loading=\"lazy\" src=\"http:\/\/museumek.eu\/wp-content\/uploads\/2013\/04\/016-214x300.jpg\" alt=\"\" title=\"016\" width=\"214\" height=\"300\" class=\"alignnone size-medium wp-image-20216\" srcset=\"http:\/\/museumek.eu\/wp-content\/uploads\/2013\/04\/016-214x300.jpg 214w, http:\/\/museumek.eu\/wp-content\/uploads\/2013\/04\/016.jpg 442w\" sizes=\"(max-width: 214px) 100vw, 214px\" \/><\/a><\/p>\n<p><a href=\"http:\/\/museumek.eu\/wp-content\/uploads\/2013\/04\/017.jpg\"><img loading=\"lazy\" src=\"http:\/\/museumek.eu\/wp-content\/uploads\/2013\/04\/017-252x300.jpg\" alt=\"\" title=\"017\" width=\"252\" height=\"300\" class=\"alignnone size-medium wp-image-20217\" srcset=\"http:\/\/museumek.eu\/wp-content\/uploads\/2013\/04\/017-252x300.jpg 252w, http:\/\/museumek.eu\/wp-content\/uploads\/2013\/04\/017.jpg 600w\" sizes=\"(max-width: 252px) 100vw, 252px\" \/><\/a><\/p>\n<p><a href=\"http:\/\/museumek.eu\/wp-content\/uploads\/2013\/04\/018.jpg\"><img loading=\"lazy\" src=\"http:\/\/museumek.eu\/wp-content\/uploads\/2013\/04\/018-300x236.jpg\" alt=\"\" title=\"018\" width=\"300\" height=\"236\" class=\"alignnone size-medium wp-image-20218\" srcset=\"http:\/\/museumek.eu\/wp-content\/uploads\/2013\/04\/018-300x236.jpg 300w, http:\/\/museumek.eu\/wp-content\/uploads\/2013\/04\/018-381x300.jpg 381w, http:\/\/museumek.eu\/wp-content\/uploads\/2013\/04\/018.jpg 762w\" sizes=\"(max-width: 300px) 100vw, 300px\" \/><\/a><\/p>\n","protected":false},"excerpt":{"rendered":"<p>Abteilung England, Keramik 1860 \u2013 1960, Inventarnummer E\/IXX\/1 Manufaktur Watcombe Terracotta Clay Company Ltd.\/Watcombe Pottery Co., England, St. Mary Church\/Torquay, South Devon, 1872, Kanne, K\u00fcnstler Christopher Dresser, Werks.-Nr. ohne, Exemplar Nr. ohne, gemarkt Firmenmarke Doppelkreis mit Watcombe Torquay schwarzer Stempel, &hellip; <a href=\"http:\/\/museumek.eu\/?page_id=20224\">Weiterlesen <span class=\"meta-nav\">&rarr;<\/span><\/a><\/p>\n","protected":false},"author":1,"featured_media":0,"parent":20221,"menu_order":1,"comment_status":"closed","ping_status":"open","template":"","meta":[],"_links":{"self":[{"href":"http:\/\/museumek.eu\/index.php?rest_route=\/wp\/v2\/pages\/20224"}],"collection":[{"href":"http:\/\/museumek.eu\/index.php?rest_route=\/wp\/v2\/pages"}],"about":[{"href":"http:\/\/museumek.eu\/index.php?rest_route=\/wp\/v2\/types\/page"}],"author":[{"embeddable":true,"href":"http:\/\/museumek.eu\/index.php?rest_route=\/wp\/v2\/users\/1"}],"replies":[{"embeddable":true,"href":"http:\/\/museumek.eu\/index.php?rest_route=%2Fwp%2Fv2%2Fcomments&post=20224"}],"version-history":[{"count":3,"href":"http:\/\/museumek.eu\/index.php?rest_route=\/wp\/v2\/pages\/20224\/revisions"}],"predecessor-version":[{"id":26339,"href":"http:\/\/museumek.eu\/index.php?rest_route=\/wp\/v2\/pages\/20224\/revisions\/26339"}],"up":[{"embeddable":true,"href":"http:\/\/museumek.eu\/index.php?rest_route=\/wp\/v2\/pages\/20221"}],"wp:attachment":[{"href":"http:\/\/museumek.eu\/index.php?rest_route=%2Fwp%2Fv2%2Fmedia&parent=20224"}],"curies":[{"name":"wp","href":"https:\/\/api.w.org\/{rel}","templated":true}]}}