{"id":2029,"date":"2011-08-20T17:06:31","date_gmt":"2011-08-20T15:06:31","guid":{"rendered":"http:\/\/museumek.eu\/?page_id=2029"},"modified":"2015-07-19T14:44:24","modified_gmt":"2015-07-19T12:44:24","slug":"dxi1","status":"publish","type":"page","link":"http:\/\/museumek.eu\/?page_id=2029","title":{"rendered":"D\/XI\/1"},"content":{"rendered":"<p><strong>Abteilung Deutschland\/B\u00f6hmen, Keramik 1860 \u2013 1960, Inventarnummer D\/XI\/1<\/strong><\/p>\n<p>Allg\u00e4uer Keramik Hans Rebstock, Deutschland, Altst\u00e4dten, um 1925, Schale, K\u00fcnstler unbekannt, Werks.-Nr. 400, Exemplar Nr. 1 (?), gemarkt Firmenmarke mit senkrechtem Pfeil durch einen Kreis gehend, in der Kreismitte ein waagerechter Strich der sich mit dem Pfeilschaft kreuzt, am Pfeilschaftende links daneben H (f\u00fcr Hans), rechts daneben Re (f\u00fcr Rebstock, Handarbeit sowie G\u00f6 braun unter Glasur gemalt, weitere Firmenmarke mit senkrechtem Pfeil durch einen Kreis gehend, in der Kreismitte ein waagerechter Strich der sich mit dem Pfeilschaft kreuzt, am Pfeilschaftende links daneben H (f\u00fcr Hans), rechts daneben R (f\u00fcr Rebstock), Allg\u00e4uer Keramik, Handarbeit, 400, 1 alles gepresst, nicht signiert, das Malmotiv wird auch heute noch in der neuesten Produktion verwendet, da beim MEK Exemplar die Glasur aber bereits kraqueliert ist und die gesamt Schale bereits Alterungsmerkmale aufweist, erfolgt die Zuschreibung in einen fr\u00fcheren Herstellungszeitraum, die T\u00f6pferei wurde 1923 von Hans Rebstock gegr\u00fcndet und besteht noch heute, die gepresste Firmenmarke links neben der gemalten Firmenmarke, ist sehr schwach gepresst und deshalb nur halb sichtbar,<br \/>\nH\u00f6he 6,5 cm, Breite 13 cm<\/p>\n<p><a href=\"http:\/\/museumek.eu\/wp-content\/uploads\/2011\/08\/Museum-Europ\u00e4ischer-Keramikkunst-4314.jpg\"><img loading=\"lazy\" src=\"http:\/\/museumek.eu\/wp-content\/uploads\/2011\/08\/Museum-Europ\u00e4ischer-Keramikkunst-4314-300x189.jpg\" alt=\"\" title=\"Museum Europ\u00e4ischer Keramikkunst 4314\" width=\"300\" height=\"189\" class=\"alignnone size-medium wp-image-21056\" srcset=\"http:\/\/museumek.eu\/wp-content\/uploads\/2011\/08\/Museum-Europ\u00e4ischer-Keramikkunst-4314-300x189.jpg 300w, http:\/\/museumek.eu\/wp-content\/uploads\/2011\/08\/Museum-Europ\u00e4ischer-Keramikkunst-4314-474x300.jpg 474w, http:\/\/museumek.eu\/wp-content\/uploads\/2011\/08\/Museum-Europ\u00e4ischer-Keramikkunst-4314.jpg 800w\" sizes=\"(max-width: 300px) 100vw, 300px\" \/><\/a><\/p>\n<p><a href=\"http:\/\/museumek.eu\/wp-content\/uploads\/2011\/08\/Museum-Europ\u00e4ischer-Keramikkunst-4315.jpg\"><img loading=\"lazy\" src=\"http:\/\/museumek.eu\/wp-content\/uploads\/2011\/08\/Museum-Europ\u00e4ischer-Keramikkunst-4315-281x300.jpg\" alt=\"\" title=\"Museum Europ\u00e4ischer Keramikkunst 4315\" width=\"281\" height=\"300\" class=\"alignnone size-medium wp-image-21057\" srcset=\"http:\/\/museumek.eu\/wp-content\/uploads\/2011\/08\/Museum-Europ\u00e4ischer-Keramikkunst-4315-281x300.jpg 281w, http:\/\/museumek.eu\/wp-content\/uploads\/2011\/08\/Museum-Europ\u00e4ischer-Keramikkunst-4315.jpg 450w\" sizes=\"(max-width: 281px) 100vw, 281px\" \/><\/a><\/p>\n<p><a href=\"http:\/\/museumek.eu\/wp-content\/uploads\/2011\/08\/Museum-Europ\u00e4ischer-Keramikkunst-4316.jpg\"><img loading=\"lazy\" src=\"http:\/\/museumek.eu\/wp-content\/uploads\/2011\/08\/Museum-Europ\u00e4ischer-Keramikkunst-4316-300x293.jpg\" alt=\"\" title=\"Museum Europ\u00e4ischer Keramikkunst 4316\" width=\"300\" height=\"293\" class=\"alignnone size-medium wp-image-21058\" srcset=\"http:\/\/museumek.eu\/wp-content\/uploads\/2011\/08\/Museum-Europ\u00e4ischer-Keramikkunst-4316-300x293.jpg 300w, http:\/\/museumek.eu\/wp-content\/uploads\/2011\/08\/Museum-Europ\u00e4ischer-Keramikkunst-4316-306x300.jpg 306w, http:\/\/museumek.eu\/wp-content\/uploads\/2011\/08\/Museum-Europ\u00e4ischer-Keramikkunst-4316.jpg 613w\" sizes=\"(max-width: 300px) 100vw, 300px\" \/><\/a><\/p>\n<p><a href=\"http:\/\/museumek.eu\/wp-content\/uploads\/2011\/08\/Museum-Europ\u00e4ischer-Keramikkunst-4318.jpg\"><img loading=\"lazy\" src=\"http:\/\/museumek.eu\/wp-content\/uploads\/2011\/08\/Museum-Europ\u00e4ischer-Keramikkunst-4318-300x217.jpg\" alt=\"\" title=\"Museum Europ\u00e4ischer Keramikkunst 4318\" width=\"300\" height=\"217\" class=\"alignnone size-medium wp-image-21059\" srcset=\"http:\/\/museumek.eu\/wp-content\/uploads\/2011\/08\/Museum-Europ\u00e4ischer-Keramikkunst-4318-300x217.jpg 300w, http:\/\/museumek.eu\/wp-content\/uploads\/2011\/08\/Museum-Europ\u00e4ischer-Keramikkunst-4318-413x300.jpg 413w, http:\/\/museumek.eu\/wp-content\/uploads\/2011\/08\/Museum-Europ\u00e4ischer-Keramikkunst-4318.jpg 800w\" sizes=\"(max-width: 300px) 100vw, 300px\" \/><\/a><\/p>\n","protected":false},"excerpt":{"rendered":"<p>Abteilung Deutschland\/B\u00f6hmen, Keramik 1860 \u2013 1960, Inventarnummer D\/XI\/1 Allg\u00e4uer Keramik Hans Rebstock, Deutschland, Altst\u00e4dten, um 1925, Schale, K\u00fcnstler unbekannt, Werks.-Nr. 400, Exemplar Nr. 1 (?), gemarkt Firmenmarke mit senkrechtem Pfeil durch einen Kreis gehend, in der Kreismitte ein waagerechter Strich &hellip; <a href=\"http:\/\/museumek.eu\/?page_id=2029\">Weiterlesen <span class=\"meta-nav\">&rarr;<\/span><\/a><\/p>\n","protected":false},"author":1,"featured_media":0,"parent":2026,"menu_order":1,"comment_status":"closed","ping_status":"closed","template":"","meta":[],"_links":{"self":[{"href":"http:\/\/museumek.eu\/index.php?rest_route=\/wp\/v2\/pages\/2029"}],"collection":[{"href":"http:\/\/museumek.eu\/index.php?rest_route=\/wp\/v2\/pages"}],"about":[{"href":"http:\/\/museumek.eu\/index.php?rest_route=\/wp\/v2\/types\/page"}],"author":[{"embeddable":true,"href":"http:\/\/museumek.eu\/index.php?rest_route=\/wp\/v2\/users\/1"}],"replies":[{"embeddable":true,"href":"http:\/\/museumek.eu\/index.php?rest_route=%2Fwp%2Fv2%2Fcomments&post=2029"}],"version-history":[{"count":10,"href":"http:\/\/museumek.eu\/index.php?rest_route=\/wp\/v2\/pages\/2029\/revisions"}],"predecessor-version":[{"id":42545,"href":"http:\/\/museumek.eu\/index.php?rest_route=\/wp\/v2\/pages\/2029\/revisions\/42545"}],"up":[{"embeddable":true,"href":"http:\/\/museumek.eu\/index.php?rest_route=\/wp\/v2\/pages\/2026"}],"wp:attachment":[{"href":"http:\/\/museumek.eu\/index.php?rest_route=%2Fwp%2Fv2%2Fmedia&parent=2029"}],"curies":[{"name":"wp","href":"https:\/\/api.w.org\/{rel}","templated":true}]}}