{"id":20342,"date":"2013-04-22T21:06:13","date_gmt":"2013-04-22T19:06:13","guid":{"rendered":"http:\/\/museumek.eu\/?page_id=20342"},"modified":"2021-01-14T17:54:19","modified_gmt":"2021-01-14T16:54:19","slug":"dlxxvii2","status":"publish","type":"page","link":"http:\/\/museumek.eu\/?page_id=20342","title":{"rendered":"D\/LXXVIII\/2"},"content":{"rendered":"<p><strong>Abteilung Deutschland, Keramik 1860 \u2013 1960, Inventarnummer D\/LXXVIII\/2<\/strong><\/p>\n<p>Elfriede Balzar-Kopp Kunstkeramikwerkstatt, Deutschland, H\u00f6hr-Grenzhausen, um 1950, Krug, K\u00fcnstler Elfriede Balzar-Kopp, Werks.-Nr. ohne, Exemplar Nr. ohne, gemarkt Balzar Kopp geritzt, signiert = gemarkt, Literatur: Gisela Reineking von Bock, Meister der Deutschen Keramik 1900 bis 1950, Seite 31, Beschreibung der Werkstatt sowie Seite 317, Marke Nr. 3 (f\u00fcr die Zeit ab 1950) identisch, weitere Literatur: Gisela Reineking von Bock und Carl-Wolfgang Sch\u00fcmann, Kataloge des Kunstgewerbemuseums K\u00f6ln, Band VII, Keramik vom Historismus bis zur Gegenwart, Sammlung Gertrud und Dr. Karl Funke-Kaiser, Seite 402, Marke Nr. 101 identisch, weitere Literatur: Dieter Z\u00fchlsdorff, Marken Lexikon, Porzellan und Keramik Report 1885 &#8211; 1935, Seite 394, Werkteil 2, laufende Nummer des Werkteils 21, dort kurze Beschreibung der Werkstatt, H\u00f6he 14 cm, Breite 14 cm<\/p>\n<p><a href=\"http:\/\/museumek.eu\/wp-content\/uploads\/2013\/04\/5071.jpg\"><img loading=\"lazy\" src=\"http:\/\/museumek.eu\/wp-content\/uploads\/2013\/04\/5071-267x300.jpg\" alt=\"\" title=\"5071\" width=\"267\" height=\"300\" class=\"alignnone size-medium wp-image-20343\" srcset=\"http:\/\/museumek.eu\/wp-content\/uploads\/2013\/04\/5071-267x300.jpg 267w, http:\/\/museumek.eu\/wp-content\/uploads\/2013\/04\/5071.jpg 502w\" sizes=\"(max-width: 267px) 100vw, 267px\" \/><\/a><\/p>\n<p><a href=\"http:\/\/museumek.eu\/wp-content\/uploads\/2013\/04\/5072.jpg\"><img loading=\"lazy\" src=\"http:\/\/museumek.eu\/wp-content\/uploads\/2013\/04\/5072-300x255.jpg\" alt=\"\" title=\"5072\" width=\"300\" height=\"255\" class=\"alignnone size-medium wp-image-20344\" srcset=\"http:\/\/museumek.eu\/wp-content\/uploads\/2013\/04\/5072-300x255.jpg 300w, http:\/\/museumek.eu\/wp-content\/uploads\/2013\/04\/5072-351x300.jpg 351w, http:\/\/museumek.eu\/wp-content\/uploads\/2013\/04\/5072.jpg 617w\" sizes=\"(max-width: 300px) 100vw, 300px\" \/><\/a><\/p>\n","protected":false},"excerpt":{"rendered":"<p>Abteilung Deutschland, Keramik 1860 \u2013 1960, Inventarnummer D\/LXXVIII\/2 Elfriede Balzar-Kopp Kunstkeramikwerkstatt, Deutschland, H\u00f6hr-Grenzhausen, um 1950, Krug, K\u00fcnstler Elfriede Balzar-Kopp, Werks.-Nr. ohne, Exemplar Nr. ohne, gemarkt Balzar Kopp geritzt, signiert = gemarkt, Literatur: Gisela Reineking von Bock, Meister der Deutschen Keramik &hellip; <a href=\"http:\/\/museumek.eu\/?page_id=20342\">Weiterlesen <span class=\"meta-nav\">&rarr;<\/span><\/a><\/p>\n","protected":false},"author":1,"featured_media":0,"parent":20278,"menu_order":2,"comment_status":"closed","ping_status":"open","template":"","meta":[],"_links":{"self":[{"href":"http:\/\/museumek.eu\/index.php?rest_route=\/wp\/v2\/pages\/20342"}],"collection":[{"href":"http:\/\/museumek.eu\/index.php?rest_route=\/wp\/v2\/pages"}],"about":[{"href":"http:\/\/museumek.eu\/index.php?rest_route=\/wp\/v2\/types\/page"}],"author":[{"embeddable":true,"href":"http:\/\/museumek.eu\/index.php?rest_route=\/wp\/v2\/users\/1"}],"replies":[{"embeddable":true,"href":"http:\/\/museumek.eu\/index.php?rest_route=%2Fwp%2Fv2%2Fcomments&post=20342"}],"version-history":[{"count":5,"href":"http:\/\/museumek.eu\/index.php?rest_route=\/wp\/v2\/pages\/20342\/revisions"}],"predecessor-version":[{"id":52183,"href":"http:\/\/museumek.eu\/index.php?rest_route=\/wp\/v2\/pages\/20342\/revisions\/52183"}],"up":[{"embeddable":true,"href":"http:\/\/museumek.eu\/index.php?rest_route=\/wp\/v2\/pages\/20278"}],"wp:attachment":[{"href":"http:\/\/museumek.eu\/index.php?rest_route=%2Fwp%2Fv2%2Fmedia&parent=20342"}],"curies":[{"name":"wp","href":"https:\/\/api.w.org\/{rel}","templated":true}]}}