{"id":20359,"date":"2013-04-23T00:33:54","date_gmt":"2013-04-22T22:33:54","guid":{"rendered":"http:\/\/museumek.eu\/?page_id=20359"},"modified":"2013-04-23T00:33:54","modified_gmt":"2013-04-22T22:33:54","slug":"dviii31","status":"publish","type":"page","link":"http:\/\/museumek.eu\/?page_id=20359","title":{"rendered":"D\/VIII\/31"},"content":{"rendered":"<p><strong>Abteilung Deutschland, Keramik 1860 \u2013 1960, Inventarnummer D\/VIII\/31<\/strong><\/p>\n<p>Manufaktur Villeroy &#038; Boch, Deutschland, Bonn, 1900 &#8211; 1925, Teller, K\u00fcnstler unbekannt, Werks.-Nr. ohne, Exemplar Nr. ohne, gemarkt Firmenmarke (ehemalige Mehlem Turmmarke) mit V &#038; B, Bonn sowie Villeroy &#038; Boch, zus\u00e4tzlich Alemania, gr\u00fcner Stempel unter Glasur, in einem ann\u00e4hernd rechteckigem schwarzen Stempel unter Glasur Foreign (fremd, ausl\u00e4ndisch) sowie nicht gedeutete Zahlen und Buchstaben gepresst, Literatur: Margit Berwig, Michael Weisser und Adelhart Zippelius, Steingutfabrik und Kunstt\u00f6pferei Franz Anton Mehlem in Bonn und Steingutfabrik Villeroy &#038; Boch Bonn, Katalog 3 zur Ausstellung Volkskunst im Wandel, Seiten 65 ff., dort beschrieben, dass Villeroy &#038; Boch 1920 die Steingutfabrik und Kunstt\u00f6pferei Franz Anton Mehlem in Bonn gekauft hat und das auf Veranlassung von Luitwin von Boch 1925 die Produktion von Steingutgeschirr zugunsten von Sanit\u00e4rware eingestellt worden ist, au\u00dferdem beschrieben, dass Villeroy &#038; Boch 1931 die Schlie\u00dfung des Bonner Betriebes veranlasste sowie Seite 141, Marke Nr. 15 identisch, die Zusatzbezeichnungen Alemania sowie Foreign wurden f\u00fcr Exportwaren verwendet, es handelt sich wohl um einen Servierteller, im Spiegel Umdruckdekor mit Fasan, Durchmesser 28,5 cm<\/p>\n<p><a href=\"http:\/\/museumek.eu\/wp-content\/uploads\/2013\/04\/5061.jpg\"><img loading=\"lazy\" src=\"http:\/\/museumek.eu\/wp-content\/uploads\/2013\/04\/5061-300x286.jpg\" alt=\"\" title=\"5061\" width=\"300\" height=\"286\" class=\"alignnone size-medium wp-image-20353\" srcset=\"http:\/\/museumek.eu\/wp-content\/uploads\/2013\/04\/5061-300x286.jpg 300w, http:\/\/museumek.eu\/wp-content\/uploads\/2013\/04\/5061.jpg 609w\" sizes=\"(max-width: 300px) 100vw, 300px\" \/><\/a><\/p>\n<p><a href=\"http:\/\/museumek.eu\/wp-content\/uploads\/2013\/04\/5062.jpg\"><img loading=\"lazy\" src=\"http:\/\/museumek.eu\/wp-content\/uploads\/2013\/04\/5062-300x254.jpg\" alt=\"\" title=\"5062\" width=\"300\" height=\"254\" class=\"alignnone size-medium wp-image-20354\" srcset=\"http:\/\/museumek.eu\/wp-content\/uploads\/2013\/04\/5062-300x254.jpg 300w, http:\/\/museumek.eu\/wp-content\/uploads\/2013\/04\/5062-353x300.jpg 353w, http:\/\/museumek.eu\/wp-content\/uploads\/2013\/04\/5062.jpg 707w\" sizes=\"(max-width: 300px) 100vw, 300px\" \/><\/a><\/p>\n<p><a href=\"http:\/\/museumek.eu\/wp-content\/uploads\/2013\/04\/5063.jpg\"><img loading=\"lazy\" src=\"http:\/\/museumek.eu\/wp-content\/uploads\/2013\/04\/5063-300x205.jpg\" alt=\"\" title=\"5063\" width=\"300\" height=\"205\" class=\"alignnone size-medium wp-image-20355\" srcset=\"http:\/\/museumek.eu\/wp-content\/uploads\/2013\/04\/5063-300x205.jpg 300w, http:\/\/museumek.eu\/wp-content\/uploads\/2013\/04\/5063-437x300.jpg 437w, http:\/\/museumek.eu\/wp-content\/uploads\/2013\/04\/5063.jpg 505w\" sizes=\"(max-width: 300px) 100vw, 300px\" \/><\/a><\/p>\n<p><a href=\"http:\/\/museumek.eu\/wp-content\/uploads\/2013\/04\/5064.jpg\"><img loading=\"lazy\" src=\"http:\/\/museumek.eu\/wp-content\/uploads\/2013\/04\/5064.jpg\" alt=\"\" title=\"5064\" width=\"268\" height=\"285\" class=\"alignnone size-full wp-image-20356\" \/><\/a><\/p>\n","protected":false},"excerpt":{"rendered":"<p>Abteilung Deutschland, Keramik 1860 \u2013 1960, Inventarnummer D\/VIII\/31 Manufaktur Villeroy &#038; Boch, Deutschland, Bonn, 1900 &#8211; 1925, Teller, K\u00fcnstler unbekannt, Werks.-Nr. ohne, Exemplar Nr. ohne, gemarkt Firmenmarke (ehemalige Mehlem Turmmarke) mit V &#038; B, Bonn sowie Villeroy &#038; Boch, zus\u00e4tzlich &hellip; <a href=\"http:\/\/museumek.eu\/?page_id=20359\">Weiterlesen <span class=\"meta-nav\">&rarr;<\/span><\/a><\/p>\n","protected":false},"author":1,"featured_media":0,"parent":20352,"menu_order":31,"comment_status":"closed","ping_status":"open","template":"","meta":[],"_links":{"self":[{"href":"http:\/\/museumek.eu\/index.php?rest_route=\/wp\/v2\/pages\/20359"}],"collection":[{"href":"http:\/\/museumek.eu\/index.php?rest_route=\/wp\/v2\/pages"}],"about":[{"href":"http:\/\/museumek.eu\/index.php?rest_route=\/wp\/v2\/types\/page"}],"author":[{"embeddable":true,"href":"http:\/\/museumek.eu\/index.php?rest_route=\/wp\/v2\/users\/1"}],"replies":[{"embeddable":true,"href":"http:\/\/museumek.eu\/index.php?rest_route=%2Fwp%2Fv2%2Fcomments&post=20359"}],"version-history":[{"count":2,"href":"http:\/\/museumek.eu\/index.php?rest_route=\/wp\/v2\/pages\/20359\/revisions"}],"predecessor-version":[{"id":20361,"href":"http:\/\/museumek.eu\/index.php?rest_route=\/wp\/v2\/pages\/20359\/revisions\/20361"}],"up":[{"embeddable":true,"href":"http:\/\/museumek.eu\/index.php?rest_route=\/wp\/v2\/pages\/20352"}],"wp:attachment":[{"href":"http:\/\/museumek.eu\/index.php?rest_route=%2Fwp%2Fv2%2Fmedia&parent=20359"}],"curies":[{"name":"wp","href":"https:\/\/api.w.org\/{rel}","templated":true}]}}