{"id":20372,"date":"2013-04-24T00:00:16","date_gmt":"2013-04-23T22:00:16","guid":{"rendered":"http:\/\/museumek.eu\/?page_id=20372"},"modified":"2013-04-24T00:00:16","modified_gmt":"2013-04-23T22:00:16","slug":"exx1","status":"publish","type":"page","link":"http:\/\/museumek.eu\/?page_id=20372","title":{"rendered":"E\/XX\/1"},"content":{"rendered":"<p><strong>Abteilung England, Keramik 1860 \u2013 1960, Inventarnummer E\/XX\/1<\/strong><\/p>\n<p>Wardle &#038; Co., England, Hanley, Stoke-on-Trent, 1896 &#8211; 1900, Vase, K\u00fcnstler unbekannt, Werks.-Nr. 1749, Exemplar Nr. ohne, gemarkt Firmenmarke Wardle, England, Krone, sowie darunter um einen Kreis Teck Ware gepresst,  nicht signiert, die Urspr\u00fcnge der Manufaktur liegen bei William Wardle, einem T\u00f6pfer in Staffordshire, dessen Sohn James Wardle, der sicher die Ausbildung zum T\u00f6pfer von seinem Vater erhalten hatte, gr\u00fcndete in Shelton eine T\u00f6pferei, nach seinem Tod siedelte die Witwe Eliza Wardle 1871 mit der T\u00f6pferei nach Hanley um und firmierte als Wardle &#038; Co., 1899 \u00fcbernahm der Schwiegersohn David Jones die Leitung der Manufaktur, Jones starb 1908 und die Manufaktur wurde an die Robinson &#038; Sons Ltd. verkauft, die dann ab ca. 1910 die Firma in Wardle Art Pottery Company Ltd. umbenannte, um 1935 wurde die Manufaktur mit der Couldon Pottery &#038; Co. vereint, in der Zeit vor 1900 bis 1902, der Entstehung der MEK Vase, war Frederick Hurten Rhead k\u00fcnstlerischer Direktor der Manufaktur Wardle &#038; Co., Rhead (ab 1902 in den USA t\u00e4tig) war einer der besten Keramikdesigner der Welt, im Jahr 2007 wurde in den USA eine Keramikvase aus Rhead\u2019s sp\u00e4terer Eigenproduktion f\u00fcr 516.000 $ versteigert, dies war das h\u00f6chste Auktionsergebnis einer Versteigerung von Keramik in den USA, in wie weit Rhead an der Form, am Dekor und an der Art der Glasur der MEK Vase mitgewirkt hat, l\u00e4\u00dft sich nicht nachvollziehen, die Teck Ware Line wurde 1896 anl\u00e4\u00dflich eines Manufakturbesuches der Duchess of Teck (Ihre K\u00f6nigliche Hoheit Prinzessin Mary Adelaide Herzogin von Teck, Mutter der Queen Mary) entworfen, gleichfalls der Sonderstempel mit Krone und Teck Ware, mit dickem Schlicker Hand gemaltes Blumendekor, zweifach glasiert, erste Glasur (bereits oder absichtlich) gekrackt, zweite Glasur \u00fcber der gekrackten Glasur als besonders dicke Glanzglasur, siehe auch MEK E\/XX\/2 identische 2. Vase, H\u00f6he 24,5 cm, Breite 11,5 cm<\/p>\n<p><a href=\"http:\/\/museumek.eu\/wp-content\/uploads\/2013\/04\/Museum-Europ\u00e4ischer-Keramikkunst-3873.jpg\"><img loading=\"lazy\" src=\"http:\/\/museumek.eu\/wp-content\/uploads\/2013\/04\/Museum-Europ\u00e4ischer-Keramikkunst-3873-138x300.jpg\" alt=\"\" title=\"Museum Europ\u00e4ischer Keramikkunst 3873\" width=\"138\" height=\"300\" class=\"alignnone size-medium wp-image-20373\" srcset=\"http:\/\/museumek.eu\/wp-content\/uploads\/2013\/04\/Museum-Europ\u00e4ischer-Keramikkunst-3873-138x300.jpg 138w, http:\/\/museumek.eu\/wp-content\/uploads\/2013\/04\/Museum-Europ\u00e4ischer-Keramikkunst-3873.jpg 368w\" sizes=\"(max-width: 138px) 100vw, 138px\" \/><\/a><\/p>\n<p><a href=\"http:\/\/museumek.eu\/wp-content\/uploads\/2013\/04\/Museum-Europ\u00e4ischer-Keramikkunst-3828.jpg\"><img loading=\"lazy\" src=\"http:\/\/museumek.eu\/wp-content\/uploads\/2013\/04\/Museum-Europ\u00e4ischer-Keramikkunst-3828-300x139.jpg\" alt=\"\" title=\"Museum Europ\u00e4ischer Keramikkunst 3828\" width=\"300\" height=\"139\" class=\"alignnone size-medium wp-image-20374\" srcset=\"http:\/\/museumek.eu\/wp-content\/uploads\/2013\/04\/Museum-Europ\u00e4ischer-Keramikkunst-3828-300x139.jpg 300w, http:\/\/museumek.eu\/wp-content\/uploads\/2013\/04\/Museum-Europ\u00e4ischer-Keramikkunst-3828-500x233.jpg 500w, http:\/\/museumek.eu\/wp-content\/uploads\/2013\/04\/Museum-Europ\u00e4ischer-Keramikkunst-3828.jpg 701w\" sizes=\"(max-width: 300px) 100vw, 300px\" \/><\/a><\/p>\n<p><a href=\"http:\/\/museumek.eu\/wp-content\/uploads\/2013\/04\/Museum-Europ\u00e4ischer-Keramikkunst-3829.jpg\"><img loading=\"lazy\" src=\"http:\/\/museumek.eu\/wp-content\/uploads\/2013\/04\/Museum-Europ\u00e4ischer-Keramikkunst-3829.jpg\" alt=\"\" title=\"Museum Europ\u00e4ischer Keramikkunst 3829\" width=\"273\" height=\"264\" class=\"alignnone size-full wp-image-20375\" \/><\/a><\/p>\n","protected":false},"excerpt":{"rendered":"<p>Abteilung England, Keramik 1860 \u2013 1960, Inventarnummer E\/XX\/1 Wardle &#038; Co., England, Hanley, Stoke-on-Trent, 1896 &#8211; 1900, Vase, K\u00fcnstler unbekannt, Werks.-Nr. 1749, Exemplar Nr. ohne, gemarkt Firmenmarke Wardle, England, Krone, sowie darunter um einen Kreis Teck Ware gepresst, nicht signiert, &hellip; <a href=\"http:\/\/museumek.eu\/?page_id=20372\">Weiterlesen <span class=\"meta-nav\">&rarr;<\/span><\/a><\/p>\n","protected":false},"author":1,"featured_media":0,"parent":20369,"menu_order":1,"comment_status":"closed","ping_status":"open","template":"","meta":[],"_links":{"self":[{"href":"http:\/\/museumek.eu\/index.php?rest_route=\/wp\/v2\/pages\/20372"}],"collection":[{"href":"http:\/\/museumek.eu\/index.php?rest_route=\/wp\/v2\/pages"}],"about":[{"href":"http:\/\/museumek.eu\/index.php?rest_route=\/wp\/v2\/types\/page"}],"author":[{"embeddable":true,"href":"http:\/\/museumek.eu\/index.php?rest_route=\/wp\/v2\/users\/1"}],"replies":[{"embeddable":true,"href":"http:\/\/museumek.eu\/index.php?rest_route=%2Fwp%2Fv2%2Fcomments&post=20372"}],"version-history":[{"count":2,"href":"http:\/\/museumek.eu\/index.php?rest_route=\/wp\/v2\/pages\/20372\/revisions"}],"predecessor-version":[{"id":20377,"href":"http:\/\/museumek.eu\/index.php?rest_route=\/wp\/v2\/pages\/20372\/revisions\/20377"}],"up":[{"embeddable":true,"href":"http:\/\/museumek.eu\/index.php?rest_route=\/wp\/v2\/pages\/20369"}],"wp:attachment":[{"href":"http:\/\/museumek.eu\/index.php?rest_route=%2Fwp%2Fv2%2Fmedia&parent=20372"}],"curies":[{"name":"wp","href":"https:\/\/api.w.org\/{rel}","templated":true}]}}